{"id":3019,"date":"2025-08-15T10:30:48","date_gmt":"2025-08-15T08:30:48","guid":{"rendered":"https:\/\/institutdetouraine.com\/%e6%b3%95%e7%9a%84%e6%83%85%e5%a0%b1\/"},"modified":"2026-01-26T14:11:46","modified_gmt":"2026-01-26T13:11:46","slug":"%e6%b3%95%e7%9a%84%e6%83%85%e5%a0%b1","status":"publish","type":"page","link":"https:\/\/institutdetouraine.com\/ja\/%e6%b3%95%e7%9a%84%e6%83%85%e5%a0%b1\/","title":{"rendered":"\u6cd5\u7684\u60c5\u5831"},"content":{"rendered":"\t\t<div data-elementor-type=\"wp-page\" data-elementor-id=\"3019\" class=\"elementor elementor-3019 elementor-1196\" data-elementor-post-type=\"page\">\n\t\t\t\t<div class=\"elementor-element elementor-element-17a790d e-flex e-con-boxed e-con e-parent\" data-id=\"17a790d\" data-element_type=\"container\" data-settings=\"{&quot;background_background&quot;:&quot;classic&quot;}\">\n\t\t\t\t\t<div class=\"e-con-inner\">\n\t\t\t\t<div class=\"elementor-element elementor-element-d5b3b33 elementor-widget elementor-widget-text-editor\" data-id=\"d5b3b33\" data-element_type=\"widget\" data-widget_type=\"text-editor.default\">\n\t\t\t\t<div class=\"elementor-widget-container\">\n\t\t\t\t\t\t\t\t\t<h1>\u6cd5\u7684\u60c5\u5831<\/h1><h4>www.institutdetouraine.com<\/h4>\t\t\t\t\t\t\t\t<\/div>\n\t\t\t\t<\/div>\n\t\t\t\t\t<\/div>\n\t\t\t\t<\/div>\n\t\t<div class=\"elementor-element elementor-element-a1e0e3f e-flex e-con-boxed e-con e-parent\" data-id=\"a1e0e3f\" data-element_type=\"container\">\n\t\t\t\t\t<div class=\"e-con-inner\">\n\t\t\t\t<div class=\"elementor-element elementor-element-f314a5a elementor-widget elementor-widget-text-editor\" data-id=\"f314a5a\" data-element_type=\"widget\" data-widget_type=\"text-editor.default\">\n\t\t\t\t<div class=\"elementor-widget-container\">\n\t\t\t\t\t\t\t\t\t<h2>\u51fa\u7248\u793e\u60c5\u5831<\/h2><p>www.institutdetouraine.com\uff1a<\/p><p>Institut d&#8217;\u00e9tudes fran\u00e7aises de Touraine<br>BP 72047<br>1, rue de la Grandi\u00e8re<br>37020 TOURS Cedex 1 &#8211; \u30d5\u30e9\u30f3\u30b9<\/p><p>\u96fb\u8a71\u756a\u53f7 \u96fb\u8a71\uff1a +33 (0)2 47 05 76 83<br>\u30d5\u30a1\u30c3\u30af\u30b9\uff1a +33 (0)2 47 20 48 98<\/p><p>\u51fa\u7248\u8cac\u4efb\u8005\uff1a\u30a8\u30ea\u30b6\u30d9\u30b9\u30fb\u30b8\u30e3\u30d5\u30ec<\/p><hr><p> <\/p><h2>\u5199\u771f\u30af\u30ec\u30b8\u30c3\u30c8<\/h2><p>\u672c\u30b5\u30a4\u30c8\u306b\u63b2\u8f09\u3055\u308c\u3066\u3044\u308b\u3059\u3079\u3066\u306e\u5199\u771f\u306f\u3001\u30c8\u30a5\u30fc\u30ec\u30fc\u30cc\u9ad8\u7b49\u5b66\u9662\u304b\u3089\u63d0\u4f9b\u3055\u308c\u305f\u3082\u306e\u3067\u3059\u3002\u4e00\u90e8\u306e\u753b\u50cf\u306f\uff1aPixabay, \u30c8\u30a5\u30fc\u30eb\u5e02. <\/p><hr><p>  <\/p><h2>\u30a6\u30a7\u30d6\u30b5\u30a4\u30c8\u958b\u767a<\/h2><p>SARL Loumetis<br>4 impasse de Maine<br>35410 CHATEAUGIRON &#8211; FRANCE<\/p><hr><p>  <\/p><h2>\u77e5\u7684\u8ca1\u7523<\/h2><p>\u30d5\u30e9\u30f3\u30b9\u77e5\u7684\u6240\u6709\u6a29\u6cd5\u306b\u5f93\u3044\u3001\u307e\u305f\u3001\u3088\u308a\u4e00\u822c\u7684\u306b\u306f\u3001\u8457\u4f5c\u6a29\u306b\u95a2\u3059\u308b\u898f\u5b9a\u3092\u542b\u3080\u3059\u3079\u3066\u306e\u5951\u7d04\u306b\u5f93\u3044\u3001\u51fa\u7248\u793e\u307e\u305f\u306f\u6a29\u5229\u8005\u306e\u4e8b\u524d\u306e\u8a31\u53ef\u306a\u304f\u3001\u95b2\u89a7\u8005\u304c\u30c0\u30a6\u30f3\u30ed\u30fc\u30c9\u3059\u308b\u3053\u3068\u3092\u660e\u78ba\u306b\u610f\u56f3\u3057\u3066\u3044\u306a\u3044\u30c6\u30ad\u30b9\u30c8\u3001\u753b\u50cf\u3001\u30a4\u30e9\u30b9\u30c8\u306e\u4e00\u90e8\u307e\u305f\u306f\u5168\u90e8\u3092\u8907\u88fd\u3059\u308b\u3053\u3068\u306f\u7981\u6b62\u3055\u308c\u3066\u3044\u307e\u3059\u3002<\/p><hr><p>  <\/p><h2>\u8cac\u4efb<\/h2><p>\u672c\u30b5\u30a4\u30c8\u306b\u542b\u307e\u308c\u308b\u60c5\u5831\u306e\u5229\u7528\u306f\u3001\u5229\u7528\u8005\u306e\u8cac\u4efb\u306b\u304a\u3044\u3066\u884c\u308f\u308c\u308b\u3082\u306e\u3068\u3057\u307e\u3059\u3002<\/p><p>\u672c\u30b5\u30a4\u30c8\u306b\u542b\u307e\u308c\u308b\u3059\u3079\u3066\u306e\u30ea\u30bd\u30fc\u30b9\uff08\u30c6\u30ad\u30b9\u30c8\u3001\u30d3\u30b8\u30e5\u30a2\u30eb\u3001\u30a4\u30e9\u30b9\u30c8\u3001\u56f3\u8868\u3001\u56f3\u9762\u3001\u8a08\u753b\u3001\u5199\u771f\u3001\u30b3\u30f3\u30d4\u30e5\u30fc\u30bf\u30fc\u30a2\u30cb\u30e1\u30fc\u30b7\u30e7\u30f3\uff09\u306f\u3001\u60c5\u5831\u63d0\u4f9b\u306e\u307f\u3092\u76ee\u7684\u3068\u3057\u3066\u63d0\u4f9b\u3055\u308c\u308b\u3082\u306e\u3067\u3042\u308a\u3001\u6c7a\u3057\u3066\u51fa\u7248\u793e\u306e\u8cac\u4efb\u306b\u95a2\u308f\u308b\u3082\u306e\u3067\u306f\u3042\u308a\u307e\u305b\u3093\u3002<\/p><p>\u30b3\u30f3\u30c6\u30f3\u30c4\u304c\u6700\u65b0\u304b\u3064\u6b63\u78ba\u3067\u3042\u308b\u3088\u3046\u7d30\u5fc3\u306e\u6ce8\u610f\u3092\u6255\u3063\u3066\u304a\u308a\u307e\u3059\u304c\u3001\u4e0d\u6b63\u78ba\u306a\u8a18\u8ff0\u3084\u8aa4\u308a\u3001\u8131\u843d\u3001\u3042\u308b\u3044\u306f\u672c\u30b5\u30a4\u30c8\u306e\u60c5\u5831\u3092\u5229\u7528\u3057\u305f\u7d50\u679c\u306b\u3064\u3044\u3066\u3001\u767a\u884c\u8005\u306f\u4e00\u5207\u306e\u8cac\u4efb\u3092\u8ca0\u3044\u304b\u306d\u307e\u3059\u3002<\/p><hr><p>  <\/p><h2 data-start=\"860\" data-end=\"1047\">\u30b3\u30fc\u30eb\u30c9\u30b3\u30fc\u30eb &#8211; Bloctel<\/h2><p data-start=\"860\" data-end=\"1047\">\u30a2\u30f3\u30b9\u30c6\u30a3\u30c1\u30e5\u30fb\u30c9\u30a5\u30fb\u30c8\u30a5\u30ec\u30fc\u30cc\u3067\u306f\u96fb\u8a71\u306b\u3088\u308b\u52e7\u8a98\u306f\u884c\u3063\u3066\u304a\u308a\u307e\u305b\u3093\u3002<\/p><p data-start=\"860\" data-end=\"1047\">\u30d5\u30e9\u30f3\u30b9\u6d88\u8cbb\u6cd5\u5178L.223-2\u6761\u306b\u57fa\u3065\u304d\u3001\u3069\u306a\u305f\u3067\u3082Bloctel\u96fb\u8a71\u52e7\u8a98\u9632\u6b62\u30ea\u30b9\u30c8\u306b\u7121\u6599\u3067\u3054\u767b\u9332\u3044\u305f\u3060\u3051\u307e\u3059\u3002<\/p><p data-start=\"1054\" data-end=\"1199\">\u3053\u306e\u30b7\u30b9\u30c6\u30e0\u306b\u3088\u308a\u3001\u73fe\u5728\u5951\u7d04\u95a2\u4fc2\u306b\u306a\u3044\u5c02\u9580\u5bb6\u304b\u3089\u96fb\u8a71\u3067\u9023\u7d61\u3092\u53d7\u3051\u308b\u3053\u3068\u306f\u306a\u304f\u306a\u308a\u307e\u3059\u3002<\/p><p data-start=\"1206\" data-end=\"1305\">\u3053\u306e\u30ea\u30b9\u30c8\u306b\u767b\u9332\u3059\u308b\u306b\u306f\u3001\u30a6\u30a7\u30d6\u30b5\u30a4\u30c8<a class=\"decorated-link\" href=\"https:\/\/www.bloctel.gouv.fr\" target=\"_new\" rel=\"noopener\" data-start=\"1278\" data-end=\"1305\">https:\/\/www.bloctel.gouv.fr<\/a>\u3092\u3054\u5229\u7528\u304f\u3060\u3055\u3044\u3002<\/p><hr><p>  <\/p><h2>\u500b\u4eba\u60c5\u5831<\/h2><p>\u73fe\u884c\u306e\u898f\u5247\u306b\u5f93\u3044\u3001\u304a\u5ba2\u69d8\u306f\u3054\u81ea\u8eab\u306e\u500b\u4eba\u60c5\u5831\u306b\u30a2\u30af\u30bb\u30b9\u3001\u4fee\u6b63\u3001\u8a02\u6b63\u3001\u524a\u9664\u3059\u308b\u6a29\u5229\u3092\u6709\u3057\u307e\u3059\u3002<a href=\"https:\/\/institutdetouraine.com\/ja\/%e3%83%97%e3%83%a9%e3%82%a4%e3%83%90%e3%82%b7%e3%83%bc%e3%83%9d%e3%83%aa%e3%82%b7%e3%83%bc\/\">\u5b88\u79d8\u7fa9\u52d9\u30dd\u30ea\u30b7\u30fc\u306e<\/a>\u8a73\u7d30 <\/p>\t\t\t\t\t\t\t\t<\/div>\n\t\t\t\t<\/div>\n\t\t\t\t\t<\/div>\n\t\t\t\t<\/div>\n\t\t\t\t<\/div>\n\t\t","protected":false},"excerpt":{"rendered":"<p>\u6cd5\u7684\u60c5\u5831 www.institutdet [&hellip;]<\/p>\n","protected":false},"author":2,"featured_media":0,"parent":0,"menu_order":0,"comment_status":"closed","ping_status":"closed","template":"","meta":{"_eb_attr":"","site-sidebar-layout":"no-sidebar","site-content-layout":"","ast-site-content-layout":"full-width-container","site-content-style":"default","site-sidebar-style":"default","ast-global-header-display":"","ast-banner-title-visibility":"","ast-main-header-display":"","ast-hfb-above-header-display":"","ast-hfb-below-header-display":"","ast-hfb-mobile-header-display":"","site-post-title":"disabled","ast-breadcrumbs-content":"","ast-featured-img":"disabled","footer-sml-layout":"","theme-transparent-header-meta":"","adv-header-id-meta":"","stick-header-meta":"","header-above-stick-meta":"","header-main-stick-meta":"","header-below-stick-meta":"","astra-migrate-meta-layouts":"default","ast-page-background-enabled":"default","ast-page-background-meta":{"desktop":{"background-color":"var(--ast-global-color-5)","background-image":"","background-repeat":"repeat","background-position":"center center","background-size":"auto","background-attachment":"scroll","background-type":"","background-media":"","overlay-type":"","overlay-color":"","overlay-opacity":"","overlay-gradient":""},"tablet":{"background-color":"","background-image":"","background-repeat":"repeat","background-position":"center center","background-size":"auto","background-attachment":"scroll","background-type":"","background-media":"","overlay-type":"","overlay-color":"","overlay-opacity":"","overlay-gradient":""},"mobile":{"background-color":"","background-image":"","background-repeat":"repeat","background-position":"center center","background-size":"auto","background-attachment":"scroll","background-type":"","background-media":"","overlay-type":"","overlay-color":"","overlay-opacity":"","overlay-gradient":""}},"ast-content-background-meta":{"desktop":{"background-color":"var(--ast-global-color-4)","background-image":"","background-repeat":"repeat","background-position":"center center","background-size":"auto","background-attachment":"scroll","background-type":"","background-media":"","overlay-type":"","overlay-color":"","overlay-opacity":"","overlay-gradient":""},"tablet":{"background-color":"var(--ast-global-color-4)","background-image":"","background-repeat":"repeat","background-position":"center center","background-size":"auto","background-attachment":"scroll","background-type":"","background-media":"","overlay-type":"","overlay-color":"","overlay-opacity":"","overlay-gradient":""},"mobile":{"background-color":"var(--ast-global-color-4)","background-image":"","background-repeat":"repeat","background-position":"center center","background-size":"auto","background-attachment":"scroll","background-type":"","background-media":"","overlay-type":"","overlay-color":"","overlay-opacity":"","overlay-gradient":""}},"footnotes":""},"class_list":["post-3019","page","type-page","status-publish","hentry"],"yoast_head":"<!-- This site is optimized with the Yoast SEO plugin v26.4 - https:\/\/yoast.com\/wordpress\/plugins\/seo\/ -->\n<title>\u6cd5\u7684\u60c5\u5831 - Institut de Touraine<\/title>\n<meta name=\"description\" content=\"\u30c8\u30a5\u30fc\u30eb\u30fc\u30ba\u306b\u672c\u90e8\u3092\u7f6e\u304f\u30c8\u30a5\u30fc\u30ec\u30fc\u30cc\u30fb\u30d5\u30e9\u30f3\u30bb\u30fc\u30ba\u7814\u7a76\u6240\u304c\u767a\u884c\u3059\u308b\u30a6\u30a7\u30d6\u30b5\u30a4\u30c8\u306e\u6cd5\u7684\u544a\u77e5\u3092\u3054\u89a7\u304f\u3060\u3055\u3044\u3002\" \/>\n<meta name=\"robots\" content=\"index, follow, max-snippet:-1, max-image-preview:large, max-video-preview:-1\" \/>\n<link rel=\"canonical\" href=\"https:\/\/institutdetouraine.com\/ja\/%e6%b3%95%e7%9a%84%e6%83%85%e5%a0%b1\/\" \/>\n<meta property=\"og:locale\" content=\"ja_JP\" \/>\n<meta property=\"og:type\" content=\"article\" \/>\n<meta property=\"og:title\" content=\"\u6cd5\u7684\u60c5\u5831 - Institut de Touraine\" \/>\n<meta property=\"og:description\" content=\"\u30c8\u30a5\u30fc\u30eb\u30fc\u30ba\u306b\u672c\u90e8\u3092\u7f6e\u304f\u30c8\u30a5\u30fc\u30ec\u30fc\u30cc\u30fb\u30d5\u30e9\u30f3\u30bb\u30fc\u30ba\u7814\u7a76\u6240\u304c\u767a\u884c\u3059\u308b\u30a6\u30a7\u30d6\u30b5\u30a4\u30c8\u306e\u6cd5\u7684\u544a\u77e5\u3092\u3054\u89a7\u304f\u3060\u3055\u3044\u3002\" \/>\n<meta property=\"og:url\" content=\"https:\/\/institutdetouraine.com\/ja\/%e6%b3%95%e7%9a%84%e6%83%85%e5%a0%b1\/\" \/>\n<meta property=\"og:site_name\" content=\"Institut de Touraine\" \/>\n<meta property=\"article:publisher\" content=\"https:\/\/www.facebook.com\/institutdetouraine\" \/>\n<meta property=\"article:modified_time\" content=\"2026-01-26T13:11:46+00:00\" \/>\n<meta name=\"twitter:card\" content=\"summary_large_image\" \/>\n<script type=\"application\/ld+json\" class=\"yoast-schema-graph\">{\"@context\":\"https:\/\/schema.org\",\"@graph\":[{\"@type\":\"WebPage\",\"@id\":\"https:\/\/institutdetouraine.com\/ja\/%e6%b3%95%e7%9a%84%e6%83%85%e5%a0%b1\/\",\"url\":\"https:\/\/institutdetouraine.com\/ja\/%e6%b3%95%e7%9a%84%e6%83%85%e5%a0%b1\/\",\"name\":\"\u6cd5\u7684\u60c5\u5831 - Institut de Touraine\",\"isPartOf\":{\"@id\":\"https:\/\/institutdetouraine.com\/ja\/#website\"},\"datePublished\":\"2025-08-15T08:30:48+00:00\",\"dateModified\":\"2026-01-26T13:11:46+00:00\",\"description\":\"\u30c8\u30a5\u30fc\u30eb\u30fc\u30ba\u306b\u672c\u90e8\u3092\u7f6e\u304f\u30c8\u30a5\u30fc\u30ec\u30fc\u30cc\u30fb\u30d5\u30e9\u30f3\u30bb\u30fc\u30ba\u7814\u7a76\u6240\u304c\u767a\u884c\u3059\u308b\u30a6\u30a7\u30d6\u30b5\u30a4\u30c8\u306e\u6cd5\u7684\u544a\u77e5\u3092\u3054\u89a7\u304f\u3060\u3055\u3044\u3002\",\"breadcrumb\":{\"@id\":\"https:\/\/institutdetouraine.com\/ja\/%e6%b3%95%e7%9a%84%e6%83%85%e5%a0%b1\/#breadcrumb\"},\"inLanguage\":\"ja\",\"potentialAction\":[{\"@type\":\"ReadAction\",\"target\":[\"https:\/\/institutdetouraine.com\/ja\/%e6%b3%95%e7%9a%84%e6%83%85%e5%a0%b1\/\"]}]},{\"@type\":\"BreadcrumbList\",\"@id\":\"https:\/\/institutdetouraine.com\/ja\/%e6%b3%95%e7%9a%84%e6%83%85%e5%a0%b1\/#breadcrumb\",\"itemListElement\":[{\"@type\":\"ListItem\",\"position\":1,\"name\":\"Accueil\",\"item\":\"https:\/\/institutdetouraine.com\/ja\/%e3%83%88%e3%82%a5%e3%83%bc%e3%83%ac%e3%83%bc%e3%83%8c%e5%ad%a6%e9%99%a2\/\"},{\"@type\":\"ListItem\",\"position\":2,\"name\":\"\u6cd5\u7684\u60c5\u5831\"}]},{\"@type\":\"WebSite\",\"@id\":\"https:\/\/institutdetouraine.com\/ja\/#website\",\"url\":\"https:\/\/institutdetouraine.com\/ja\/\",\"name\":\"Institut de Touraine\",\"description\":\"\",\"potentialAction\":[{\"@type\":\"SearchAction\",\"target\":{\"@type\":\"EntryPoint\",\"urlTemplate\":\"https:\/\/institutdetouraine.com\/ja\/?s={search_term_string}\"},\"query-input\":{\"@type\":\"PropertyValueSpecification\",\"valueRequired\":true,\"valueName\":\"search_term_string\"}}],\"inLanguage\":\"ja\"}]}<\/script>\n<!-- \/ Yoast SEO plugin. -->","yoast_head_json":{"title":"\u6cd5\u7684\u60c5\u5831 - Institut de Touraine","description":"\u30c8\u30a5\u30fc\u30eb\u30fc\u30ba\u306b\u672c\u90e8\u3092\u7f6e\u304f\u30c8\u30a5\u30fc\u30ec\u30fc\u30cc\u30fb\u30d5\u30e9\u30f3\u30bb\u30fc\u30ba\u7814\u7a76\u6240\u304c\u767a\u884c\u3059\u308b\u30a6\u30a7\u30d6\u30b5\u30a4\u30c8\u306e\u6cd5\u7684\u544a\u77e5\u3092\u3054\u89a7\u304f\u3060\u3055\u3044\u3002","robots":{"index":"index","follow":"follow","max-snippet":"max-snippet:-1","max-image-preview":"max-image-preview:large","max-video-preview":"max-video-preview:-1"},"canonical":"https:\/\/institutdetouraine.com\/ja\/%e6%b3%95%e7%9a%84%e6%83%85%e5%a0%b1\/","og_locale":"ja_JP","og_type":"article","og_title":"\u6cd5\u7684\u60c5\u5831 - Institut de Touraine","og_description":"\u30c8\u30a5\u30fc\u30eb\u30fc\u30ba\u306b\u672c\u90e8\u3092\u7f6e\u304f\u30c8\u30a5\u30fc\u30ec\u30fc\u30cc\u30fb\u30d5\u30e9\u30f3\u30bb\u30fc\u30ba\u7814\u7a76\u6240\u304c\u767a\u884c\u3059\u308b\u30a6\u30a7\u30d6\u30b5\u30a4\u30c8\u306e\u6cd5\u7684\u544a\u77e5\u3092\u3054\u89a7\u304f\u3060\u3055\u3044\u3002","og_url":"https:\/\/institutdetouraine.com\/ja\/%e6%b3%95%e7%9a%84%e6%83%85%e5%a0%b1\/","og_site_name":"Institut de Touraine","article_publisher":"https:\/\/www.facebook.com\/institutdetouraine","article_modified_time":"2026-01-26T13:11:46+00:00","twitter_card":"summary_large_image","schema":{"@context":"https:\/\/schema.org","@graph":[{"@type":"WebPage","@id":"https:\/\/institutdetouraine.com\/ja\/%e6%b3%95%e7%9a%84%e6%83%85%e5%a0%b1\/","url":"https:\/\/institutdetouraine.com\/ja\/%e6%b3%95%e7%9a%84%e6%83%85%e5%a0%b1\/","name":"\u6cd5\u7684\u60c5\u5831 - Institut de Touraine","isPartOf":{"@id":"https:\/\/institutdetouraine.com\/ja\/#website"},"datePublished":"2025-08-15T08:30:48+00:00","dateModified":"2026-01-26T13:11:46+00:00","description":"\u30c8\u30a5\u30fc\u30eb\u30fc\u30ba\u306b\u672c\u90e8\u3092\u7f6e\u304f\u30c8\u30a5\u30fc\u30ec\u30fc\u30cc\u30fb\u30d5\u30e9\u30f3\u30bb\u30fc\u30ba\u7814\u7a76\u6240\u304c\u767a\u884c\u3059\u308b\u30a6\u30a7\u30d6\u30b5\u30a4\u30c8\u306e\u6cd5\u7684\u544a\u77e5\u3092\u3054\u89a7\u304f\u3060\u3055\u3044\u3002","breadcrumb":{"@id":"https:\/\/institutdetouraine.com\/ja\/%e6%b3%95%e7%9a%84%e6%83%85%e5%a0%b1\/#breadcrumb"},"inLanguage":"ja","potentialAction":[{"@type":"ReadAction","target":["https:\/\/institutdetouraine.com\/ja\/%e6%b3%95%e7%9a%84%e6%83%85%e5%a0%b1\/"]}]},{"@type":"BreadcrumbList","@id":"https:\/\/institutdetouraine.com\/ja\/%e6%b3%95%e7%9a%84%e6%83%85%e5%a0%b1\/#breadcrumb","itemListElement":[{"@type":"ListItem","position":1,"name":"Accueil","item":"https:\/\/institutdetouraine.com\/ja\/%e3%83%88%e3%82%a5%e3%83%bc%e3%83%ac%e3%83%bc%e3%83%8c%e5%ad%a6%e9%99%a2\/"},{"@type":"ListItem","position":2,"name":"\u6cd5\u7684\u60c5\u5831"}]},{"@type":"WebSite","@id":"https:\/\/institutdetouraine.com\/ja\/#website","url":"https:\/\/institutdetouraine.com\/ja\/","name":"Institut de Touraine","description":"","potentialAction":[{"@type":"SearchAction","target":{"@type":"EntryPoint","urlTemplate":"https:\/\/institutdetouraine.com\/ja\/?s={search_term_string}"},"query-input":{"@type":"PropertyValueSpecification","valueRequired":true,"valueName":"search_term_string"}}],"inLanguage":"ja"}]}},"_links":{"self":[{"href":"https:\/\/institutdetouraine.com\/ja\/wp-json\/wp\/v2\/pages\/3019","targetHints":{"allow":["GET"]}}],"collection":[{"href":"https:\/\/institutdetouraine.com\/ja\/wp-json\/wp\/v2\/pages"}],"about":[{"href":"https:\/\/institutdetouraine.com\/ja\/wp-json\/wp\/v2\/types\/page"}],"author":[{"embeddable":true,"href":"https:\/\/institutdetouraine.com\/ja\/wp-json\/wp\/v2\/users\/2"}],"replies":[{"embeddable":true,"href":"https:\/\/institutdetouraine.com\/ja\/wp-json\/wp\/v2\/comments?post=3019"}],"version-history":[{"count":2,"href":"https:\/\/institutdetouraine.com\/ja\/wp-json\/wp\/v2\/pages\/3019\/revisions"}],"predecessor-version":[{"id":3506,"href":"https:\/\/institutdetouraine.com\/ja\/wp-json\/wp\/v2\/pages\/3019\/revisions\/3506"}],"wp:attachment":[{"href":"https:\/\/institutdetouraine.com\/ja\/wp-json\/wp\/v2\/media?parent=3019"}],"curies":[{"name":"wp","href":"https:\/\/api.w.org\/{rel}","templated":true}]}}