{"id":3032,"date":"2025-08-15T10:38:21","date_gmt":"2025-08-15T08:38:21","guid":{"rendered":"https:\/\/institutdetouraine.com\/accessibilita-per-le-persone-a-mobilita-ridotta\/"},"modified":"2025-11-28T17:29:18","modified_gmt":"2025-11-28T16:29:18","slug":"accessibilita-per-le-persone-a-mobilita-ridotta","status":"publish","type":"page","link":"https:\/\/institutdetouraine.com\/it\/accessibilita-per-le-persone-a-mobilita-ridotta\/","title":{"rendered":"Accessibilit\u00e0 per le persone a mobilit\u00e0 ridotta"},"content":{"rendered":"\t\t<div data-elementor-type=\"wp-page\" data-elementor-id=\"3032\" class=\"elementor elementor-3032 elementor-1205\" data-elementor-post-type=\"page\">\n\t\t\t\t<div class=\"elementor-element elementor-element-17a790d e-flex e-con-boxed e-con e-parent\" data-id=\"17a790d\" data-element_type=\"container\" data-settings=\"{&quot;background_background&quot;:&quot;classic&quot;}\">\n\t\t\t\t\t<div class=\"e-con-inner\">\n\t\t\t\t<div class=\"elementor-element elementor-element-d5b3b33 elementor-widget elementor-widget-text-editor\" data-id=\"d5b3b33\" data-element_type=\"widget\" data-widget_type=\"text-editor.default\">\n\t\t\t\t<div class=\"elementor-widget-container\">\n\t\t\t\t\t\t\t\t\t<h1>Accessibilit\u00e0 per le persone a mobilit\u00e0 ridotta<br><\/h1><h4>accogliere tutti nelle migliori condizioni possibili<\/h4>\t\t\t\t\t\t\t\t<\/div>\n\t\t\t\t<\/div>\n\t\t\t\t\t<\/div>\n\t\t\t\t<\/div>\n\t\t<div class=\"elementor-element elementor-element-a1e0e3f e-flex e-con-boxed e-con e-parent\" data-id=\"a1e0e3f\" data-element_type=\"container\">\n\t\t\t\t\t<div class=\"e-con-inner\">\n\t\t\t\t<div class=\"elementor-element elementor-element-f314a5a elementor-widget elementor-widget-text-editor\" data-id=\"f314a5a\" data-element_type=\"widget\" data-widget_type=\"text-editor.default\">\n\t\t\t\t<div class=\"elementor-widget-container\">\n\t\t\t\t\t\t\t\t\t<p>L&#8217;Institut d&#8217;\u00e9tudes fran\u00e7aises de Touraine si impegna ad accogliere tutti i suoi studenti, visitatori e partner nelle migliori condizioni possibili. Per garantire un ambiente inclusivo e adattato, abbiamo allestito diverse aree per facilitare l&#8217;accesso e il movimento delle persone a mobilit\u00e0 ridotta. <\/p><p>Le seguenti aree sono accessibili all&#8217;interno dell&#8217;Istituto:<\/p><ul><li>Tutti i servizi amministrativi<\/li><li>Due aule<\/li><li>Cinque laboratori digitali<\/li><li>Tre aree relax<\/li><li>Un allegato al centro risorse<\/li><li>Tre bagni adattati<\/li><\/ul><p>L&#8217;obiettivo di questi miglioramenti \u00e8 quello di dare a tutti la possibilit\u00e0 di sfruttare al meglio le nostre strutture e attivit\u00e0.<\/p>\t\t\t\t\t\t\t\t<\/div>\n\t\t\t\t<\/div>\n\t\t\t\t\t<\/div>\n\t\t\t\t<\/div>\n\t\t\t\t<\/div>\n\t\t","protected":false},"excerpt":{"rendered":"<p>Accessibilit\u00e0 per le persone a mobilit\u00e0 ridotta accogliere tutti nelle migliori condizioni possibili L&#8217;Institut d&#8217;\u00e9tudes fran\u00e7aises de Touraine si impegna [&hellip;]<\/p>\n","protected":false},"author":2,"featured_media":0,"parent":0,"menu_order":0,"comment_status":"closed","ping_status":"closed","template":"","meta":{"_eb_attr":"","site-sidebar-layout":"no-sidebar","site-content-layout":"","ast-site-content-layout":"full-width-container","site-content-style":"default","site-sidebar-style":"default","ast-global-header-display":"","ast-banner-title-visibility":"","ast-main-header-display":"","ast-hfb-above-header-display":"","ast-hfb-below-header-display":"","ast-hfb-mobile-header-display":"","site-post-title":"disabled","ast-breadcrumbs-content":"","ast-featured-img":"disabled","footer-sml-layout":"","theme-transparent-header-meta":"","adv-header-id-meta":"","stick-header-meta":"","header-above-stick-meta":"","header-main-stick-meta":"","header-below-stick-meta":"","astra-migrate-meta-layouts":"default","ast-page-background-enabled":"default","ast-page-background-meta":{"desktop":{"background-color":"var(--ast-global-color-5)","background-image":"","background-repeat":"repeat","background-position":"center center","background-size":"auto","background-attachment":"scroll","background-type":"","background-media":"","overlay-type":"","overlay-color":"","overlay-opacity":"","overlay-gradient":""},"tablet":{"background-color":"","background-image":"","background-repeat":"repeat","background-position":"center center","background-size":"auto","background-attachment":"scroll","background-type":"","background-media":"","overlay-type":"","overlay-color":"","overlay-opacity":"","overlay-gradient":""},"mobile":{"background-color":"","background-image":"","background-repeat":"repeat","background-position":"center center","background-size":"auto","background-attachment":"scroll","background-type":"","background-media":"","overlay-type":"","overlay-color":"","overlay-opacity":"","overlay-gradient":""}},"ast-content-background-meta":{"desktop":{"background-color":"var(--ast-global-color-4)","background-image":"","background-repeat":"repeat","background-position":"center center","background-size":"auto","background-attachment":"scroll","background-type":"","background-media":"","overlay-type":"","overlay-color":"","overlay-opacity":"","overlay-gradient":""},"tablet":{"background-color":"var(--ast-global-color-4)","background-image":"","background-repeat":"repeat","background-position":"center center","background-size":"auto","background-attachment":"scroll","background-type":"","background-media":"","overlay-type":"","overlay-color":"","overlay-opacity":"","overlay-gradient":""},"mobile":{"background-color":"var(--ast-global-color-4)","background-image":"","background-repeat":"repeat","background-position":"center center","background-size":"auto","background-attachment":"scroll","background-type":"","background-media":"","overlay-type":"","overlay-color":"","overlay-opacity":"","overlay-gradient":""}},"footnotes":""},"class_list":["post-3032","page","type-page","status-publish","hentry"],"yoast_head":"<!-- This site is optimized with the Yoast SEO plugin v26.4 - https:\/\/yoast.com\/wordpress\/plugins\/seo\/ -->\n<title>Accessibilit\u00e0 per le persone a mobilit\u00e0 ridotta - Institut de Touraine<\/title>\n<meta name=\"description\" content=\"Scopri le aree dell&#039;istituto progettate per facilitare l&#039;accesso alle persone a mobilit\u00e0 ridotta. Scuola di francese inclusiva...\" \/>\n<meta name=\"robots\" content=\"index, follow, max-snippet:-1, max-image-preview:large, max-video-preview:-1\" \/>\n<link rel=\"canonical\" href=\"https:\/\/institutdetouraine.com\/it\/accessibilita-per-le-persone-a-mobilita-ridotta\/\" \/>\n<meta property=\"og:locale\" content=\"it_IT\" \/>\n<meta property=\"og:type\" content=\"article\" \/>\n<meta property=\"og:title\" content=\"Accessibilit\u00e0 per le persone a mobilit\u00e0 ridotta - Institut de Touraine\" \/>\n<meta property=\"og:description\" content=\"Scopri le aree dell&#039;istituto progettate per facilitare l&#039;accesso alle persone a mobilit\u00e0 ridotta. Scuola di francese inclusiva...\" \/>\n<meta property=\"og:url\" content=\"https:\/\/institutdetouraine.com\/it\/accessibilita-per-le-persone-a-mobilita-ridotta\/\" \/>\n<meta property=\"og:site_name\" content=\"Institut de Touraine\" \/>\n<meta property=\"article:publisher\" content=\"https:\/\/www.facebook.com\/institutdetouraine\" \/>\n<meta property=\"article:modified_time\" content=\"2025-11-28T16:29:18+00:00\" \/>\n<meta name=\"twitter:card\" content=\"summary_large_image\" \/>\n<script type=\"application\/ld+json\" class=\"yoast-schema-graph\">{\"@context\":\"https:\/\/schema.org\",\"@graph\":[{\"@type\":\"WebPage\",\"@id\":\"https:\/\/institutdetouraine.com\/it\/accessibilita-per-le-persone-a-mobilita-ridotta\/\",\"url\":\"https:\/\/institutdetouraine.com\/it\/accessibilita-per-le-persone-a-mobilita-ridotta\/\",\"name\":\"Accessibilit\u00e0 per le persone a mobilit\u00e0 ridotta - Institut de Touraine\",\"isPartOf\":{\"@id\":\"https:\/\/institutdetouraine.com\/it\/#website\"},\"datePublished\":\"2025-08-15T08:38:21+00:00\",\"dateModified\":\"2025-11-28T16:29:18+00:00\",\"description\":\"Scopri le aree dell'istituto progettate per facilitare l'accesso alle persone a mobilit\u00e0 ridotta. Scuola di francese inclusiva...\",\"breadcrumb\":{\"@id\":\"https:\/\/institutdetouraine.com\/it\/accessibilita-per-le-persone-a-mobilita-ridotta\/#breadcrumb\"},\"inLanguage\":\"it-IT\",\"potentialAction\":[{\"@type\":\"ReadAction\",\"target\":[\"https:\/\/institutdetouraine.com\/it\/accessibilita-per-le-persone-a-mobilita-ridotta\/\"]}]},{\"@type\":\"BreadcrumbList\",\"@id\":\"https:\/\/institutdetouraine.com\/it\/accessibilita-per-le-persone-a-mobilita-ridotta\/#breadcrumb\",\"itemListElement\":[{\"@type\":\"ListItem\",\"position\":1,\"name\":\"Accueil\",\"item\":\"https:\/\/institutdetouraine.com\/it\/istituto-di-touraine\/\"},{\"@type\":\"ListItem\",\"position\":2,\"name\":\"Accessibilit\u00e0 per le persone a mobilit\u00e0 ridotta\"}]},{\"@type\":\"WebSite\",\"@id\":\"https:\/\/institutdetouraine.com\/it\/#website\",\"url\":\"https:\/\/institutdetouraine.com\/it\/\",\"name\":\"Institut de Touraine\",\"description\":\"\",\"potentialAction\":[{\"@type\":\"SearchAction\",\"target\":{\"@type\":\"EntryPoint\",\"urlTemplate\":\"https:\/\/institutdetouraine.com\/it\/?s={search_term_string}\"},\"query-input\":{\"@type\":\"PropertyValueSpecification\",\"valueRequired\":true,\"valueName\":\"search_term_string\"}}],\"inLanguage\":\"it-IT\"}]}<\/script>\n<!-- \/ Yoast SEO plugin. -->","yoast_head_json":{"title":"Accessibilit\u00e0 per le persone a mobilit\u00e0 ridotta - Institut de Touraine","description":"Scopri le aree dell'istituto progettate per facilitare l'accesso alle persone a mobilit\u00e0 ridotta. Scuola di francese inclusiva...","robots":{"index":"index","follow":"follow","max-snippet":"max-snippet:-1","max-image-preview":"max-image-preview:large","max-video-preview":"max-video-preview:-1"},"canonical":"https:\/\/institutdetouraine.com\/it\/accessibilita-per-le-persone-a-mobilita-ridotta\/","og_locale":"it_IT","og_type":"article","og_title":"Accessibilit\u00e0 per le persone a mobilit\u00e0 ridotta - Institut de Touraine","og_description":"Scopri le aree dell'istituto progettate per facilitare l'accesso alle persone a mobilit\u00e0 ridotta. Scuola di francese inclusiva...","og_url":"https:\/\/institutdetouraine.com\/it\/accessibilita-per-le-persone-a-mobilita-ridotta\/","og_site_name":"Institut de Touraine","article_publisher":"https:\/\/www.facebook.com\/institutdetouraine","article_modified_time":"2025-11-28T16:29:18+00:00","twitter_card":"summary_large_image","schema":{"@context":"https:\/\/schema.org","@graph":[{"@type":"WebPage","@id":"https:\/\/institutdetouraine.com\/it\/accessibilita-per-le-persone-a-mobilita-ridotta\/","url":"https:\/\/institutdetouraine.com\/it\/accessibilita-per-le-persone-a-mobilita-ridotta\/","name":"Accessibilit\u00e0 per le persone a mobilit\u00e0 ridotta - Institut de Touraine","isPartOf":{"@id":"https:\/\/institutdetouraine.com\/it\/#website"},"datePublished":"2025-08-15T08:38:21+00:00","dateModified":"2025-11-28T16:29:18+00:00","description":"Scopri le aree dell'istituto progettate per facilitare l'accesso alle persone a mobilit\u00e0 ridotta. Scuola di francese inclusiva...","breadcrumb":{"@id":"https:\/\/institutdetouraine.com\/it\/accessibilita-per-le-persone-a-mobilita-ridotta\/#breadcrumb"},"inLanguage":"it-IT","potentialAction":[{"@type":"ReadAction","target":["https:\/\/institutdetouraine.com\/it\/accessibilita-per-le-persone-a-mobilita-ridotta\/"]}]},{"@type":"BreadcrumbList","@id":"https:\/\/institutdetouraine.com\/it\/accessibilita-per-le-persone-a-mobilita-ridotta\/#breadcrumb","itemListElement":[{"@type":"ListItem","position":1,"name":"Accueil","item":"https:\/\/institutdetouraine.com\/it\/istituto-di-touraine\/"},{"@type":"ListItem","position":2,"name":"Accessibilit\u00e0 per le persone a mobilit\u00e0 ridotta"}]},{"@type":"WebSite","@id":"https:\/\/institutdetouraine.com\/it\/#website","url":"https:\/\/institutdetouraine.com\/it\/","name":"Institut de Touraine","description":"","potentialAction":[{"@type":"SearchAction","target":{"@type":"EntryPoint","urlTemplate":"https:\/\/institutdetouraine.com\/it\/?s={search_term_string}"},"query-input":{"@type":"PropertyValueSpecification","valueRequired":true,"valueName":"search_term_string"}}],"inLanguage":"it-IT"}]}},"_links":{"self":[{"href":"https:\/\/institutdetouraine.com\/it\/wp-json\/wp\/v2\/pages\/3032","targetHints":{"allow":["GET"]}}],"collection":[{"href":"https:\/\/institutdetouraine.com\/it\/wp-json\/wp\/v2\/pages"}],"about":[{"href":"https:\/\/institutdetouraine.com\/it\/wp-json\/wp\/v2\/types\/page"}],"author":[{"embeddable":true,"href":"https:\/\/institutdetouraine.com\/it\/wp-json\/wp\/v2\/users\/2"}],"replies":[{"embeddable":true,"href":"https:\/\/institutdetouraine.com\/it\/wp-json\/wp\/v2\/comments?post=3032"}],"version-history":[{"count":1,"href":"https:\/\/institutdetouraine.com\/it\/wp-json\/wp\/v2\/pages\/3032\/revisions"}],"predecessor-version":[{"id":3034,"href":"https:\/\/institutdetouraine.com\/it\/wp-json\/wp\/v2\/pages\/3032\/revisions\/3034"}],"wp:attachment":[{"href":"https:\/\/institutdetouraine.com\/it\/wp-json\/wp\/v2\/media?parent=3032"}],"curies":[{"name":"wp","href":"https:\/\/api.w.org\/{rel}","templated":true}]}}