{"id":3023,"date":"2025-08-15T10:30:48","date_gmt":"2025-08-15T08:30:48","guid":{"rendered":"https:\/\/institutdetouraine.com\/informazioni-legali\/"},"modified":"2026-01-26T14:11:46","modified_gmt":"2026-01-26T13:11:46","slug":"informazioni-legali","status":"publish","type":"page","link":"https:\/\/institutdetouraine.com\/it\/informazioni-legali\/","title":{"rendered":"Informazioni legali"},"content":{"rendered":"\t\t<div data-elementor-type=\"wp-page\" data-elementor-id=\"3023\" class=\"elementor elementor-3023 elementor-1196\" data-elementor-post-type=\"page\">\n\t\t\t\t<div class=\"elementor-element elementor-element-17a790d e-flex e-con-boxed e-con e-parent\" data-id=\"17a790d\" data-element_type=\"container\" data-settings=\"{&quot;background_background&quot;:&quot;classic&quot;}\">\n\t\t\t\t\t<div class=\"e-con-inner\">\n\t\t\t\t<div class=\"elementor-element elementor-element-d5b3b33 elementor-widget elementor-widget-text-editor\" data-id=\"d5b3b33\" data-element_type=\"widget\" data-widget_type=\"text-editor.default\">\n\t\t\t\t<div class=\"elementor-widget-container\">\n\t\t\t\t\t\t\t\t\t<h1>Informazioni legali<\/h1><h4>su www.institutdetouraine.com<\/h4>\t\t\t\t\t\t\t\t<\/div>\n\t\t\t\t<\/div>\n\t\t\t\t\t<\/div>\n\t\t\t\t<\/div>\n\t\t<div class=\"elementor-element elementor-element-a1e0e3f e-flex e-con-boxed e-con e-parent\" data-id=\"a1e0e3f\" data-element_type=\"container\">\n\t\t\t\t\t<div class=\"e-con-inner\">\n\t\t\t\t<div class=\"elementor-element elementor-element-f314a5a elementor-widget elementor-widget-text-editor\" data-id=\"f314a5a\" data-element_type=\"widget\" data-widget_type=\"text-editor.default\">\n\t\t\t\t<div class=\"elementor-widget-container\">\n\t\t\t\t\t\t\t\t\t<h2>Informazioni sull&#8217;editore<\/h2><p>Il sito web www.institutdetouraine.com \u00e8 pubblicato da :<\/p><p>Institut d&#8217;\u00e9tudes fran\u00e7aises de Touraine<br>BP 72047<br>1, rue de la Grandi\u00e8re<br>37020 TOURS Cedex 1 &#8211; FRANCIA<\/p><p>Tel. Telefono: +33 (0)2 47 05 76 83<br>Fax: +33 (0)2 47 20 48 98<\/p><p>Responsabili della pubblicazione: Elisabeth JAFFR\u00c9<\/p><hr><p> <\/p><h2>Crediti fotografici<\/h2><p>Tutte le fotografie presenti in questo sito sono state fornite dall&#8217;Institut de Touraine. Alcune immagini possono provenire anche da : Pixabay, Citt\u00e0 di Tours. <\/p><hr><p>  <\/p><h2>Sviluppo di siti web<\/h2><p>SARL Loumetis<br>4 impasse de Maine<br>35410 CHATEAUGIRON &#8211; FRANCIA<\/p><hr><p>  <\/p><h2>Propriet\u00e0 intellettuale<\/h2><p>In conformit\u00e0 con il Codice della Propriet\u00e0 Intellettuale francese e, pi\u00f9 in generale, con tutti gli accordi che contengono disposizioni relative al diritto d&#8217;autore, \u00e8 vietata la riproduzione parziale o totale di testi, immagini o illustrazioni non esplicitamente destinati a essere scaricati dai visitatori senza la preventiva autorizzazione dell&#8217;editore o di qualsiasi legittimo proprietario.<\/p><hr><p>  <\/p><h2>Responsabilit\u00e0<\/h2><p>L&#8217;utilizzo delle informazioni contenute in questo sito \u00e8 di esclusiva responsabilit\u00e0 dell&#8217;utente.<\/p><p>Tutte le risorse contenute in questo sito (testi, immagini, illustrazioni, diagrammi, disegni, piani, fotografie e animazioni al computer) sono fornite a scopo puramente informativo e non impegnano in alcun modo la responsabilit\u00e0 dell&#8217;editore.<\/p><p>Sebbene venga prestata la massima attenzione per garantire l&#8217;aggiornamento e l&#8217;accuratezza dei contenuti, l&#8217;editore non pu\u00f2 essere ritenuto responsabile per eventuali imprecisioni, errori o omissioni, n\u00e9 per i risultati ottenuti dall&#8217;uso delle informazioni contenute in questo sito.<\/p><hr><p>  <\/p><h2 data-start=\"860\" data-end=\"1047\">Chiamate a freddo &#8211; Bloctel<\/h2><p data-start=\"860\" data-end=\"1047\">L&#8217;Institut de Touraine non svolge attivit\u00e0 di propaganda telefonica.<\/p><p data-start=\"860\" data-end=\"1047\">In conformit\u00e0 con l&#8217;articolo L.223-2 del Codice del Consumo francese, chiunque pu\u00f2 iscriversi gratuitamente all&#8217;elenco telefonico anti-sollecito di Bloctel.<\/p><p data-start=\"1054\" data-end=\"1199\">Questo sistema significa che non sarai pi\u00f9 contattato telefonicamente da professionisti con i quali non hai un rapporto contrattuale in corso.<\/p><p data-start=\"1206\" data-end=\"1305\">Puoi iscriverti a questa lista tramite il sito web: https: <a class=\"decorated-link\" href=\"https:\/\/www.bloctel.gouv.fr\" target=\"_new\" rel=\"noopener\" data-start=\"1278\" data-end=\"1305\">\/\/www.bloctel.gouv.fr<\/a><\/p><hr><p>  <\/p><h2>Dati personali<\/h2><p>In conformit\u00e0 alla normativa vigente, hai il diritto di accedere, modificare, rettificare e cancellare i tuoi dati personali. Maggiori informazioni sulla <a href=\"https:\/\/institutdetouraine.com\/it\/informativa-sulla-privacy\/\">politica di riservatezza<\/a>. <\/p>\t\t\t\t\t\t\t\t<\/div>\n\t\t\t\t<\/div>\n\t\t\t\t\t<\/div>\n\t\t\t\t<\/div>\n\t\t\t\t<\/div>\n\t\t","protected":false},"excerpt":{"rendered":"<p>Informazioni legali su www.institutdetouraine.com Informazioni sull&#8217;editore Il sito web www.institutdetouraine.com \u00e8 pubblicato da : Institut d&#8217;\u00e9tudes fran\u00e7aises de TouraineBP 720471, [&hellip;]<\/p>\n","protected":false},"author":2,"featured_media":0,"parent":0,"menu_order":0,"comment_status":"closed","ping_status":"closed","template":"","meta":{"_eb_attr":"","site-sidebar-layout":"no-sidebar","site-content-layout":"","ast-site-content-layout":"full-width-container","site-content-style":"default","site-sidebar-style":"default","ast-global-header-display":"","ast-banner-title-visibility":"","ast-main-header-display":"","ast-hfb-above-header-display":"","ast-hfb-below-header-display":"","ast-hfb-mobile-header-display":"","site-post-title":"disabled","ast-breadcrumbs-content":"","ast-featured-img":"disabled","footer-sml-layout":"","theme-transparent-header-meta":"","adv-header-id-meta":"","stick-header-meta":"","header-above-stick-meta":"","header-main-stick-meta":"","header-below-stick-meta":"","astra-migrate-meta-layouts":"default","ast-page-background-enabled":"default","ast-page-background-meta":{"desktop":{"background-color":"var(--ast-global-color-5)","background-image":"","background-repeat":"repeat","background-position":"center center","background-size":"auto","background-attachment":"scroll","background-type":"","background-media":"","overlay-type":"","overlay-color":"","overlay-opacity":"","overlay-gradient":""},"tablet":{"background-color":"","background-image":"","background-repeat":"repeat","background-position":"center center","background-size":"auto","background-attachment":"scroll","background-type":"","background-media":"","overlay-type":"","overlay-color":"","overlay-opacity":"","overlay-gradient":""},"mobile":{"background-color":"","background-image":"","background-repeat":"repeat","background-position":"center center","background-size":"auto","background-attachment":"scroll","background-type":"","background-media":"","overlay-type":"","overlay-color":"","overlay-opacity":"","overlay-gradient":""}},"ast-content-background-meta":{"desktop":{"background-color":"var(--ast-global-color-4)","background-image":"","background-repeat":"repeat","background-position":"center center","background-size":"auto","background-attachment":"scroll","background-type":"","background-media":"","overlay-type":"","overlay-color":"","overlay-opacity":"","overlay-gradient":""},"tablet":{"background-color":"var(--ast-global-color-4)","background-image":"","background-repeat":"repeat","background-position":"center center","background-size":"auto","background-attachment":"scroll","background-type":"","background-media":"","overlay-type":"","overlay-color":"","overlay-opacity":"","overlay-gradient":""},"mobile":{"background-color":"var(--ast-global-color-4)","background-image":"","background-repeat":"repeat","background-position":"center center","background-size":"auto","background-attachment":"scroll","background-type":"","background-media":"","overlay-type":"","overlay-color":"","overlay-opacity":"","overlay-gradient":""}},"footnotes":""},"class_list":["post-3023","page","type-page","status-publish","hentry"],"yoast_head":"<!-- This site is optimized with the Yoast SEO plugin v26.4 - https:\/\/yoast.com\/wordpress\/plugins\/seo\/ -->\n<title>Informazioni legali - Institut de Touraine<\/title>\n<meta name=\"description\" content=\"Scopri le note legali del sito web pubblicato dall&#039;Institut d&#039;\u00e9tudes fran\u00e7aises de Touraine, con sede a Tours.\" \/>\n<meta name=\"robots\" content=\"index, follow, max-snippet:-1, max-image-preview:large, max-video-preview:-1\" \/>\n<link rel=\"canonical\" href=\"https:\/\/institutdetouraine.com\/it\/informazioni-legali\/\" \/>\n<meta property=\"og:locale\" content=\"it_IT\" \/>\n<meta property=\"og:type\" content=\"article\" \/>\n<meta property=\"og:title\" content=\"Informazioni legali - Institut de Touraine\" \/>\n<meta property=\"og:description\" content=\"Scopri le note legali del sito web pubblicato dall&#039;Institut d&#039;\u00e9tudes fran\u00e7aises de Touraine, con sede a Tours.\" \/>\n<meta property=\"og:url\" content=\"https:\/\/institutdetouraine.com\/it\/informazioni-legali\/\" \/>\n<meta property=\"og:site_name\" content=\"Institut de Touraine\" \/>\n<meta property=\"article:publisher\" content=\"https:\/\/www.facebook.com\/institutdetouraine\" \/>\n<meta property=\"article:modified_time\" content=\"2026-01-26T13:11:46+00:00\" \/>\n<meta name=\"twitter:card\" content=\"summary_large_image\" \/>\n<meta name=\"twitter:label1\" content=\"Tempo di lettura stimato\" \/>\n\t<meta name=\"twitter:data1\" content=\"2 minuti\" \/>\n<script type=\"application\/ld+json\" class=\"yoast-schema-graph\">{\"@context\":\"https:\/\/schema.org\",\"@graph\":[{\"@type\":\"WebPage\",\"@id\":\"https:\/\/institutdetouraine.com\/it\/informazioni-legali\/\",\"url\":\"https:\/\/institutdetouraine.com\/it\/informazioni-legali\/\",\"name\":\"Informazioni legali - Institut de Touraine\",\"isPartOf\":{\"@id\":\"https:\/\/institutdetouraine.com\/it\/#website\"},\"datePublished\":\"2025-08-15T08:30:48+00:00\",\"dateModified\":\"2026-01-26T13:11:46+00:00\",\"description\":\"Scopri le note legali del sito web pubblicato dall'Institut d'\u00e9tudes fran\u00e7aises de Touraine, con sede a Tours.\",\"breadcrumb\":{\"@id\":\"https:\/\/institutdetouraine.com\/it\/informazioni-legali\/#breadcrumb\"},\"inLanguage\":\"it-IT\",\"potentialAction\":[{\"@type\":\"ReadAction\",\"target\":[\"https:\/\/institutdetouraine.com\/it\/informazioni-legali\/\"]}]},{\"@type\":\"BreadcrumbList\",\"@id\":\"https:\/\/institutdetouraine.com\/it\/informazioni-legali\/#breadcrumb\",\"itemListElement\":[{\"@type\":\"ListItem\",\"position\":1,\"name\":\"Accueil\",\"item\":\"https:\/\/institutdetouraine.com\/it\/istituto-di-touraine\/\"},{\"@type\":\"ListItem\",\"position\":2,\"name\":\"Informazioni legali\"}]},{\"@type\":\"WebSite\",\"@id\":\"https:\/\/institutdetouraine.com\/it\/#website\",\"url\":\"https:\/\/institutdetouraine.com\/it\/\",\"name\":\"Institut de Touraine\",\"description\":\"\",\"potentialAction\":[{\"@type\":\"SearchAction\",\"target\":{\"@type\":\"EntryPoint\",\"urlTemplate\":\"https:\/\/institutdetouraine.com\/it\/?s={search_term_string}\"},\"query-input\":{\"@type\":\"PropertyValueSpecification\",\"valueRequired\":true,\"valueName\":\"search_term_string\"}}],\"inLanguage\":\"it-IT\"}]}<\/script>\n<!-- \/ Yoast SEO plugin. -->","yoast_head_json":{"title":"Informazioni legali - Institut de Touraine","description":"Scopri le note legali del sito web pubblicato dall'Institut d'\u00e9tudes fran\u00e7aises de Touraine, con sede a Tours.","robots":{"index":"index","follow":"follow","max-snippet":"max-snippet:-1","max-image-preview":"max-image-preview:large","max-video-preview":"max-video-preview:-1"},"canonical":"https:\/\/institutdetouraine.com\/it\/informazioni-legali\/","og_locale":"it_IT","og_type":"article","og_title":"Informazioni legali - Institut de Touraine","og_description":"Scopri le note legali del sito web pubblicato dall'Institut d'\u00e9tudes fran\u00e7aises de Touraine, con sede a Tours.","og_url":"https:\/\/institutdetouraine.com\/it\/informazioni-legali\/","og_site_name":"Institut de Touraine","article_publisher":"https:\/\/www.facebook.com\/institutdetouraine","article_modified_time":"2026-01-26T13:11:46+00:00","twitter_card":"summary_large_image","twitter_misc":{"Tempo di lettura stimato":"2 minuti"},"schema":{"@context":"https:\/\/schema.org","@graph":[{"@type":"WebPage","@id":"https:\/\/institutdetouraine.com\/it\/informazioni-legali\/","url":"https:\/\/institutdetouraine.com\/it\/informazioni-legali\/","name":"Informazioni legali - Institut de Touraine","isPartOf":{"@id":"https:\/\/institutdetouraine.com\/it\/#website"},"datePublished":"2025-08-15T08:30:48+00:00","dateModified":"2026-01-26T13:11:46+00:00","description":"Scopri le note legali del sito web pubblicato dall'Institut d'\u00e9tudes fran\u00e7aises de Touraine, con sede a Tours.","breadcrumb":{"@id":"https:\/\/institutdetouraine.com\/it\/informazioni-legali\/#breadcrumb"},"inLanguage":"it-IT","potentialAction":[{"@type":"ReadAction","target":["https:\/\/institutdetouraine.com\/it\/informazioni-legali\/"]}]},{"@type":"BreadcrumbList","@id":"https:\/\/institutdetouraine.com\/it\/informazioni-legali\/#breadcrumb","itemListElement":[{"@type":"ListItem","position":1,"name":"Accueil","item":"https:\/\/institutdetouraine.com\/it\/istituto-di-touraine\/"},{"@type":"ListItem","position":2,"name":"Informazioni legali"}]},{"@type":"WebSite","@id":"https:\/\/institutdetouraine.com\/it\/#website","url":"https:\/\/institutdetouraine.com\/it\/","name":"Institut de Touraine","description":"","potentialAction":[{"@type":"SearchAction","target":{"@type":"EntryPoint","urlTemplate":"https:\/\/institutdetouraine.com\/it\/?s={search_term_string}"},"query-input":{"@type":"PropertyValueSpecification","valueRequired":true,"valueName":"search_term_string"}}],"inLanguage":"it-IT"}]}},"_links":{"self":[{"href":"https:\/\/institutdetouraine.com\/it\/wp-json\/wp\/v2\/pages\/3023","targetHints":{"allow":["GET"]}}],"collection":[{"href":"https:\/\/institutdetouraine.com\/it\/wp-json\/wp\/v2\/pages"}],"about":[{"href":"https:\/\/institutdetouraine.com\/it\/wp-json\/wp\/v2\/types\/page"}],"author":[{"embeddable":true,"href":"https:\/\/institutdetouraine.com\/it\/wp-json\/wp\/v2\/users\/2"}],"replies":[{"embeddable":true,"href":"https:\/\/institutdetouraine.com\/it\/wp-json\/wp\/v2\/comments?post=3023"}],"version-history":[{"count":2,"href":"https:\/\/institutdetouraine.com\/it\/wp-json\/wp\/v2\/pages\/3023\/revisions"}],"predecessor-version":[{"id":3508,"href":"https:\/\/institutdetouraine.com\/it\/wp-json\/wp\/v2\/pages\/3023\/revisions\/3508"}],"wp:attachment":[{"href":"https:\/\/institutdetouraine.com\/it\/wp-json\/wp\/v2\/media?parent=3023"}],"curies":[{"name":"wp","href":"https:\/\/api.w.org\/{rel}","templated":true}]}}