{"id":3006,"date":"2025-09-16T19:13:02","date_gmt":"2025-09-16T17:13:02","guid":{"rendered":"https:\/\/institutdetouraine.com\/dfp-diplomi-in-francese-professionale\/"},"modified":"2025-11-28T17:29:13","modified_gmt":"2025-11-28T16:29:13","slug":"dfp-diplomi-in-francese-professionale","status":"publish","type":"page","link":"https:\/\/institutdetouraine.com\/it\/dfp-diplomi-in-francese-professionale\/","title":{"rendered":"DFP &#8211; Diplomi in francese professionale"},"content":{"rendered":"\t\t<div data-elementor-type=\"wp-page\" data-elementor-id=\"3006\" class=\"elementor elementor-3006 elementor-1422\" data-elementor-post-type=\"page\">\n\t\t\t\t<div class=\"elementor-element elementor-element-8d3a522 e-flex e-con-boxed e-con e-parent\" data-id=\"8d3a522\" data-element_type=\"container\" data-settings=\"{&quot;background_background&quot;:&quot;classic&quot;}\">\n\t\t\t\t\t<div class=\"e-con-inner\">\n\t\t\t\t<div class=\"elementor-element elementor-element-2841a09 elementor-widget elementor-widget-text-editor\" data-id=\"2841a09\" data-element_type=\"widget\" data-widget_type=\"text-editor.default\">\n\t\t\t\t<div class=\"elementor-widget-container\">\n\t\t\t\t\t\t\t\t\t<h1>DFP &#8211; Diplomi in francese professionale<\/h1><h4>Convalida le tue conoscenze della lingua francese a fini professionali<\/h4>\t\t\t\t\t\t\t\t<\/div>\n\t\t\t\t<\/div>\n\t\t\t\t\t<\/div>\n\t\t\t\t<\/div>\n\t\t<div class=\"elementor-element elementor-element-4e9e5a9 e-flex e-con-boxed e-con e-parent\" data-id=\"4e9e5a9\" data-element_type=\"container\">\n\t\t\t\t\t<div class=\"e-con-inner\">\n\t\t\t\t<div class=\"elementor-element elementor-element-751cd38 elementor-widget elementor-widget-text-editor\" data-id=\"751cd38\" data-element_type=\"widget\" data-widget_type=\"text-editor.default\">\n\t\t\t\t<div class=\"elementor-widget-container\">\n\t\t\t\t\t\t\t\t\t<p><span style=\"font-weight: 400;\">I <strong>Dipl\u00f4mes de Fran\u00e7ais Professionnel (DFP<\/strong> ) sono esami pratici gestiti dal Centro di Lingua Francese della Camera di Commercio e dell&#8217;Industria di Parigi e sono rivolti a tutti coloro che desiderano far valutare le proprie capacit\u00e0 comunicative (scritte e orali) in francese nelle principali situazioni della vita professionale.<\/span><\/p>\t\t\t\t\t\t\t\t<\/div>\n\t\t\t\t<\/div>\n\t\t\t\t<div class=\"elementor-element elementor-element-c59fb6b elementor-widget elementor-widget-text-editor\" data-id=\"c59fb6b\" data-element_type=\"widget\" data-widget_type=\"text-editor.default\">\n\t\t\t\t<div class=\"elementor-widget-container\">\n\t\t\t\t\t\t\t\t\t<p>Vuoi prepararti per un Dipl\u00f4me de Fran\u00e7ais Professionnel?<\/p>\t\t\t\t\t\t\t\t<\/div>\n\t\t\t\t<\/div>\n\t\t\t\t<div class=\"elementor-element elementor-element-1f57ac3 elementor-align-justify elementor-widget elementor-widget-button\" data-id=\"1f57ac3\" data-element_type=\"widget\" data-widget_type=\"button.default\">\n\t\t\t\t<div class=\"elementor-widget-container\">\n\t\t\t\t\t\t\t\t\t<div class=\"elementor-button-wrapper\">\n\t\t\t\t\t<a class=\"elementor-button elementor-button-link elementor-size-sm\" href=\"https:\/\/institutdetouraine.com\/it\/contatto\/\" target=\"_blank\">\n\t\t\t\t\t\t<span class=\"elementor-button-content-wrapper\">\n\t\t\t\t\t\t\t\t\t<span class=\"elementor-button-text\">Contatta l'Istituto di Touraine<\/span>\n\t\t\t\t\t<\/span>\n\t\t\t\t\t<\/a>\n\t\t\t\t<\/div>\n\t\t\t\t\t\t\t\t<\/div>\n\t\t\t\t<\/div>\n\t\t\t\t\t<\/div>\n\t\t\t\t<\/div>\n\t\t<div class=\"elementor-element elementor-element-a8f681a e-flex e-con-boxed e-con e-parent\" data-id=\"a8f681a\" data-element_type=\"container\" data-settings=\"{&quot;background_background&quot;:&quot;classic&quot;}\">\n\t\t\t\t\t<div class=\"e-con-inner\">\n\t\t\t\t<div class=\"elementor-element elementor-element-485d7f0 elementor-widget elementor-widget-text-editor\" data-id=\"485d7f0\" data-element_type=\"widget\" data-widget_type=\"text-editor.default\">\n\t\t\t\t<div class=\"elementor-widget-container\">\n\t\t\t\t\t\t\t\t\t<p>L&#8217;Institut de Touraine \u00e8 un centro d&#8217;esame autorizzato per i diplomi e le certificazioni di lingua francese. Gli studenti possono prepararsi e sostenere gli esami <a href=\"https:\/\/institutdetouraine.com\/delf\/\">DELF<\/a>, <a href=\"https:\/\/institutdetouraine.com\/dalf\/\">DALF<\/a>, <a href=\"https:\/\/institutdetouraine.com\/it\/tef-test-di-valutazione-del-francese\/\">TEF<\/a> e della Camera di Commercio e Industria di Parigi (DFP). <\/p>\t\t\t\t\t\t\t\t<\/div>\n\t\t\t\t<\/div>\n\t\t\t\t\t<\/div>\n\t\t\t\t<\/div>\n\t\t\t\t<\/div>\n\t\t","protected":false},"excerpt":{"rendered":"<p>DFP &#8211; Diplomi in francese professionale Convalida le tue conoscenze della lingua francese a fini professionali I Dipl\u00f4mes de Fran\u00e7ais [&hellip;]<\/p>\n","protected":false},"author":2,"featured_media":0,"parent":0,"menu_order":0,"comment_status":"closed","ping_status":"closed","template":"","meta":{"_eb_attr":"","site-sidebar-layout":"no-sidebar","site-content-layout":"","ast-site-content-layout":"full-width-container","site-content-style":"default","site-sidebar-style":"default","ast-global-header-display":"","ast-banner-title-visibility":"","ast-main-header-display":"","ast-hfb-above-header-display":"","ast-hfb-below-header-display":"","ast-hfb-mobile-header-display":"","site-post-title":"disabled","ast-breadcrumbs-content":"","ast-featured-img":"disabled","footer-sml-layout":"","theme-transparent-header-meta":"","adv-header-id-meta":"","stick-header-meta":"","header-above-stick-meta":"","header-main-stick-meta":"","header-below-stick-meta":"","astra-migrate-meta-layouts":"default","ast-page-background-enabled":"default","ast-page-background-meta":{"desktop":{"background-color":"var(--ast-global-color-5)","background-image":"","background-repeat":"repeat","background-position":"center center","background-size":"auto","background-attachment":"scroll","background-type":"","background-media":"","overlay-type":"","overlay-color":"","overlay-opacity":"","overlay-gradient":""},"tablet":{"background-color":"","background-image":"","background-repeat":"repeat","background-position":"center center","background-size":"auto","background-attachment":"scroll","background-type":"","background-media":"","overlay-type":"","overlay-color":"","overlay-opacity":"","overlay-gradient":""},"mobile":{"background-color":"","background-image":"","background-repeat":"repeat","background-position":"center center","background-size":"auto","background-attachment":"scroll","background-type":"","background-media":"","overlay-type":"","overlay-color":"","overlay-opacity":"","overlay-gradient":""}},"ast-content-background-meta":{"desktop":{"background-color":"var(--ast-global-color-4)","background-image":"","background-repeat":"repeat","background-position":"center center","background-size":"auto","background-attachment":"scroll","background-type":"","background-media":"","overlay-type":"","overlay-color":"","overlay-opacity":"","overlay-gradient":""},"tablet":{"background-color":"var(--ast-global-color-4)","background-image":"","background-repeat":"repeat","background-position":"center center","background-size":"auto","background-attachment":"scroll","background-type":"","background-media":"","overlay-type":"","overlay-color":"","overlay-opacity":"","overlay-gradient":""},"mobile":{"background-color":"var(--ast-global-color-4)","background-image":"","background-repeat":"repeat","background-position":"center center","background-size":"auto","background-attachment":"scroll","background-type":"","background-media":"","overlay-type":"","overlay-color":"","overlay-opacity":"","overlay-gradient":""}},"footnotes":""},"class_list":["post-3006","page","type-page","status-publish","hentry"],"yoast_head":"<!-- This site is optimized with the Yoast SEO plugin v26.4 - https:\/\/yoast.com\/wordpress\/plugins\/seo\/ -->\n<title>DFP - Diplomi in francese professionale Tours - Institut de Touraine<\/title>\n<meta name=\"description\" content=\"I Dipl\u00f4mes de Fran\u00e7ais Professionnel sono pensati per chi vuole far valutare le proprie capacit\u00e0 di comunicazione scritta e orale.\" \/>\n<meta name=\"robots\" content=\"index, follow, max-snippet:-1, max-image-preview:large, max-video-preview:-1\" \/>\n<link rel=\"canonical\" href=\"https:\/\/institutdetouraine.com\/it\/dfp-diplomi-in-francese-professionale\/\" \/>\n<meta property=\"og:locale\" content=\"it_IT\" \/>\n<meta property=\"og:type\" content=\"article\" \/>\n<meta property=\"og:title\" content=\"DFP - Diplomi in francese professionale Tours - Institut de Touraine\" \/>\n<meta property=\"og:description\" content=\"I Dipl\u00f4mes de Fran\u00e7ais Professionnel sono pensati per chi vuole far valutare le proprie capacit\u00e0 di comunicazione scritta e orale.\" \/>\n<meta property=\"og:url\" content=\"https:\/\/institutdetouraine.com\/it\/dfp-diplomi-in-francese-professionale\/\" \/>\n<meta property=\"og:site_name\" content=\"Institut de Touraine\" \/>\n<meta property=\"article:publisher\" content=\"https:\/\/www.facebook.com\/institutdetouraine\" \/>\n<meta property=\"article:modified_time\" content=\"2025-11-28T16:29:13+00:00\" \/>\n<meta name=\"twitter:card\" content=\"summary_large_image\" \/>\n<meta name=\"twitter:label1\" content=\"Tempo di lettura stimato\" \/>\n\t<meta name=\"twitter:data1\" content=\"1 minuto\" \/>\n<script type=\"application\/ld+json\" class=\"yoast-schema-graph\">{\"@context\":\"https:\/\/schema.org\",\"@graph\":[{\"@type\":\"WebPage\",\"@id\":\"https:\/\/institutdetouraine.com\/it\/dfp-diplomi-in-francese-professionale\/\",\"url\":\"https:\/\/institutdetouraine.com\/it\/dfp-diplomi-in-francese-professionale\/\",\"name\":\"DFP - Diplomi in francese professionale Tours - Institut de Touraine\",\"isPartOf\":{\"@id\":\"https:\/\/institutdetouraine.com\/it\/#website\"},\"datePublished\":\"2025-09-16T17:13:02+00:00\",\"dateModified\":\"2025-11-28T16:29:13+00:00\",\"description\":\"I Dipl\u00f4mes de Fran\u00e7ais Professionnel sono pensati per chi vuole far valutare le proprie capacit\u00e0 di comunicazione scritta e orale.\",\"breadcrumb\":{\"@id\":\"https:\/\/institutdetouraine.com\/it\/dfp-diplomi-in-francese-professionale\/#breadcrumb\"},\"inLanguage\":\"it-IT\",\"potentialAction\":[{\"@type\":\"ReadAction\",\"target\":[\"https:\/\/institutdetouraine.com\/it\/dfp-diplomi-in-francese-professionale\/\"]}]},{\"@type\":\"BreadcrumbList\",\"@id\":\"https:\/\/institutdetouraine.com\/it\/dfp-diplomi-in-francese-professionale\/#breadcrumb\",\"itemListElement\":[{\"@type\":\"ListItem\",\"position\":1,\"name\":\"Accueil\",\"item\":\"https:\/\/institutdetouraine.com\/it\/istituto-di-touraine\/\"},{\"@type\":\"ListItem\",\"position\":2,\"name\":\"DFP &#8211; Diplomi in francese professionale\"}]},{\"@type\":\"WebSite\",\"@id\":\"https:\/\/institutdetouraine.com\/it\/#website\",\"url\":\"https:\/\/institutdetouraine.com\/it\/\",\"name\":\"Institut de Touraine\",\"description\":\"\",\"potentialAction\":[{\"@type\":\"SearchAction\",\"target\":{\"@type\":\"EntryPoint\",\"urlTemplate\":\"https:\/\/institutdetouraine.com\/it\/?s={search_term_string}\"},\"query-input\":{\"@type\":\"PropertyValueSpecification\",\"valueRequired\":true,\"valueName\":\"search_term_string\"}}],\"inLanguage\":\"it-IT\"}]}<\/script>\n<!-- \/ Yoast SEO plugin. -->","yoast_head_json":{"title":"DFP - Diplomi in francese professionale Tours - Institut de Touraine","description":"I Dipl\u00f4mes de Fran\u00e7ais Professionnel sono pensati per chi vuole far valutare le proprie capacit\u00e0 di comunicazione scritta e orale.","robots":{"index":"index","follow":"follow","max-snippet":"max-snippet:-1","max-image-preview":"max-image-preview:large","max-video-preview":"max-video-preview:-1"},"canonical":"https:\/\/institutdetouraine.com\/it\/dfp-diplomi-in-francese-professionale\/","og_locale":"it_IT","og_type":"article","og_title":"DFP - Diplomi in francese professionale Tours - Institut de Touraine","og_description":"I Dipl\u00f4mes de Fran\u00e7ais Professionnel sono pensati per chi vuole far valutare le proprie capacit\u00e0 di comunicazione scritta e orale.","og_url":"https:\/\/institutdetouraine.com\/it\/dfp-diplomi-in-francese-professionale\/","og_site_name":"Institut de Touraine","article_publisher":"https:\/\/www.facebook.com\/institutdetouraine","article_modified_time":"2025-11-28T16:29:13+00:00","twitter_card":"summary_large_image","twitter_misc":{"Tempo di lettura stimato":"1 minuto"},"schema":{"@context":"https:\/\/schema.org","@graph":[{"@type":"WebPage","@id":"https:\/\/institutdetouraine.com\/it\/dfp-diplomi-in-francese-professionale\/","url":"https:\/\/institutdetouraine.com\/it\/dfp-diplomi-in-francese-professionale\/","name":"DFP - Diplomi in francese professionale Tours - Institut de Touraine","isPartOf":{"@id":"https:\/\/institutdetouraine.com\/it\/#website"},"datePublished":"2025-09-16T17:13:02+00:00","dateModified":"2025-11-28T16:29:13+00:00","description":"I Dipl\u00f4mes de Fran\u00e7ais Professionnel sono pensati per chi vuole far valutare le proprie capacit\u00e0 di comunicazione scritta e orale.","breadcrumb":{"@id":"https:\/\/institutdetouraine.com\/it\/dfp-diplomi-in-francese-professionale\/#breadcrumb"},"inLanguage":"it-IT","potentialAction":[{"@type":"ReadAction","target":["https:\/\/institutdetouraine.com\/it\/dfp-diplomi-in-francese-professionale\/"]}]},{"@type":"BreadcrumbList","@id":"https:\/\/institutdetouraine.com\/it\/dfp-diplomi-in-francese-professionale\/#breadcrumb","itemListElement":[{"@type":"ListItem","position":1,"name":"Accueil","item":"https:\/\/institutdetouraine.com\/it\/istituto-di-touraine\/"},{"@type":"ListItem","position":2,"name":"DFP &#8211; Diplomi in francese professionale"}]},{"@type":"WebSite","@id":"https:\/\/institutdetouraine.com\/it\/#website","url":"https:\/\/institutdetouraine.com\/it\/","name":"Institut de Touraine","description":"","potentialAction":[{"@type":"SearchAction","target":{"@type":"EntryPoint","urlTemplate":"https:\/\/institutdetouraine.com\/it\/?s={search_term_string}"},"query-input":{"@type":"PropertyValueSpecification","valueRequired":true,"valueName":"search_term_string"}}],"inLanguage":"it-IT"}]}},"_links":{"self":[{"href":"https:\/\/institutdetouraine.com\/it\/wp-json\/wp\/v2\/pages\/3006","targetHints":{"allow":["GET"]}}],"collection":[{"href":"https:\/\/institutdetouraine.com\/it\/wp-json\/wp\/v2\/pages"}],"about":[{"href":"https:\/\/institutdetouraine.com\/it\/wp-json\/wp\/v2\/types\/page"}],"author":[{"embeddable":true,"href":"https:\/\/institutdetouraine.com\/it\/wp-json\/wp\/v2\/users\/2"}],"replies":[{"embeddable":true,"href":"https:\/\/institutdetouraine.com\/it\/wp-json\/wp\/v2\/comments?post=3006"}],"version-history":[{"count":1,"href":"https:\/\/institutdetouraine.com\/it\/wp-json\/wp\/v2\/pages\/3006\/revisions"}],"predecessor-version":[{"id":3009,"href":"https:\/\/institutdetouraine.com\/it\/wp-json\/wp\/v2\/pages\/3006\/revisions\/3009"}],"wp:attachment":[{"href":"https:\/\/institutdetouraine.com\/it\/wp-json\/wp\/v2\/media?parent=3006"}],"curies":[{"name":"wp","href":"https:\/\/api.w.org\/{rel}","templated":true}]}}