{"id":3004,"date":"2025-09-16T19:07:19","date_gmt":"2025-09-16T17:07:19","guid":{"rendered":"https:\/\/institutdetouraine.com\/tef-test-di-valutazione-del-francese\/"},"modified":"2026-01-19T09:59:30","modified_gmt":"2026-01-19T08:59:30","slug":"tef-test-di-valutazione-del-francese","status":"publish","type":"page","link":"https:\/\/institutdetouraine.com\/it\/tef-test-di-valutazione-del-francese\/","title":{"rendered":"TEF &#8211; Test di valutazione del francese"},"content":{"rendered":"\t\t<div data-elementor-type=\"wp-page\" data-elementor-id=\"3004\" class=\"elementor elementor-3004 elementor-1417\" data-elementor-post-type=\"page\">\n\t\t\t\t<div class=\"elementor-element elementor-element-8d3a522 e-flex e-con-boxed e-con e-parent\" data-id=\"8d3a522\" data-element_type=\"container\" data-settings=\"{&quot;background_background&quot;:&quot;classic&quot;}\">\n\t\t\t\t\t<div class=\"e-con-inner\">\n\t\t\t\t<div class=\"elementor-element elementor-element-2841a09 elementor-widget elementor-widget-text-editor\" data-id=\"2841a09\" data-element_type=\"widget\" data-widget_type=\"text-editor.default\">\n\t\t\t\t<div class=\"elementor-widget-container\">\n\t\t\t\t\t\t\t\t\t<h1>TEF &#8211; Test di valutazione del francese<\/h1><h4>Preparati a questo test per dimostrare il tuo livello linguistico<\/h4>\t\t\t\t\t\t\t\t<\/div>\n\t\t\t\t<\/div>\n\t\t\t\t\t<\/div>\n\t\t\t\t<\/div>\n\t\t<div class=\"elementor-element elementor-element-4e9e5a9 e-flex e-con-boxed e-con e-parent\" data-id=\"4e9e5a9\" data-element_type=\"container\">\n\t\t\t\t\t<div class=\"e-con-inner\">\n\t\t\t\t<div class=\"elementor-element elementor-element-751cd38 elementor-widget elementor-widget-text-editor\" data-id=\"751cd38\" data-element_type=\"widget\" data-widget_type=\"text-editor.default\">\n\t\t\t\t<div class=\"elementor-widget-container\">\n\t\t\t\t\t\t\t\t\t<p><span style=\"font-weight: 400;\">Creato nel 1998 dalla CCI Paris Ile-de-France, il <strong>Test d&#8217;\u00e9valuation de fran\u00e7ais (TEF)<\/strong> \u00e8 un test di riferimento internazionale che misura il tuo livello di conoscenza e di abilit\u00e0 in francese.  <\/span><\/p><ul><li><span style=\"font-weight: 400;\">I risultati sono validi per due anni.  <\/span><\/li><li>Il TEF costa 170\u20ac.<\/li><\/ul>\t\t\t\t\t\t\t\t<\/div>\n\t\t\t\t<\/div>\n\t\t\t\t<div class=\"elementor-element elementor-element-c59fb6b elementor-widget elementor-widget-text-editor\" data-id=\"c59fb6b\" data-element_type=\"widget\" data-widget_type=\"text-editor.default\">\n\t\t\t\t<div class=\"elementor-widget-container\">\n\t\t\t\t\t\t\t\t\t<p>Vuoi prepararti e sostenere questo test?<\/p>\t\t\t\t\t\t\t\t<\/div>\n\t\t\t\t<\/div>\n\t\t\t\t<div class=\"elementor-element elementor-element-1f57ac3 elementor-align-justify elementor-widget elementor-widget-button\" data-id=\"1f57ac3\" data-element_type=\"widget\" data-widget_type=\"button.default\">\n\t\t\t\t<div class=\"elementor-widget-container\">\n\t\t\t\t\t\t\t\t\t<div class=\"elementor-button-wrapper\">\n\t\t\t\t\t<a class=\"elementor-button elementor-button-link elementor-size-sm\" href=\"https:\/\/institutdetouraine.com\/it\/contatto\/\" target=\"_blank\">\n\t\t\t\t\t\t<span class=\"elementor-button-content-wrapper\">\n\t\t\t\t\t\t\t\t\t<span class=\"elementor-button-text\">Contatta l'Istituto di Touraine<\/span>\n\t\t\t\t\t<\/span>\n\t\t\t\t\t<\/a>\n\t\t\t\t<\/div>\n\t\t\t\t\t\t\t\t<\/div>\n\t\t\t\t<\/div>\n\t\t\t\t\t<\/div>\n\t\t\t\t<\/div>\n\t\t<div class=\"elementor-element elementor-element-a8f681a e-flex e-con-boxed e-con e-parent\" data-id=\"a8f681a\" data-element_type=\"container\" data-settings=\"{&quot;background_background&quot;:&quot;classic&quot;}\">\n\t\t\t\t\t<div class=\"e-con-inner\">\n\t\t\t\t<div class=\"elementor-element elementor-element-485d7f0 elementor-widget elementor-widget-text-editor\" data-id=\"485d7f0\" data-element_type=\"widget\" data-widget_type=\"text-editor.default\">\n\t\t\t\t<div class=\"elementor-widget-container\">\n\t\t\t\t\t\t\t\t\t<p>L&#8217;Institut de Touraine \u00e8 un centro d&#8217;esame autorizzato per i diplomi e le certificazioni di lingua francese. Gli studenti possono prepararsi e sostenere gli esami <a href=\"https:\/\/institutdetouraine.com\/it\/delf-diploma-in-studi-di-lingua-francese\/\">DELF<\/a>, <a href=\"https:\/\/institutdetouraine.com\/it\/dalf-c1-e-c2-diplome-approfondi-de-langue-francaise-diploma-avanzato-di-lingua-francese\/\">DALF<\/a>, TEF e della Camera di Commercio e Industria di Parigi<a href=\"https:\/\/institutdetouraine.com\/it\/dfp-diplomi-in-francese-professionale\/\">(DFP)<\/a>. <\/p>\t\t\t\t\t\t\t\t<\/div>\n\t\t\t\t<\/div>\n\t\t\t\t\t<\/div>\n\t\t\t\t<\/div>\n\t\t\t\t<\/div>\n\t\t","protected":false},"excerpt":{"rendered":"<p>TEF &#8211; Test di valutazione del francese Preparati a questo test per dimostrare il tuo livello linguistico Creato nel 1998 [&hellip;]<\/p>\n","protected":false},"author":2,"featured_media":0,"parent":0,"menu_order":0,"comment_status":"closed","ping_status":"closed","template":"","meta":{"_eb_attr":"","site-sidebar-layout":"no-sidebar","site-content-layout":"","ast-site-content-layout":"full-width-container","site-content-style":"default","site-sidebar-style":"default","ast-global-header-display":"","ast-banner-title-visibility":"","ast-main-header-display":"","ast-hfb-above-header-display":"","ast-hfb-below-header-display":"","ast-hfb-mobile-header-display":"","site-post-title":"disabled","ast-breadcrumbs-content":"","ast-featured-img":"disabled","footer-sml-layout":"","theme-transparent-header-meta":"","adv-header-id-meta":"","stick-header-meta":"","header-above-stick-meta":"","header-main-stick-meta":"","header-below-stick-meta":"","astra-migrate-meta-layouts":"default","ast-page-background-enabled":"default","ast-page-background-meta":{"desktop":{"background-color":"var(--ast-global-color-5)","background-image":"","background-repeat":"repeat","background-position":"center center","background-size":"auto","background-attachment":"scroll","background-type":"","background-media":"","overlay-type":"","overlay-color":"","overlay-opacity":"","overlay-gradient":""},"tablet":{"background-color":"","background-image":"","background-repeat":"repeat","background-position":"center center","background-size":"auto","background-attachment":"scroll","background-type":"","background-media":"","overlay-type":"","overlay-color":"","overlay-opacity":"","overlay-gradient":""},"mobile":{"background-color":"","background-image":"","background-repeat":"repeat","background-position":"center center","background-size":"auto","background-attachment":"scroll","background-type":"","background-media":"","overlay-type":"","overlay-color":"","overlay-opacity":"","overlay-gradient":""}},"ast-content-background-meta":{"desktop":{"background-color":"var(--ast-global-color-4)","background-image":"","background-repeat":"repeat","background-position":"center center","background-size":"auto","background-attachment":"scroll","background-type":"","background-media":"","overlay-type":"","overlay-color":"","overlay-opacity":"","overlay-gradient":""},"tablet":{"background-color":"var(--ast-global-color-4)","background-image":"","background-repeat":"repeat","background-position":"center center","background-size":"auto","background-attachment":"scroll","background-type":"","background-media":"","overlay-type":"","overlay-color":"","overlay-opacity":"","overlay-gradient":""},"mobile":{"background-color":"var(--ast-global-color-4)","background-image":"","background-repeat":"repeat","background-position":"center center","background-size":"auto","background-attachment":"scroll","background-type":"","background-media":"","overlay-type":"","overlay-color":"","overlay-opacity":"","overlay-gradient":""}},"footnotes":""},"class_list":["post-3004","page","type-page","status-publish","hentry"],"yoast_head":"<!-- This site is optimized with the Yoast SEO plugin v26.4 - https:\/\/yoast.com\/wordpress\/plugins\/seo\/ -->\n<title>TEF - Test di valutazione del francese Tours - Institut de Touraine<\/title>\n<meta name=\"description\" content=\"Creato nel 1998, il Test d&#039;\u00e9valuation de fran\u00e7ais (TEF) misura il tuo livello di conoscenza e abilit\u00e0 in francese.\" \/>\n<meta name=\"robots\" content=\"index, follow, max-snippet:-1, max-image-preview:large, max-video-preview:-1\" \/>\n<link rel=\"canonical\" href=\"https:\/\/institutdetouraine.com\/it\/tef-test-di-valutazione-del-francese\/\" \/>\n<meta property=\"og:locale\" content=\"it_IT\" \/>\n<meta property=\"og:type\" content=\"article\" \/>\n<meta property=\"og:title\" content=\"TEF - Test di valutazione del francese Tours - Institut de Touraine\" \/>\n<meta property=\"og:description\" content=\"Creato nel 1998, il Test d&#039;\u00e9valuation de fran\u00e7ais (TEF) misura il tuo livello di conoscenza e abilit\u00e0 in francese.\" \/>\n<meta property=\"og:url\" content=\"https:\/\/institutdetouraine.com\/it\/tef-test-di-valutazione-del-francese\/\" \/>\n<meta property=\"og:site_name\" content=\"Institut de Touraine\" \/>\n<meta property=\"article:publisher\" content=\"https:\/\/www.facebook.com\/institutdetouraine\" \/>\n<meta property=\"article:modified_time\" content=\"2026-01-19T08:59:30+00:00\" \/>\n<meta name=\"twitter:card\" content=\"summary_large_image\" \/>\n<meta name=\"twitter:label1\" content=\"Tempo di lettura stimato\" \/>\n\t<meta name=\"twitter:data1\" content=\"1 minuto\" \/>\n<script type=\"application\/ld+json\" class=\"yoast-schema-graph\">{\"@context\":\"https:\/\/schema.org\",\"@graph\":[{\"@type\":\"WebPage\",\"@id\":\"https:\/\/institutdetouraine.com\/it\/tef-test-di-valutazione-del-francese\/\",\"url\":\"https:\/\/institutdetouraine.com\/it\/tef-test-di-valutazione-del-francese\/\",\"name\":\"TEF - Test di valutazione del francese Tours - Institut de Touraine\",\"isPartOf\":{\"@id\":\"https:\/\/institutdetouraine.com\/it\/#website\"},\"datePublished\":\"2025-09-16T17:07:19+00:00\",\"dateModified\":\"2026-01-19T08:59:30+00:00\",\"description\":\"Creato nel 1998, il Test d'\u00e9valuation de fran\u00e7ais (TEF) misura il tuo livello di conoscenza e abilit\u00e0 in francese.\",\"breadcrumb\":{\"@id\":\"https:\/\/institutdetouraine.com\/it\/tef-test-di-valutazione-del-francese\/#breadcrumb\"},\"inLanguage\":\"it-IT\",\"potentialAction\":[{\"@type\":\"ReadAction\",\"target\":[\"https:\/\/institutdetouraine.com\/it\/tef-test-di-valutazione-del-francese\/\"]}]},{\"@type\":\"BreadcrumbList\",\"@id\":\"https:\/\/institutdetouraine.com\/it\/tef-test-di-valutazione-del-francese\/#breadcrumb\",\"itemListElement\":[{\"@type\":\"ListItem\",\"position\":1,\"name\":\"Accueil\",\"item\":\"https:\/\/institutdetouraine.com\/it\/istituto-di-touraine\/\"},{\"@type\":\"ListItem\",\"position\":2,\"name\":\"TEF &#8211; Test di valutazione del francese\"}]},{\"@type\":\"WebSite\",\"@id\":\"https:\/\/institutdetouraine.com\/it\/#website\",\"url\":\"https:\/\/institutdetouraine.com\/it\/\",\"name\":\"Institut de Touraine\",\"description\":\"\",\"potentialAction\":[{\"@type\":\"SearchAction\",\"target\":{\"@type\":\"EntryPoint\",\"urlTemplate\":\"https:\/\/institutdetouraine.com\/it\/?s={search_term_string}\"},\"query-input\":{\"@type\":\"PropertyValueSpecification\",\"valueRequired\":true,\"valueName\":\"search_term_string\"}}],\"inLanguage\":\"it-IT\"}]}<\/script>\n<!-- \/ Yoast SEO plugin. -->","yoast_head_json":{"title":"TEF - Test di valutazione del francese Tours - Institut de Touraine","description":"Creato nel 1998, il Test d'\u00e9valuation de fran\u00e7ais (TEF) misura il tuo livello di conoscenza e abilit\u00e0 in francese.","robots":{"index":"index","follow":"follow","max-snippet":"max-snippet:-1","max-image-preview":"max-image-preview:large","max-video-preview":"max-video-preview:-1"},"canonical":"https:\/\/institutdetouraine.com\/it\/tef-test-di-valutazione-del-francese\/","og_locale":"it_IT","og_type":"article","og_title":"TEF - Test di valutazione del francese Tours - Institut de Touraine","og_description":"Creato nel 1998, il Test d'\u00e9valuation de fran\u00e7ais (TEF) misura il tuo livello di conoscenza e abilit\u00e0 in francese.","og_url":"https:\/\/institutdetouraine.com\/it\/tef-test-di-valutazione-del-francese\/","og_site_name":"Institut de Touraine","article_publisher":"https:\/\/www.facebook.com\/institutdetouraine","article_modified_time":"2026-01-19T08:59:30+00:00","twitter_card":"summary_large_image","twitter_misc":{"Tempo di lettura stimato":"1 minuto"},"schema":{"@context":"https:\/\/schema.org","@graph":[{"@type":"WebPage","@id":"https:\/\/institutdetouraine.com\/it\/tef-test-di-valutazione-del-francese\/","url":"https:\/\/institutdetouraine.com\/it\/tef-test-di-valutazione-del-francese\/","name":"TEF - Test di valutazione del francese Tours - Institut de Touraine","isPartOf":{"@id":"https:\/\/institutdetouraine.com\/it\/#website"},"datePublished":"2025-09-16T17:07:19+00:00","dateModified":"2026-01-19T08:59:30+00:00","description":"Creato nel 1998, il Test d'\u00e9valuation de fran\u00e7ais (TEF) misura il tuo livello di conoscenza e abilit\u00e0 in francese.","breadcrumb":{"@id":"https:\/\/institutdetouraine.com\/it\/tef-test-di-valutazione-del-francese\/#breadcrumb"},"inLanguage":"it-IT","potentialAction":[{"@type":"ReadAction","target":["https:\/\/institutdetouraine.com\/it\/tef-test-di-valutazione-del-francese\/"]}]},{"@type":"BreadcrumbList","@id":"https:\/\/institutdetouraine.com\/it\/tef-test-di-valutazione-del-francese\/#breadcrumb","itemListElement":[{"@type":"ListItem","position":1,"name":"Accueil","item":"https:\/\/institutdetouraine.com\/it\/istituto-di-touraine\/"},{"@type":"ListItem","position":2,"name":"TEF &#8211; Test di valutazione del francese"}]},{"@type":"WebSite","@id":"https:\/\/institutdetouraine.com\/it\/#website","url":"https:\/\/institutdetouraine.com\/it\/","name":"Institut de Touraine","description":"","potentialAction":[{"@type":"SearchAction","target":{"@type":"EntryPoint","urlTemplate":"https:\/\/institutdetouraine.com\/it\/?s={search_term_string}"},"query-input":{"@type":"PropertyValueSpecification","valueRequired":true,"valueName":"search_term_string"}}],"inLanguage":"it-IT"}]}},"_links":{"self":[{"href":"https:\/\/institutdetouraine.com\/it\/wp-json\/wp\/v2\/pages\/3004","targetHints":{"allow":["GET"]}}],"collection":[{"href":"https:\/\/institutdetouraine.com\/it\/wp-json\/wp\/v2\/pages"}],"about":[{"href":"https:\/\/institutdetouraine.com\/it\/wp-json\/wp\/v2\/types\/page"}],"author":[{"embeddable":true,"href":"https:\/\/institutdetouraine.com\/it\/wp-json\/wp\/v2\/users\/2"}],"replies":[{"embeddable":true,"href":"https:\/\/institutdetouraine.com\/it\/wp-json\/wp\/v2\/comments?post=3004"}],"version-history":[{"count":2,"href":"https:\/\/institutdetouraine.com\/it\/wp-json\/wp\/v2\/pages\/3004\/revisions"}],"predecessor-version":[{"id":3417,"href":"https:\/\/institutdetouraine.com\/it\/wp-json\/wp\/v2\/pages\/3004\/revisions\/3417"}],"wp:attachment":[{"href":"https:\/\/institutdetouraine.com\/it\/wp-json\/wp\/v2\/media?parent=3004"}],"curies":[{"name":"wp","href":"https:\/\/api.w.org\/{rel}","templated":true}]}}