{"id":2953,"date":"2025-10-26T15:03:56","date_gmt":"2025-10-26T14:03:56","guid":{"rendered":"https:\/\/institutdetouraine.com\/vivere-a-tours\/"},"modified":"2025-11-28T17:28:40","modified_gmt":"2025-11-28T16:28:40","slug":"vivere-a-tours","status":"publish","type":"page","link":"https:\/\/institutdetouraine.com\/it\/vivere-a-tours\/","title":{"rendered":"Vivere a Tours"},"content":{"rendered":"\t\t<div data-elementor-type=\"wp-page\" data-elementor-id=\"2953\" class=\"elementor elementor-2953 elementor-1607\" data-elementor-post-type=\"page\">\n\t\t\t\t<div class=\"elementor-element elementor-element-8d3a522 e-flex e-con-boxed e-con e-parent\" data-id=\"8d3a522\" data-element_type=\"container\" data-settings=\"{&quot;background_background&quot;:&quot;classic&quot;}\">\n\t\t\t\t\t<div class=\"e-con-inner\">\n\t\t\t\t<div class=\"elementor-element elementor-element-2841a09 elementor-widget elementor-widget-text-editor\" data-id=\"2841a09\" data-element_type=\"widget\" data-widget_type=\"text-editor.default\">\n\t\t\t\t<div class=\"elementor-widget-container\">\n\t\t\t\t\t\t\t\t\t<h1>Vivere a Tours<\/h1><h4>Una citt\u00e0 dinamica e accogliente a misura d&#8217;uomo<\/h4>\t\t\t\t\t\t\t\t<\/div>\n\t\t\t\t<\/div>\n\t\t\t\t\t<\/div>\n\t\t\t\t<\/div>\n\t\t<div class=\"elementor-element elementor-element-4e9e5a9 e-flex e-con-boxed e-con e-parent\" data-id=\"4e9e5a9\" data-element_type=\"container\">\n\t\t\t\t\t<div class=\"e-con-inner\">\n\t\t\t\t<div class=\"elementor-element elementor-element-751cd38 elementor-widget elementor-widget-text-editor\" data-id=\"751cd38\" data-element_type=\"widget\" data-widget_type=\"text-editor.default\">\n\t\t\t\t<div class=\"elementor-widget-container\">\n\t\t\t\t\t\t\t\t\t<p class=\"p1\">Situata nel cuore della Valle della Loira, Tours offre un ambiente ideale per studiare il francese e scoprire la cultura francese. Citt\u00e0 dinamica e accogliente a misura d&#8217;uomo, Tours \u00e8 rinomata per il suo eccezionale patrimonio, la sua ricca cultura e la qualit\u00e0 della vita.   <\/p>\t\t\t\t\t\t\t\t<\/div>\n\t\t\t\t<\/div>\n\t\t\t\t\t<\/div>\n\t\t\t\t<\/div>\n\t\t<div class=\"elementor-element elementor-element-2d96ebe e-flex e-con-boxed e-con e-parent\" data-id=\"2d96ebe\" data-element_type=\"container\" data-settings=\"{&quot;background_background&quot;:&quot;classic&quot;}\">\n\t\t\t\t\t<div class=\"e-con-inner\">\n\t\t\t\t<div class=\"elementor-element elementor-element-abaed93 elementor-widget elementor-widget-text-editor\" data-id=\"abaed93\" data-element_type=\"widget\" data-widget_type=\"text-editor.default\">\n\t\t\t\t<div class=\"elementor-widget-container\">\n\t\t\t\t\t\t\t\t\t<p>Tra storia, natura e modernit\u00e0, Tours unisce il fascino di una citt\u00e0 antica all&#8217;energia di una metropoli studentesca.<\/p>\t\t\t\t\t\t\t\t<\/div>\n\t\t\t\t<\/div>\n\t\t\t\t\t<\/div>\n\t\t\t\t<\/div>\n\t\t<div class=\"elementor-element elementor-element-a730e6a e-flex e-con-boxed e-con e-parent\" data-id=\"a730e6a\" data-element_type=\"container\">\n\t\t\t\t\t<div class=\"e-con-inner\">\n\t\t\t\t<div class=\"elementor-element elementor-element-0444249 elementor-widget elementor-widget-spacer\" data-id=\"0444249\" data-element_type=\"widget\" data-widget_type=\"spacer.default\">\n\t\t\t\t<div class=\"elementor-widget-container\">\n\t\t\t\t\t\t\t<div class=\"elementor-spacer\">\n\t\t\t<div class=\"elementor-spacer-inner\"><\/div>\n\t\t<\/div>\n\t\t\t\t\t\t<\/div>\n\t\t\t\t<\/div>\n\t\t\t\t\t<\/div>\n\t\t\t\t<\/div>\n\t\t<div class=\"elementor-element elementor-element-5caf35d e-con-full e-flex e-con e-parent\" data-id=\"5caf35d\" data-element_type=\"container\">\n\t\t<div class=\"elementor-element elementor-element-61ed6c8 e-con-full e-flex e-con e-child\" data-id=\"61ed6c8\" data-element_type=\"container\" data-settings=\"{&quot;background_background&quot;:&quot;classic&quot;}\">\n\t\t\t\t<div class=\"elementor-element elementor-element-87bf921 elementor-widget elementor-widget-spacer\" data-id=\"87bf921\" data-element_type=\"widget\" data-widget_type=\"spacer.default\">\n\t\t\t\t<div class=\"elementor-widget-container\">\n\t\t\t\t\t\t\t<div class=\"elementor-spacer\">\n\t\t\t<div class=\"elementor-spacer-inner\"><\/div>\n\t\t<\/div>\n\t\t\t\t\t\t<\/div>\n\t\t\t\t<\/div>\n\t\t\t\t<\/div>\n\t\t<div class=\"elementor-element elementor-element-e90923a e-con-full e-flex e-con e-child\" data-id=\"e90923a\" data-element_type=\"container\">\n\t\t\t\t<div class=\"elementor-element elementor-element-324845a elementor-widget elementor-widget-text-editor\" data-id=\"324845a\" data-element_type=\"widget\" data-widget_type=\"text-editor.default\">\n\t\t\t\t<div class=\"elementor-widget-container\">\n\t\t\t\t\t\t\t\t\t<h2>La Valle della Loira: patrimonio dell&#8217;umanit\u00e0 dell&#8217;UNESCO<\/h2><p class=\"p1\">Soprannominata il &#8220;Giardino di Francia&#8221;, la Touraine vanta numerosi parchi e spazi verdi, tra cui i famosi giardini formali dello Ch\u00e2teau de Villandry. Attraversata dalla Loira, l&#8217;ultimo fiume selvaggio d&#8217;Europa, la regione \u00e8 famosa per le escursioni, le gite in mongolfiera e l&#8217;esplorazione dei vigneti&#8230; Tours si trova anche sul percorso della Loire \u00e0 V\u00e9lo, un itinerario ciclabile che collega la Francia centrale all&#8217;Atlantico.  <\/p><p class=\"p1\">Tours, capitale della Valle della Loira e patrimonio dell&#8217;umanit\u00e0, attira ogni anno pi\u00f9 di 5.000 studenti stranieri. Fuori dall&#8217;aula, possono scoprire lo stile di vita francese, i castelli rinascimentali, la cultura e la gastronomia francese&#8230; L&#8217;Institut de Touraine incoraggia questa immersione con un programma ricco di attivit\u00e0. <\/p><p class=\"p1\">La Touraine \u00e8 anche il luogo di nascita di illustri scrittori come Rabelais, Ronsard e Balzac. Molti artisti americani hanno soggiornato qui, tra cui Calder e Max Ernst. <\/p>\t\t\t\t\t\t\t\t<\/div>\n\t\t\t\t<\/div>\n\t\t\t\t<\/div>\n\t\t\t\t<\/div>\n\t\t<div class=\"elementor-element elementor-element-5d010d6 e-flex e-con-boxed e-con e-parent\" data-id=\"5d010d6\" data-element_type=\"container\">\n\t\t\t\t\t<div class=\"e-con-inner\">\n\t\t\t\t<div class=\"elementor-element elementor-element-1a961b6 elementor-widget elementor-widget-spacer\" data-id=\"1a961b6\" data-element_type=\"widget\" data-widget_type=\"spacer.default\">\n\t\t\t\t<div class=\"elementor-widget-container\">\n\t\t\t\t\t\t\t<div class=\"elementor-spacer\">\n\t\t\t<div class=\"elementor-spacer-inner\"><\/div>\n\t\t<\/div>\n\t\t\t\t\t\t<\/div>\n\t\t\t\t<\/div>\n\t\t\t\t\t<\/div>\n\t\t\t\t<\/div>\n\t\t<div class=\"elementor-element elementor-element-b3415fe e-con-full e-flex e-con e-parent\" data-id=\"b3415fe\" data-element_type=\"container\">\n\t\t<div class=\"elementor-element elementor-element-5f61134 e-con-full e-flex e-con e-child\" data-id=\"5f61134\" data-element_type=\"container\">\n\t\t\t\t<div class=\"elementor-element elementor-element-0b4fee5 elementor-widget elementor-widget-text-editor\" data-id=\"0b4fee5\" data-element_type=\"widget\" data-widget_type=\"text-editor.default\">\n\t\t\t\t<div class=\"elementor-widget-container\">\n\t\t\t\t\t\t\t\t\t<h2>Uscire a Tours<\/h2><p class=\"p1\">A pochi passi dall&#8217;Institut, il quartiere storico \u00e8 famoso per i suoi caff\u00e8 e le sue terrazze. Nella bella stagione, sulle rive della Loira viene allestita una guinguette, un caff\u00e8 all&#8217;aperto dove si pu\u00f2 ballare e ascoltare musica. Citt\u00e0 studentesca, Tours ospita numerosi cinema e sale da concerto.  <\/p><p class=\"p1\">Tours \u00e8 un luogo ideale per vivere, fare shopping e incontrare amici&#8230; A pochi passi dall&#8217;Institut, il quartiere storico \u00e8 famoso per i suoi numerosi caff\u00e8 e terrazze, in particolare Place Plumereau, considerata una delle piazze pi\u00f9 belle di Francia per bere un drink.  <\/p><p class=\"p1\">Tours ha anche diversi cinema, un teatro dell&#8217;opera, una pista di pattinaggio, piscine, un centro d&#8217;arte contemporanea (CCCOD) e diverse sale da concerto e festival (musica classica e jazz).<\/p>\t\t\t\t\t\t\t\t<\/div>\n\t\t\t\t<\/div>\n\t\t\t\t<\/div>\n\t\t<div class=\"elementor-element elementor-element-ee98920 e-con-full e-flex e-con e-child\" data-id=\"ee98920\" data-element_type=\"container\" data-settings=\"{&quot;background_background&quot;:&quot;classic&quot;}\">\n\t\t\t\t<div class=\"elementor-element elementor-element-2a77694 elementor-widget elementor-widget-spacer\" data-id=\"2a77694\" data-element_type=\"widget\" data-widget_type=\"spacer.default\">\n\t\t\t\t<div class=\"elementor-widget-container\">\n\t\t\t\t\t\t\t<div class=\"elementor-spacer\">\n\t\t\t<div class=\"elementor-spacer-inner\"><\/div>\n\t\t<\/div>\n\t\t\t\t\t\t<\/div>\n\t\t\t\t<\/div>\n\t\t\t\t<\/div>\n\t\t\t\t<\/div>\n\t\t<div class=\"elementor-element elementor-element-dd5cac4 e-flex e-con-boxed e-con e-parent\" data-id=\"dd5cac4\" data-element_type=\"container\">\n\t\t\t\t\t<div class=\"e-con-inner\">\n\t\t\t\t<div class=\"elementor-element elementor-element-9011fc3 elementor-widget elementor-widget-spacer\" data-id=\"9011fc3\" data-element_type=\"widget\" data-widget_type=\"spacer.default\">\n\t\t\t\t<div class=\"elementor-widget-container\">\n\t\t\t\t\t\t\t<div class=\"elementor-spacer\">\n\t\t\t<div class=\"elementor-spacer-inner\"><\/div>\n\t\t<\/div>\n\t\t\t\t\t\t<\/div>\n\t\t\t\t<\/div>\n\t\t\t\t\t<\/div>\n\t\t\t\t<\/div>\n\t\t<div class=\"elementor-element elementor-element-7f4529f e-con-full e-flex e-con e-parent\" data-id=\"7f4529f\" data-element_type=\"container\">\n\t\t<div class=\"elementor-element elementor-element-8f22689 e-con-full e-flex e-con e-child\" data-id=\"8f22689\" data-element_type=\"container\" data-settings=\"{&quot;background_background&quot;:&quot;classic&quot;}\">\n\t\t\t\t<div class=\"elementor-element elementor-element-d526ca4 elementor-widget elementor-widget-spacer\" data-id=\"d526ca4\" data-element_type=\"widget\" data-widget_type=\"spacer.default\">\n\t\t\t\t<div class=\"elementor-widget-container\">\n\t\t\t\t\t\t\t<div class=\"elementor-spacer\">\n\t\t\t<div class=\"elementor-spacer-inner\"><\/div>\n\t\t<\/div>\n\t\t\t\t\t\t<\/div>\n\t\t\t\t<\/div>\n\t\t\t\t<\/div>\n\t\t<div class=\"elementor-element elementor-element-508cba1 e-con-full e-flex e-con e-child\" data-id=\"508cba1\" data-element_type=\"container\">\n\t\t\t\t<div class=\"elementor-element elementor-element-defd84b elementor-widget elementor-widget-text-editor\" data-id=\"defd84b\" data-element_type=\"widget\" data-widget_type=\"text-editor.default\">\n\t\t\t\t<div class=\"elementor-widget-container\">\n\t\t\t\t\t\t\t\t\t<h2>Tours, una citt\u00e0 studentesca<\/h2><p class=\"p1\">Giovane e dinamica, Tours conta pi\u00f9 di 30.000 studenti, di cui il 10% stranieri, distribuiti in diversi campus della citt\u00e0. L&#8217;Universit\u00e0 di Tours, la pi\u00f9 grande della regione Centre-Val de Loire, offre un&#8217;ampia gamma di lauree e svolge un&#8217;intensa attivit\u00e0 di ricerca scientifica. <\/p><p class=\"p1\">Vivere e studiare a Tours non richiede un budget elevato. Il costo dell&#8217;alloggio, ad esempio, \u00e8 la met\u00e0 di quello di Parigi. Anche i trasporti pubblici sono accessibili a prezzi ragionevoli. Dall&#8217;Institut de Touraine puoi spostarti facilmente a piedi, in bicicletta, in autobus o in tram per andare a fare sport, passeggiare nel quartiere storico, fare shopping, vedere uno spettacolo, goderti le rive della Loira&#8230;   <\/p>\t\t\t\t\t\t\t\t<\/div>\n\t\t\t\t<\/div>\n\t\t\t\t<\/div>\n\t\t\t\t<\/div>\n\t\t<div class=\"elementor-element elementor-element-56efd06 e-flex e-con-boxed e-con e-parent\" data-id=\"56efd06\" data-element_type=\"container\">\n\t\t\t\t\t<div class=\"e-con-inner\">\n\t\t\t\t<div class=\"elementor-element elementor-element-4fb7f31 elementor-widget elementor-widget-spacer\" data-id=\"4fb7f31\" data-element_type=\"widget\" data-widget_type=\"spacer.default\">\n\t\t\t\t<div class=\"elementor-widget-container\">\n\t\t\t\t\t\t\t<div class=\"elementor-spacer\">\n\t\t\t<div class=\"elementor-spacer-inner\"><\/div>\n\t\t<\/div>\n\t\t\t\t\t\t<\/div>\n\t\t\t\t<\/div>\n\t\t\t\t\t<\/div>\n\t\t\t\t<\/div>\n\t\t<div class=\"elementor-element elementor-element-a8f681a e-flex e-con-boxed e-con e-parent\" data-id=\"a8f681a\" data-element_type=\"container\" data-settings=\"{&quot;background_background&quot;:&quot;classic&quot;}\">\n\t\t\t\t\t<div class=\"e-con-inner\">\n\t\t\t\t<div class=\"elementor-element elementor-element-485d7f0 elementor-widget elementor-widget-text-editor\" data-id=\"485d7f0\" data-element_type=\"widget\" data-widget_type=\"text-editor.default\">\n\t\t\t\t<div class=\"elementor-widget-container\">\n\t\t\t\t\t\t\t\t\t<p>Tours, capitale della Valle della Loira e Patrimonio dell&#8217;Umanit\u00e0, attira ogni anno pi\u00f9 di 5.000 studenti stranieri. Fuori dall&#8217;aula, possono scoprire lo stile di vita francese, i castelli rinascimentali, la cultura e la gastronomia francese&#8230; L&#8217;Institut de Touraine incoraggia questa immersione con un programma ricco di <a href=\"https:\/\/institutdetouraine.com\/it\/attivita-culturali-ed-escursioni\/\">attivit\u00e0 culturali ed escursioni<\/a>. <\/p>\t\t\t\t\t\t\t\t<\/div>\n\t\t\t\t<\/div>\n\t\t\t\t\t<\/div>\n\t\t\t\t<\/div>\n\t\t\t\t<\/div>\n\t\t","protected":false},"excerpt":{"rendered":"<p>Vivere a Tours Una citt\u00e0 dinamica e accogliente a misura d&#8217;uomo Situata nel cuore della Valle della Loira, Tours offre [&hellip;]<\/p>\n","protected":false},"author":2,"featured_media":0,"parent":0,"menu_order":0,"comment_status":"closed","ping_status":"closed","template":"","meta":{"_eb_attr":"","site-sidebar-layout":"no-sidebar","site-content-layout":"","ast-site-content-layout":"full-width-container","site-content-style":"default","site-sidebar-style":"default","ast-global-header-display":"","ast-banner-title-visibility":"","ast-main-header-display":"","ast-hfb-above-header-display":"","ast-hfb-below-header-display":"","ast-hfb-mobile-header-display":"","site-post-title":"disabled","ast-breadcrumbs-content":"","ast-featured-img":"disabled","footer-sml-layout":"","theme-transparent-header-meta":"","adv-header-id-meta":"","stick-header-meta":"","header-above-stick-meta":"","header-main-stick-meta":"","header-below-stick-meta":"","astra-migrate-meta-layouts":"default","ast-page-background-enabled":"default","ast-page-background-meta":{"desktop":{"background-color":"var(--ast-global-color-5)","background-image":"","background-repeat":"repeat","background-position":"center center","background-size":"auto","background-attachment":"scroll","background-type":"","background-media":"","overlay-type":"","overlay-color":"","overlay-opacity":"","overlay-gradient":""},"tablet":{"background-color":"","background-image":"","background-repeat":"repeat","background-position":"center center","background-size":"auto","background-attachment":"scroll","background-type":"","background-media":"","overlay-type":"","overlay-color":"","overlay-opacity":"","overlay-gradient":""},"mobile":{"background-color":"","background-image":"","background-repeat":"repeat","background-position":"center center","background-size":"auto","background-attachment":"scroll","background-type":"","background-media":"","overlay-type":"","overlay-color":"","overlay-opacity":"","overlay-gradient":""}},"ast-content-background-meta":{"desktop":{"background-color":"var(--ast-global-color-4)","background-image":"","background-repeat":"repeat","background-position":"center center","background-size":"auto","background-attachment":"scroll","background-type":"","background-media":"","overlay-type":"","overlay-color":"","overlay-opacity":"","overlay-gradient":""},"tablet":{"background-color":"var(--ast-global-color-4)","background-image":"","background-repeat":"repeat","background-position":"center center","background-size":"auto","background-attachment":"scroll","background-type":"","background-media":"","overlay-type":"","overlay-color":"","overlay-opacity":"","overlay-gradient":""},"mobile":{"background-color":"var(--ast-global-color-4)","background-image":"","background-repeat":"repeat","background-position":"center center","background-size":"auto","background-attachment":"scroll","background-type":"","background-media":"","overlay-type":"","overlay-color":"","overlay-opacity":"","overlay-gradient":""}},"footnotes":""},"class_list":["post-2953","page","type-page","status-publish","hentry"],"yoast_head":"<!-- This site is optimized with the Yoast SEO plugin v26.4 - https:\/\/yoast.com\/wordpress\/plugins\/seo\/ -->\n<title>Vivere a Tours : citt\u00e0 degli studenti - Institut de Touraine%<\/title>\n<meta name=\"description\" content=\"Vivere a Tours significa godersi una citt\u00e0 a misura d&#039;uomo, con un ricco patrimonio, una ricca cultura e un&#039;alta qualit\u00e0 di vita.\" \/>\n<meta name=\"robots\" content=\"index, follow, max-snippet:-1, max-image-preview:large, max-video-preview:-1\" \/>\n<link rel=\"canonical\" href=\"https:\/\/institutdetouraine.com\/it\/vivere-a-tours\/\" \/>\n<meta property=\"og:locale\" content=\"it_IT\" \/>\n<meta property=\"og:type\" content=\"article\" \/>\n<meta property=\"og:title\" content=\"Vivere a Tours : citt\u00e0 degli studenti - Institut de Touraine%\" \/>\n<meta property=\"og:description\" content=\"Vivere a Tours significa godersi una citt\u00e0 a misura d&#039;uomo, con un ricco patrimonio, una ricca cultura e un&#039;alta qualit\u00e0 di vita.\" \/>\n<meta property=\"og:url\" content=\"https:\/\/institutdetouraine.com\/it\/vivere-a-tours\/\" \/>\n<meta property=\"og:site_name\" content=\"Institut de Touraine\" \/>\n<meta property=\"article:publisher\" content=\"https:\/\/www.facebook.com\/institutdetouraine\" \/>\n<meta property=\"article:modified_time\" content=\"2025-11-28T16:28:40+00:00\" \/>\n<meta name=\"twitter:card\" content=\"summary_large_image\" \/>\n<meta name=\"twitter:label1\" content=\"Tempo di lettura stimato\" \/>\n\t<meta name=\"twitter:data1\" content=\"2 minuti\" \/>\n<script type=\"application\/ld+json\" class=\"yoast-schema-graph\">{\"@context\":\"https:\/\/schema.org\",\"@graph\":[{\"@type\":\"WebPage\",\"@id\":\"https:\/\/institutdetouraine.com\/it\/vivere-a-tours\/\",\"url\":\"https:\/\/institutdetouraine.com\/it\/vivere-a-tours\/\",\"name\":\"Vivere a Tours : citt\u00e0 degli studenti - Institut de Touraine%\",\"isPartOf\":{\"@id\":\"https:\/\/institutdetouraine.com\/it\/#website\"},\"datePublished\":\"2025-10-26T14:03:56+00:00\",\"dateModified\":\"2025-11-28T16:28:40+00:00\",\"description\":\"Vivere a Tours significa godersi una citt\u00e0 a misura d'uomo, con un ricco patrimonio, una ricca cultura e un'alta qualit\u00e0 di vita.\",\"breadcrumb\":{\"@id\":\"https:\/\/institutdetouraine.com\/it\/vivere-a-tours\/#breadcrumb\"},\"inLanguage\":\"it-IT\",\"potentialAction\":[{\"@type\":\"ReadAction\",\"target\":[\"https:\/\/institutdetouraine.com\/it\/vivere-a-tours\/\"]}]},{\"@type\":\"BreadcrumbList\",\"@id\":\"https:\/\/institutdetouraine.com\/it\/vivere-a-tours\/#breadcrumb\",\"itemListElement\":[{\"@type\":\"ListItem\",\"position\":1,\"name\":\"Accueil\",\"item\":\"https:\/\/institutdetouraine.com\/it\/istituto-di-touraine\/\"},{\"@type\":\"ListItem\",\"position\":2,\"name\":\"Vivere a Tours\"}]},{\"@type\":\"WebSite\",\"@id\":\"https:\/\/institutdetouraine.com\/it\/#website\",\"url\":\"https:\/\/institutdetouraine.com\/it\/\",\"name\":\"Institut de Touraine\",\"description\":\"\",\"potentialAction\":[{\"@type\":\"SearchAction\",\"target\":{\"@type\":\"EntryPoint\",\"urlTemplate\":\"https:\/\/institutdetouraine.com\/it\/?s={search_term_string}\"},\"query-input\":{\"@type\":\"PropertyValueSpecification\",\"valueRequired\":true,\"valueName\":\"search_term_string\"}}],\"inLanguage\":\"it-IT\"}]}<\/script>\n<!-- \/ Yoast SEO plugin. -->","yoast_head_json":{"title":"Vivere a Tours : citt\u00e0 degli studenti - Institut de Touraine%","description":"Vivere a Tours significa godersi una citt\u00e0 a misura d'uomo, con un ricco patrimonio, una ricca cultura e un'alta qualit\u00e0 di vita.","robots":{"index":"index","follow":"follow","max-snippet":"max-snippet:-1","max-image-preview":"max-image-preview:large","max-video-preview":"max-video-preview:-1"},"canonical":"https:\/\/institutdetouraine.com\/it\/vivere-a-tours\/","og_locale":"it_IT","og_type":"article","og_title":"Vivere a Tours : citt\u00e0 degli studenti - Institut de Touraine%","og_description":"Vivere a Tours significa godersi una citt\u00e0 a misura d'uomo, con un ricco patrimonio, una ricca cultura e un'alta qualit\u00e0 di vita.","og_url":"https:\/\/institutdetouraine.com\/it\/vivere-a-tours\/","og_site_name":"Institut de Touraine","article_publisher":"https:\/\/www.facebook.com\/institutdetouraine","article_modified_time":"2025-11-28T16:28:40+00:00","twitter_card":"summary_large_image","twitter_misc":{"Tempo di lettura stimato":"2 minuti"},"schema":{"@context":"https:\/\/schema.org","@graph":[{"@type":"WebPage","@id":"https:\/\/institutdetouraine.com\/it\/vivere-a-tours\/","url":"https:\/\/institutdetouraine.com\/it\/vivere-a-tours\/","name":"Vivere a Tours : citt\u00e0 degli studenti - Institut de Touraine%","isPartOf":{"@id":"https:\/\/institutdetouraine.com\/it\/#website"},"datePublished":"2025-10-26T14:03:56+00:00","dateModified":"2025-11-28T16:28:40+00:00","description":"Vivere a Tours significa godersi una citt\u00e0 a misura d'uomo, con un ricco patrimonio, una ricca cultura e un'alta qualit\u00e0 di vita.","breadcrumb":{"@id":"https:\/\/institutdetouraine.com\/it\/vivere-a-tours\/#breadcrumb"},"inLanguage":"it-IT","potentialAction":[{"@type":"ReadAction","target":["https:\/\/institutdetouraine.com\/it\/vivere-a-tours\/"]}]},{"@type":"BreadcrumbList","@id":"https:\/\/institutdetouraine.com\/it\/vivere-a-tours\/#breadcrumb","itemListElement":[{"@type":"ListItem","position":1,"name":"Accueil","item":"https:\/\/institutdetouraine.com\/it\/istituto-di-touraine\/"},{"@type":"ListItem","position":2,"name":"Vivere a Tours"}]},{"@type":"WebSite","@id":"https:\/\/institutdetouraine.com\/it\/#website","url":"https:\/\/institutdetouraine.com\/it\/","name":"Institut de Touraine","description":"","potentialAction":[{"@type":"SearchAction","target":{"@type":"EntryPoint","urlTemplate":"https:\/\/institutdetouraine.com\/it\/?s={search_term_string}"},"query-input":{"@type":"PropertyValueSpecification","valueRequired":true,"valueName":"search_term_string"}}],"inLanguage":"it-IT"}]}},"_links":{"self":[{"href":"https:\/\/institutdetouraine.com\/it\/wp-json\/wp\/v2\/pages\/2953","targetHints":{"allow":["GET"]}}],"collection":[{"href":"https:\/\/institutdetouraine.com\/it\/wp-json\/wp\/v2\/pages"}],"about":[{"href":"https:\/\/institutdetouraine.com\/it\/wp-json\/wp\/v2\/types\/page"}],"author":[{"embeddable":true,"href":"https:\/\/institutdetouraine.com\/it\/wp-json\/wp\/v2\/users\/2"}],"replies":[{"embeddable":true,"href":"https:\/\/institutdetouraine.com\/it\/wp-json\/wp\/v2\/comments?post=2953"}],"version-history":[{"count":1,"href":"https:\/\/institutdetouraine.com\/it\/wp-json\/wp\/v2\/pages\/2953\/revisions"}],"predecessor-version":[{"id":2958,"href":"https:\/\/institutdetouraine.com\/it\/wp-json\/wp\/v2\/pages\/2953\/revisions\/2958"}],"wp:attachment":[{"href":"https:\/\/institutdetouraine.com\/it\/wp-json\/wp\/v2\/media?parent=2953"}],"curies":[{"name":"wp","href":"https:\/\/api.w.org\/{rel}","templated":true}]}}