{"id":3056,"date":"2025-08-15T09:53:33","date_gmt":"2025-08-15T07:53:33","guid":{"rendered":"https:\/\/institutdetouraine.com\/politica-de-privacidad\/"},"modified":"2026-01-26T14:11:46","modified_gmt":"2026-01-26T13:11:46","slug":"politica-de-privacidad","status":"publish","type":"page","link":"https:\/\/institutdetouraine.com\/es\/politica-de-privacidad\/","title":{"rendered":"Pol\u00edtica de privacidad"},"content":{"rendered":"\t\t<div data-elementor-type=\"wp-page\" data-elementor-id=\"3056\" class=\"elementor elementor-3056 elementor-1162\" data-elementor-post-type=\"page\">\n\t\t\t\t<div class=\"elementor-element elementor-element-17a790d e-flex e-con-boxed e-con e-parent\" data-id=\"17a790d\" data-element_type=\"container\" data-settings=\"{&quot;background_background&quot;:&quot;classic&quot;}\">\n\t\t\t\t\t<div class=\"e-con-inner\">\n\t\t\t\t<div class=\"elementor-element elementor-element-d5b3b33 elementor-widget elementor-widget-text-editor\" data-id=\"d5b3b33\" data-element_type=\"widget\" data-widget_type=\"text-editor.default\">\n\t\t\t\t<div class=\"elementor-widget-container\">\n\t\t\t\t\t\t\t\t\t<h1>Pol\u00edtica de privacidad<\/h1><h4>carta de protecci\u00f3n de datos personales<\/h4>\t\t\t\t\t\t\t\t<\/div>\n\t\t\t\t<\/div>\n\t\t\t\t\t<\/div>\n\t\t\t\t<\/div>\n\t\t<div class=\"elementor-element elementor-element-a1e0e3f e-con-full e-flex e-con e-parent\" data-id=\"a1e0e3f\" data-element_type=\"container\">\n\t\t\t\t<div class=\"elementor-element elementor-element-3f6d291 elementor-widget elementor-widget-text-editor\" data-id=\"3f6d291\" data-element_type=\"widget\" data-widget_type=\"text-editor.default\">\n\t\t\t\t<div class=\"elementor-widget-container\">\n\t\t\t\t\t\t\t\t\t<p><em>Versi\u00f3n actualizada a 14 de agosto de 2025<\/em><\/p>\t\t\t\t\t\t\t\t<\/div>\n\t\t\t\t<\/div>\n\t\t\t\t<div class=\"elementor-element elementor-element-f314a5a elementor-widget elementor-widget-text-editor\" data-id=\"f314a5a\" data-element_type=\"widget\" data-widget_type=\"text-editor.default\">\n\t\t\t\t<div class=\"elementor-widget-container\">\n\t\t\t\t\t\t\t\t\t<p>Esta pol\u00edtica de confidencialidad define y te informa de la forma en que el Institut de Touraine utiliza y protege cualquier informaci\u00f3n que nos transmitas cuando utilices este sitio, al que puedes acceder desde la siguiente URL: www.institutdetouraine.com (en adelante, el \u00abSitio\u00bb).<\/p><p>Ten en cuenta que esta pol\u00edtica de confidencialidad podr\u00e1 ser modificada o completada en cualquier momento por el Institut de Touraine, en particular para ajustarse a cualquier cambio legislativo, reglamentario, jurisprudencial o tecnol\u00f3gico. En tal caso, la fecha de la actualizaci\u00f3n se identificar\u00e1 claramente en la parte superior de esta pol\u00edtica. Estos cambios son vinculantes para el Usuario desde el momento de su puesta en l\u00ednea. Por lo tanto, el Usuario debe consultar esta pol\u00edtica de confidencialidad y uso de cookies con regularidad para tomar nota de cualquier cambio.   <\/p><h3>Pre\u00e1mbulo<\/h3><p>En general, puedes visitar el sitio web www.institutdetouraine.com, publicado por el Institut de Touraine, sin proporcionar ninguna informaci\u00f3n personal sobre ti. En cualquier caso, no tienes ninguna obligaci\u00f3n de transmitir esta informaci\u00f3n al Institut de Touraine. <\/p><p>No obstante, el Institut de Touraine podr\u00e1, en determinados casos, solicitarle que facilite informaci\u00f3n de car\u00e1cter personal (v\u00e9ase m\u00e1s adelante \u00abTipos y finalidades de los datos recogidos\u00bb). Al proporcionar esta informaci\u00f3n, aceptas expresamente que sea tratada por el Institut de Touraine, para los fines indicados en el punto 3 siguiente y para los fines indicados al final de cada formulario. <\/p><p>Sin embargo, si te niegas, es posible que no puedas beneficiarte de determinada informaci\u00f3n o servicios que hayas solicitado.<\/p><p>De conformidad con el Reglamento General de Protecci\u00f3n de Datos (RGPD) adoptado por el Parlamento Europeo el 14 de abril de 2016, y la Ley de Protecci\u00f3n de Datos modificada del 6 de enero de 1978, el Instituto de Touraine te informa de lo siguiente:<\/p><h3>1. Identidad y datos de contacto del responsable del tratamiento<\/h3><p>El responsable del tratamiento de los datos es la asociaci\u00f3n Institut de Touraine, con domicilio social en 1, rue de la Grandi\u00e8re BP 72047 37020 Tours Cedex 1,<\/p><p>Tel. : +33 &#8211; (0)2 47 05 76 83,<\/p><p>Correo electr\u00f3nico : contact@institutdetouraine.com<\/p><h3>2. Recogida y origen de los datos<\/h3><p>Todos los datos relativos a los Usuarios se recogen directamente de ellos.<\/p><p>El Instituto de Touraine se compromete a obtener el consentimiento de sus Usuarios y\/o a permitirles oponerse a la utilizaci\u00f3n de sus datos para determinados fines, en cuanto sea necesario.<\/p><p>En todos los casos, se informa a los Usuarios de las finalidades para las que se recogen sus datos a trav\u00e9s de los distintos formularios de recogida de datos online.<\/p><h3>3. Tipos de datos recogidos<\/h3><p>S\u00f3lo recogemos los datos necesarios para procesar tus solicitudes y enviarte informaci\u00f3n. Estos datos se recogen a trav\u00e9s de : <\/p><ul><li>El formulario de contacto y el formulario de solicitud de presupuesto\/inscripci\u00f3n (apellidos, nombre, direcci\u00f3n de correo electr\u00f3nico, n\u00famero de tel\u00e9fono, mensaje e informaci\u00f3n necesaria para tu solicitud).<\/li><li>Suscripci\u00f3n al bolet\u00edn (direcci\u00f3n de correo electr\u00f3nico).<\/li><li>Cookies y rastreadores (ver secci\u00f3n Cookies).<\/li><\/ul><p>Nuestras listas de correo se gestionan mediante la plataforma Mailchimp. Cada env\u00edo contiene un enlace de hipertexto que te permite darte de baja en cualquier momento. <\/p><h3 data-start=\"698\" data-end=\"762\">4. Car\u00e1cter obligatorio o facultativo de los datos recogidos<\/h3><p data-start=\"769\" data-end=\"1053\">Los formularios del sitio web del Instituto de Touraine (formulario de contacto, formulario de solicitud de presupuesto\/inscripci\u00f3n e inscripci\u00f3n al bolet\u00edn informativo) especifican si la informaci\u00f3n solicitada es obligatoria o facultativa, en particular mediante un asterisco (*).<\/p><p data-start=\"1060\" data-end=\"1404\">Los datos identificados como obligatorios son necesarios para procesar la solicitud del Usuario. Si no se facilitan estos datos, el Institut de Touraine no podr\u00e1 tramitar la solicitud en cuesti\u00f3n (toma de contacto, respuesta a una solicitud de informaci\u00f3n, presupuesto o inscripci\u00f3n, o suscripci\u00f3n al bolet\u00edn informativo). <\/p><p data-start=\"1411\" data-end=\"1643\">Los datos facultativos se recogen para mejorar la calidad de los intercambios y el tratamiento de las solicitudes, pero su ausencia no impide el env\u00edo del formulario ni el tratamiento de la solicitud por el Instituto de Touraine.<\/p><h3>5. Finalidad de los datos recogidos<\/h3><p>El Instituto de Touraine s\u00f3lo recoge datos adecuados, pertinentes y limitados a lo necesario para los fines para los que se tratan.<\/p><ul><li>Responder a tus solicitudes enviadas a trav\u00e9s de nuestros formularios de contacto o formularios de presupuesto\/registro.<\/li><li>Enviarte nuestro bolet\u00edn, si te has suscrito a \u00e9l.<\/li><li>Para analizar el tr\u00e1fico del sitio y mejorar la experiencia del usuario (cookies estad\u00edsticas).<\/li><\/ul><p>El tratamiento de tus datos personales se basa en tu consentimiento (formularios de contacto, inscripci\u00f3n al bolet\u00edn, cookies no esenciales) y en nuestro inter\u00e9s leg\u00edtimo en responder a tus solicitudes y garantizar el buen funcionamiento del sitio.<\/p><h3>6. Destinatarios<\/h3><p>El Institut de Touraine es el \u00fanico destinatario de tus Datos Personales. Esta informaci\u00f3n, ya sea en forma individual o agregada, nunca se transmite a terceros, sin perjuicio de los subcontratistas utilizados por Institut de Touraine. Ni Institut de Touraine ni ninguno de sus subcontratistas comercializan los datos personales de los visitantes y Usuarios de su Sitio.  <\/p><h3>7. Vida \u00fatil<\/h3><p data-start=\"257\" data-end=\"609\">El Instituto de Touraine s\u00f3lo conserva tus Datos Personales durante el tiempo necesario para los fines para los que fueron recogidos, y en cumplimiento de las obligaciones legales aplicables a nuestras actividades de ense\u00f1anza y de centro de ex\u00e1menes.<\/p><p data-start=\"613\" data-end=\"896\">La informaci\u00f3n relativa a tu cuenta de cliente se conserva durante 3 a\u00f1os a partir de la fecha de tu \u00faltima actividad en la cuenta. Transcurrido este periodo, la cuenta puede cerrarse y tus datos convertirse en an\u00f3nimos o eliminarse, a menos que la ley exija un periodo de conservaci\u00f3n m\u00e1s largo. <\/p><h3 data-start=\"642\" data-end=\"695\">8. Transferencia de datos fuera de la Uni\u00f3n Europea<\/h3><p data-start=\"702\" data-end=\"826\">Los datos personales recogidos por el Instituto de Touraine se procesan principalmente dentro de la Uni\u00f3n Europea.<\/p><p data-start=\"833\" data-end=\"1213\">No obstante, determinadas herramientas o proveedores de servicios utilizados por el Institut de Touraine (en particular para el env\u00edo de boletines informativos, la medici\u00f3n de audiencias o la gesti\u00f3n de cookies) pueden implicar la transferencia de datos personales fuera de la Uni\u00f3n Europea, en particular a pa\u00edses reconocidos por no ofrecer un nivel de protecci\u00f3n equivalente al de la Uni\u00f3n Europea.<\/p><p data-start=\"1220\" data-end=\"1560\">En este caso, el Institut de Touraine se asegura de que estas transferencias est\u00e9n sujetas a las garant\u00edas apropiadas de acuerdo con la normativa vigente, como las cl\u00e1usulas contractuales tipo adoptadas por la Comisi\u00f3n Europea o cualquier otra medida reconocida que asegure un nivel adecuado de protecci\u00f3n de los datos personales.<\/p><p data-start=\"1567\" data-end=\"1756\">Los usuarios pueden obtener m\u00e1s informaci\u00f3n sobre estas garant\u00edas poni\u00e9ndose en contacto con el Institut de Touraine utilizando los datos de contacto que figuran en esta pol\u00edtica de confidencialidad.<\/p><h3>9. Derechos de protecci\u00f3n de datos<\/h3><p>Tienes los siguientes derechos relativos a tus Datos Personales, que puedes ejercer escribi\u00e9ndonos a la direcci\u00f3n postal mencionada en el punto 1 o rellenando el formulario de contacto.<\/p><h4>Derecho de acceso y comunicaci\u00f3n de datos<\/h4><p>Tienes derecho a acceder a tus Datos Personales.<\/p><p>No obstante, habida cuenta de la obligaci\u00f3n del Instituto de Touraine de garantizar la seguridad y confidencialidad de los datos personales, se te informa de que tu solicitud se tramitar\u00e1 siempre que puedas acreditar tu identidad, en particular mediante la presentaci\u00f3n de una copia escaneada de tu documento de identidad v\u00e1lido (en caso de solicitud a trav\u00e9s de nuestro formulario electr\u00f3nico espec\u00edfico) o de una fotocopia firmada de tu documento de identidad v\u00e1lido (en caso de solicitud enviada por escrito).<\/p><p>El Institut de Touraine te informa de que tendr\u00e1 derecho, si es necesario, a oponerse a las solicitudes manifiestamente abusivas (por su n\u00famero, car\u00e1cter repetitivo o sistem\u00e1tico).<\/p><p>Para ayudarte con tu solicitud, en particular si deseas ejercer tu derecho de acceso enviando una solicitud por escrito a la direcci\u00f3n postal mencionada en el punto 1, encontrar\u00e1s un modelo de carta elaborado por la Comisi\u00f3n Nacional de Inform\u00e1tica y Libertades (la \u00abCNIL\u00bb) haciendo clic en el siguiente enlace.<\/p><p><a href=\"https:\/\/www.cnil.fr\/fr\/modele\/courrier\/exercer-son-droit-dacces\">https:\/\/www.cnil.fr\/fr\/modele\/courrier\/exercer-son-droit-dacces<\/a><\/p><h4>Derecho de rectificaci\u00f3n de datos<\/h4><p>En virtud de este derecho, tienes derecho por ley a solicitar la rectificaci\u00f3n, actualizaci\u00f3n, bloqueo o supresi\u00f3n de los datos que te conciernan y que puedan ser inexactos, incorrectos, incompletos u obsoletos.<\/p><p>Tambi\u00e9n puedes definir directrices generales y espec\u00edficas relativas al destino de los datos personales tras tu fallecimiento. En su caso, los herederos de una persona fallecida podr\u00e1n solicitar que se tenga en cuenta el fallecimiento de su familiar y\/o que se realicen las actualizaciones necesarias. <\/p><p>Para ayudarte con tu solicitud, en particular si deseas ejercer tu derecho de rectificaci\u00f3n en tu nombre o en nombre de un familiar fallecido, env\u00eda una solicitud por escrito a la direcci\u00f3n postal mencionada en el punto 1. Encontrar\u00e1s un modelo de carta elaborado por la CNIL haciendo clic en el siguiente enlace.<\/p><p><a href=\"https:\/\/www.cnil.fr\/fr\/modele\/courrier\/rectifier-des-donnees-inexactes-obsoletes-ou-perimees\">https:\/\/www.cnil.fr\/fr\/modele\/courrier\/rectifier-des-donnees-inexactes-obsoletes-ou-perimees<\/a><\/p><h4>Derecho de oposici\u00f3n<\/h4><p>Este derecho s\u00f3lo puede ejercerse en una de las dos situaciones siguientes:<\/p><ul><li>Cuando el ejercicio de este derecho se base en motivos leg\u00edtimos.<\/li><li>Cuando el ejercicio de este derecho tenga por objeto impedir que los datos recogidos se utilicen con fines de prospecci\u00f3n comercial.<\/li><\/ul><p>Para ayudarte en tu planteamiento, en particular si deseas ejercer tu derecho de oposici\u00f3n mediante una solicitud escrita enviada a la direcci\u00f3n postal indicada en el punto 1, encontrar\u00e1s un modelo de carta elaborado por la CNIL haciendo clic en el siguiente enlace.<\/p><p><a href=\"https:\/\/www.cnil.fr\/fr\/modele\/courrier\/supprimer-des-informations-vous-concernant-dun-site-internet\">https:\/\/www.cnil.fr\/fr\/modele\/courrier\/supprimer-des-informations-vous-concernant-dun-site-internet<\/a><\/p><h3 data-start=\"167\" data-end=\"511\">10. Contacto del Responsable de Protecci\u00f3n de Datos (RPD)<\/h3><p data-start=\"167\" data-end=\"511\">Si tienes alguna pregunta sobre tus datos personales, el ejercicio de tus derechos (acceso, rectificaci\u00f3n, supresi\u00f3n, limitaci\u00f3n, portabilidad, oposici\u00f3n) o cualquier solicitud relacionada con el tratamiento de tu informaci\u00f3n, puedes ponerte en contacto con nuestro departamento de protecci\u00f3n de datos en la siguiente direcci\u00f3n<\/p><p data-start=\"513\" data-end=\"645\">Correo electr\u00f3nico: <a class=\"decorated-link cursor-pointer\" rel=\"noopener\" data-start=\"528\" data-end=\"558\">contact@institutdetouraine.com<\/a><br data-start=\"558\" data-end=\"561\">Direcci\u00f3n postal: Institut de Touraine, 12 rue des \u00c9coles, 37000 Tours, Francia<\/p><p data-start=\"647\" data-end=\"778\">Nuestro equipo tramitar\u00e1 tu solicitud en un plazo razonable, que no debe superar 1 mes desde la recepci\u00f3n de tu solicitud.<\/p><h3>11. Denuncia ante la autoridad competente<\/h3><p>Si consideras que el Institut de Touraine no est\u00e1 cumpliendo con sus obligaciones con respecto a tu Informaci\u00f3n Personal, puedes presentar una queja o una solicitud a la autoridad competente. En Francia, la autoridad competente es la CNIL, a la que puedes enviar una solicitud por v\u00eda electr\u00f3nica haciendo clic en el siguiente enlace: https: <a href=\"https:\/\/www.cnil.fr\/fr\/plaintes\/internet\">\/\/www.cnil.fr\/fr\/plaintes\/internet.<\/a> <\/p>\t\t\t\t\t\t\t\t<\/div>\n\t\t\t\t<\/div>\n\t\t\t\t<\/div>\n\t\t\t\t<\/div>\n\t\t","protected":false},"excerpt":{"rendered":"<p>Pol\u00edtica de privacidad carta de protecci\u00f3n de datos personales Versi\u00f3n actualizada a 14 de agosto de 2025 Esta pol\u00edtica de [&hellip;]<\/p>\n","protected":false},"author":2,"featured_media":0,"parent":0,"menu_order":0,"comment_status":"closed","ping_status":"closed","template":"","meta":{"_eb_attr":"","site-sidebar-layout":"no-sidebar","site-content-layout":"","ast-site-content-layout":"full-width-container","site-content-style":"default","site-sidebar-style":"default","ast-global-header-display":"","ast-banner-title-visibility":"","ast-main-header-display":"","ast-hfb-above-header-display":"","ast-hfb-below-header-display":"","ast-hfb-mobile-header-display":"","site-post-title":"disabled","ast-breadcrumbs-content":"","ast-featured-img":"disabled","footer-sml-layout":"","theme-transparent-header-meta":"","adv-header-id-meta":"","stick-header-meta":"","header-above-stick-meta":"","header-main-stick-meta":"","header-below-stick-meta":"","astra-migrate-meta-layouts":"default","ast-page-background-enabled":"default","ast-page-background-meta":{"desktop":{"background-color":"var(--ast-global-color-5)","background-image":"","background-repeat":"repeat","background-position":"center center","background-size":"auto","background-attachment":"scroll","background-type":"","background-media":"","overlay-type":"","overlay-color":"","overlay-opacity":"","overlay-gradient":""},"tablet":{"background-color":"","background-image":"","background-repeat":"repeat","background-position":"center center","background-size":"auto","background-attachment":"scroll","background-type":"","background-media":"","overlay-type":"","overlay-color":"","overlay-opacity":"","overlay-gradient":""},"mobile":{"background-color":"","background-image":"","background-repeat":"repeat","background-position":"center center","background-size":"auto","background-attachment":"scroll","background-type":"","background-media":"","overlay-type":"","overlay-color":"","overlay-opacity":"","overlay-gradient":""}},"ast-content-background-meta":{"desktop":{"background-color":"var(--ast-global-color-4)","background-image":"","background-repeat":"repeat","background-position":"center center","background-size":"auto","background-attachment":"scroll","background-type":"","background-media":"","overlay-type":"","overlay-color":"","overlay-opacity":"","overlay-gradient":""},"tablet":{"background-color":"var(--ast-global-color-4)","background-image":"","background-repeat":"repeat","background-position":"center center","background-size":"auto","background-attachment":"scroll","background-type":"","background-media":"","overlay-type":"","overlay-color":"","overlay-opacity":"","overlay-gradient":""},"mobile":{"background-color":"var(--ast-global-color-4)","background-image":"","background-repeat":"repeat","background-position":"center center","background-size":"auto","background-attachment":"scroll","background-type":"","background-media":"","overlay-type":"","overlay-color":"","overlay-opacity":"","overlay-gradient":""}},"footnotes":""},"class_list":["post-3056","page","type-page","status-publish","hentry"],"yoast_head":"<!-- This site is optimized with the Yoast SEO plugin v26.4 - https:\/\/yoast.com\/wordpress\/plugins\/seo\/ -->\n<title>Pol\u00edtica de privacidad: datos personales - Institut de Touraine.<\/title>\n<meta name=\"description\" content=\"Descubre nuestra pol\u00edtica de privacidad. La protecci\u00f3n de tus datos personales est\u00e1 en el centro de nuestros compromisos.\" \/>\n<meta name=\"robots\" content=\"index, follow, max-snippet:-1, max-image-preview:large, max-video-preview:-1\" \/>\n<link rel=\"canonical\" href=\"https:\/\/institutdetouraine.com\/es\/politica-de-privacidad\/\" \/>\n<meta property=\"og:locale\" content=\"es_ES\" \/>\n<meta property=\"og:type\" content=\"article\" \/>\n<meta property=\"og:title\" content=\"Pol\u00edtica de privacidad: datos personales - Institut de Touraine.\" \/>\n<meta property=\"og:description\" content=\"Descubre nuestra pol\u00edtica de privacidad. La protecci\u00f3n de tus datos personales est\u00e1 en el centro de nuestros compromisos.\" \/>\n<meta property=\"og:url\" content=\"https:\/\/institutdetouraine.com\/es\/politica-de-privacidad\/\" \/>\n<meta property=\"og:site_name\" content=\"Institut de Touraine\" \/>\n<meta property=\"article:publisher\" content=\"https:\/\/www.facebook.com\/institutdetouraine\" \/>\n<meta property=\"article:modified_time\" content=\"2026-01-26T13:11:46+00:00\" \/>\n<meta name=\"twitter:card\" content=\"summary_large_image\" \/>\n<meta name=\"twitter:label1\" content=\"Tiempo de lectura\" \/>\n\t<meta name=\"twitter:data1\" content=\"9 minutos\" \/>\n<script type=\"application\/ld+json\" class=\"yoast-schema-graph\">{\"@context\":\"https:\/\/schema.org\",\"@graph\":[{\"@type\":\"WebPage\",\"@id\":\"https:\/\/institutdetouraine.com\/es\/politica-de-privacidad\/\",\"url\":\"https:\/\/institutdetouraine.com\/es\/politica-de-privacidad\/\",\"name\":\"Pol\u00edtica de privacidad: datos personales - Institut de Touraine.\",\"isPartOf\":{\"@id\":\"https:\/\/institutdetouraine.com\/es\/#website\"},\"datePublished\":\"2025-08-15T07:53:33+00:00\",\"dateModified\":\"2026-01-26T13:11:46+00:00\",\"description\":\"Descubre nuestra pol\u00edtica de privacidad. La protecci\u00f3n de tus datos personales est\u00e1 en el centro de nuestros compromisos.\",\"breadcrumb\":{\"@id\":\"https:\/\/institutdetouraine.com\/es\/politica-de-privacidad\/#breadcrumb\"},\"inLanguage\":\"es\",\"potentialAction\":[{\"@type\":\"ReadAction\",\"target\":[\"https:\/\/institutdetouraine.com\/es\/politica-de-privacidad\/\"]}]},{\"@type\":\"BreadcrumbList\",\"@id\":\"https:\/\/institutdetouraine.com\/es\/politica-de-privacidad\/#breadcrumb\",\"itemListElement\":[{\"@type\":\"ListItem\",\"position\":1,\"name\":\"Accueil\",\"item\":\"https:\/\/institutdetouraine.com\/es\/instituto-de-touraine\/\"},{\"@type\":\"ListItem\",\"position\":2,\"name\":\"Pol\u00edtica de privacidad\"}]},{\"@type\":\"WebSite\",\"@id\":\"https:\/\/institutdetouraine.com\/es\/#website\",\"url\":\"https:\/\/institutdetouraine.com\/es\/\",\"name\":\"Institut de Touraine\",\"description\":\"\",\"potentialAction\":[{\"@type\":\"SearchAction\",\"target\":{\"@type\":\"EntryPoint\",\"urlTemplate\":\"https:\/\/institutdetouraine.com\/es\/?s={search_term_string}\"},\"query-input\":{\"@type\":\"PropertyValueSpecification\",\"valueRequired\":true,\"valueName\":\"search_term_string\"}}],\"inLanguage\":\"es\"}]}<\/script>\n<!-- \/ Yoast SEO plugin. -->","yoast_head_json":{"title":"Pol\u00edtica de privacidad: datos personales - Institut de Touraine.","description":"Descubre nuestra pol\u00edtica de privacidad. La protecci\u00f3n de tus datos personales est\u00e1 en el centro de nuestros compromisos.","robots":{"index":"index","follow":"follow","max-snippet":"max-snippet:-1","max-image-preview":"max-image-preview:large","max-video-preview":"max-video-preview:-1"},"canonical":"https:\/\/institutdetouraine.com\/es\/politica-de-privacidad\/","og_locale":"es_ES","og_type":"article","og_title":"Pol\u00edtica de privacidad: datos personales - Institut de Touraine.","og_description":"Descubre nuestra pol\u00edtica de privacidad. La protecci\u00f3n de tus datos personales est\u00e1 en el centro de nuestros compromisos.","og_url":"https:\/\/institutdetouraine.com\/es\/politica-de-privacidad\/","og_site_name":"Institut de Touraine","article_publisher":"https:\/\/www.facebook.com\/institutdetouraine","article_modified_time":"2026-01-26T13:11:46+00:00","twitter_card":"summary_large_image","twitter_misc":{"Tiempo de lectura":"9 minutos"},"schema":{"@context":"https:\/\/schema.org","@graph":[{"@type":"WebPage","@id":"https:\/\/institutdetouraine.com\/es\/politica-de-privacidad\/","url":"https:\/\/institutdetouraine.com\/es\/politica-de-privacidad\/","name":"Pol\u00edtica de privacidad: datos personales - Institut de Touraine.","isPartOf":{"@id":"https:\/\/institutdetouraine.com\/es\/#website"},"datePublished":"2025-08-15T07:53:33+00:00","dateModified":"2026-01-26T13:11:46+00:00","description":"Descubre nuestra pol\u00edtica de privacidad. La protecci\u00f3n de tus datos personales est\u00e1 en el centro de nuestros compromisos.","breadcrumb":{"@id":"https:\/\/institutdetouraine.com\/es\/politica-de-privacidad\/#breadcrumb"},"inLanguage":"es","potentialAction":[{"@type":"ReadAction","target":["https:\/\/institutdetouraine.com\/es\/politica-de-privacidad\/"]}]},{"@type":"BreadcrumbList","@id":"https:\/\/institutdetouraine.com\/es\/politica-de-privacidad\/#breadcrumb","itemListElement":[{"@type":"ListItem","position":1,"name":"Accueil","item":"https:\/\/institutdetouraine.com\/es\/instituto-de-touraine\/"},{"@type":"ListItem","position":2,"name":"Pol\u00edtica de privacidad"}]},{"@type":"WebSite","@id":"https:\/\/institutdetouraine.com\/es\/#website","url":"https:\/\/institutdetouraine.com\/es\/","name":"Institut de Touraine","description":"","potentialAction":[{"@type":"SearchAction","target":{"@type":"EntryPoint","urlTemplate":"https:\/\/institutdetouraine.com\/es\/?s={search_term_string}"},"query-input":{"@type":"PropertyValueSpecification","valueRequired":true,"valueName":"search_term_string"}}],"inLanguage":"es"}]}},"_links":{"self":[{"href":"https:\/\/institutdetouraine.com\/es\/wp-json\/wp\/v2\/pages\/3056","targetHints":{"allow":["GET"]}}],"collection":[{"href":"https:\/\/institutdetouraine.com\/es\/wp-json\/wp\/v2\/pages"}],"about":[{"href":"https:\/\/institutdetouraine.com\/es\/wp-json\/wp\/v2\/types\/page"}],"author":[{"embeddable":true,"href":"https:\/\/institutdetouraine.com\/es\/wp-json\/wp\/v2\/users\/2"}],"replies":[{"embeddable":true,"href":"https:\/\/institutdetouraine.com\/es\/wp-json\/wp\/v2\/comments?post=3056"}],"version-history":[{"count":2,"href":"https:\/\/institutdetouraine.com\/es\/wp-json\/wp\/v2\/pages\/3056\/revisions"}],"predecessor-version":[{"id":3505,"href":"https:\/\/institutdetouraine.com\/es\/wp-json\/wp\/v2\/pages\/3056\/revisions\/3505"}],"wp:attachment":[{"href":"https:\/\/institutdetouraine.com\/es\/wp-json\/wp\/v2\/media?parent=3056"}],"curies":[{"name":"wp","href":"https:\/\/api.w.org\/{rel}","templated":true}]}}