{"id":3053,"date":"2025-08-15T10:20:33","date_gmt":"2025-08-15T08:20:33","guid":{"rendered":"https:\/\/institutdetouraine.com\/politica-de-uso-de-cookies\/"},"modified":"2025-11-28T17:29:23","modified_gmt":"2025-11-28T16:29:23","slug":"politica-de-uso-de-cookies","status":"publish","type":"page","link":"https:\/\/institutdetouraine.com\/es\/politica-de-uso-de-cookies\/","title":{"rendered":"Pol\u00edtica de uso de cookies"},"content":{"rendered":"\t\t<div data-elementor-type=\"wp-page\" data-elementor-id=\"3053\" class=\"elementor elementor-3053 elementor-1190\" data-elementor-post-type=\"page\">\n\t\t\t\t<div class=\"elementor-element elementor-element-17a790d e-flex e-con-boxed e-con e-parent\" data-id=\"17a790d\" data-element_type=\"container\" data-settings=\"{&quot;background_background&quot;:&quot;classic&quot;}\">\n\t\t\t\t\t<div class=\"e-con-inner\">\n\t\t\t\t<div class=\"elementor-element elementor-element-d5b3b33 elementor-widget elementor-widget-text-editor\" data-id=\"d5b3b33\" data-element_type=\"widget\" data-widget_type=\"text-editor.default\">\n\t\t\t\t<div class=\"elementor-widget-container\">\n\t\t\t\t\t\t\t\t\t<h1>Pol\u00edtica de uso de cookies<\/h1><h4>Uso, finalidad y gesti\u00f3n de las cookies<\/h4>\t\t\t\t\t\t\t\t<\/div>\n\t\t\t\t<\/div>\n\t\t\t\t\t<\/div>\n\t\t\t\t<\/div>\n\t\t<div class=\"elementor-element elementor-element-a1e0e3f e-flex e-con-boxed e-con e-parent\" data-id=\"a1e0e3f\" data-element_type=\"container\">\n\t\t\t\t\t<div class=\"e-con-inner\">\n\t\t\t\t<div class=\"elementor-element elementor-element-3f6d291 elementor-widget elementor-widget-text-editor\" data-id=\"3f6d291\" data-element_type=\"widget\" data-widget_type=\"text-editor.default\">\n\t\t\t\t<div class=\"elementor-widget-container\">\n\t\t\t\t\t\t\t\t\t<p><em>Versi\u00f3n actualizada a 14 de agosto de 2025<\/em><\/p>\t\t\t\t\t\t\t\t<\/div>\n\t\t\t\t<\/div>\n\t\t\t\t<div class=\"elementor-element elementor-element-f314a5a elementor-widget elementor-widget-text-editor\" data-id=\"f314a5a\" data-element_type=\"widget\" data-widget_type=\"text-editor.default\">\n\t\t\t\t<div class=\"elementor-widget-container\">\n\t\t\t\t\t\t\t\t\t<p>Cuando te conectes por primera vez al sitio web del Institut de Touraine, aparecer\u00e1 un banner informativo en el que se te informar\u00e1 de que los datos relativos a tu navegaci\u00f3n pueden quedar registrados en unos ficheros denominados \u00abcookies\u00bb. Esta pol\u00edtica ofrece una explicaci\u00f3n transparente del uso de estas cookies, su finalidad y c\u00f3mo puedes gestionarlas. <\/p><p> <\/p><h2>1. Informaci\u00f3n general sobre las cookies de nuestro sitio web<\/h2><p>El Instituto de Touraine, como editor de este sitio web, puede instalar cookies en tu terminal (ordenador, tableta, smartphone, etc.) para ofrecerte una experiencia de navegaci\u00f3n \u00f3ptima y personalizada.  <\/p><p>Las cookies son peque\u00f1os archivos de texto que nos permiten reconocer tu dispositivo y adaptar el contenido o las funciones a tus preferencias.  <\/p><p>Las cookies que utilizamos no permiten identificarte directamente. Se utilizan exclusivamente para mejorar la interactividad y el rendimiento del sitio, o para ofrecerte contenido relevante. Los datos recogidos s\u00f3lo se transmiten a terceros si has dado tu consentimiento previo o si as\u00ed lo exige la ley (por ejemplo, requerimiento de una autoridad judicial).  <\/p><p> <\/p><h2>2. Configurar tus preferencias de cookies<\/h2><p>Cuando te conectes por primera vez a nuestro sitio web, aparecer\u00e1 en la parte inferior de tu pantalla un banner que presenta brevemente informaci\u00f3n sobre el dep\u00f3sito de cookies y tecnolog\u00edas similares. Desde este banner, puedes en cualquier momento :   <\/p><ul><li>Aceptar todas las cookies<\/li><li>Rechazar todas las cookies no esenciales<\/li><li>Personaliza tus elecciones seg\u00fan la categor\u00eda de las cookies<\/li><\/ul><p>Tu consentimiento se conserva durante un m\u00e1ximo de 6 meses, tras los cuales se te volver\u00e1 a solicitar.<\/p><p> <\/p><h4>Cookies exentas de consentimiento  <\/h4><p>Algunas cookies, que son estrictamente necesarias para el funcionamiento del sitio o permiten la comunicaci\u00f3n electr\u00f3nica, est\u00e1n exentas de consentimiento seg\u00fan la CNIL. Entre ellas se incluyen :   <\/p><ul><li>Cookies de sesi\u00f3n y autenticaci\u00f3n<\/li><li>Cookies de equilibrio de carga<\/li><li>Cookies de personalizaci\u00f3n de la interfaz de usuario<\/li><\/ul><p> <\/p><h4>Cookies que requieren consentimiento previo  <\/h4><p>Este requisito se aplica a las cookies emitidas por terceros y descritas como \u00abpersistentes\u00bb en el sentido de que permanecen en tu terminal hasta que se eliminan o caducan. Dado que dichas cookies son emitidas por terceros, su uso y almacenamiento est\u00e1n sujetos a sus propias pol\u00edticas de confidencialidad. Esta familia de cookies incluye :  <\/p><ul><li>Cookies de medici\u00f3n de audiencia (Google Analytics): nos permiten controlar el uso del sitio web y mejorar su ergonom\u00eda.<\/li><li>Cookies para compartir en redes sociales: emitidas por plataformas (Facebook, LinkedIn, Instagram, YouTube) para permitirte compartir contenidos. Su uso est\u00e1 sujeto a sus propias pol\u00edticas de privacidad. <\/li><\/ul><p> <\/p><h2>3. Gestionar las cookies desde tu navegador<\/h2><p>Puedes configurar tu navegador para que rechace o acepte cookies, o para que te avise cuando se almacene una cookie. Advertencia: rechazar determinadas cookies puede alterar tu experiencia de usuario.   <\/p><p>Enlaces a gu\u00edas para los principales navegadores :  <\/p><ul><li>Cromo: https: <a href=\"https:\/\/support.google.com\/chrome\/answer\/95647?hl=fr\">\/\/support.google.com\/chrome\/answer\/95647?hl=fr<\/a><\/li><li>Firefox : <a href=\"https:\/\/support.mozilla.org\/fr\/kb\/activer-desactiver-cookies\">https:\/\/support.mozilla.org\/fr\/kb\/activer-desactiver-cookies<\/a><\/li><li>Safari: https: <a href=\"https:\/\/support.apple.com\/kb\/PH21411?viewlocale=fr_FR&amp;locale=fr_FR\">\/\/support.apple.com\/kb\/PH21411?viewlocale=fr_FR&amp;locale=fr_FR<\/a><\/li><li>Microsoft Edge: https: <a href=\"https:\/\/support.microsoft.com\/fr-fr\/microsoft-edge\/supprimer-les-cookies-dans-microsoft-edge-63947406-40ac-c3b8-57b9-2a946a29ae09\">\/\/support.microsoft.com\/fr-fr\/microsoft-edge\/supprimer-les-cookies-dans-microsoft-edge-63947406-40ac-c3b8-57b9-2a946a29ae09<\/a><\/li><li>\u00d3pera : <a href=\"http:\/\/help.opera.com\/Windows\/10.20\/fr\/cookies.html\">http:\/\/help.opera.com\/Windows\/10.20\/fr\/cookies.html<\/a><\/li><\/ul><p> <\/p><p>Para m\u00e1s informaci\u00f3n, visita el sitio web de la CNIL: https: <a href=\"https:\/\/www.cnil.fr\/fr\/cookies-les-outils-pour-les-maitriser\">\/\/www.cnil.fr\/fr\/cookies-les-outils-pour-les-maitriser<\/a>.<\/p>\t\t\t\t\t\t\t\t<\/div>\n\t\t\t\t<\/div>\n\t\t\t\t\t<\/div>\n\t\t\t\t<\/div>\n\t\t\t\t<\/div>\n\t\t","protected":false},"excerpt":{"rendered":"<p>Pol\u00edtica de uso de cookies Uso, finalidad y gesti\u00f3n de las cookies Versi\u00f3n actualizada a 14 de agosto de 2025 [&hellip;]<\/p>\n","protected":false},"author":2,"featured_media":0,"parent":0,"menu_order":0,"comment_status":"closed","ping_status":"closed","template":"","meta":{"_eb_attr":"","site-sidebar-layout":"no-sidebar","site-content-layout":"","ast-site-content-layout":"full-width-container","site-content-style":"default","site-sidebar-style":"default","ast-global-header-display":"","ast-banner-title-visibility":"","ast-main-header-display":"","ast-hfb-above-header-display":"","ast-hfb-below-header-display":"","ast-hfb-mobile-header-display":"","site-post-title":"disabled","ast-breadcrumbs-content":"","ast-featured-img":"disabled","footer-sml-layout":"","theme-transparent-header-meta":"","adv-header-id-meta":"","stick-header-meta":"","header-above-stick-meta":"","header-main-stick-meta":"","header-below-stick-meta":"","astra-migrate-meta-layouts":"default","ast-page-background-enabled":"default","ast-page-background-meta":{"desktop":{"background-color":"var(--ast-global-color-5)","background-image":"","background-repeat":"repeat","background-position":"center center","background-size":"auto","background-attachment":"scroll","background-type":"","background-media":"","overlay-type":"","overlay-color":"","overlay-opacity":"","overlay-gradient":""},"tablet":{"background-color":"","background-image":"","background-repeat":"repeat","background-position":"center center","background-size":"auto","background-attachment":"scroll","background-type":"","background-media":"","overlay-type":"","overlay-color":"","overlay-opacity":"","overlay-gradient":""},"mobile":{"background-color":"","background-image":"","background-repeat":"repeat","background-position":"center center","background-size":"auto","background-attachment":"scroll","background-type":"","background-media":"","overlay-type":"","overlay-color":"","overlay-opacity":"","overlay-gradient":""}},"ast-content-background-meta":{"desktop":{"background-color":"var(--ast-global-color-4)","background-image":"","background-repeat":"repeat","background-position":"center center","background-size":"auto","background-attachment":"scroll","background-type":"","background-media":"","overlay-type":"","overlay-color":"","overlay-opacity":"","overlay-gradient":""},"tablet":{"background-color":"var(--ast-global-color-4)","background-image":"","background-repeat":"repeat","background-position":"center center","background-size":"auto","background-attachment":"scroll","background-type":"","background-media":"","overlay-type":"","overlay-color":"","overlay-opacity":"","overlay-gradient":""},"mobile":{"background-color":"var(--ast-global-color-4)","background-image":"","background-repeat":"repeat","background-position":"center center","background-size":"auto","background-attachment":"scroll","background-type":"","background-media":"","overlay-type":"","overlay-color":"","overlay-opacity":"","overlay-gradient":""}},"footnotes":""},"class_list":["post-3053","page","type-page","status-publish","hentry"],"yoast_head":"<!-- This site is optimized with the Yoast SEO plugin v26.4 - https:\/\/yoast.com\/wordpress\/plugins\/seo\/ -->\n<title>Pol\u00edtica de uso de cookies - Institut de Touraine<\/title>\n<meta name=\"description\" content=\"Nuestra pol\u00edtica sobre el uso de cookies te permite comprender mejor las disposiciones aplicadas para navegar por el sitio.\" \/>\n<meta name=\"robots\" content=\"index, follow, max-snippet:-1, max-image-preview:large, max-video-preview:-1\" \/>\n<link rel=\"canonical\" href=\"https:\/\/institutdetouraine.com\/es\/politica-de-uso-de-cookies\/\" \/>\n<meta property=\"og:locale\" content=\"es_ES\" \/>\n<meta property=\"og:type\" content=\"article\" \/>\n<meta property=\"og:title\" content=\"Pol\u00edtica de uso de cookies - Institut de Touraine\" \/>\n<meta property=\"og:description\" content=\"Nuestra pol\u00edtica sobre el uso de cookies te permite comprender mejor las disposiciones aplicadas para navegar por el sitio.\" \/>\n<meta property=\"og:url\" content=\"https:\/\/institutdetouraine.com\/es\/politica-de-uso-de-cookies\/\" \/>\n<meta property=\"og:site_name\" content=\"Institut de Touraine\" \/>\n<meta property=\"article:publisher\" content=\"https:\/\/www.facebook.com\/institutdetouraine\" \/>\n<meta property=\"article:modified_time\" content=\"2025-11-28T16:29:23+00:00\" \/>\n<meta name=\"twitter:card\" content=\"summary_large_image\" \/>\n<meta name=\"twitter:label1\" content=\"Tiempo de lectura\" \/>\n\t<meta name=\"twitter:data1\" content=\"3 minutos\" \/>\n<script type=\"application\/ld+json\" class=\"yoast-schema-graph\">{\"@context\":\"https:\/\/schema.org\",\"@graph\":[{\"@type\":\"WebPage\",\"@id\":\"https:\/\/institutdetouraine.com\/es\/politica-de-uso-de-cookies\/\",\"url\":\"https:\/\/institutdetouraine.com\/es\/politica-de-uso-de-cookies\/\",\"name\":\"Pol\u00edtica de uso de cookies - Institut de Touraine\",\"isPartOf\":{\"@id\":\"https:\/\/institutdetouraine.com\/es\/#website\"},\"datePublished\":\"2025-08-15T08:20:33+00:00\",\"dateModified\":\"2025-11-28T16:29:23+00:00\",\"description\":\"Nuestra pol\u00edtica sobre el uso de cookies te permite comprender mejor las disposiciones aplicadas para navegar por el sitio.\",\"breadcrumb\":{\"@id\":\"https:\/\/institutdetouraine.com\/es\/politica-de-uso-de-cookies\/#breadcrumb\"},\"inLanguage\":\"es\",\"potentialAction\":[{\"@type\":\"ReadAction\",\"target\":[\"https:\/\/institutdetouraine.com\/es\/politica-de-uso-de-cookies\/\"]}]},{\"@type\":\"BreadcrumbList\",\"@id\":\"https:\/\/institutdetouraine.com\/es\/politica-de-uso-de-cookies\/#breadcrumb\",\"itemListElement\":[{\"@type\":\"ListItem\",\"position\":1,\"name\":\"Accueil\",\"item\":\"https:\/\/institutdetouraine.com\/es\/instituto-de-touraine\/\"},{\"@type\":\"ListItem\",\"position\":2,\"name\":\"Pol\u00edtica de uso de cookies\"}]},{\"@type\":\"WebSite\",\"@id\":\"https:\/\/institutdetouraine.com\/es\/#website\",\"url\":\"https:\/\/institutdetouraine.com\/es\/\",\"name\":\"Institut de Touraine\",\"description\":\"\",\"potentialAction\":[{\"@type\":\"SearchAction\",\"target\":{\"@type\":\"EntryPoint\",\"urlTemplate\":\"https:\/\/institutdetouraine.com\/es\/?s={search_term_string}\"},\"query-input\":{\"@type\":\"PropertyValueSpecification\",\"valueRequired\":true,\"valueName\":\"search_term_string\"}}],\"inLanguage\":\"es\"}]}<\/script>\n<!-- \/ Yoast SEO plugin. -->","yoast_head_json":{"title":"Pol\u00edtica de uso de cookies - Institut de Touraine","description":"Nuestra pol\u00edtica sobre el uso de cookies te permite comprender mejor las disposiciones aplicadas para navegar por el sitio.","robots":{"index":"index","follow":"follow","max-snippet":"max-snippet:-1","max-image-preview":"max-image-preview:large","max-video-preview":"max-video-preview:-1"},"canonical":"https:\/\/institutdetouraine.com\/es\/politica-de-uso-de-cookies\/","og_locale":"es_ES","og_type":"article","og_title":"Pol\u00edtica de uso de cookies - Institut de Touraine","og_description":"Nuestra pol\u00edtica sobre el uso de cookies te permite comprender mejor las disposiciones aplicadas para navegar por el sitio.","og_url":"https:\/\/institutdetouraine.com\/es\/politica-de-uso-de-cookies\/","og_site_name":"Institut de Touraine","article_publisher":"https:\/\/www.facebook.com\/institutdetouraine","article_modified_time":"2025-11-28T16:29:23+00:00","twitter_card":"summary_large_image","twitter_misc":{"Tiempo de lectura":"3 minutos"},"schema":{"@context":"https:\/\/schema.org","@graph":[{"@type":"WebPage","@id":"https:\/\/institutdetouraine.com\/es\/politica-de-uso-de-cookies\/","url":"https:\/\/institutdetouraine.com\/es\/politica-de-uso-de-cookies\/","name":"Pol\u00edtica de uso de cookies - Institut de Touraine","isPartOf":{"@id":"https:\/\/institutdetouraine.com\/es\/#website"},"datePublished":"2025-08-15T08:20:33+00:00","dateModified":"2025-11-28T16:29:23+00:00","description":"Nuestra pol\u00edtica sobre el uso de cookies te permite comprender mejor las disposiciones aplicadas para navegar por el sitio.","breadcrumb":{"@id":"https:\/\/institutdetouraine.com\/es\/politica-de-uso-de-cookies\/#breadcrumb"},"inLanguage":"es","potentialAction":[{"@type":"ReadAction","target":["https:\/\/institutdetouraine.com\/es\/politica-de-uso-de-cookies\/"]}]},{"@type":"BreadcrumbList","@id":"https:\/\/institutdetouraine.com\/es\/politica-de-uso-de-cookies\/#breadcrumb","itemListElement":[{"@type":"ListItem","position":1,"name":"Accueil","item":"https:\/\/institutdetouraine.com\/es\/instituto-de-touraine\/"},{"@type":"ListItem","position":2,"name":"Pol\u00edtica de uso de cookies"}]},{"@type":"WebSite","@id":"https:\/\/institutdetouraine.com\/es\/#website","url":"https:\/\/institutdetouraine.com\/es\/","name":"Institut de Touraine","description":"","potentialAction":[{"@type":"SearchAction","target":{"@type":"EntryPoint","urlTemplate":"https:\/\/institutdetouraine.com\/es\/?s={search_term_string}"},"query-input":{"@type":"PropertyValueSpecification","valueRequired":true,"valueName":"search_term_string"}}],"inLanguage":"es"}]}},"_links":{"self":[{"href":"https:\/\/institutdetouraine.com\/es\/wp-json\/wp\/v2\/pages\/3053","targetHints":{"allow":["GET"]}}],"collection":[{"href":"https:\/\/institutdetouraine.com\/es\/wp-json\/wp\/v2\/pages"}],"about":[{"href":"https:\/\/institutdetouraine.com\/es\/wp-json\/wp\/v2\/types\/page"}],"author":[{"embeddable":true,"href":"https:\/\/institutdetouraine.com\/es\/wp-json\/wp\/v2\/users\/2"}],"replies":[{"embeddable":true,"href":"https:\/\/institutdetouraine.com\/es\/wp-json\/wp\/v2\/comments?post=3053"}],"version-history":[{"count":1,"href":"https:\/\/institutdetouraine.com\/es\/wp-json\/wp\/v2\/pages\/3053\/revisions"}],"predecessor-version":[{"id":3055,"href":"https:\/\/institutdetouraine.com\/es\/wp-json\/wp\/v2\/pages\/3053\/revisions\/3055"}],"wp:attachment":[{"href":"https:\/\/institutdetouraine.com\/es\/wp-json\/wp\/v2\/media?parent=3053"}],"curies":[{"name":"wp","href":"https:\/\/api.w.org\/{rel}","templated":true}]}}