{"id":3027,"date":"2025-08-15T10:30:48","date_gmt":"2025-08-15T08:30:48","guid":{"rendered":"https:\/\/institutdetouraine.com\/informacion-legal\/"},"modified":"2026-01-26T14:11:46","modified_gmt":"2026-01-26T13:11:46","slug":"informacion-legal","status":"publish","type":"page","link":"https:\/\/institutdetouraine.com\/es\/informacion-legal\/","title":{"rendered":"Informaci\u00f3n legal"},"content":{"rendered":"\t\t<div data-elementor-type=\"wp-page\" data-elementor-id=\"3027\" class=\"elementor elementor-3027 elementor-1196\" data-elementor-post-type=\"page\">\n\t\t\t\t<div class=\"elementor-element elementor-element-17a790d e-flex e-con-boxed e-con e-parent\" data-id=\"17a790d\" data-element_type=\"container\" data-settings=\"{&quot;background_background&quot;:&quot;classic&quot;}\">\n\t\t\t\t\t<div class=\"e-con-inner\">\n\t\t\t\t<div class=\"elementor-element elementor-element-d5b3b33 elementor-widget elementor-widget-text-editor\" data-id=\"d5b3b33\" data-element_type=\"widget\" data-widget_type=\"text-editor.default\">\n\t\t\t\t<div class=\"elementor-widget-container\">\n\t\t\t\t\t\t\t\t\t<h1>Informaci\u00f3n legal<\/h1><h4>en www.institutdetouraine.com<\/h4>\t\t\t\t\t\t\t\t<\/div>\n\t\t\t\t<\/div>\n\t\t\t\t\t<\/div>\n\t\t\t\t<\/div>\n\t\t<div class=\"elementor-element elementor-element-a1e0e3f e-flex e-con-boxed e-con e-parent\" data-id=\"a1e0e3f\" data-element_type=\"container\">\n\t\t\t\t\t<div class=\"e-con-inner\">\n\t\t\t\t<div class=\"elementor-element elementor-element-f314a5a elementor-widget elementor-widget-text-editor\" data-id=\"f314a5a\" data-element_type=\"widget\" data-widget_type=\"text-editor.default\">\n\t\t\t\t<div class=\"elementor-widget-container\">\n\t\t\t\t\t\t\t\t\t<h2>Informaci\u00f3n editorial<\/h2><p>El sitio web www.institutdetouraine.com est\u00e1 publicado por :<\/p><p>Instituto de Estudios Franceses de Touraine<br>BP 72047<br>1, rue de la Grandi\u00e8re<br>37020 TOURS Cedex 1 &#8211; FRANCIA<\/p><p>Tel. Tel\u00e9fono: +33 (0)2 47 05 76 83<br>Fax: +33 (0)2 47 20 48 98<\/p><p>Responsables de publicaci\u00f3n: Elisabeth JAFFR\u00c9<\/p><hr><p> <\/p><h2>Cr\u00e9ditos de las fotos<\/h2><p>Todas las fotograf\u00edas de este sitio han sido facilitadas por el Institut de Touraine. Algunas im\u00e1genes tambi\u00e9n pueden proceder de : Pixabay, Ciudad de Tours. <\/p><hr><p>  <\/p><h2>Desarrollo del sitio web<\/h2><p>SARL Loumetis<br>4 impasse de Maine<br>35410 CHATEAUGIRON &#8211; FRANCIA<\/p><hr><p>  <\/p><h2>Propiedad intelectual<\/h2><p>De acuerdo con el C\u00f3digo franc\u00e9s de la Propiedad Intelectual y, de forma m\u00e1s general, con todos los acuerdos que contengan disposiciones relativas a los derechos de autor, est\u00e1 prohibida la reproducci\u00f3n parcial o total de textos, im\u00e1genes o ilustraciones que no est\u00e9n expl\u00edcitamente destinados a ser descargados por los visitantes, sin la autorizaci\u00f3n previa del editor o de cualquier propietario leg\u00edtimo.<\/p><hr><p>  <\/p><h2>Responsabilidades<\/h2><p>El uso de la informaci\u00f3n contenida en este sitio es responsabilidad exclusiva del usuario.<\/p><p>Todos los recursos contenidos en este sitio (textos, visuales, ilustraciones, diagramas, dibujos, planos, fotograf\u00edas y animaciones inform\u00e1ticas) se facilitan \u00fanicamente con fines informativos y no comprometen en modo alguno la responsabilidad del editor.<\/p><p>Aunque se han tomado todas las precauciones posibles para garantizar que el contenido est\u00e9 actualizado y sea exacto, el editor no se hace responsable de ninguna inexactitud, error u omisi\u00f3n, ni de los resultados obtenidos al utilizar la informaci\u00f3n de este sitio.<\/p><hr><p>  <\/p><h2 data-start=\"860\" data-end=\"1047\">Llamada en fr\u00edo &#8211; Bloctel<\/h2><p data-start=\"860\" data-end=\"1047\">El Instituto de Touraine no realiza prospecciones telef\u00f3nicas.<\/p><p data-start=\"860\" data-end=\"1047\">De conformidad con el art\u00edculo L.223-2 del C\u00f3digo de Consumo franc\u00e9s, cualquier persona puede inscribirse gratuitamente en la lista telef\u00f3nica antisolicitud Bloctel.<\/p><p data-start=\"1054\" data-end=\"1199\">Este sistema significa que ya no se pondr\u00e1n en contacto contigo por tel\u00e9fono profesionales con los que no tengas una relaci\u00f3n contractual actual.<\/p><p data-start=\"1206\" data-end=\"1305\">Puedes inscribirte en esta lista a trav\u00e9s de la p\u00e1gina web: https: <a class=\"decorated-link\" href=\"https:\/\/www.bloctel.gouv.fr\" target=\"_new\" rel=\"noopener\" data-start=\"1278\" data-end=\"1305\">\/\/www.bloctel.gouv.fr<\/a><\/p><hr><p>  <\/p><h2>Datos personales<\/h2><p>De acuerdo con la normativa vigente, tienes derecho a acceder, modificar, rectificar y suprimir tus datos personales. M\u00e1s informaci\u00f3n sobre la <a href=\"https:\/\/institutdetouraine.com\/es\/politica-de-privacidad\/\">pol\u00edtica de confidencialidad<\/a>. <\/p>\t\t\t\t\t\t\t\t<\/div>\n\t\t\t\t<\/div>\n\t\t\t\t\t<\/div>\n\t\t\t\t<\/div>\n\t\t\t\t<\/div>\n\t\t","protected":false},"excerpt":{"rendered":"<p>Informaci\u00f3n legal en www.institutdetouraine.com Informaci\u00f3n editorial El sitio web www.institutdetouraine.com est\u00e1 publicado por : Instituto de Estudios Franceses de TouraineBP [&hellip;]<\/p>\n","protected":false},"author":2,"featured_media":0,"parent":0,"menu_order":0,"comment_status":"closed","ping_status":"closed","template":"","meta":{"_eb_attr":"","site-sidebar-layout":"no-sidebar","site-content-layout":"","ast-site-content-layout":"full-width-container","site-content-style":"default","site-sidebar-style":"default","ast-global-header-display":"","ast-banner-title-visibility":"","ast-main-header-display":"","ast-hfb-above-header-display":"","ast-hfb-below-header-display":"","ast-hfb-mobile-header-display":"","site-post-title":"disabled","ast-breadcrumbs-content":"","ast-featured-img":"disabled","footer-sml-layout":"","theme-transparent-header-meta":"","adv-header-id-meta":"","stick-header-meta":"","header-above-stick-meta":"","header-main-stick-meta":"","header-below-stick-meta":"","astra-migrate-meta-layouts":"default","ast-page-background-enabled":"default","ast-page-background-meta":{"desktop":{"background-color":"var(--ast-global-color-5)","background-image":"","background-repeat":"repeat","background-position":"center center","background-size":"auto","background-attachment":"scroll","background-type":"","background-media":"","overlay-type":"","overlay-color":"","overlay-opacity":"","overlay-gradient":""},"tablet":{"background-color":"","background-image":"","background-repeat":"repeat","background-position":"center center","background-size":"auto","background-attachment":"scroll","background-type":"","background-media":"","overlay-type":"","overlay-color":"","overlay-opacity":"","overlay-gradient":""},"mobile":{"background-color":"","background-image":"","background-repeat":"repeat","background-position":"center center","background-size":"auto","background-attachment":"scroll","background-type":"","background-media":"","overlay-type":"","overlay-color":"","overlay-opacity":"","overlay-gradient":""}},"ast-content-background-meta":{"desktop":{"background-color":"var(--ast-global-color-4)","background-image":"","background-repeat":"repeat","background-position":"center center","background-size":"auto","background-attachment":"scroll","background-type":"","background-media":"","overlay-type":"","overlay-color":"","overlay-opacity":"","overlay-gradient":""},"tablet":{"background-color":"var(--ast-global-color-4)","background-image":"","background-repeat":"repeat","background-position":"center center","background-size":"auto","background-attachment":"scroll","background-type":"","background-media":"","overlay-type":"","overlay-color":"","overlay-opacity":"","overlay-gradient":""},"mobile":{"background-color":"var(--ast-global-color-4)","background-image":"","background-repeat":"repeat","background-position":"center center","background-size":"auto","background-attachment":"scroll","background-type":"","background-media":"","overlay-type":"","overlay-color":"","overlay-opacity":"","overlay-gradient":""}},"footnotes":""},"class_list":["post-3027","page","type-page","status-publish","hentry"],"yoast_head":"<!-- This site is optimized with the Yoast SEO plugin v26.4 - https:\/\/yoast.com\/wordpress\/plugins\/seo\/ -->\n<title>Informaci\u00f3n legal - Institut de Touraine<\/title>\n<meta name=\"description\" content=\"Descubre los avisos legales del sitio web publicado por el Institut d&#039;\u00e9tudes fran\u00e7aises de Touraine, con sede en Tours.\" \/>\n<meta name=\"robots\" content=\"index, follow, max-snippet:-1, max-image-preview:large, max-video-preview:-1\" \/>\n<link rel=\"canonical\" href=\"https:\/\/institutdetouraine.com\/es\/informacion-legal\/\" \/>\n<meta property=\"og:locale\" content=\"es_ES\" \/>\n<meta property=\"og:type\" content=\"article\" \/>\n<meta property=\"og:title\" content=\"Informaci\u00f3n legal - Institut de Touraine\" \/>\n<meta property=\"og:description\" content=\"Descubre los avisos legales del sitio web publicado por el Institut d&#039;\u00e9tudes fran\u00e7aises de Touraine, con sede en Tours.\" \/>\n<meta property=\"og:url\" content=\"https:\/\/institutdetouraine.com\/es\/informacion-legal\/\" \/>\n<meta property=\"og:site_name\" content=\"Institut de Touraine\" \/>\n<meta property=\"article:publisher\" content=\"https:\/\/www.facebook.com\/institutdetouraine\" \/>\n<meta property=\"article:modified_time\" content=\"2026-01-26T13:11:46+00:00\" \/>\n<meta name=\"twitter:card\" content=\"summary_large_image\" \/>\n<meta name=\"twitter:label1\" content=\"Tiempo de lectura\" \/>\n\t<meta name=\"twitter:data1\" content=\"2 minutos\" \/>\n<script type=\"application\/ld+json\" class=\"yoast-schema-graph\">{\"@context\":\"https:\/\/schema.org\",\"@graph\":[{\"@type\":\"WebPage\",\"@id\":\"https:\/\/institutdetouraine.com\/es\/informacion-legal\/\",\"url\":\"https:\/\/institutdetouraine.com\/es\/informacion-legal\/\",\"name\":\"Informaci\u00f3n legal - Institut de Touraine\",\"isPartOf\":{\"@id\":\"https:\/\/institutdetouraine.com\/es\/#website\"},\"datePublished\":\"2025-08-15T08:30:48+00:00\",\"dateModified\":\"2026-01-26T13:11:46+00:00\",\"description\":\"Descubre los avisos legales del sitio web publicado por el Institut d'\u00e9tudes fran\u00e7aises de Touraine, con sede en Tours.\",\"breadcrumb\":{\"@id\":\"https:\/\/institutdetouraine.com\/es\/informacion-legal\/#breadcrumb\"},\"inLanguage\":\"es\",\"potentialAction\":[{\"@type\":\"ReadAction\",\"target\":[\"https:\/\/institutdetouraine.com\/es\/informacion-legal\/\"]}]},{\"@type\":\"BreadcrumbList\",\"@id\":\"https:\/\/institutdetouraine.com\/es\/informacion-legal\/#breadcrumb\",\"itemListElement\":[{\"@type\":\"ListItem\",\"position\":1,\"name\":\"Accueil\",\"item\":\"https:\/\/institutdetouraine.com\/es\/instituto-de-touraine\/\"},{\"@type\":\"ListItem\",\"position\":2,\"name\":\"Informaci\u00f3n legal\"}]},{\"@type\":\"WebSite\",\"@id\":\"https:\/\/institutdetouraine.com\/es\/#website\",\"url\":\"https:\/\/institutdetouraine.com\/es\/\",\"name\":\"Institut de Touraine\",\"description\":\"\",\"potentialAction\":[{\"@type\":\"SearchAction\",\"target\":{\"@type\":\"EntryPoint\",\"urlTemplate\":\"https:\/\/institutdetouraine.com\/es\/?s={search_term_string}\"},\"query-input\":{\"@type\":\"PropertyValueSpecification\",\"valueRequired\":true,\"valueName\":\"search_term_string\"}}],\"inLanguage\":\"es\"}]}<\/script>\n<!-- \/ Yoast SEO plugin. -->","yoast_head_json":{"title":"Informaci\u00f3n legal - Institut de Touraine","description":"Descubre los avisos legales del sitio web publicado por el Institut d'\u00e9tudes fran\u00e7aises de Touraine, con sede en Tours.","robots":{"index":"index","follow":"follow","max-snippet":"max-snippet:-1","max-image-preview":"max-image-preview:large","max-video-preview":"max-video-preview:-1"},"canonical":"https:\/\/institutdetouraine.com\/es\/informacion-legal\/","og_locale":"es_ES","og_type":"article","og_title":"Informaci\u00f3n legal - Institut de Touraine","og_description":"Descubre los avisos legales del sitio web publicado por el Institut d'\u00e9tudes fran\u00e7aises de Touraine, con sede en Tours.","og_url":"https:\/\/institutdetouraine.com\/es\/informacion-legal\/","og_site_name":"Institut de Touraine","article_publisher":"https:\/\/www.facebook.com\/institutdetouraine","article_modified_time":"2026-01-26T13:11:46+00:00","twitter_card":"summary_large_image","twitter_misc":{"Tiempo de lectura":"2 minutos"},"schema":{"@context":"https:\/\/schema.org","@graph":[{"@type":"WebPage","@id":"https:\/\/institutdetouraine.com\/es\/informacion-legal\/","url":"https:\/\/institutdetouraine.com\/es\/informacion-legal\/","name":"Informaci\u00f3n legal - Institut de Touraine","isPartOf":{"@id":"https:\/\/institutdetouraine.com\/es\/#website"},"datePublished":"2025-08-15T08:30:48+00:00","dateModified":"2026-01-26T13:11:46+00:00","description":"Descubre los avisos legales del sitio web publicado por el Institut d'\u00e9tudes fran\u00e7aises de Touraine, con sede en Tours.","breadcrumb":{"@id":"https:\/\/institutdetouraine.com\/es\/informacion-legal\/#breadcrumb"},"inLanguage":"es","potentialAction":[{"@type":"ReadAction","target":["https:\/\/institutdetouraine.com\/es\/informacion-legal\/"]}]},{"@type":"BreadcrumbList","@id":"https:\/\/institutdetouraine.com\/es\/informacion-legal\/#breadcrumb","itemListElement":[{"@type":"ListItem","position":1,"name":"Accueil","item":"https:\/\/institutdetouraine.com\/es\/instituto-de-touraine\/"},{"@type":"ListItem","position":2,"name":"Informaci\u00f3n legal"}]},{"@type":"WebSite","@id":"https:\/\/institutdetouraine.com\/es\/#website","url":"https:\/\/institutdetouraine.com\/es\/","name":"Institut de Touraine","description":"","potentialAction":[{"@type":"SearchAction","target":{"@type":"EntryPoint","urlTemplate":"https:\/\/institutdetouraine.com\/es\/?s={search_term_string}"},"query-input":{"@type":"PropertyValueSpecification","valueRequired":true,"valueName":"search_term_string"}}],"inLanguage":"es"}]}},"_links":{"self":[{"href":"https:\/\/institutdetouraine.com\/es\/wp-json\/wp\/v2\/pages\/3027","targetHints":{"allow":["GET"]}}],"collection":[{"href":"https:\/\/institutdetouraine.com\/es\/wp-json\/wp\/v2\/pages"}],"about":[{"href":"https:\/\/institutdetouraine.com\/es\/wp-json\/wp\/v2\/types\/page"}],"author":[{"embeddable":true,"href":"https:\/\/institutdetouraine.com\/es\/wp-json\/wp\/v2\/users\/2"}],"replies":[{"embeddable":true,"href":"https:\/\/institutdetouraine.com\/es\/wp-json\/wp\/v2\/comments?post=3027"}],"version-history":[{"count":2,"href":"https:\/\/institutdetouraine.com\/es\/wp-json\/wp\/v2\/pages\/3027\/revisions"}],"predecessor-version":[{"id":3502,"href":"https:\/\/institutdetouraine.com\/es\/wp-json\/wp\/v2\/pages\/3027\/revisions\/3502"}],"wp:attachment":[{"href":"https:\/\/institutdetouraine.com\/es\/wp-json\/wp\/v2\/media?parent=3027"}],"curies":[{"name":"wp","href":"https:\/\/api.w.org\/{rel}","templated":true}]}}