{"id":3016,"date":"2025-09-16T19:07:19","date_gmt":"2025-09-16T17:07:19","guid":{"rendered":"https:\/\/institutdetouraine.com\/tef-test-de-evaluacion-del-frances\/"},"modified":"2026-01-19T09:59:35","modified_gmt":"2026-01-19T08:59:35","slug":"tef-test-de-evaluacion-del-frances","status":"publish","type":"page","link":"https:\/\/institutdetouraine.com\/es\/tef-test-de-evaluacion-del-frances\/","title":{"rendered":"TEF &#8211; Test de evaluaci\u00f3n del franc\u00e9s"},"content":{"rendered":"\t\t<div data-elementor-type=\"wp-page\" data-elementor-id=\"3016\" class=\"elementor elementor-3016 elementor-1417\" data-elementor-post-type=\"page\">\n\t\t\t\t<div class=\"elementor-element elementor-element-8d3a522 e-flex e-con-boxed e-con e-parent\" data-id=\"8d3a522\" data-element_type=\"container\" data-settings=\"{&quot;background_background&quot;:&quot;classic&quot;}\">\n\t\t\t\t\t<div class=\"e-con-inner\">\n\t\t\t\t<div class=\"elementor-element elementor-element-2841a09 elementor-widget elementor-widget-text-editor\" data-id=\"2841a09\" data-element_type=\"widget\" data-widget_type=\"text-editor.default\">\n\t\t\t\t<div class=\"elementor-widget-container\">\n\t\t\t\t\t\t\t\t\t<h1>TEF &#8211; Test de evaluaci\u00f3n del franc\u00e9s<\/h1><h4>Prep\u00e1rate esta prueba para demostrar tu nivel de idiomas<\/h4>\t\t\t\t\t\t\t\t<\/div>\n\t\t\t\t<\/div>\n\t\t\t\t\t<\/div>\n\t\t\t\t<\/div>\n\t\t<div class=\"elementor-element elementor-element-4e9e5a9 e-flex e-con-boxed e-con e-parent\" data-id=\"4e9e5a9\" data-element_type=\"container\">\n\t\t\t\t\t<div class=\"e-con-inner\">\n\t\t\t\t<div class=\"elementor-element elementor-element-751cd38 elementor-widget elementor-widget-text-editor\" data-id=\"751cd38\" data-element_type=\"widget\" data-widget_type=\"text-editor.default\">\n\t\t\t\t<div class=\"elementor-widget-container\">\n\t\t\t\t\t\t\t\t\t<p><span style=\"font-weight: 400;\">Creado en 1998 por el CCI Par\u00eds \u00cele-de-France, el <strong>Test d&#8217;\u00e9valuation de fran\u00e7ais (TEF<\/strong> ) es una prueba de referencia internacional que mide tu nivel de conocimientos y competencias en franc\u00e9s.  <\/span><\/p><ul><li><span style=\"font-weight: 400;\">Los resultados son v\u00e1lidos durante dos a\u00f1os.  <\/span><\/li><li>El TEF cuesta 170 euros.<\/li><\/ul>\t\t\t\t\t\t\t\t<\/div>\n\t\t\t\t<\/div>\n\t\t\t\t<div class=\"elementor-element elementor-element-c59fb6b elementor-widget elementor-widget-text-editor\" data-id=\"c59fb6b\" data-element_type=\"widget\" data-widget_type=\"text-editor.default\">\n\t\t\t\t<div class=\"elementor-widget-container\">\n\t\t\t\t\t\t\t\t\t<p>\u00bfQuieres prepararte y hacer este examen?<\/p>\t\t\t\t\t\t\t\t<\/div>\n\t\t\t\t<\/div>\n\t\t\t\t<div class=\"elementor-element elementor-element-1f57ac3 elementor-align-justify elementor-widget elementor-widget-button\" data-id=\"1f57ac3\" data-element_type=\"widget\" data-widget_type=\"button.default\">\n\t\t\t\t<div class=\"elementor-widget-container\">\n\t\t\t\t\t\t\t\t\t<div class=\"elementor-button-wrapper\">\n\t\t\t\t\t<a class=\"elementor-button elementor-button-link elementor-size-sm\" href=\"https:\/\/institutdetouraine.com\/es\/ponte-en-contacto-con\/\" target=\"_blank\">\n\t\t\t\t\t\t<span class=\"elementor-button-content-wrapper\">\n\t\t\t\t\t\t\t\t\t<span class=\"elementor-button-text\">Contactar con el Instituto de Touraine<\/span>\n\t\t\t\t\t<\/span>\n\t\t\t\t\t<\/a>\n\t\t\t\t<\/div>\n\t\t\t\t\t\t\t\t<\/div>\n\t\t\t\t<\/div>\n\t\t\t\t\t<\/div>\n\t\t\t\t<\/div>\n\t\t<div class=\"elementor-element elementor-element-a8f681a e-flex e-con-boxed e-con e-parent\" data-id=\"a8f681a\" data-element_type=\"container\" data-settings=\"{&quot;background_background&quot;:&quot;classic&quot;}\">\n\t\t\t\t\t<div class=\"e-con-inner\">\n\t\t\t\t<div class=\"elementor-element elementor-element-485d7f0 elementor-widget elementor-widget-text-editor\" data-id=\"485d7f0\" data-element_type=\"widget\" data-widget_type=\"text-editor.default\">\n\t\t\t\t<div class=\"elementor-widget-container\">\n\t\t\t\t\t\t\t\t\t<p>El Instituto de Touraine es un centro de examen autorizado para los diplomas y certificaciones de lengua francesa. Los estudiantes pueden preparar y presentarse a los ex\u00e1menes <a href=\"https:\/\/institutdetouraine.com\/es\/delf-diploma-de-estudios-de-lengua-francesa\/\">DELF<\/a>, <a href=\"https:\/\/institutdetouraine.com\/es\/dalf-c1-y-c2-diplome-approfondi-de-langue-francaise-diploma-avanzado-de-lengua-francesa\/\">DALF<\/a>, TEF y de la C\u00e1mara de Comercio e Industria de Par\u00eds<a href=\"https:\/\/institutdetouraine.com\/es\/dfp-diplomas-de-frances-profesional\/\">(DFP)<\/a>. <\/p>\t\t\t\t\t\t\t\t<\/div>\n\t\t\t\t<\/div>\n\t\t\t\t\t<\/div>\n\t\t\t\t<\/div>\n\t\t\t\t<\/div>\n\t\t","protected":false},"excerpt":{"rendered":"<p>TEF &#8211; Test de evaluaci\u00f3n del franc\u00e9s Prep\u00e1rate esta prueba para demostrar tu nivel de idiomas Creado en 1998 por [&hellip;]<\/p>\n","protected":false},"author":2,"featured_media":0,"parent":0,"menu_order":0,"comment_status":"closed","ping_status":"closed","template":"","meta":{"_eb_attr":"","site-sidebar-layout":"no-sidebar","site-content-layout":"","ast-site-content-layout":"full-width-container","site-content-style":"default","site-sidebar-style":"default","ast-global-header-display":"","ast-banner-title-visibility":"","ast-main-header-display":"","ast-hfb-above-header-display":"","ast-hfb-below-header-display":"","ast-hfb-mobile-header-display":"","site-post-title":"disabled","ast-breadcrumbs-content":"","ast-featured-img":"disabled","footer-sml-layout":"","theme-transparent-header-meta":"","adv-header-id-meta":"","stick-header-meta":"","header-above-stick-meta":"","header-main-stick-meta":"","header-below-stick-meta":"","astra-migrate-meta-layouts":"default","ast-page-background-enabled":"default","ast-page-background-meta":{"desktop":{"background-color":"var(--ast-global-color-5)","background-image":"","background-repeat":"repeat","background-position":"center center","background-size":"auto","background-attachment":"scroll","background-type":"","background-media":"","overlay-type":"","overlay-color":"","overlay-opacity":"","overlay-gradient":""},"tablet":{"background-color":"","background-image":"","background-repeat":"repeat","background-position":"center center","background-size":"auto","background-attachment":"scroll","background-type":"","background-media":"","overlay-type":"","overlay-color":"","overlay-opacity":"","overlay-gradient":""},"mobile":{"background-color":"","background-image":"","background-repeat":"repeat","background-position":"center center","background-size":"auto","background-attachment":"scroll","background-type":"","background-media":"","overlay-type":"","overlay-color":"","overlay-opacity":"","overlay-gradient":""}},"ast-content-background-meta":{"desktop":{"background-color":"var(--ast-global-color-4)","background-image":"","background-repeat":"repeat","background-position":"center center","background-size":"auto","background-attachment":"scroll","background-type":"","background-media":"","overlay-type":"","overlay-color":"","overlay-opacity":"","overlay-gradient":""},"tablet":{"background-color":"var(--ast-global-color-4)","background-image":"","background-repeat":"repeat","background-position":"center center","background-size":"auto","background-attachment":"scroll","background-type":"","background-media":"","overlay-type":"","overlay-color":"","overlay-opacity":"","overlay-gradient":""},"mobile":{"background-color":"var(--ast-global-color-4)","background-image":"","background-repeat":"repeat","background-position":"center center","background-size":"auto","background-attachment":"scroll","background-type":"","background-media":"","overlay-type":"","overlay-color":"","overlay-opacity":"","overlay-gradient":""}},"footnotes":""},"class_list":["post-3016","page","type-page","status-publish","hentry"],"yoast_head":"<!-- This site is optimized with the Yoast SEO plugin v26.4 - https:\/\/yoast.com\/wordpress\/plugins\/seo\/ -->\n<title>TEF - Test de evaluaci\u00f3n del franc\u00e9s Tours - Institut de Touraine<\/title>\n<meta name=\"description\" content=\"Creado en 1998, el Test d&#039;\u00e9valuation de fran\u00e7ais (TEF) mide tu nivel de conocimientos y competencias en franc\u00e9s.\" \/>\n<meta name=\"robots\" content=\"index, follow, max-snippet:-1, max-image-preview:large, max-video-preview:-1\" \/>\n<link rel=\"canonical\" href=\"https:\/\/institutdetouraine.com\/es\/tef-test-de-evaluacion-del-frances\/\" \/>\n<meta property=\"og:locale\" content=\"es_ES\" \/>\n<meta property=\"og:type\" content=\"article\" \/>\n<meta property=\"og:title\" content=\"TEF - Test de evaluaci\u00f3n del franc\u00e9s Tours - Institut de Touraine\" \/>\n<meta property=\"og:description\" content=\"Creado en 1998, el Test d&#039;\u00e9valuation de fran\u00e7ais (TEF) mide tu nivel de conocimientos y competencias en franc\u00e9s.\" \/>\n<meta property=\"og:url\" content=\"https:\/\/institutdetouraine.com\/es\/tef-test-de-evaluacion-del-frances\/\" \/>\n<meta property=\"og:site_name\" content=\"Institut de Touraine\" \/>\n<meta property=\"article:publisher\" content=\"https:\/\/www.facebook.com\/institutdetouraine\" \/>\n<meta property=\"article:modified_time\" content=\"2026-01-19T08:59:35+00:00\" \/>\n<meta name=\"twitter:card\" content=\"summary_large_image\" \/>\n<meta name=\"twitter:label1\" content=\"Tiempo de lectura\" \/>\n\t<meta name=\"twitter:data1\" content=\"1 minuto\" \/>\n<script type=\"application\/ld+json\" class=\"yoast-schema-graph\">{\"@context\":\"https:\/\/schema.org\",\"@graph\":[{\"@type\":\"WebPage\",\"@id\":\"https:\/\/institutdetouraine.com\/es\/tef-test-de-evaluacion-del-frances\/\",\"url\":\"https:\/\/institutdetouraine.com\/es\/tef-test-de-evaluacion-del-frances\/\",\"name\":\"TEF - Test de evaluaci\u00f3n del franc\u00e9s Tours - Institut de Touraine\",\"isPartOf\":{\"@id\":\"https:\/\/institutdetouraine.com\/es\/#website\"},\"datePublished\":\"2025-09-16T17:07:19+00:00\",\"dateModified\":\"2026-01-19T08:59:35+00:00\",\"description\":\"Creado en 1998, el Test d'\u00e9valuation de fran\u00e7ais (TEF) mide tu nivel de conocimientos y competencias en franc\u00e9s.\",\"breadcrumb\":{\"@id\":\"https:\/\/institutdetouraine.com\/es\/tef-test-de-evaluacion-del-frances\/#breadcrumb\"},\"inLanguage\":\"es\",\"potentialAction\":[{\"@type\":\"ReadAction\",\"target\":[\"https:\/\/institutdetouraine.com\/es\/tef-test-de-evaluacion-del-frances\/\"]}]},{\"@type\":\"BreadcrumbList\",\"@id\":\"https:\/\/institutdetouraine.com\/es\/tef-test-de-evaluacion-del-frances\/#breadcrumb\",\"itemListElement\":[{\"@type\":\"ListItem\",\"position\":1,\"name\":\"Accueil\",\"item\":\"https:\/\/institutdetouraine.com\/es\/instituto-de-touraine\/\"},{\"@type\":\"ListItem\",\"position\":2,\"name\":\"TEF &#8211; Test de evaluaci\u00f3n del franc\u00e9s\"}]},{\"@type\":\"WebSite\",\"@id\":\"https:\/\/institutdetouraine.com\/es\/#website\",\"url\":\"https:\/\/institutdetouraine.com\/es\/\",\"name\":\"Institut de Touraine\",\"description\":\"\",\"potentialAction\":[{\"@type\":\"SearchAction\",\"target\":{\"@type\":\"EntryPoint\",\"urlTemplate\":\"https:\/\/institutdetouraine.com\/es\/?s={search_term_string}\"},\"query-input\":{\"@type\":\"PropertyValueSpecification\",\"valueRequired\":true,\"valueName\":\"search_term_string\"}}],\"inLanguage\":\"es\"}]}<\/script>\n<!-- \/ Yoast SEO plugin. -->","yoast_head_json":{"title":"TEF - Test de evaluaci\u00f3n del franc\u00e9s Tours - Institut de Touraine","description":"Creado en 1998, el Test d'\u00e9valuation de fran\u00e7ais (TEF) mide tu nivel de conocimientos y competencias en franc\u00e9s.","robots":{"index":"index","follow":"follow","max-snippet":"max-snippet:-1","max-image-preview":"max-image-preview:large","max-video-preview":"max-video-preview:-1"},"canonical":"https:\/\/institutdetouraine.com\/es\/tef-test-de-evaluacion-del-frances\/","og_locale":"es_ES","og_type":"article","og_title":"TEF - Test de evaluaci\u00f3n del franc\u00e9s Tours - Institut de Touraine","og_description":"Creado en 1998, el Test d'\u00e9valuation de fran\u00e7ais (TEF) mide tu nivel de conocimientos y competencias en franc\u00e9s.","og_url":"https:\/\/institutdetouraine.com\/es\/tef-test-de-evaluacion-del-frances\/","og_site_name":"Institut de Touraine","article_publisher":"https:\/\/www.facebook.com\/institutdetouraine","article_modified_time":"2026-01-19T08:59:35+00:00","twitter_card":"summary_large_image","twitter_misc":{"Tiempo de lectura":"1 minuto"},"schema":{"@context":"https:\/\/schema.org","@graph":[{"@type":"WebPage","@id":"https:\/\/institutdetouraine.com\/es\/tef-test-de-evaluacion-del-frances\/","url":"https:\/\/institutdetouraine.com\/es\/tef-test-de-evaluacion-del-frances\/","name":"TEF - Test de evaluaci\u00f3n del franc\u00e9s Tours - Institut de Touraine","isPartOf":{"@id":"https:\/\/institutdetouraine.com\/es\/#website"},"datePublished":"2025-09-16T17:07:19+00:00","dateModified":"2026-01-19T08:59:35+00:00","description":"Creado en 1998, el Test d'\u00e9valuation de fran\u00e7ais (TEF) mide tu nivel de conocimientos y competencias en franc\u00e9s.","breadcrumb":{"@id":"https:\/\/institutdetouraine.com\/es\/tef-test-de-evaluacion-del-frances\/#breadcrumb"},"inLanguage":"es","potentialAction":[{"@type":"ReadAction","target":["https:\/\/institutdetouraine.com\/es\/tef-test-de-evaluacion-del-frances\/"]}]},{"@type":"BreadcrumbList","@id":"https:\/\/institutdetouraine.com\/es\/tef-test-de-evaluacion-del-frances\/#breadcrumb","itemListElement":[{"@type":"ListItem","position":1,"name":"Accueil","item":"https:\/\/institutdetouraine.com\/es\/instituto-de-touraine\/"},{"@type":"ListItem","position":2,"name":"TEF &#8211; Test de evaluaci\u00f3n del franc\u00e9s"}]},{"@type":"WebSite","@id":"https:\/\/institutdetouraine.com\/es\/#website","url":"https:\/\/institutdetouraine.com\/es\/","name":"Institut de Touraine","description":"","potentialAction":[{"@type":"SearchAction","target":{"@type":"EntryPoint","urlTemplate":"https:\/\/institutdetouraine.com\/es\/?s={search_term_string}"},"query-input":{"@type":"PropertyValueSpecification","valueRequired":true,"valueName":"search_term_string"}}],"inLanguage":"es"}]}},"_links":{"self":[{"href":"https:\/\/institutdetouraine.com\/es\/wp-json\/wp\/v2\/pages\/3016","targetHints":{"allow":["GET"]}}],"collection":[{"href":"https:\/\/institutdetouraine.com\/es\/wp-json\/wp\/v2\/pages"}],"about":[{"href":"https:\/\/institutdetouraine.com\/es\/wp-json\/wp\/v2\/types\/page"}],"author":[{"embeddable":true,"href":"https:\/\/institutdetouraine.com\/es\/wp-json\/wp\/v2\/users\/2"}],"replies":[{"embeddable":true,"href":"https:\/\/institutdetouraine.com\/es\/wp-json\/wp\/v2\/comments?post=3016"}],"version-history":[{"count":4,"href":"https:\/\/institutdetouraine.com\/es\/wp-json\/wp\/v2\/pages\/3016\/revisions"}],"predecessor-version":[{"id":3426,"href":"https:\/\/institutdetouraine.com\/es\/wp-json\/wp\/v2\/pages\/3016\/revisions\/3426"}],"wp:attachment":[{"href":"https:\/\/institutdetouraine.com\/es\/wp-json\/wp\/v2\/media?parent=3016"}],"curies":[{"name":"wp","href":"https:\/\/api.w.org\/{rel}","templated":true}]}}