{"id":2985,"date":"2025-09-16T19:44:25","date_gmt":"2025-09-16T17:44:25","guid":{"rendered":"https:\/\/institutdetouraine.com\/formacion-linguistica-para-empresas\/"},"modified":"2025-11-28T17:29:13","modified_gmt":"2025-11-28T16:29:13","slug":"formacion-linguistica-para-empresas","status":"publish","type":"page","link":"https:\/\/institutdetouraine.com\/es\/formacion-linguistica-para-empresas\/","title":{"rendered":"Formaci\u00f3n ling\u00fc\u00edstica para empresas"},"content":{"rendered":"\t\t<div data-elementor-type=\"wp-page\" data-elementor-id=\"2985\" class=\"elementor elementor-2985 elementor-1441\" data-elementor-post-type=\"page\">\n\t\t\t\t<div class=\"elementor-element elementor-element-8d3a522 e-flex e-con-boxed e-con e-parent\" data-id=\"8d3a522\" data-element_type=\"container\" data-settings=\"{&quot;background_background&quot;:&quot;classic&quot;}\">\n\t\t\t\t\t<div class=\"e-con-inner\">\n\t\t\t\t<div class=\"elementor-element elementor-element-2841a09 elementor-widget elementor-widget-text-editor\" data-id=\"2841a09\" data-element_type=\"widget\" data-widget_type=\"text-editor.default\">\n\t\t\t\t<div class=\"elementor-widget-container\">\n\t\t\t\t\t\t\t\t\t<h1>Formaci\u00f3n ling\u00fc\u00edstica para empresas<\/h1><h4>Mejora las competencias ling\u00fc\u00edsticas de tus equipos y aumenta su rendimiento<\/h4>\t\t\t\t\t\t\t\t<\/div>\n\t\t\t\t<\/div>\n\t\t\t\t\t<\/div>\n\t\t\t\t<\/div>\n\t\t<div class=\"elementor-element elementor-element-4e9e5a9 e-flex e-con-boxed e-con e-parent\" data-id=\"4e9e5a9\" data-element_type=\"container\">\n\t\t\t\t\t<div class=\"e-con-inner\">\n\t\t\t\t<div class=\"elementor-element elementor-element-751cd38 elementor-widget elementor-widget-text-editor\" data-id=\"751cd38\" data-element_type=\"widget\" data-widget_type=\"text-editor.default\">\n\t\t\t\t<div class=\"elementor-widget-container\">\n\t\t\t\t\t\t\t\t\t<p>\u00bfQuieres ayudar a tus empleados, t\u00e9cnicos, gerentes o directivos a mejorar su dominio del franc\u00e9s? El Instituto de Touraine te ofrece <strong>cursos de formaci\u00f3n profesional a medida en Tours<\/strong>, adaptados a tus necesidades espec\u00edficas. <\/p>\t\t\t\t\t\t\t\t<\/div>\n\t\t\t\t<\/div>\n\t\t\t\t\t<\/div>\n\t\t\t\t<\/div>\n\t\t<div class=\"elementor-element elementor-element-76ba044 e-flex e-con-boxed e-con e-parent\" data-id=\"76ba044\" data-element_type=\"container\">\n\t\t\t\t\t<div class=\"e-con-inner\">\n\t\t<div class=\"elementor-element elementor-element-48a76f9 e-con-full e-flex e-con e-child\" data-id=\"48a76f9\" data-element_type=\"container\">\n\t\t\t\t<div class=\"elementor-element elementor-element-233666f elementor-position-top elementor-widget elementor-widget-image-box\" data-id=\"233666f\" data-element_type=\"widget\" data-widget_type=\"image-box.default\">\n\t\t\t\t<div class=\"elementor-widget-container\">\n\t\t\t\t\t<div class=\"elementor-image-box-wrapper\"><figure class=\"elementor-image-box-img\"><img decoding=\"async\" width=\"150\" height=\"150\" src=\"https:\/\/institutdetouraine.com\/wp-content\/uploads\/2025\/08\/institut-touraine-mediateque-150x150.jpg\" class=\"attachment-thumbnail size-thumbnail wp-image-2763\" alt=\"\" srcset=\"https:\/\/institutdetouraine.com\/wp-content\/uploads\/2025\/08\/institut-touraine-mediateque-150x150.jpg 150w, https:\/\/institutdetouraine.com\/wp-content\/uploads\/2025\/08\/institut-touraine-mediateque-300x300.jpg 300w, https:\/\/institutdetouraine.com\/wp-content\/uploads\/2025\/08\/institut-touraine-mediateque-1024x1024.jpg 1024w, https:\/\/institutdetouraine.com\/wp-content\/uploads\/2025\/08\/institut-touraine-mediateque-768x768.jpg 768w, https:\/\/institutdetouraine.com\/wp-content\/uploads\/2025\/08\/institut-touraine-mediateque.jpg 1500w\" sizes=\"(max-width: 150px) 100vw, 150px\" \/><\/figure><div class=\"elementor-image-box-content\"><h4 class=\"elementor-image-box-title\">Formaci\u00f3n individual<\/h4><p class=\"elementor-image-box-description\">Apoyo personalizado para un aprendizaje espec\u00edfico y eficaz.  <\/p><\/div><\/div>\t\t\t\t<\/div>\n\t\t\t\t<\/div>\n\t\t\t\t<\/div>\n\t\t<div class=\"elementor-element elementor-element-50dbaad e-con-full e-flex e-con e-child\" data-id=\"50dbaad\" data-element_type=\"container\">\n\t\t\t\t<div class=\"elementor-element elementor-element-578531c elementor-position-top elementor-widget elementor-widget-image-box\" data-id=\"578531c\" data-element_type=\"widget\" data-widget_type=\"image-box.default\">\n\t\t\t\t<div class=\"elementor-widget-container\">\n\t\t\t\t\t<div class=\"elementor-image-box-wrapper\"><figure class=\"elementor-image-box-img\"><img decoding=\"async\" width=\"150\" height=\"150\" src=\"https:\/\/institutdetouraine.com\/wp-content\/uploads\/2025\/07\/apprendre-francais-groupe-150x150.jpg\" class=\"attachment-thumbnail size-thumbnail wp-image-2445\" alt=\"\" srcset=\"https:\/\/institutdetouraine.com\/wp-content\/uploads\/2025\/07\/apprendre-francais-groupe-150x150.jpg 150w, https:\/\/institutdetouraine.com\/wp-content\/uploads\/2025\/07\/apprendre-francais-groupe-300x300.jpg 300w, https:\/\/institutdetouraine.com\/wp-content\/uploads\/2025\/07\/apprendre-francais-groupe-1024x1024.jpg 1024w, https:\/\/institutdetouraine.com\/wp-content\/uploads\/2025\/07\/apprendre-francais-groupe-768x768.jpg 768w, https:\/\/institutdetouraine.com\/wp-content\/uploads\/2025\/07\/apprendre-francais-groupe.jpg 1500w\" sizes=\"(max-width: 150px) 100vw, 150px\" \/><\/figure><div class=\"elementor-image-box-content\"><h4 class=\"elementor-image-box-title\">Formaci\u00f3n en grupo<\/h4><p class=\"elementor-image-box-description\">Una din\u00e1mica colectiva que fomenta el intercambio y la colaboraci\u00f3n.<\/p><\/div><\/div>\t\t\t\t<\/div>\n\t\t\t\t<\/div>\n\t\t\t\t<\/div>\n\t\t\t\t\t<\/div>\n\t\t\t\t<\/div>\n\t\t<div class=\"elementor-element elementor-element-74ec5a0 e-con-full e-flex e-con e-parent\" data-id=\"74ec5a0\" data-element_type=\"container\">\n\t\t<div class=\"elementor-element elementor-element-15fd747 e-con-full e-flex e-con e-child\" data-id=\"15fd747\" data-element_type=\"container\" data-settings=\"{&quot;background_background&quot;:&quot;classic&quot;}\">\n\t\t\t\t<div class=\"elementor-element elementor-element-16fa9d1 elementor-widget elementor-widget-spacer\" data-id=\"16fa9d1\" data-element_type=\"widget\" data-widget_type=\"spacer.default\">\n\t\t\t\t<div class=\"elementor-widget-container\">\n\t\t\t\t\t\t\t<div class=\"elementor-spacer\">\n\t\t\t<div class=\"elementor-spacer-inner\"><\/div>\n\t\t<\/div>\n\t\t\t\t\t\t<\/div>\n\t\t\t\t<\/div>\n\t\t\t\t<\/div>\n\t\t<div class=\"elementor-element elementor-element-010d099 e-con-full e-flex e-con e-child\" data-id=\"010d099\" data-element_type=\"container\">\n\t\t\t\t<div class=\"elementor-element elementor-element-f49c484 elementor-widget elementor-widget-text-editor\" data-id=\"f49c484\" data-element_type=\"widget\" data-widget_type=\"text-editor.default\">\n\t\t\t\t<div class=\"elementor-widget-container\">\n\t\t\t\t\t\t\t\t\t<h2>Cursos adaptados a tus objetivos<\/h2><p><span style=\"font-weight: 400;\">Nuestros cursos de formaci\u00f3n est\u00e1n dise\u00f1ados para satisfacer las necesidades de tu empresa:  <\/span><\/p>\t\t\t\t\t\t\t\t<\/div>\n\t\t\t\t<\/div>\n\t\t\t\t<div class=\"elementor-element elementor-element-17593e8 elementor-icon-list--layout-traditional elementor-list-item-link-full_width elementor-widget elementor-widget-icon-list\" data-id=\"17593e8\" data-element_type=\"widget\" data-widget_type=\"icon-list.default\">\n\t\t\t\t<div class=\"elementor-widget-container\">\n\t\t\t\t\t\t\t<ul class=\"elementor-icon-list-items\">\n\t\t\t\t\t\t\t<li class=\"elementor-icon-list-item\">\n\t\t\t\t\t\t\t\t\t\t\t<span class=\"elementor-icon-list-icon\">\n\t\t\t\t\t\t\t<svg aria-hidden=\"true\" class=\"e-font-icon-svg e-fas-check\" viewBox=\"0 0 512 512\" xmlns=\"http:\/\/www.w3.org\/2000\/svg\"><path d=\"M173.898 439.404l-166.4-166.4c-9.997-9.997-9.997-26.206 0-36.204l36.203-36.204c9.997-9.998 26.207-9.998 36.204 0L192 312.69 432.095 72.596c9.997-9.997 26.207-9.997 36.204 0l36.203 36.204c9.997 9.997 9.997 26.206 0 36.204l-294.4 294.401c-9.998 9.997-26.207 9.997-36.204-.001z\"><\/path><\/svg>\t\t\t\t\t\t<\/span>\n\t\t\t\t\t\t\t\t\t\t<span class=\"elementor-icon-list-text\">Franc\u00e9s general: para la fluidez oral y escrita en todas las situaciones profesionales.  <\/span>\n\t\t\t\t\t\t\t\t\t<\/li>\n\t\t\t\t\t\t\t\t<li class=\"elementor-icon-list-item\">\n\t\t\t\t\t\t\t\t\t\t\t<span class=\"elementor-icon-list-icon\">\n\t\t\t\t\t\t\t<svg aria-hidden=\"true\" class=\"e-font-icon-svg e-fas-check\" viewBox=\"0 0 512 512\" xmlns=\"http:\/\/www.w3.org\/2000\/svg\"><path d=\"M173.898 439.404l-166.4-166.4c-9.997-9.997-9.997-26.206 0-36.204l36.203-36.204c9.997-9.998 26.207-9.998 36.204 0L192 312.69 432.095 72.596c9.997-9.997 26.207-9.997 36.204 0l36.203 36.204c9.997 9.997 9.997 26.206 0 36.204l-294.4 294.401c-9.998 9.997-26.207 9.997-36.204-.001z\"><\/path><\/svg>\t\t\t\t\t\t<\/span>\n\t\t\t\t\t\t\t\t\t\t<span class=\"elementor-icon-list-text\">Franc\u00e9s profesional: para dominar la lengua espec\u00edfica de tu \u00e1mbito de actividad y optimizar la comunicaci\u00f3n interna y externa.<\/span>\n\t\t\t\t\t\t\t\t\t<\/li>\n\t\t\t\t\t\t<\/ul>\n\t\t\t\t\t\t<\/div>\n\t\t\t\t<\/div>\n\t\t\t\t<\/div>\n\t\t\t\t<\/div>\n\t\t<div class=\"elementor-element elementor-element-da20635 e-flex e-con-boxed e-con e-parent\" data-id=\"da20635\" data-element_type=\"container\">\n\t\t\t\t\t<div class=\"e-con-inner\">\n\t\t\t\t<div class=\"elementor-element elementor-element-05b77ef elementor-widget elementor-widget-spacer\" data-id=\"05b77ef\" data-element_type=\"widget\" data-widget_type=\"spacer.default\">\n\t\t\t\t<div class=\"elementor-widget-container\">\n\t\t\t\t\t\t\t<div class=\"elementor-spacer\">\n\t\t\t<div class=\"elementor-spacer-inner\"><\/div>\n\t\t<\/div>\n\t\t\t\t\t\t<\/div>\n\t\t\t\t<\/div>\n\t\t\t\t\t<\/div>\n\t\t\t\t<\/div>\n\t\t<div class=\"elementor-element elementor-element-2af5dd3 e-flex e-con-boxed e-con e-parent\" data-id=\"2af5dd3\" data-element_type=\"container\" data-settings=\"{&quot;background_background&quot;:&quot;classic&quot;}\">\n\t\t\t\t\t<div class=\"e-con-inner\">\n\t\t\t\t<div class=\"elementor-element elementor-element-b0ec82f elementor-widget elementor-widget-text-editor\" data-id=\"b0ec82f\" data-element_type=\"widget\" data-widget_type=\"text-editor.default\">\n\t\t\t\t<div class=\"elementor-widget-container\">\n\t\t\t\t\t\t\t\t\t<p>Invierte en el desarrollo ling\u00fc\u00edstico de tus empleados <br>y ofr\u00e9celes una formaci\u00f3n que marcar\u00e1 la diferencia.<\/p>\t\t\t\t\t\t\t\t<\/div>\n\t\t\t\t<\/div>\n\t\t\t\t\t<\/div>\n\t\t\t\t<\/div>\n\t\t<div class=\"elementor-element elementor-element-6b28ec5 e-flex e-con-boxed e-con e-parent\" data-id=\"6b28ec5\" data-element_type=\"container\">\n\t\t\t\t\t<div class=\"e-con-inner\">\n\t\t\t\t<div class=\"elementor-element elementor-element-5a0e2ab elementor-widget elementor-widget-spacer\" data-id=\"5a0e2ab\" data-element_type=\"widget\" data-widget_type=\"spacer.default\">\n\t\t\t\t<div class=\"elementor-widget-container\">\n\t\t\t\t\t\t\t<div class=\"elementor-spacer\">\n\t\t\t<div class=\"elementor-spacer-inner\"><\/div>\n\t\t<\/div>\n\t\t\t\t\t\t<\/div>\n\t\t\t\t<\/div>\n\t\t\t\t\t<\/div>\n\t\t\t\t<\/div>\n\t\t<div class=\"elementor-element elementor-element-be1e911 e-con-full e-flex e-con e-parent\" data-id=\"be1e911\" data-element_type=\"container\">\n\t\t<div class=\"elementor-element elementor-element-6ed483b e-con-full e-flex e-con e-child\" data-id=\"6ed483b\" data-element_type=\"container\">\n\t\t<div class=\"elementor-element elementor-element-58696c7 e-con-full e-flex e-con e-child\" data-id=\"58696c7\" data-element_type=\"container\">\n\t\t\t\t<div class=\"elementor-element elementor-element-bbfead1 elementor-widget elementor-widget-text-editor\" data-id=\"bbfead1\" data-element_type=\"widget\" data-widget_type=\"text-editor.default\">\n\t\t\t\t<div class=\"elementor-widget-container\">\n\t\t\t\t\t\t\t\t\t<h2>Un enfoque a medida para obtener resultados concretos<\/h2><p><span style=\"font-weight: 400;\">Trabajaremos contigo para dise\u00f1ar <\/span><b>programas de formaci\u00f3n personalizados<\/b><span style=\"font-weight: 400;\"> que tengan en cuenta las <\/span>caracter\u00edsticas espec\u00edficas de tu sector y de tu empresa.<\/p><p>\u00bfBuscas una verdadera base profesional? Te ofrecemos la posibilidad de hablar con expertos franceses en tu campo, para una inmersi\u00f3n total y pragm\u00e1tica. <\/p>\t\t\t\t\t\t\t\t<\/div>\n\t\t\t\t<\/div>\n\t\t\t\t<\/div>\n\t\t<div class=\"elementor-element elementor-element-a2aa5cc e-con-full e-flex e-con e-child\" data-id=\"a2aa5cc\" data-element_type=\"container\" data-settings=\"{&quot;background_background&quot;:&quot;classic&quot;}\">\n\t\t\t\t<div class=\"elementor-element elementor-element-61ba277 elementor-widget elementor-widget-spacer\" data-id=\"61ba277\" data-element_type=\"widget\" data-widget_type=\"spacer.default\">\n\t\t\t\t<div class=\"elementor-widget-container\">\n\t\t\t\t\t\t\t<div class=\"elementor-spacer\">\n\t\t\t<div class=\"elementor-spacer-inner\"><\/div>\n\t\t<\/div>\n\t\t\t\t\t\t<\/div>\n\t\t\t\t<\/div>\n\t\t\t\t<\/div>\n\t\t\t\t<\/div>\n\t\t\t\t<\/div>\n\t\t<div class=\"elementor-element elementor-element-c375112 e-flex e-con-boxed e-con e-parent\" data-id=\"c375112\" data-element_type=\"container\">\n\t\t\t\t\t<div class=\"e-con-inner\">\n\t\t\t\t<div class=\"elementor-element elementor-element-98db583 elementor-widget elementor-widget-spacer\" data-id=\"98db583\" data-element_type=\"widget\" data-widget_type=\"spacer.default\">\n\t\t\t\t<div class=\"elementor-widget-container\">\n\t\t\t\t\t\t\t<div class=\"elementor-spacer\">\n\t\t\t<div class=\"elementor-spacer-inner\"><\/div>\n\t\t<\/div>\n\t\t\t\t\t\t<\/div>\n\t\t\t\t<\/div>\n\t\t\t\t\t<\/div>\n\t\t\t\t<\/div>\n\t\t<div class=\"elementor-element elementor-element-a8f681a e-flex e-con-boxed e-con e-parent\" data-id=\"a8f681a\" data-element_type=\"container\" data-settings=\"{&quot;background_background&quot;:&quot;classic&quot;}\">\n\t\t\t\t\t<div class=\"e-con-inner\">\n\t\t\t\t<div class=\"elementor-element elementor-element-485d7f0 elementor-widget elementor-widget-text-editor\" data-id=\"485d7f0\" data-element_type=\"widget\" data-widget_type=\"text-editor.default\">\n\t\t\t\t<div class=\"elementor-widget-container\">\n\t\t\t\t\t\t\t\t\t<p>Con sede en Tours, el Instituto de Touraine cuenta con la certificaci\u00f3n Qualiopi<span style=\"font-weight: 400;\">, garant\u00eda de calidad y excelencia para tus cursos de formaci\u00f3n. Tambi\u00e9n podemos ayudarte a preparar y presentar <a href=\"https:\/\/institutdetouraine.com\/delf\/\">el DELF<\/a>, el <a href=\"https:\/\/institutdetouraine.com\/dalf\/\">DALF<\/a> y <a href=\"https:\/\/institutdetouraine.com\/es\/dfp-diplomas-de-frances-profesional\/\">los Diplomas de Franc\u00e9s Profesional<\/a> (DFP) otorgados por la C\u00e1mara de Comercio e Industria de Par\u00eds.<\/span><\/p>\t\t\t\t\t\t\t\t<\/div>\n\t\t\t\t<\/div>\n\t\t\t\t\t<\/div>\n\t\t\t\t<\/div>\n\t\t\t\t<\/div>\n\t\t","protected":false},"excerpt":{"rendered":"<p>Formaci\u00f3n ling\u00fc\u00edstica para empresas Mejora las competencias ling\u00fc\u00edsticas de tus equipos y aumenta su rendimiento \u00bfQuieres ayudar a tus empleados, [&hellip;]<\/p>\n","protected":false},"author":2,"featured_media":0,"parent":0,"menu_order":0,"comment_status":"closed","ping_status":"closed","template":"","meta":{"_eb_attr":"","site-sidebar-layout":"no-sidebar","site-content-layout":"","ast-site-content-layout":"full-width-container","site-content-style":"default","site-sidebar-style":"default","ast-global-header-display":"","ast-banner-title-visibility":"","ast-main-header-display":"","ast-hfb-above-header-display":"","ast-hfb-below-header-display":"","ast-hfb-mobile-header-display":"","site-post-title":"disabled","ast-breadcrumbs-content":"","ast-featured-img":"disabled","footer-sml-layout":"","theme-transparent-header-meta":"","adv-header-id-meta":"","stick-header-meta":"","header-above-stick-meta":"","header-main-stick-meta":"","header-below-stick-meta":"","astra-migrate-meta-layouts":"default","ast-page-background-enabled":"default","ast-page-background-meta":{"desktop":{"background-color":"var(--ast-global-color-5)","background-image":"","background-repeat":"repeat","background-position":"center center","background-size":"auto","background-attachment":"scroll","background-type":"","background-media":"","overlay-type":"","overlay-color":"","overlay-opacity":"","overlay-gradient":""},"tablet":{"background-color":"","background-image":"","background-repeat":"repeat","background-position":"center center","background-size":"auto","background-attachment":"scroll","background-type":"","background-media":"","overlay-type":"","overlay-color":"","overlay-opacity":"","overlay-gradient":""},"mobile":{"background-color":"","background-image":"","background-repeat":"repeat","background-position":"center center","background-size":"auto","background-attachment":"scroll","background-type":"","background-media":"","overlay-type":"","overlay-color":"","overlay-opacity":"","overlay-gradient":""}},"ast-content-background-meta":{"desktop":{"background-color":"var(--ast-global-color-4)","background-image":"","background-repeat":"repeat","background-position":"center center","background-size":"auto","background-attachment":"scroll","background-type":"","background-media":"","overlay-type":"","overlay-color":"","overlay-opacity":"","overlay-gradient":""},"tablet":{"background-color":"var(--ast-global-color-4)","background-image":"","background-repeat":"repeat","background-position":"center center","background-size":"auto","background-attachment":"scroll","background-type":"","background-media":"","overlay-type":"","overlay-color":"","overlay-opacity":"","overlay-gradient":""},"mobile":{"background-color":"var(--ast-global-color-4)","background-image":"","background-repeat":"repeat","background-position":"center center","background-size":"auto","background-attachment":"scroll","background-type":"","background-media":"","overlay-type":"","overlay-color":"","overlay-opacity":"","overlay-gradient":""}},"footnotes":""},"class_list":["post-2985","page","type-page","status-publish","hentry"],"yoast_head":"<!-- This site is optimized with the Yoast SEO plugin v26.4 - https:\/\/yoast.com\/wordpress\/plugins\/seo\/ -->\n<title>Formaci\u00f3n ling\u00fc\u00edstica para empresas Tours - Institut de Touraine<\/title>\n<meta name=\"description\" content=\"Mejora las competencias de tus equipos y aumenta su rendimiento con nuestros cursos de formaci\u00f3n ling\u00fc\u00edstica para empresas.\" \/>\n<meta name=\"robots\" content=\"index, follow, max-snippet:-1, max-image-preview:large, max-video-preview:-1\" \/>\n<link rel=\"canonical\" href=\"https:\/\/institutdetouraine.com\/es\/formacion-linguistica-para-empresas\/\" \/>\n<meta property=\"og:locale\" content=\"es_ES\" \/>\n<meta property=\"og:type\" content=\"article\" \/>\n<meta property=\"og:title\" content=\"Formaci\u00f3n ling\u00fc\u00edstica para empresas Tours - Institut de Touraine\" \/>\n<meta property=\"og:description\" content=\"Mejora las competencias de tus equipos y aumenta su rendimiento con nuestros cursos de formaci\u00f3n ling\u00fc\u00edstica para empresas.\" \/>\n<meta property=\"og:url\" content=\"https:\/\/institutdetouraine.com\/es\/formacion-linguistica-para-empresas\/\" \/>\n<meta property=\"og:site_name\" content=\"Institut de Touraine\" \/>\n<meta property=\"article:publisher\" content=\"https:\/\/www.facebook.com\/institutdetouraine\" \/>\n<meta property=\"article:modified_time\" content=\"2025-11-28T16:29:13+00:00\" \/>\n<meta property=\"og:image\" content=\"https:\/\/institutdetouraine.com\/wp-content\/uploads\/2025\/08\/institut-touraine-mediateque.jpg\" \/>\n\t<meta property=\"og:image:width\" content=\"1500\" \/>\n\t<meta property=\"og:image:height\" content=\"1500\" \/>\n\t<meta property=\"og:image:type\" content=\"image\/jpeg\" \/>\n<meta name=\"twitter:card\" content=\"summary_large_image\" \/>\n<meta name=\"twitter:label1\" content=\"Tiempo de lectura\" \/>\n\t<meta name=\"twitter:data1\" content=\"1 minuto\" \/>\n<script type=\"application\/ld+json\" class=\"yoast-schema-graph\">{\"@context\":\"https:\/\/schema.org\",\"@graph\":[{\"@type\":\"WebPage\",\"@id\":\"https:\/\/institutdetouraine.com\/es\/formacion-linguistica-para-empresas\/\",\"url\":\"https:\/\/institutdetouraine.com\/es\/formacion-linguistica-para-empresas\/\",\"name\":\"Formaci\u00f3n ling\u00fc\u00edstica para empresas Tours - Institut de Touraine\",\"isPartOf\":{\"@id\":\"https:\/\/institutdetouraine.com\/es\/#website\"},\"primaryImageOfPage\":{\"@id\":\"https:\/\/institutdetouraine.com\/es\/formacion-linguistica-para-empresas\/#primaryimage\"},\"image\":{\"@id\":\"https:\/\/institutdetouraine.com\/es\/formacion-linguistica-para-empresas\/#primaryimage\"},\"thumbnailUrl\":\"https:\/\/institutdetouraine.com\/wp-content\/uploads\/2025\/08\/institut-touraine-mediateque-150x150.jpg\",\"datePublished\":\"2025-09-16T17:44:25+00:00\",\"dateModified\":\"2025-11-28T16:29:13+00:00\",\"description\":\"Mejora las competencias de tus equipos y aumenta su rendimiento con nuestros cursos de formaci\u00f3n ling\u00fc\u00edstica para empresas.\",\"breadcrumb\":{\"@id\":\"https:\/\/institutdetouraine.com\/es\/formacion-linguistica-para-empresas\/#breadcrumb\"},\"inLanguage\":\"es\",\"potentialAction\":[{\"@type\":\"ReadAction\",\"target\":[\"https:\/\/institutdetouraine.com\/es\/formacion-linguistica-para-empresas\/\"]}]},{\"@type\":\"ImageObject\",\"inLanguage\":\"es\",\"@id\":\"https:\/\/institutdetouraine.com\/es\/formacion-linguistica-para-empresas\/#primaryimage\",\"url\":\"https:\/\/institutdetouraine.com\/wp-content\/uploads\/2025\/08\/institut-touraine-mediateque-150x150.jpg\",\"contentUrl\":\"https:\/\/institutdetouraine.com\/wp-content\/uploads\/2025\/08\/institut-touraine-mediateque-150x150.jpg\"},{\"@type\":\"BreadcrumbList\",\"@id\":\"https:\/\/institutdetouraine.com\/es\/formacion-linguistica-para-empresas\/#breadcrumb\",\"itemListElement\":[{\"@type\":\"ListItem\",\"position\":1,\"name\":\"Accueil\",\"item\":\"https:\/\/institutdetouraine.com\/es\/instituto-de-touraine\/\"},{\"@type\":\"ListItem\",\"position\":2,\"name\":\"Formaci\u00f3n ling\u00fc\u00edstica para empresas\"}]},{\"@type\":\"WebSite\",\"@id\":\"https:\/\/institutdetouraine.com\/es\/#website\",\"url\":\"https:\/\/institutdetouraine.com\/es\/\",\"name\":\"Institut de Touraine\",\"description\":\"\",\"potentialAction\":[{\"@type\":\"SearchAction\",\"target\":{\"@type\":\"EntryPoint\",\"urlTemplate\":\"https:\/\/institutdetouraine.com\/es\/?s={search_term_string}\"},\"query-input\":{\"@type\":\"PropertyValueSpecification\",\"valueRequired\":true,\"valueName\":\"search_term_string\"}}],\"inLanguage\":\"es\"}]}<\/script>\n<!-- \/ Yoast SEO plugin. -->","yoast_head_json":{"title":"Formaci\u00f3n ling\u00fc\u00edstica para empresas Tours - Institut de Touraine","description":"Mejora las competencias de tus equipos y aumenta su rendimiento con nuestros cursos de formaci\u00f3n ling\u00fc\u00edstica para empresas.","robots":{"index":"index","follow":"follow","max-snippet":"max-snippet:-1","max-image-preview":"max-image-preview:large","max-video-preview":"max-video-preview:-1"},"canonical":"https:\/\/institutdetouraine.com\/es\/formacion-linguistica-para-empresas\/","og_locale":"es_ES","og_type":"article","og_title":"Formaci\u00f3n ling\u00fc\u00edstica para empresas Tours - Institut de Touraine","og_description":"Mejora las competencias de tus equipos y aumenta su rendimiento con nuestros cursos de formaci\u00f3n ling\u00fc\u00edstica para empresas.","og_url":"https:\/\/institutdetouraine.com\/es\/formacion-linguistica-para-empresas\/","og_site_name":"Institut de Touraine","article_publisher":"https:\/\/www.facebook.com\/institutdetouraine","article_modified_time":"2025-11-28T16:29:13+00:00","og_image":[{"width":1500,"height":1500,"url":"https:\/\/institutdetouraine.com\/wp-content\/uploads\/2025\/08\/institut-touraine-mediateque.jpg","type":"image\/jpeg"}],"twitter_card":"summary_large_image","twitter_misc":{"Tiempo de lectura":"1 minuto"},"schema":{"@context":"https:\/\/schema.org","@graph":[{"@type":"WebPage","@id":"https:\/\/institutdetouraine.com\/es\/formacion-linguistica-para-empresas\/","url":"https:\/\/institutdetouraine.com\/es\/formacion-linguistica-para-empresas\/","name":"Formaci\u00f3n ling\u00fc\u00edstica para empresas Tours - Institut de Touraine","isPartOf":{"@id":"https:\/\/institutdetouraine.com\/es\/#website"},"primaryImageOfPage":{"@id":"https:\/\/institutdetouraine.com\/es\/formacion-linguistica-para-empresas\/#primaryimage"},"image":{"@id":"https:\/\/institutdetouraine.com\/es\/formacion-linguistica-para-empresas\/#primaryimage"},"thumbnailUrl":"https:\/\/institutdetouraine.com\/wp-content\/uploads\/2025\/08\/institut-touraine-mediateque-150x150.jpg","datePublished":"2025-09-16T17:44:25+00:00","dateModified":"2025-11-28T16:29:13+00:00","description":"Mejora las competencias de tus equipos y aumenta su rendimiento con nuestros cursos de formaci\u00f3n ling\u00fc\u00edstica para empresas.","breadcrumb":{"@id":"https:\/\/institutdetouraine.com\/es\/formacion-linguistica-para-empresas\/#breadcrumb"},"inLanguage":"es","potentialAction":[{"@type":"ReadAction","target":["https:\/\/institutdetouraine.com\/es\/formacion-linguistica-para-empresas\/"]}]},{"@type":"ImageObject","inLanguage":"es","@id":"https:\/\/institutdetouraine.com\/es\/formacion-linguistica-para-empresas\/#primaryimage","url":"https:\/\/institutdetouraine.com\/wp-content\/uploads\/2025\/08\/institut-touraine-mediateque-150x150.jpg","contentUrl":"https:\/\/institutdetouraine.com\/wp-content\/uploads\/2025\/08\/institut-touraine-mediateque-150x150.jpg"},{"@type":"BreadcrumbList","@id":"https:\/\/institutdetouraine.com\/es\/formacion-linguistica-para-empresas\/#breadcrumb","itemListElement":[{"@type":"ListItem","position":1,"name":"Accueil","item":"https:\/\/institutdetouraine.com\/es\/instituto-de-touraine\/"},{"@type":"ListItem","position":2,"name":"Formaci\u00f3n ling\u00fc\u00edstica para empresas"}]},{"@type":"WebSite","@id":"https:\/\/institutdetouraine.com\/es\/#website","url":"https:\/\/institutdetouraine.com\/es\/","name":"Institut de Touraine","description":"","potentialAction":[{"@type":"SearchAction","target":{"@type":"EntryPoint","urlTemplate":"https:\/\/institutdetouraine.com\/es\/?s={search_term_string}"},"query-input":{"@type":"PropertyValueSpecification","valueRequired":true,"valueName":"search_term_string"}}],"inLanguage":"es"}]}},"_links":{"self":[{"href":"https:\/\/institutdetouraine.com\/es\/wp-json\/wp\/v2\/pages\/2985","targetHints":{"allow":["GET"]}}],"collection":[{"href":"https:\/\/institutdetouraine.com\/es\/wp-json\/wp\/v2\/pages"}],"about":[{"href":"https:\/\/institutdetouraine.com\/es\/wp-json\/wp\/v2\/types\/page"}],"author":[{"embeddable":true,"href":"https:\/\/institutdetouraine.com\/es\/wp-json\/wp\/v2\/users\/2"}],"replies":[{"embeddable":true,"href":"https:\/\/institutdetouraine.com\/es\/wp-json\/wp\/v2\/comments?post=2985"}],"version-history":[{"count":1,"href":"https:\/\/institutdetouraine.com\/es\/wp-json\/wp\/v2\/pages\/2985\/revisions"}],"predecessor-version":[{"id":2989,"href":"https:\/\/institutdetouraine.com\/es\/wp-json\/wp\/v2\/pages\/2985\/revisions\/2989"}],"wp:attachment":[{"href":"https:\/\/institutdetouraine.com\/es\/wp-json\/wp\/v2\/media?parent=2985"}],"curies":[{"name":"wp","href":"https:\/\/api.w.org\/{rel}","templated":true}]}}