{"id":2959,"date":"2025-10-26T15:03:56","date_gmt":"2025-10-26T14:03:56","guid":{"rendered":"https:\/\/institutdetouraine.com\/vivir-en-tours\/"},"modified":"2025-11-28T17:28:40","modified_gmt":"2025-11-28T16:28:40","slug":"vivir-en-tours","status":"publish","type":"page","link":"https:\/\/institutdetouraine.com\/es\/vivir-en-tours\/","title":{"rendered":"Vivir en Tours"},"content":{"rendered":"\t\t<div data-elementor-type=\"wp-page\" data-elementor-id=\"2959\" class=\"elementor elementor-2959 elementor-1607\" data-elementor-post-type=\"page\">\n\t\t\t\t<div class=\"elementor-element elementor-element-8d3a522 e-flex e-con-boxed e-con e-parent\" data-id=\"8d3a522\" data-element_type=\"container\" data-settings=\"{&quot;background_background&quot;:&quot;classic&quot;}\">\n\t\t\t\t\t<div class=\"e-con-inner\">\n\t\t\t\t<div class=\"elementor-element elementor-element-2841a09 elementor-widget elementor-widget-text-editor\" data-id=\"2841a09\" data-element_type=\"widget\" data-widget_type=\"text-editor.default\">\n\t\t\t\t<div class=\"elementor-widget-container\">\n\t\t\t\t\t\t\t\t\t<h1>Vivir en Tours<\/h1><h4>Una ciudad din\u00e1mica y acogedora a escala humana<\/h4>\t\t\t\t\t\t\t\t<\/div>\n\t\t\t\t<\/div>\n\t\t\t\t\t<\/div>\n\t\t\t\t<\/div>\n\t\t<div class=\"elementor-element elementor-element-4e9e5a9 e-flex e-con-boxed e-con e-parent\" data-id=\"4e9e5a9\" data-element_type=\"container\">\n\t\t\t\t\t<div class=\"e-con-inner\">\n\t\t\t\t<div class=\"elementor-element elementor-element-751cd38 elementor-widget elementor-widget-text-editor\" data-id=\"751cd38\" data-element_type=\"widget\" data-widget_type=\"text-editor.default\">\n\t\t\t\t<div class=\"elementor-widget-container\">\n\t\t\t\t\t\t\t\t\t<p class=\"p1\">Situada en el coraz\u00f3n del Valle del Loira, Tours ofrece un marco ideal para estudiar franc\u00e9s y descubrir la cultura francesa. Ciudad din\u00e1mica y acogedora a escala humana, Tours es famosa por su excepcional patrimonio, su rica cultura y su calidad de vida.   <\/p>\t\t\t\t\t\t\t\t<\/div>\n\t\t\t\t<\/div>\n\t\t\t\t\t<\/div>\n\t\t\t\t<\/div>\n\t\t<div class=\"elementor-element elementor-element-2d96ebe e-flex e-con-boxed e-con e-parent\" data-id=\"2d96ebe\" data-element_type=\"container\" data-settings=\"{&quot;background_background&quot;:&quot;classic&quot;}\">\n\t\t\t\t\t<div class=\"e-con-inner\">\n\t\t\t\t<div class=\"elementor-element elementor-element-abaed93 elementor-widget elementor-widget-text-editor\" data-id=\"abaed93\" data-element_type=\"widget\" data-widget_type=\"text-editor.default\">\n\t\t\t\t<div class=\"elementor-widget-container\">\n\t\t\t\t\t\t\t\t\t<p>Entre historia, naturaleza y modernidad, Tours combina el encanto de una ciudad antigua con la energ\u00eda de una metr\u00f3polis estudiantil.<\/p>\t\t\t\t\t\t\t\t<\/div>\n\t\t\t\t<\/div>\n\t\t\t\t\t<\/div>\n\t\t\t\t<\/div>\n\t\t<div class=\"elementor-element elementor-element-a730e6a e-flex e-con-boxed e-con e-parent\" data-id=\"a730e6a\" data-element_type=\"container\">\n\t\t\t\t\t<div class=\"e-con-inner\">\n\t\t\t\t<div class=\"elementor-element elementor-element-0444249 elementor-widget elementor-widget-spacer\" data-id=\"0444249\" data-element_type=\"widget\" data-widget_type=\"spacer.default\">\n\t\t\t\t<div class=\"elementor-widget-container\">\n\t\t\t\t\t\t\t<div class=\"elementor-spacer\">\n\t\t\t<div class=\"elementor-spacer-inner\"><\/div>\n\t\t<\/div>\n\t\t\t\t\t\t<\/div>\n\t\t\t\t<\/div>\n\t\t\t\t\t<\/div>\n\t\t\t\t<\/div>\n\t\t<div class=\"elementor-element elementor-element-5caf35d e-con-full e-flex e-con e-parent\" data-id=\"5caf35d\" data-element_type=\"container\">\n\t\t<div class=\"elementor-element elementor-element-61ed6c8 e-con-full e-flex e-con e-child\" data-id=\"61ed6c8\" data-element_type=\"container\" data-settings=\"{&quot;background_background&quot;:&quot;classic&quot;}\">\n\t\t\t\t<div class=\"elementor-element elementor-element-87bf921 elementor-widget elementor-widget-spacer\" data-id=\"87bf921\" data-element_type=\"widget\" data-widget_type=\"spacer.default\">\n\t\t\t\t<div class=\"elementor-widget-container\">\n\t\t\t\t\t\t\t<div class=\"elementor-spacer\">\n\t\t\t<div class=\"elementor-spacer-inner\"><\/div>\n\t\t<\/div>\n\t\t\t\t\t\t<\/div>\n\t\t\t\t<\/div>\n\t\t\t\t<\/div>\n\t\t<div class=\"elementor-element elementor-element-e90923a e-con-full e-flex e-con e-child\" data-id=\"e90923a\" data-element_type=\"container\">\n\t\t\t\t<div class=\"elementor-element elementor-element-324845a elementor-widget elementor-widget-text-editor\" data-id=\"324845a\" data-element_type=\"widget\" data-widget_type=\"text-editor.default\">\n\t\t\t\t<div class=\"elementor-widget-container\">\n\t\t\t\t\t\t\t\t\t<h2>El Valle del Loira: Patrimonio Mundial de la UNESCO<\/h2><p class=\"p1\">Apodada el \u00abJard\u00edn de Francia\u00bb, Touraine cuenta con numerosos parques y espacios verdes, incluidos los famosos jardines formales del castillo de Villandry. Atravesada por el Loira, el \u00faltimo r\u00edo salvaje de Europa, la regi\u00f3n es popular para practicar senderismo, volar en globo aerost\u00e1tico y explorar los vi\u00f1edos&#8230; Tours tambi\u00e9n est\u00e1 en la ruta de la Loire \u00e0 V\u00e9lo, una ruta ciclista que une el centro de Francia con el Atl\u00e1ntico.  <\/p><p class=\"p1\">Tours, capital del Valle del Loira y Patrimonio de la Humanidad, atrae cada a\u00f1o a m\u00e1s de 5.000 estudiantes extranjeros. Fuera de las aulas, pueden descubrir el modo de vida franc\u00e9s, los castillos renacentistas, la cultura y la gastronom\u00eda francesas&#8230; El Instituto de Touraine fomenta esta inmersi\u00f3n con un programa repleto de actividades. <\/p><p class=\"p1\">Touraine es tambi\u00e9n la cuna de ilustres escritores como Rabelais, Ronsard y Balzac. Muchos artistas estadounidenses han pasado aqu\u00ed una temporada, entre ellos Calder y Max Ernst. <\/p>\t\t\t\t\t\t\t\t<\/div>\n\t\t\t\t<\/div>\n\t\t\t\t<\/div>\n\t\t\t\t<\/div>\n\t\t<div class=\"elementor-element elementor-element-5d010d6 e-flex e-con-boxed e-con e-parent\" data-id=\"5d010d6\" data-element_type=\"container\">\n\t\t\t\t\t<div class=\"e-con-inner\">\n\t\t\t\t<div class=\"elementor-element elementor-element-1a961b6 elementor-widget elementor-widget-spacer\" data-id=\"1a961b6\" data-element_type=\"widget\" data-widget_type=\"spacer.default\">\n\t\t\t\t<div class=\"elementor-widget-container\">\n\t\t\t\t\t\t\t<div class=\"elementor-spacer\">\n\t\t\t<div class=\"elementor-spacer-inner\"><\/div>\n\t\t<\/div>\n\t\t\t\t\t\t<\/div>\n\t\t\t\t<\/div>\n\t\t\t\t\t<\/div>\n\t\t\t\t<\/div>\n\t\t<div class=\"elementor-element elementor-element-b3415fe e-con-full e-flex e-con e-parent\" data-id=\"b3415fe\" data-element_type=\"container\">\n\t\t<div class=\"elementor-element elementor-element-5f61134 e-con-full e-flex e-con e-child\" data-id=\"5f61134\" data-element_type=\"container\">\n\t\t\t\t<div class=\"elementor-element elementor-element-0b4fee5 elementor-widget elementor-widget-text-editor\" data-id=\"0b4fee5\" data-element_type=\"widget\" data-widget_type=\"text-editor.default\">\n\t\t\t\t<div class=\"elementor-widget-container\">\n\t\t\t\t\t\t\t\t\t<h2>Salir en Tours<\/h2><p class=\"p1\">A tiro de piedra del Instituto, el barrio hist\u00f3rico es popular por sus caf\u00e9s y terrazas. Cuando hace buen tiempo, a orillas del Loira se instala una guinguette, un caf\u00e9 al aire libre donde se puede bailar y escuchar m\u00fasica. Ciudad estudiantil, Tours cuenta con varios cines y salas de conciertos.  <\/p><p class=\"p1\">Tours es un lugar estupendo para vivir, ir de compras y salir con los amigos&#8230; A tiro de piedra del Instituto, el barrio hist\u00f3rico es popular por sus numerosos caf\u00e9s y terrazas, en particular la plaza Plumereau, considerada una de las m\u00e1s bellas de Francia para tomar una copa.  <\/p><p class=\"p1\">Tours cuenta tambi\u00e9n con varios cines, una \u00f3pera, una pista de hielo, piscinas, un centro de arte contempor\u00e1neo (CCCOD) y varias salas de conciertos y festivales (de m\u00fasica cl\u00e1sica y jazz).<\/p>\t\t\t\t\t\t\t\t<\/div>\n\t\t\t\t<\/div>\n\t\t\t\t<\/div>\n\t\t<div class=\"elementor-element elementor-element-ee98920 e-con-full e-flex e-con e-child\" data-id=\"ee98920\" data-element_type=\"container\" data-settings=\"{&quot;background_background&quot;:&quot;classic&quot;}\">\n\t\t\t\t<div class=\"elementor-element elementor-element-2a77694 elementor-widget elementor-widget-spacer\" data-id=\"2a77694\" data-element_type=\"widget\" data-widget_type=\"spacer.default\">\n\t\t\t\t<div class=\"elementor-widget-container\">\n\t\t\t\t\t\t\t<div class=\"elementor-spacer\">\n\t\t\t<div class=\"elementor-spacer-inner\"><\/div>\n\t\t<\/div>\n\t\t\t\t\t\t<\/div>\n\t\t\t\t<\/div>\n\t\t\t\t<\/div>\n\t\t\t\t<\/div>\n\t\t<div class=\"elementor-element elementor-element-dd5cac4 e-flex e-con-boxed e-con e-parent\" data-id=\"dd5cac4\" data-element_type=\"container\">\n\t\t\t\t\t<div class=\"e-con-inner\">\n\t\t\t\t<div class=\"elementor-element elementor-element-9011fc3 elementor-widget elementor-widget-spacer\" data-id=\"9011fc3\" data-element_type=\"widget\" data-widget_type=\"spacer.default\">\n\t\t\t\t<div class=\"elementor-widget-container\">\n\t\t\t\t\t\t\t<div class=\"elementor-spacer\">\n\t\t\t<div class=\"elementor-spacer-inner\"><\/div>\n\t\t<\/div>\n\t\t\t\t\t\t<\/div>\n\t\t\t\t<\/div>\n\t\t\t\t\t<\/div>\n\t\t\t\t<\/div>\n\t\t<div class=\"elementor-element elementor-element-7f4529f e-con-full e-flex e-con e-parent\" data-id=\"7f4529f\" data-element_type=\"container\">\n\t\t<div class=\"elementor-element elementor-element-8f22689 e-con-full e-flex e-con e-child\" data-id=\"8f22689\" data-element_type=\"container\" data-settings=\"{&quot;background_background&quot;:&quot;classic&quot;}\">\n\t\t\t\t<div class=\"elementor-element elementor-element-d526ca4 elementor-widget elementor-widget-spacer\" data-id=\"d526ca4\" data-element_type=\"widget\" data-widget_type=\"spacer.default\">\n\t\t\t\t<div class=\"elementor-widget-container\">\n\t\t\t\t\t\t\t<div class=\"elementor-spacer\">\n\t\t\t<div class=\"elementor-spacer-inner\"><\/div>\n\t\t<\/div>\n\t\t\t\t\t\t<\/div>\n\t\t\t\t<\/div>\n\t\t\t\t<\/div>\n\t\t<div class=\"elementor-element elementor-element-508cba1 e-con-full e-flex e-con e-child\" data-id=\"508cba1\" data-element_type=\"container\">\n\t\t\t\t<div class=\"elementor-element elementor-element-defd84b elementor-widget elementor-widget-text-editor\" data-id=\"defd84b\" data-element_type=\"widget\" data-widget_type=\"text-editor.default\">\n\t\t\t\t<div class=\"elementor-widget-container\">\n\t\t\t\t\t\t\t\t\t<h2>Tours, ciudad estudiantil<\/h2><p class=\"p1\">Joven y din\u00e1mica, Tours cuenta con m\u00e1s de 30.000 estudiantes, el 10% de ellos extranjeros, repartidos en varios campus por toda la ciudad. La Universidad de Tours, la mayor universidad de la regi\u00f3n Centro-Val de Loira, ofrece una amplia gama de titulaciones y lleva a cabo una intensa investigaci\u00f3n cient\u00edfica. <\/p><p class=\"p1\">Vivir y estudiar en Tours no requiere un gran presupuesto. El coste del alojamiento, por ejemplo, es la mitad que el de Par\u00eds. El transporte p\u00fablico tambi\u00e9n es accesible a precios razonables. Desde el Instituto de Touraine, puedes desplazarte f\u00e1cilmente a pie, en bici, en autob\u00fas o en tranv\u00eda para hacer deporte, pasear por el casco hist\u00f3rico, ir de compras, ver un espect\u00e1culo, disfrutar de las orillas del Loira&#8230;   <\/p>\t\t\t\t\t\t\t\t<\/div>\n\t\t\t\t<\/div>\n\t\t\t\t<\/div>\n\t\t\t\t<\/div>\n\t\t<div class=\"elementor-element elementor-element-56efd06 e-flex e-con-boxed e-con e-parent\" data-id=\"56efd06\" data-element_type=\"container\">\n\t\t\t\t\t<div class=\"e-con-inner\">\n\t\t\t\t<div class=\"elementor-element elementor-element-4fb7f31 elementor-widget elementor-widget-spacer\" data-id=\"4fb7f31\" data-element_type=\"widget\" data-widget_type=\"spacer.default\">\n\t\t\t\t<div class=\"elementor-widget-container\">\n\t\t\t\t\t\t\t<div class=\"elementor-spacer\">\n\t\t\t<div class=\"elementor-spacer-inner\"><\/div>\n\t\t<\/div>\n\t\t\t\t\t\t<\/div>\n\t\t\t\t<\/div>\n\t\t\t\t\t<\/div>\n\t\t\t\t<\/div>\n\t\t<div class=\"elementor-element elementor-element-a8f681a e-flex e-con-boxed e-con e-parent\" data-id=\"a8f681a\" data-element_type=\"container\" data-settings=\"{&quot;background_background&quot;:&quot;classic&quot;}\">\n\t\t\t\t\t<div class=\"e-con-inner\">\n\t\t\t\t<div class=\"elementor-element elementor-element-485d7f0 elementor-widget elementor-widget-text-editor\" data-id=\"485d7f0\" data-element_type=\"widget\" data-widget_type=\"text-editor.default\">\n\t\t\t\t<div class=\"elementor-widget-container\">\n\t\t\t\t\t\t\t\t\t<p>Tours, capital del Valle del Loira y Patrimonio de la Humanidad, atrae cada a\u00f1o a m\u00e1s de 5.000 estudiantes extranjeros. Fuera de las aulas, pueden descubrir el modo de vida franc\u00e9s, los castillos renacentistas, la cultura y la gastronom\u00eda francesas&#8230; El Instituto de Touraine fomenta esta inmersi\u00f3n con un programa repleto de <a href=\"https:\/\/institutdetouraine.com\/es\/actividades-culturales-y-excursiones\/\">actividades culturales y excursiones<\/a>. <\/p>\t\t\t\t\t\t\t\t<\/div>\n\t\t\t\t<\/div>\n\t\t\t\t\t<\/div>\n\t\t\t\t<\/div>\n\t\t\t\t<\/div>\n\t\t","protected":false},"excerpt":{"rendered":"<p>Vivir en Tours Una ciudad din\u00e1mica y acogedora a escala humana Situada en el coraz\u00f3n del Valle del Loira, Tours [&hellip;]<\/p>\n","protected":false},"author":2,"featured_media":0,"parent":0,"menu_order":0,"comment_status":"closed","ping_status":"closed","template":"","meta":{"_eb_attr":"","site-sidebar-layout":"no-sidebar","site-content-layout":"","ast-site-content-layout":"full-width-container","site-content-style":"default","site-sidebar-style":"default","ast-global-header-display":"","ast-banner-title-visibility":"","ast-main-header-display":"","ast-hfb-above-header-display":"","ast-hfb-below-header-display":"","ast-hfb-mobile-header-display":"","site-post-title":"disabled","ast-breadcrumbs-content":"","ast-featured-img":"disabled","footer-sml-layout":"","theme-transparent-header-meta":"","adv-header-id-meta":"","stick-header-meta":"","header-above-stick-meta":"","header-main-stick-meta":"","header-below-stick-meta":"","astra-migrate-meta-layouts":"default","ast-page-background-enabled":"default","ast-page-background-meta":{"desktop":{"background-color":"var(--ast-global-color-5)","background-image":"","background-repeat":"repeat","background-position":"center center","background-size":"auto","background-attachment":"scroll","background-type":"","background-media":"","overlay-type":"","overlay-color":"","overlay-opacity":"","overlay-gradient":""},"tablet":{"background-color":"","background-image":"","background-repeat":"repeat","background-position":"center center","background-size":"auto","background-attachment":"scroll","background-type":"","background-media":"","overlay-type":"","overlay-color":"","overlay-opacity":"","overlay-gradient":""},"mobile":{"background-color":"","background-image":"","background-repeat":"repeat","background-position":"center center","background-size":"auto","background-attachment":"scroll","background-type":"","background-media":"","overlay-type":"","overlay-color":"","overlay-opacity":"","overlay-gradient":""}},"ast-content-background-meta":{"desktop":{"background-color":"var(--ast-global-color-4)","background-image":"","background-repeat":"repeat","background-position":"center center","background-size":"auto","background-attachment":"scroll","background-type":"","background-media":"","overlay-type":"","overlay-color":"","overlay-opacity":"","overlay-gradient":""},"tablet":{"background-color":"var(--ast-global-color-4)","background-image":"","background-repeat":"repeat","background-position":"center center","background-size":"auto","background-attachment":"scroll","background-type":"","background-media":"","overlay-type":"","overlay-color":"","overlay-opacity":"","overlay-gradient":""},"mobile":{"background-color":"var(--ast-global-color-4)","background-image":"","background-repeat":"repeat","background-position":"center center","background-size":"auto","background-attachment":"scroll","background-type":"","background-media":"","overlay-type":"","overlay-color":"","overlay-opacity":"","overlay-gradient":""}},"footnotes":""},"class_list":["post-2959","page","type-page","status-publish","hentry"],"yoast_head":"<!-- This site is optimized with the Yoast SEO plugin v26.4 - https:\/\/yoast.com\/wordpress\/plugins\/seo\/ -->\n<title>Vivir en Tours : ciudad del estudiante - Institut de Touraine<\/title>\n<meta name=\"description\" content=\"Vivir en Tours significa disfrutar de una ciudad a escala humana, con un rico patrimonio, una rica cultura y una gran calidad de vida.\" \/>\n<meta name=\"robots\" content=\"index, follow, max-snippet:-1, max-image-preview:large, max-video-preview:-1\" \/>\n<link rel=\"canonical\" href=\"https:\/\/institutdetouraine.com\/es\/vivir-en-tours\/\" \/>\n<meta property=\"og:locale\" content=\"es_ES\" \/>\n<meta property=\"og:type\" content=\"article\" \/>\n<meta property=\"og:title\" content=\"Vivir en Tours : ciudad del estudiante - Institut de Touraine\" \/>\n<meta property=\"og:description\" content=\"Vivir en Tours significa disfrutar de una ciudad a escala humana, con un rico patrimonio, una rica cultura y una gran calidad de vida.\" \/>\n<meta property=\"og:url\" content=\"https:\/\/institutdetouraine.com\/es\/vivir-en-tours\/\" \/>\n<meta property=\"og:site_name\" content=\"Institut de Touraine\" \/>\n<meta property=\"article:publisher\" content=\"https:\/\/www.facebook.com\/institutdetouraine\" \/>\n<meta property=\"article:modified_time\" content=\"2025-11-28T16:28:40+00:00\" \/>\n<meta name=\"twitter:card\" content=\"summary_large_image\" \/>\n<meta name=\"twitter:label1\" content=\"Tiempo de lectura\" \/>\n\t<meta name=\"twitter:data1\" content=\"3 minutos\" \/>\n<script type=\"application\/ld+json\" class=\"yoast-schema-graph\">{\"@context\":\"https:\/\/schema.org\",\"@graph\":[{\"@type\":\"WebPage\",\"@id\":\"https:\/\/institutdetouraine.com\/es\/vivir-en-tours\/\",\"url\":\"https:\/\/institutdetouraine.com\/es\/vivir-en-tours\/\",\"name\":\"Vivir en Tours : ciudad del estudiante - Institut de Touraine\",\"isPartOf\":{\"@id\":\"https:\/\/institutdetouraine.com\/es\/#website\"},\"datePublished\":\"2025-10-26T14:03:56+00:00\",\"dateModified\":\"2025-11-28T16:28:40+00:00\",\"description\":\"Vivir en Tours significa disfrutar de una ciudad a escala humana, con un rico patrimonio, una rica cultura y una gran calidad de vida.\",\"breadcrumb\":{\"@id\":\"https:\/\/institutdetouraine.com\/es\/vivir-en-tours\/#breadcrumb\"},\"inLanguage\":\"es\",\"potentialAction\":[{\"@type\":\"ReadAction\",\"target\":[\"https:\/\/institutdetouraine.com\/es\/vivir-en-tours\/\"]}]},{\"@type\":\"BreadcrumbList\",\"@id\":\"https:\/\/institutdetouraine.com\/es\/vivir-en-tours\/#breadcrumb\",\"itemListElement\":[{\"@type\":\"ListItem\",\"position\":1,\"name\":\"Accueil\",\"item\":\"https:\/\/institutdetouraine.com\/es\/instituto-de-touraine\/\"},{\"@type\":\"ListItem\",\"position\":2,\"name\":\"Vivir en Tours\"}]},{\"@type\":\"WebSite\",\"@id\":\"https:\/\/institutdetouraine.com\/es\/#website\",\"url\":\"https:\/\/institutdetouraine.com\/es\/\",\"name\":\"Institut de Touraine\",\"description\":\"\",\"potentialAction\":[{\"@type\":\"SearchAction\",\"target\":{\"@type\":\"EntryPoint\",\"urlTemplate\":\"https:\/\/institutdetouraine.com\/es\/?s={search_term_string}\"},\"query-input\":{\"@type\":\"PropertyValueSpecification\",\"valueRequired\":true,\"valueName\":\"search_term_string\"}}],\"inLanguage\":\"es\"}]}<\/script>\n<!-- \/ Yoast SEO plugin. -->","yoast_head_json":{"title":"Vivir en Tours : ciudad del estudiante - Institut de Touraine","description":"Vivir en Tours significa disfrutar de una ciudad a escala humana, con un rico patrimonio, una rica cultura y una gran calidad de vida.","robots":{"index":"index","follow":"follow","max-snippet":"max-snippet:-1","max-image-preview":"max-image-preview:large","max-video-preview":"max-video-preview:-1"},"canonical":"https:\/\/institutdetouraine.com\/es\/vivir-en-tours\/","og_locale":"es_ES","og_type":"article","og_title":"Vivir en Tours : ciudad del estudiante - Institut de Touraine","og_description":"Vivir en Tours significa disfrutar de una ciudad a escala humana, con un rico patrimonio, una rica cultura y una gran calidad de vida.","og_url":"https:\/\/institutdetouraine.com\/es\/vivir-en-tours\/","og_site_name":"Institut de Touraine","article_publisher":"https:\/\/www.facebook.com\/institutdetouraine","article_modified_time":"2025-11-28T16:28:40+00:00","twitter_card":"summary_large_image","twitter_misc":{"Tiempo de lectura":"3 minutos"},"schema":{"@context":"https:\/\/schema.org","@graph":[{"@type":"WebPage","@id":"https:\/\/institutdetouraine.com\/es\/vivir-en-tours\/","url":"https:\/\/institutdetouraine.com\/es\/vivir-en-tours\/","name":"Vivir en Tours : ciudad del estudiante - Institut de Touraine","isPartOf":{"@id":"https:\/\/institutdetouraine.com\/es\/#website"},"datePublished":"2025-10-26T14:03:56+00:00","dateModified":"2025-11-28T16:28:40+00:00","description":"Vivir en Tours significa disfrutar de una ciudad a escala humana, con un rico patrimonio, una rica cultura y una gran calidad de vida.","breadcrumb":{"@id":"https:\/\/institutdetouraine.com\/es\/vivir-en-tours\/#breadcrumb"},"inLanguage":"es","potentialAction":[{"@type":"ReadAction","target":["https:\/\/institutdetouraine.com\/es\/vivir-en-tours\/"]}]},{"@type":"BreadcrumbList","@id":"https:\/\/institutdetouraine.com\/es\/vivir-en-tours\/#breadcrumb","itemListElement":[{"@type":"ListItem","position":1,"name":"Accueil","item":"https:\/\/institutdetouraine.com\/es\/instituto-de-touraine\/"},{"@type":"ListItem","position":2,"name":"Vivir en Tours"}]},{"@type":"WebSite","@id":"https:\/\/institutdetouraine.com\/es\/#website","url":"https:\/\/institutdetouraine.com\/es\/","name":"Institut de Touraine","description":"","potentialAction":[{"@type":"SearchAction","target":{"@type":"EntryPoint","urlTemplate":"https:\/\/institutdetouraine.com\/es\/?s={search_term_string}"},"query-input":{"@type":"PropertyValueSpecification","valueRequired":true,"valueName":"search_term_string"}}],"inLanguage":"es"}]}},"_links":{"self":[{"href":"https:\/\/institutdetouraine.com\/es\/wp-json\/wp\/v2\/pages\/2959","targetHints":{"allow":["GET"]}}],"collection":[{"href":"https:\/\/institutdetouraine.com\/es\/wp-json\/wp\/v2\/pages"}],"about":[{"href":"https:\/\/institutdetouraine.com\/es\/wp-json\/wp\/v2\/types\/page"}],"author":[{"embeddable":true,"href":"https:\/\/institutdetouraine.com\/es\/wp-json\/wp\/v2\/users\/2"}],"replies":[{"embeddable":true,"href":"https:\/\/institutdetouraine.com\/es\/wp-json\/wp\/v2\/comments?post=2959"}],"version-history":[{"count":1,"href":"https:\/\/institutdetouraine.com\/es\/wp-json\/wp\/v2\/pages\/2959\/revisions"}],"predecessor-version":[{"id":2964,"href":"https:\/\/institutdetouraine.com\/es\/wp-json\/wp\/v2\/pages\/2959\/revisions\/2964"}],"wp:attachment":[{"href":"https:\/\/institutdetouraine.com\/es\/wp-json\/wp\/v2\/media?parent=2959"}],"curies":[{"name":"wp","href":"https:\/\/api.w.org\/{rel}","templated":true}]}}