{"id":2758,"date":"2025-11-22T17:23:15","date_gmt":"2025-11-22T16:23:15","guid":{"rendered":"https:\/\/institutdetouraine.com\/examenes-de-lengua-francesa\/"},"modified":"2025-11-28T17:29:57","modified_gmt":"2025-11-28T16:29:57","slug":"examenes-de-lengua-francesa","status":"publish","type":"page","link":"https:\/\/institutdetouraine.com\/es\/examenes-de-lengua-francesa\/","title":{"rendered":"Ex\u00e1menes de lengua francesa"},"content":{"rendered":"\t\t<div data-elementor-type=\"wp-page\" data-elementor-id=\"2758\" class=\"elementor elementor-2758 elementor-1945\" data-elementor-post-type=\"page\">\n\t\t\t\t<div class=\"elementor-element elementor-element-8d3a522 e-flex e-con-boxed e-con e-parent\" data-id=\"8d3a522\" data-element_type=\"container\" data-settings=\"{&quot;background_background&quot;:&quot;classic&quot;}\">\n\t\t\t\t\t<div class=\"e-con-inner\">\n\t\t\t\t<div class=\"elementor-element elementor-element-2841a09 elementor-widget elementor-widget-text-editor\" data-id=\"2841a09\" data-element_type=\"widget\" data-widget_type=\"text-editor.default\">\n\t\t\t\t<div class=\"elementor-widget-container\">\n\t\t\t\t\t\t\t\t\t<h1>Aprobar un examen de lengua francesa<\/h1><h4>gracias a profesores especialistas de franc\u00e9s como lengua extranjera (FLE)<\/h4>\t\t\t\t\t\t\t\t<\/div>\n\t\t\t\t<\/div>\n\t\t\t\t\t<\/div>\n\t\t\t\t<\/div>\n\t\t<div class=\"elementor-element elementor-element-4e9e5a9 e-flex e-con-boxed e-con e-parent\" data-id=\"4e9e5a9\" data-element_type=\"container\">\n\t\t\t\t\t<div class=\"e-con-inner\">\n\t\t\t\t<div class=\"elementor-element elementor-element-751cd38 elementor-widget elementor-widget-text-editor\" data-id=\"751cd38\" data-element_type=\"widget\" data-widget_type=\"text-editor.default\">\n\t\t\t\t<div class=\"elementor-widget-container\">\n\t\t\t\t\t\t\t\t\t<p>El Instituto de Touraine es un <strong>centro de examen autorizado para los diplomas y certificaciones de lengua francesa<\/strong>. Los estudiantes pueden preparar y presentarse a los ex\u00e1menes DELF, DALF, TEF y de la C\u00e1mara de Comercio e Industria de Par\u00eds (DFP). <\/p>\t\t\t\t\t\t\t\t<\/div>\n\t\t\t\t<\/div>\n\t\t\t\t\t<\/div>\n\t\t\t\t<\/div>\n\t\t<div class=\"elementor-element elementor-element-212e2d2 e-flex e-con-boxed e-con e-parent\" data-id=\"212e2d2\" data-element_type=\"container\">\n\t\t\t\t\t<div class=\"e-con-inner\">\n\t\t<div class=\"elementor-element elementor-element-1932c45 e-con-full e-flex e-con e-child\" data-id=\"1932c45\" data-element_type=\"container\">\n\t\t\t\t<div class=\"elementor-element elementor-element-e1762e4 elementor-position-top elementor-widget elementor-widget-image-box\" data-id=\"e1762e4\" data-element_type=\"widget\" data-widget_type=\"image-box.default\">\n\t\t\t\t<div class=\"elementor-widget-container\">\n\t\t\t\t\t<div class=\"elementor-image-box-wrapper\"><figure class=\"elementor-image-box-img\"><img decoding=\"async\" width=\"150\" height=\"150\" src=\"https:\/\/institutdetouraine.com\/wp-content\/uploads\/2025\/11\/examen-delf-150x150.png\" class=\"attachment-thumbnail size-thumbnail wp-image-2760\" alt=\"\" srcset=\"https:\/\/institutdetouraine.com\/wp-content\/uploads\/2025\/11\/examen-delf-150x150.png 150w, https:\/\/institutdetouraine.com\/wp-content\/uploads\/2025\/11\/examen-delf-300x300.png 300w, https:\/\/institutdetouraine.com\/wp-content\/uploads\/2025\/11\/examen-delf.png 685w\" sizes=\"(max-width: 150px) 100vw, 150px\" \/><\/figure><div class=\"elementor-image-box-content\"><h4 class=\"elementor-image-box-title\">DELF<\/h4><p class=\"elementor-image-box-description\">Diploma de Estudios de Lengua Francesa<\/p><\/div><\/div>\t\t\t\t<\/div>\n\t\t\t\t<\/div>\n\t\t\t\t<div class=\"elementor-element elementor-element-a07c44a elementor-align-center elementor-widget elementor-widget-button\" data-id=\"a07c44a\" data-element_type=\"widget\" data-widget_type=\"button.default\">\n\t\t\t\t<div class=\"elementor-widget-container\">\n\t\t\t\t\t\t\t\t\t<div class=\"elementor-button-wrapper\">\n\t\t\t\t\t<a class=\"elementor-button elementor-button-link elementor-size-sm\" href=\"https:\/\/institutdetouraine.com\/es\/delf-diploma-de-estudios-de-lengua-francesa\/\">\n\t\t\t\t\t\t<span class=\"elementor-button-content-wrapper\">\n\t\t\t\t\t\t\t\t\t<span class=\"elementor-button-text\">DESCUBRE<\/span>\n\t\t\t\t\t<\/span>\n\t\t\t\t\t<\/a>\n\t\t\t\t<\/div>\n\t\t\t\t\t\t\t\t<\/div>\n\t\t\t\t<\/div>\n\t\t\t\t<\/div>\n\t\t<div class=\"elementor-element elementor-element-56c4acd e-con-full e-flex e-con e-child\" data-id=\"56c4acd\" data-element_type=\"container\">\n\t\t\t\t<div class=\"elementor-element elementor-element-8e0bba4 elementor-position-top elementor-widget elementor-widget-image-box\" data-id=\"8e0bba4\" data-element_type=\"widget\" data-widget_type=\"image-box.default\">\n\t\t\t\t<div class=\"elementor-widget-container\">\n\t\t\t\t\t<div class=\"elementor-image-box-wrapper\"><figure class=\"elementor-image-box-img\"><img decoding=\"async\" width=\"150\" height=\"150\" src=\"https:\/\/institutdetouraine.com\/wp-content\/uploads\/2025\/08\/ecole-equipement-informatique-150x150.jpg\" class=\"attachment-thumbnail size-thumbnail wp-image-2762\" alt=\"\" srcset=\"https:\/\/institutdetouraine.com\/wp-content\/uploads\/2025\/08\/ecole-equipement-informatique-150x150.jpg 150w, https:\/\/institutdetouraine.com\/wp-content\/uploads\/2025\/08\/ecole-equipement-informatique-300x300.jpg 300w, https:\/\/institutdetouraine.com\/wp-content\/uploads\/2025\/08\/ecole-equipement-informatique-1024x1024.jpg 1024w, https:\/\/institutdetouraine.com\/wp-content\/uploads\/2025\/08\/ecole-equipement-informatique-768x768.jpg 768w, https:\/\/institutdetouraine.com\/wp-content\/uploads\/2025\/08\/ecole-equipement-informatique.jpg 1500w\" sizes=\"(max-width: 150px) 100vw, 150px\" \/><\/figure><div class=\"elementor-image-box-content\"><h4 class=\"elementor-image-box-title\">DALF C1 y C2<\/h4><p class=\"elementor-image-box-description\">Dipl\u00f4me Approfondi de Langue Fran\u00e7aise<\/p><\/div><\/div>\t\t\t\t<\/div>\n\t\t\t\t<\/div>\n\t\t\t\t<div class=\"elementor-element elementor-element-c1012fd elementor-align-center elementor-widget elementor-widget-button\" data-id=\"c1012fd\" data-element_type=\"widget\" data-widget_type=\"button.default\">\n\t\t\t\t<div class=\"elementor-widget-container\">\n\t\t\t\t\t\t\t\t\t<div class=\"elementor-button-wrapper\">\n\t\t\t\t\t<a class=\"elementor-button elementor-button-link elementor-size-sm\" href=\"https:\/\/institutdetouraine.com\/es\/dalf-c1-y-c2-diplome-approfondi-de-langue-francaise-diploma-avanzado-de-lengua-francesa\/\">\n\t\t\t\t\t\t<span class=\"elementor-button-content-wrapper\">\n\t\t\t\t\t\t\t\t\t<span class=\"elementor-button-text\">DESCUBRE<\/span>\n\t\t\t\t\t<\/span>\n\t\t\t\t\t<\/a>\n\t\t\t\t<\/div>\n\t\t\t\t\t\t\t\t<\/div>\n\t\t\t\t<\/div>\n\t\t\t\t<\/div>\n\t\t<div class=\"elementor-element elementor-element-bc13385 e-con-full e-flex e-con e-child\" data-id=\"bc13385\" data-element_type=\"container\">\n\t\t\t\t<div class=\"elementor-element elementor-element-68a05f1 elementor-position-top elementor-widget elementor-widget-image-box\" data-id=\"68a05f1\" data-element_type=\"widget\" data-widget_type=\"image-box.default\">\n\t\t\t\t<div class=\"elementor-widget-container\">\n\t\t\t\t\t<div class=\"elementor-image-box-wrapper\"><figure class=\"elementor-image-box-img\"><img decoding=\"async\" width=\"150\" height=\"150\" src=\"https:\/\/institutdetouraine.com\/wp-content\/uploads\/2025\/11\/examen-tcf-150x150.png\" class=\"attachment-thumbnail size-thumbnail wp-image-2759\" alt=\"\" srcset=\"https:\/\/institutdetouraine.com\/wp-content\/uploads\/2025\/11\/examen-tcf-150x150.png 150w, https:\/\/institutdetouraine.com\/wp-content\/uploads\/2025\/11\/examen-tcf-300x300.png 300w, https:\/\/institutdetouraine.com\/wp-content\/uploads\/2025\/11\/examen-tcf.png 674w\" sizes=\"(max-width: 150px) 100vw, 150px\" \/><\/figure><div class=\"elementor-image-box-content\"><h4 class=\"elementor-image-box-title\">TEF<\/h4><p class=\"elementor-image-box-description\">Test de evaluaci\u00f3n de franc\u00e9s<\/p><\/div><\/div>\t\t\t\t<\/div>\n\t\t\t\t<\/div>\n\t\t\t\t<div class=\"elementor-element elementor-element-c272a62 elementor-align-center elementor-widget elementor-widget-button\" data-id=\"c272a62\" data-element_type=\"widget\" data-widget_type=\"button.default\">\n\t\t\t\t<div class=\"elementor-widget-container\">\n\t\t\t\t\t\t\t\t\t<div class=\"elementor-button-wrapper\">\n\t\t\t\t\t<a class=\"elementor-button elementor-button-link elementor-size-sm\" href=\"https:\/\/institutdetouraine.com\/es\/tef-test-de-evaluacion-del-frances\/\">\n\t\t\t\t\t\t<span class=\"elementor-button-content-wrapper\">\n\t\t\t\t\t\t\t\t\t<span class=\"elementor-button-text\">DESCUBRE<\/span>\n\t\t\t\t\t<\/span>\n\t\t\t\t\t<\/a>\n\t\t\t\t<\/div>\n\t\t\t\t\t\t\t\t<\/div>\n\t\t\t\t<\/div>\n\t\t\t\t<\/div>\n\t\t<div class=\"elementor-element elementor-element-fc1769f e-con-full e-flex e-con e-child\" data-id=\"fc1769f\" data-element_type=\"container\">\n\t\t\t\t<div class=\"elementor-element elementor-element-bc49bc3 elementor-position-top elementor-widget elementor-widget-image-box\" data-id=\"bc49bc3\" data-element_type=\"widget\" data-widget_type=\"image-box.default\">\n\t\t\t\t<div class=\"elementor-widget-container\">\n\t\t\t\t\t<div class=\"elementor-image-box-wrapper\"><figure class=\"elementor-image-box-img\"><img loading=\"lazy\" decoding=\"async\" width=\"150\" height=\"150\" src=\"https:\/\/institutdetouraine.com\/wp-content\/uploads\/2025\/08\/institut-touraine-mediateque-150x150.jpg\" class=\"attachment-thumbnail size-thumbnail wp-image-2763\" alt=\"\" srcset=\"https:\/\/institutdetouraine.com\/wp-content\/uploads\/2025\/08\/institut-touraine-mediateque-150x150.jpg 150w, https:\/\/institutdetouraine.com\/wp-content\/uploads\/2025\/08\/institut-touraine-mediateque-300x300.jpg 300w, https:\/\/institutdetouraine.com\/wp-content\/uploads\/2025\/08\/institut-touraine-mediateque-1024x1024.jpg 1024w, https:\/\/institutdetouraine.com\/wp-content\/uploads\/2025\/08\/institut-touraine-mediateque-768x768.jpg 768w, https:\/\/institutdetouraine.com\/wp-content\/uploads\/2025\/08\/institut-touraine-mediateque.jpg 1500w\" sizes=\"(max-width: 150px) 100vw, 150px\" \/><\/figure><div class=\"elementor-image-box-content\"><h4 class=\"elementor-image-box-title\">PFE<\/h4><p class=\"elementor-image-box-description\">Diplomas de franc\u00e9s profesional<\/p><\/div><\/div>\t\t\t\t<\/div>\n\t\t\t\t<\/div>\n\t\t\t\t<div class=\"elementor-element elementor-element-7c37ce7 elementor-align-center elementor-widget elementor-widget-button\" data-id=\"7c37ce7\" data-element_type=\"widget\" data-widget_type=\"button.default\">\n\t\t\t\t<div class=\"elementor-widget-container\">\n\t\t\t\t\t\t\t\t\t<div class=\"elementor-button-wrapper\">\n\t\t\t\t\t<a class=\"elementor-button elementor-button-link elementor-size-sm\" href=\"https:\/\/institutdetouraine.com\/es\/dfp-diplomas-de-frances-profesional\/\">\n\t\t\t\t\t\t<span class=\"elementor-button-content-wrapper\">\n\t\t\t\t\t\t\t\t\t<span class=\"elementor-button-text\">DESCUBRE<\/span>\n\t\t\t\t\t<\/span>\n\t\t\t\t\t<\/a>\n\t\t\t\t<\/div>\n\t\t\t\t\t\t\t\t<\/div>\n\t\t\t\t<\/div>\n\t\t\t\t<\/div>\n\t\t\t\t\t<\/div>\n\t\t\t\t<\/div>\n\t\t<div class=\"elementor-element elementor-element-b6f7917 e-flex e-con-boxed e-con e-parent\" data-id=\"b6f7917\" data-element_type=\"container\" data-settings=\"{&quot;background_background&quot;:&quot;classic&quot;}\">\n\t\t\t\t\t<div class=\"e-con-inner\">\n\t\t\t\t<div class=\"elementor-element elementor-element-2e14302 elementor-widget elementor-widget-text-editor\" data-id=\"2e14302\" data-element_type=\"widget\" data-widget_type=\"text-editor.default\">\n\t\t\t\t<div class=\"elementor-widget-container\">\n\t\t\t\t\t\t\t\t\t<p>Para m\u00e1s informaci\u00f3n, no dudes en consultar <a href=\"https:\/\/institutdetouraine.com\/wp-content\/uploads\/2025\/11\/brochure-DELF-DALF-2026.pdf\">nuestro folleto<\/a>, <a href=\"https:\/\/institutdetouraine.com\/es\/ponte-en-contacto-con\/\">solicitar un presupuesto en l\u00ednea<\/a> o ponerte en contacto con nosotros a trav\u00e9s del cuadro de chat de la parte inferior derecha.<\/p>\t\t\t\t\t\t\t\t<\/div>\n\t\t\t\t<\/div>\n\t\t\t\t\t<\/div>\n\t\t\t\t<\/div>\n\t\t\t\t<\/div>\n\t\t","protected":false},"excerpt":{"rendered":"<p>Aprobar un examen de lengua francesa gracias a profesores especialistas de franc\u00e9s como lengua extranjera (FLE) El Instituto de Touraine [&hellip;]<\/p>\n","protected":false},"author":2,"featured_media":0,"parent":0,"menu_order":0,"comment_status":"closed","ping_status":"closed","template":"","meta":{"_eb_attr":"","site-sidebar-layout":"no-sidebar","site-content-layout":"","ast-site-content-layout":"full-width-container","site-content-style":"default","site-sidebar-style":"default","ast-global-header-display":"","ast-banner-title-visibility":"","ast-main-header-display":"","ast-hfb-above-header-display":"","ast-hfb-below-header-display":"","ast-hfb-mobile-header-display":"","site-post-title":"disabled","ast-breadcrumbs-content":"","ast-featured-img":"disabled","footer-sml-layout":"","theme-transparent-header-meta":"","adv-header-id-meta":"","stick-header-meta":"","header-above-stick-meta":"","header-main-stick-meta":"","header-below-stick-meta":"","astra-migrate-meta-layouts":"default","ast-page-background-enabled":"default","ast-page-background-meta":{"desktop":{"background-color":"var(--ast-global-color-5)","background-image":"","background-repeat":"repeat","background-position":"center center","background-size":"auto","background-attachment":"scroll","background-type":"","background-media":"","overlay-type":"","overlay-color":"","overlay-opacity":"","overlay-gradient":""},"tablet":{"background-color":"","background-image":"","background-repeat":"repeat","background-position":"center center","background-size":"auto","background-attachment":"scroll","background-type":"","background-media":"","overlay-type":"","overlay-color":"","overlay-opacity":"","overlay-gradient":""},"mobile":{"background-color":"","background-image":"","background-repeat":"repeat","background-position":"center center","background-size":"auto","background-attachment":"scroll","background-type":"","background-media":"","overlay-type":"","overlay-color":"","overlay-opacity":"","overlay-gradient":""}},"ast-content-background-meta":{"desktop":{"background-color":"var(--ast-global-color-4)","background-image":"","background-repeat":"repeat","background-position":"center center","background-size":"auto","background-attachment":"scroll","background-type":"","background-media":"","overlay-type":"","overlay-color":"","overlay-opacity":"","overlay-gradient":""},"tablet":{"background-color":"var(--ast-global-color-4)","background-image":"","background-repeat":"repeat","background-position":"center center","background-size":"auto","background-attachment":"scroll","background-type":"","background-media":"","overlay-type":"","overlay-color":"","overlay-opacity":"","overlay-gradient":""},"mobile":{"background-color":"var(--ast-global-color-4)","background-image":"","background-repeat":"repeat","background-position":"center center","background-size":"auto","background-attachment":"scroll","background-type":"","background-media":"","overlay-type":"","overlay-color":"","overlay-opacity":"","overlay-gradient":""}},"footnotes":""},"class_list":["post-2758","page","type-page","status-publish","hentry"],"yoast_head":"<!-- This site is optimized with the Yoast SEO plugin v26.4 - https:\/\/yoast.com\/wordpress\/plugins\/seo\/ -->\n<title>Ex\u00e1menes de franc\u00e9s en Tours: DELF, DALF, TEF - Institut de Touraine<\/title>\n<meta name=\"description\" content=\"El Instituto de Touraine es un centro examinador autorizado para los diplomas y certificaciones de lengua francesa como el DELF, el DALF, el TEF...\" \/>\n<meta name=\"robots\" content=\"index, follow, max-snippet:-1, max-image-preview:large, max-video-preview:-1\" \/>\n<link rel=\"canonical\" href=\"https:\/\/institutdetouraine.com\/es\/examenes-de-lengua-francesa\/\" \/>\n<meta property=\"og:locale\" content=\"es_ES\" \/>\n<meta property=\"og:type\" content=\"article\" \/>\n<meta property=\"og:title\" content=\"Ex\u00e1menes de franc\u00e9s en Tours: DELF, DALF, TEF - Institut de Touraine\" \/>\n<meta property=\"og:description\" content=\"El Instituto de Touraine es un centro examinador autorizado para los diplomas y certificaciones de lengua francesa como el DELF, el DALF, el TEF...\" \/>\n<meta property=\"og:url\" content=\"https:\/\/institutdetouraine.com\/es\/examenes-de-lengua-francesa\/\" \/>\n<meta property=\"og:site_name\" content=\"Institut de Touraine\" \/>\n<meta property=\"article:publisher\" content=\"https:\/\/www.facebook.com\/institutdetouraine\" \/>\n<meta property=\"article:modified_time\" content=\"2025-11-28T16:29:57+00:00\" \/>\n<meta property=\"og:image\" content=\"https:\/\/institutdetouraine.com\/wp-content\/uploads\/2025\/11\/examen-delf.png\" \/>\n\t<meta property=\"og:image:width\" content=\"685\" \/>\n\t<meta property=\"og:image:height\" content=\"685\" \/>\n\t<meta property=\"og:image:type\" content=\"image\/png\" \/>\n<meta name=\"twitter:card\" content=\"summary_large_image\" \/>\n<meta name=\"twitter:label1\" content=\"Tiempo de lectura\" \/>\n\t<meta name=\"twitter:data1\" content=\"1 minuto\" \/>\n<script type=\"application\/ld+json\" class=\"yoast-schema-graph\">{\"@context\":\"https:\/\/schema.org\",\"@graph\":[{\"@type\":\"WebPage\",\"@id\":\"https:\/\/institutdetouraine.com\/es\/examenes-de-lengua-francesa\/\",\"url\":\"https:\/\/institutdetouraine.com\/es\/examenes-de-lengua-francesa\/\",\"name\":\"Ex\u00e1menes de franc\u00e9s en Tours: DELF, DALF, TEF - Institut de Touraine\",\"isPartOf\":{\"@id\":\"https:\/\/institutdetouraine.com\/es\/#website\"},\"primaryImageOfPage\":{\"@id\":\"https:\/\/institutdetouraine.com\/es\/examenes-de-lengua-francesa\/#primaryimage\"},\"image\":{\"@id\":\"https:\/\/institutdetouraine.com\/es\/examenes-de-lengua-francesa\/#primaryimage\"},\"thumbnailUrl\":\"https:\/\/institutdetouraine.com\/wp-content\/uploads\/2025\/11\/examen-delf-150x150.png\",\"datePublished\":\"2025-11-22T16:23:15+00:00\",\"dateModified\":\"2025-11-28T16:29:57+00:00\",\"description\":\"El Instituto de Touraine es un centro examinador autorizado para los diplomas y certificaciones de lengua francesa como el DELF, el DALF, el TEF...\",\"breadcrumb\":{\"@id\":\"https:\/\/institutdetouraine.com\/es\/examenes-de-lengua-francesa\/#breadcrumb\"},\"inLanguage\":\"es\",\"potentialAction\":[{\"@type\":\"ReadAction\",\"target\":[\"https:\/\/institutdetouraine.com\/es\/examenes-de-lengua-francesa\/\"]}]},{\"@type\":\"ImageObject\",\"inLanguage\":\"es\",\"@id\":\"https:\/\/institutdetouraine.com\/es\/examenes-de-lengua-francesa\/#primaryimage\",\"url\":\"https:\/\/institutdetouraine.com\/wp-content\/uploads\/2025\/11\/examen-delf-150x150.png\",\"contentUrl\":\"https:\/\/institutdetouraine.com\/wp-content\/uploads\/2025\/11\/examen-delf-150x150.png\"},{\"@type\":\"BreadcrumbList\",\"@id\":\"https:\/\/institutdetouraine.com\/es\/examenes-de-lengua-francesa\/#breadcrumb\",\"itemListElement\":[{\"@type\":\"ListItem\",\"position\":1,\"name\":\"Accueil\",\"item\":\"https:\/\/institutdetouraine.com\/es\/instituto-de-touraine\/\"},{\"@type\":\"ListItem\",\"position\":2,\"name\":\"Ex\u00e1menes de lengua francesa\"}]},{\"@type\":\"WebSite\",\"@id\":\"https:\/\/institutdetouraine.com\/es\/#website\",\"url\":\"https:\/\/institutdetouraine.com\/es\/\",\"name\":\"Institut de Touraine\",\"description\":\"\",\"potentialAction\":[{\"@type\":\"SearchAction\",\"target\":{\"@type\":\"EntryPoint\",\"urlTemplate\":\"https:\/\/institutdetouraine.com\/es\/?s={search_term_string}\"},\"query-input\":{\"@type\":\"PropertyValueSpecification\",\"valueRequired\":true,\"valueName\":\"search_term_string\"}}],\"inLanguage\":\"es\"}]}<\/script>\n<!-- \/ Yoast SEO plugin. -->","yoast_head_json":{"title":"Ex\u00e1menes de franc\u00e9s en Tours: DELF, DALF, TEF - Institut de Touraine","description":"El Instituto de Touraine es un centro examinador autorizado para los diplomas y certificaciones de lengua francesa como el DELF, el DALF, el TEF...","robots":{"index":"index","follow":"follow","max-snippet":"max-snippet:-1","max-image-preview":"max-image-preview:large","max-video-preview":"max-video-preview:-1"},"canonical":"https:\/\/institutdetouraine.com\/es\/examenes-de-lengua-francesa\/","og_locale":"es_ES","og_type":"article","og_title":"Ex\u00e1menes de franc\u00e9s en Tours: DELF, DALF, TEF - Institut de Touraine","og_description":"El Instituto de Touraine es un centro examinador autorizado para los diplomas y certificaciones de lengua francesa como el DELF, el DALF, el TEF...","og_url":"https:\/\/institutdetouraine.com\/es\/examenes-de-lengua-francesa\/","og_site_name":"Institut de Touraine","article_publisher":"https:\/\/www.facebook.com\/institutdetouraine","article_modified_time":"2025-11-28T16:29:57+00:00","og_image":[{"width":685,"height":685,"url":"https:\/\/institutdetouraine.com\/wp-content\/uploads\/2025\/11\/examen-delf.png","type":"image\/png"}],"twitter_card":"summary_large_image","twitter_misc":{"Tiempo de lectura":"1 minuto"},"schema":{"@context":"https:\/\/schema.org","@graph":[{"@type":"WebPage","@id":"https:\/\/institutdetouraine.com\/es\/examenes-de-lengua-francesa\/","url":"https:\/\/institutdetouraine.com\/es\/examenes-de-lengua-francesa\/","name":"Ex\u00e1menes de franc\u00e9s en Tours: DELF, DALF, TEF - Institut de Touraine","isPartOf":{"@id":"https:\/\/institutdetouraine.com\/es\/#website"},"primaryImageOfPage":{"@id":"https:\/\/institutdetouraine.com\/es\/examenes-de-lengua-francesa\/#primaryimage"},"image":{"@id":"https:\/\/institutdetouraine.com\/es\/examenes-de-lengua-francesa\/#primaryimage"},"thumbnailUrl":"https:\/\/institutdetouraine.com\/wp-content\/uploads\/2025\/11\/examen-delf-150x150.png","datePublished":"2025-11-22T16:23:15+00:00","dateModified":"2025-11-28T16:29:57+00:00","description":"El Instituto de Touraine es un centro examinador autorizado para los diplomas y certificaciones de lengua francesa como el DELF, el DALF, el TEF...","breadcrumb":{"@id":"https:\/\/institutdetouraine.com\/es\/examenes-de-lengua-francesa\/#breadcrumb"},"inLanguage":"es","potentialAction":[{"@type":"ReadAction","target":["https:\/\/institutdetouraine.com\/es\/examenes-de-lengua-francesa\/"]}]},{"@type":"ImageObject","inLanguage":"es","@id":"https:\/\/institutdetouraine.com\/es\/examenes-de-lengua-francesa\/#primaryimage","url":"https:\/\/institutdetouraine.com\/wp-content\/uploads\/2025\/11\/examen-delf-150x150.png","contentUrl":"https:\/\/institutdetouraine.com\/wp-content\/uploads\/2025\/11\/examen-delf-150x150.png"},{"@type":"BreadcrumbList","@id":"https:\/\/institutdetouraine.com\/es\/examenes-de-lengua-francesa\/#breadcrumb","itemListElement":[{"@type":"ListItem","position":1,"name":"Accueil","item":"https:\/\/institutdetouraine.com\/es\/instituto-de-touraine\/"},{"@type":"ListItem","position":2,"name":"Ex\u00e1menes de lengua francesa"}]},{"@type":"WebSite","@id":"https:\/\/institutdetouraine.com\/es\/#website","url":"https:\/\/institutdetouraine.com\/es\/","name":"Institut de Touraine","description":"","potentialAction":[{"@type":"SearchAction","target":{"@type":"EntryPoint","urlTemplate":"https:\/\/institutdetouraine.com\/es\/?s={search_term_string}"},"query-input":{"@type":"PropertyValueSpecification","valueRequired":true,"valueName":"search_term_string"}}],"inLanguage":"es"}]}},"_links":{"self":[{"href":"https:\/\/institutdetouraine.com\/es\/wp-json\/wp\/v2\/pages\/2758","targetHints":{"allow":["GET"]}}],"collection":[{"href":"https:\/\/institutdetouraine.com\/es\/wp-json\/wp\/v2\/pages"}],"about":[{"href":"https:\/\/institutdetouraine.com\/es\/wp-json\/wp\/v2\/types\/page"}],"author":[{"embeddable":true,"href":"https:\/\/institutdetouraine.com\/es\/wp-json\/wp\/v2\/users\/2"}],"replies":[{"embeddable":true,"href":"https:\/\/institutdetouraine.com\/es\/wp-json\/wp\/v2\/comments?post=2758"}],"version-history":[{"count":5,"href":"https:\/\/institutdetouraine.com\/es\/wp-json\/wp\/v2\/pages\/2758\/revisions"}],"predecessor-version":[{"id":3192,"href":"https:\/\/institutdetouraine.com\/es\/wp-json\/wp\/v2\/pages\/2758\/revisions\/3192"}],"wp:attachment":[{"href":"https:\/\/institutdetouraine.com\/es\/wp-json\/wp\/v2\/media?parent=2758"}],"curies":[{"name":"wp","href":"https:\/\/api.w.org\/{rel}","templated":true}]}}