{"id":2587,"date":"2025-07-23T15:55:44","date_gmt":"2025-07-23T13:55:44","guid":{"rendered":"https:\/\/institutdetouraine.com\/actividades-culturales-y-excursiones\/"},"modified":"2025-11-28T17:26:15","modified_gmt":"2025-11-28T16:26:15","slug":"actividades-culturales-y-excursiones","status":"publish","type":"page","link":"https:\/\/institutdetouraine.com\/es\/actividades-culturales-y-excursiones\/","title":{"rendered":"Actividades culturales y excursiones"},"content":{"rendered":"\t\t<div data-elementor-type=\"wp-page\" data-elementor-id=\"2587\" class=\"elementor elementor-2587 elementor-669\" data-elementor-post-type=\"page\">\n\t\t\t\t<div class=\"elementor-element elementor-element-8d3a522 e-flex e-con-boxed e-con e-parent\" data-id=\"8d3a522\" data-element_type=\"container\" data-settings=\"{&quot;background_background&quot;:&quot;classic&quot;}\">\n\t\t\t\t\t<div class=\"e-con-inner\">\n\t\t\t\t<div class=\"elementor-element elementor-element-2841a09 elementor-widget elementor-widget-text-editor\" data-id=\"2841a09\" data-element_type=\"widget\" data-widget_type=\"text-editor.default\">\n\t\t\t\t<div class=\"elementor-widget-container\">\n\t\t\t\t\t\t\t\t\t<h1>Actividades culturales y excursiones<\/h1><h4>una experiencia de inmersi\u00f3n para complementar tu aprendizaje de la lengua y la cultura francesas<\/h4>\t\t\t\t\t\t\t\t<\/div>\n\t\t\t\t<\/div>\n\t\t\t\t\t<\/div>\n\t\t\t\t<\/div>\n\t\t<div class=\"elementor-element elementor-element-4e9e5a9 e-flex e-con-boxed e-con e-parent\" data-id=\"4e9e5a9\" data-element_type=\"container\">\n\t\t\t\t\t<div class=\"e-con-inner\">\n\t\t\t\t<div class=\"elementor-element elementor-element-751cd38 elementor-widget elementor-widget-text-editor\" data-id=\"751cd38\" data-element_type=\"widget\" data-widget_type=\"text-editor.default\">\n\t\t\t\t<div class=\"elementor-widget-container\">\n\t\t\t\t\t\t\t\t\t<p>A lo largo de todo el a\u00f1o, el Instituto de Touraine ofrece diversas manifestaciones culturales, deportivas y gastron\u00f3micas, que permiten descubrir las tradiciones y el patrimonio franceses en un ambiente cordial y complementan el aprendizaje de idiomas. Se hacen m\u00e1s frecuentes en verano, cuando m\u00e1s de 400 estudiantes siguen cursos en el Instituto. <\/p>\t\t\t\t\t\t\t\t<\/div>\n\t\t\t\t<\/div>\n\t\t\t\t\t<\/div>\n\t\t\t\t<\/div>\n\t\t<div class=\"elementor-element elementor-element-6fa7b2d e-con-full e-flex e-con e-parent\" data-id=\"6fa7b2d\" data-element_type=\"container\">\n\t\t<div class=\"elementor-element elementor-element-fd42402 e-con-full e-flex e-con e-child\" data-id=\"fd42402\" data-element_type=\"container\">\n\t\t\t\t<div class=\"elementor-element elementor-element-26c8467 elementor-widget elementor-widget-image\" data-id=\"26c8467\" data-element_type=\"widget\" data-widget_type=\"image.default\">\n\t\t\t\t<div class=\"elementor-widget-container\">\n\t\t\t\t\t\t\t\t\t\t\t\t\t\t\t<img decoding=\"async\" src=\"https:\/\/institutdetouraine.com\/wp-content\/uploads\/elementor\/thumbs\/sejour-linguistique-groupe-r9ferzwiekbupgxtgqc26izsszxh2fal3q5nxn99w8.jpg\" title=\"lengua-estancia-grupo\" alt=\"lengua-estancia-grupo\" loading=\"lazy\" \/>\t\t\t\t\t\t\t\t\t\t\t\t\t\t\t<\/div>\n\t\t\t\t<\/div>\n\t\t\t\t<div class=\"elementor-element elementor-element-5e00065 elementor-widget elementor-widget-text-editor\" data-id=\"5e00065\" data-element_type=\"widget\" data-widget_type=\"text-editor.default\">\n\t\t\t\t<div class=\"elementor-widget-container\">\n\t\t\t\t\t\t\t\t\t<h2>Excursiones y visitas guiadas<\/h2><p>Para ayudar a sus visitantes a descubrir la cultura francesa, el Instituto de Touraine ofrece visitas guiadas a la ciudad de Tours, museos y lugares mundialmente famosos como los castillos de Chenonceau, Chambord y Amboise, el Mont-Saint-Michel, Par\u00eds y La Rochelle&#8230;<\/p>\t\t\t\t\t\t\t\t<\/div>\n\t\t\t\t<\/div>\n\t\t\t\t<\/div>\n\t\t<div class=\"elementor-element elementor-element-607a63e e-con-full e-flex e-con e-child\" data-id=\"607a63e\" data-element_type=\"container\">\n\t\t\t\t<div class=\"elementor-element elementor-element-8f0b5ee elementor-widget elementor-widget-image\" data-id=\"8f0b5ee\" data-element_type=\"widget\" data-widget_type=\"image.default\">\n\t\t\t\t<div class=\"elementor-widget-container\">\n\t\t\t\t\t\t\t\t\t\t\t\t\t\t\t<img fetchpriority=\"high\" decoding=\"async\" width=\"1024\" height=\"1024\" src=\"https:\/\/institutdetouraine.com\/wp-content\/uploads\/2025\/07\/cours-cuisine-1024x1024.jpg\" class=\"attachment-large size-large wp-image-2461\" alt=\"\" srcset=\"https:\/\/institutdetouraine.com\/wp-content\/uploads\/2025\/07\/cours-cuisine-1024x1024.jpg 1024w, https:\/\/institutdetouraine.com\/wp-content\/uploads\/2025\/07\/cours-cuisine-300x300.jpg 300w, https:\/\/institutdetouraine.com\/wp-content\/uploads\/2025\/07\/cours-cuisine-150x150.jpg 150w, https:\/\/institutdetouraine.com\/wp-content\/uploads\/2025\/07\/cours-cuisine-768x768.jpg 768w, https:\/\/institutdetouraine.com\/wp-content\/uploads\/2025\/07\/cours-cuisine.jpg 1500w\" sizes=\"(max-width: 1024px) 100vw, 1024px\" \/>\t\t\t\t\t\t\t\t\t\t\t\t\t\t\t<\/div>\n\t\t\t\t<\/div>\n\t\t\t\t<div class=\"elementor-element elementor-element-dcf8eaa elementor-widget elementor-widget-text-editor\" data-id=\"dcf8eaa\" data-element_type=\"widget\" data-widget_type=\"text-editor.default\">\n\t\t\t\t<div class=\"elementor-widget-container\">\n\t\t\t\t\t\t\t\t\t<h2>Talleres gastron\u00f3micos<\/h2><p>\u00bfTe gustar\u00eda aprender a degustar los vinos de Touraine o los quesos locales? \u00bfC\u00f3mo preparar recetas francesas como cr\u00eapes, macarrones o la tradicional galette des rois? Los talleres de vino y cocina del Instituto introducen a los alumnos en el patrimonio gastron\u00f3mico franc\u00e9s.  <\/p>\t\t\t\t\t\t\t\t<\/div>\n\t\t\t\t<\/div>\n\t\t\t\t<\/div>\n\t\t<div class=\"elementor-element elementor-element-e3d044f e-con-full e-flex e-con e-child\" data-id=\"e3d044f\" data-element_type=\"container\">\n\t\t\t\t<div class=\"elementor-element elementor-element-d380ad6 elementor-widget elementor-widget-image\" data-id=\"d380ad6\" data-element_type=\"widget\" data-widget_type=\"image.default\">\n\t\t\t\t<div class=\"elementor-widget-container\">\n\t\t\t\t\t\t\t\t\t\t\t\t\t\t\t<img decoding=\"async\" width=\"1024\" height=\"410\" src=\"https:\/\/institutdetouraine.com\/wp-content\/uploads\/2025\/07\/herbegement-tours-1024x410.jpg\" class=\"attachment-large size-large wp-image-2411\" alt=\"\" srcset=\"https:\/\/institutdetouraine.com\/wp-content\/uploads\/2025\/07\/herbegement-tours-1024x410.jpg 1024w, https:\/\/institutdetouraine.com\/wp-content\/uploads\/2025\/07\/herbegement-tours-300x120.jpg 300w, https:\/\/institutdetouraine.com\/wp-content\/uploads\/2025\/07\/herbegement-tours-768x307.jpg 768w, https:\/\/institutdetouraine.com\/wp-content\/uploads\/2025\/07\/herbegement-tours-1536x614.jpg 1536w, https:\/\/institutdetouraine.com\/wp-content\/uploads\/2025\/07\/herbegement-tours.jpg 2000w\" sizes=\"(max-width: 1024px) 100vw, 1024px\" \/>\t\t\t\t\t\t\t\t\t\t\t\t\t\t\t<\/div>\n\t\t\t\t<\/div>\n\t\t\t\t<div class=\"elementor-element elementor-element-f49c484 elementor-widget elementor-widget-text-editor\" data-id=\"f49c484\" data-element_type=\"widget\" data-widget_type=\"text-editor.default\">\n\t\t\t\t<div class=\"elementor-widget-container\">\n\t\t\t\t\t\t\t\t\t<h2>Cin\u00e9-club: proyecciones seguidas de debates<\/h2><p>Todas las semanas se proyectan pel\u00edculas de cine franc\u00e9s en el marco del cin\u00e9-club. Subtituladas en franc\u00e9s, las pel\u00edculas se proyectan primero y luego se comentan con los aprendices. <\/p>\t\t\t\t\t\t\t\t<\/div>\n\t\t\t\t<\/div>\n\t\t\t\t<\/div>\n\t\t\t\t<\/div>\n\t\t<div class=\"elementor-element elementor-element-a8f681a e-flex e-con-boxed e-con e-parent\" data-id=\"a8f681a\" data-element_type=\"container\" data-settings=\"{&quot;background_background&quot;:&quot;classic&quot;}\">\n\t\t\t\t\t<div class=\"e-con-inner\">\n\t\t\t\t<div class=\"elementor-element elementor-element-485d7f0 elementor-widget elementor-widget-text-editor\" data-id=\"485d7f0\" data-element_type=\"widget\" data-widget_type=\"text-editor.default\">\n\t\t\t\t<div class=\"elementor-widget-container\">\n\t\t\t\t\t\t\t\t\t<p>Tours, capital del Valle del Loira y Patrimonio de la Humanidad, atrae cada a\u00f1o a m\u00e1s de 5.000 estudiantes extranjeros. Fuera de las aulas, pueden descubrir el modo de vida franc\u00e9s, los castillos renacentistas, la cultura y la gastronom\u00eda francesas&#8230; El Instituto de Touraine fomenta esta inmersi\u00f3n con un programa repleto de actividades. <\/p>\t\t\t\t\t\t\t\t<\/div>\n\t\t\t\t<\/div>\n\t\t\t\t\t<\/div>\n\t\t\t\t<\/div>\n\t\t\t\t<\/div>\n\t\t","protected":false},"excerpt":{"rendered":"<p>Actividades culturales y excursiones una experiencia de inmersi\u00f3n para complementar tu aprendizaje de la lengua y la cultura francesas A [&hellip;]<\/p>\n","protected":false},"author":2,"featured_media":0,"parent":0,"menu_order":0,"comment_status":"closed","ping_status":"closed","template":"","meta":{"_eb_attr":"","site-sidebar-layout":"no-sidebar","site-content-layout":"","ast-site-content-layout":"full-width-container","site-content-style":"default","site-sidebar-style":"default","ast-global-header-display":"","ast-banner-title-visibility":"","ast-main-header-display":"","ast-hfb-above-header-display":"","ast-hfb-below-header-display":"","ast-hfb-mobile-header-display":"","site-post-title":"disabled","ast-breadcrumbs-content":"","ast-featured-img":"disabled","footer-sml-layout":"","theme-transparent-header-meta":"","adv-header-id-meta":"","stick-header-meta":"","header-above-stick-meta":"","header-main-stick-meta":"","header-below-stick-meta":"","astra-migrate-meta-layouts":"default","ast-page-background-enabled":"default","ast-page-background-meta":{"desktop":{"background-color":"var(--ast-global-color-5)","background-image":"","background-repeat":"repeat","background-position":"center center","background-size":"auto","background-attachment":"scroll","background-type":"","background-media":"","overlay-type":"","overlay-color":"","overlay-opacity":"","overlay-gradient":""},"tablet":{"background-color":"","background-image":"","background-repeat":"repeat","background-position":"center center","background-size":"auto","background-attachment":"scroll","background-type":"","background-media":"","overlay-type":"","overlay-color":"","overlay-opacity":"","overlay-gradient":""},"mobile":{"background-color":"","background-image":"","background-repeat":"repeat","background-position":"center center","background-size":"auto","background-attachment":"scroll","background-type":"","background-media":"","overlay-type":"","overlay-color":"","overlay-opacity":"","overlay-gradient":""}},"ast-content-background-meta":{"desktop":{"background-color":"var(--ast-global-color-4)","background-image":"","background-repeat":"repeat","background-position":"center center","background-size":"auto","background-attachment":"scroll","background-type":"","background-media":"","overlay-type":"","overlay-color":"","overlay-opacity":"","overlay-gradient":""},"tablet":{"background-color":"var(--ast-global-color-4)","background-image":"","background-repeat":"repeat","background-position":"center center","background-size":"auto","background-attachment":"scroll","background-type":"","background-media":"","overlay-type":"","overlay-color":"","overlay-opacity":"","overlay-gradient":""},"mobile":{"background-color":"var(--ast-global-color-4)","background-image":"","background-repeat":"repeat","background-position":"center center","background-size":"auto","background-attachment":"scroll","background-type":"","background-media":"","overlay-type":"","overlay-color":"","overlay-opacity":"","overlay-gradient":""}},"footnotes":""},"class_list":["post-2587","page","type-page","status-publish","hentry"],"yoast_head":"<!-- This site is optimized with the Yoast SEO plugin v26.4 - https:\/\/yoast.com\/wordpress\/plugins\/seo\/ -->\n<title>Actividades culturales y excursiones Tours: escuela de franc\u00e9s - Institut de Touraine<\/title>\n<meta name=\"description\" content=\"Aprovecha las actividades culturales, deportivas y gastron\u00f3micas organizadas para complementar tu aprendizaje de la lengua francesa.\" \/>\n<meta name=\"robots\" content=\"index, follow, max-snippet:-1, max-image-preview:large, max-video-preview:-1\" \/>\n<link rel=\"canonical\" href=\"https:\/\/institutdetouraine.com\/es\/actividades-culturales-y-excursiones\/\" \/>\n<meta property=\"og:locale\" content=\"es_ES\" \/>\n<meta property=\"og:type\" content=\"article\" \/>\n<meta property=\"og:title\" content=\"Actividades culturales y excursiones Tours: escuela de franc\u00e9s - Institut de Touraine\" \/>\n<meta property=\"og:description\" content=\"Aprovecha las actividades culturales, deportivas y gastron\u00f3micas organizadas para complementar tu aprendizaje de la lengua francesa.\" \/>\n<meta property=\"og:url\" content=\"https:\/\/institutdetouraine.com\/es\/actividades-culturales-y-excursiones\/\" \/>\n<meta property=\"og:site_name\" content=\"Institut de Touraine\" \/>\n<meta property=\"article:publisher\" content=\"https:\/\/www.facebook.com\/institutdetouraine\" \/>\n<meta property=\"article:modified_time\" content=\"2025-11-28T16:26:15+00:00\" \/>\n<meta property=\"og:image\" content=\"https:\/\/institutdetouraine.com\/wp-content\/uploads\/elementor\/thumbs\/sejour-linguistique-groupe-r9ferzwiekbupgxtgqc26izsszxh2fal3q5nxn99w8.jpg\" \/>\n<meta name=\"twitter:card\" content=\"summary_large_image\" \/>\n<meta name=\"twitter:label1\" content=\"Tiempo de lectura\" \/>\n\t<meta name=\"twitter:data1\" content=\"1 minuto\" \/>\n<script type=\"application\/ld+json\" class=\"yoast-schema-graph\">{\"@context\":\"https:\/\/schema.org\",\"@graph\":[{\"@type\":\"WebPage\",\"@id\":\"https:\/\/institutdetouraine.com\/es\/actividades-culturales-y-excursiones\/\",\"url\":\"https:\/\/institutdetouraine.com\/es\/actividades-culturales-y-excursiones\/\",\"name\":\"Actividades culturales y excursiones Tours: escuela de franc\u00e9s - Institut de Touraine\",\"isPartOf\":{\"@id\":\"https:\/\/institutdetouraine.com\/es\/#website\"},\"primaryImageOfPage\":{\"@id\":\"https:\/\/institutdetouraine.com\/es\/actividades-culturales-y-excursiones\/#primaryimage\"},\"image\":{\"@id\":\"https:\/\/institutdetouraine.com\/es\/actividades-culturales-y-excursiones\/#primaryimage\"},\"thumbnailUrl\":\"https:\/\/institutdetouraine.com\/wp-content\/uploads\/elementor\/thumbs\/sejour-linguistique-groupe-r9ferzwiekbupgxtgqc26izsszxh2fal3q5nxn99w8.jpg\",\"datePublished\":\"2025-07-23T13:55:44+00:00\",\"dateModified\":\"2025-11-28T16:26:15+00:00\",\"description\":\"Aprovecha las actividades culturales, deportivas y gastron\u00f3micas organizadas para complementar tu aprendizaje de la lengua francesa.\",\"breadcrumb\":{\"@id\":\"https:\/\/institutdetouraine.com\/es\/actividades-culturales-y-excursiones\/#breadcrumb\"},\"inLanguage\":\"es\",\"potentialAction\":[{\"@type\":\"ReadAction\",\"target\":[\"https:\/\/institutdetouraine.com\/es\/actividades-culturales-y-excursiones\/\"]}]},{\"@type\":\"ImageObject\",\"inLanguage\":\"es\",\"@id\":\"https:\/\/institutdetouraine.com\/es\/actividades-culturales-y-excursiones\/#primaryimage\",\"url\":\"https:\/\/institutdetouraine.com\/wp-content\/uploads\/elementor\/thumbs\/sejour-linguistique-groupe-r9ferzwiekbupgxtgqc26izsszxh2fal3q5nxn99w8.jpg\",\"contentUrl\":\"https:\/\/institutdetouraine.com\/wp-content\/uploads\/elementor\/thumbs\/sejour-linguistique-groupe-r9ferzwiekbupgxtgqc26izsszxh2fal3q5nxn99w8.jpg\"},{\"@type\":\"BreadcrumbList\",\"@id\":\"https:\/\/institutdetouraine.com\/es\/actividades-culturales-y-excursiones\/#breadcrumb\",\"itemListElement\":[{\"@type\":\"ListItem\",\"position\":1,\"name\":\"Accueil\",\"item\":\"https:\/\/institutdetouraine.com\/es\/instituto-de-touraine\/\"},{\"@type\":\"ListItem\",\"position\":2,\"name\":\"Actividades culturales y excursiones\"}]},{\"@type\":\"WebSite\",\"@id\":\"https:\/\/institutdetouraine.com\/es\/#website\",\"url\":\"https:\/\/institutdetouraine.com\/es\/\",\"name\":\"Institut de Touraine\",\"description\":\"\",\"potentialAction\":[{\"@type\":\"SearchAction\",\"target\":{\"@type\":\"EntryPoint\",\"urlTemplate\":\"https:\/\/institutdetouraine.com\/es\/?s={search_term_string}\"},\"query-input\":{\"@type\":\"PropertyValueSpecification\",\"valueRequired\":true,\"valueName\":\"search_term_string\"}}],\"inLanguage\":\"es\"}]}<\/script>\n<!-- \/ Yoast SEO plugin. -->","yoast_head_json":{"title":"Actividades culturales y excursiones Tours: escuela de franc\u00e9s - Institut de Touraine","description":"Aprovecha las actividades culturales, deportivas y gastron\u00f3micas organizadas para complementar tu aprendizaje de la lengua francesa.","robots":{"index":"index","follow":"follow","max-snippet":"max-snippet:-1","max-image-preview":"max-image-preview:large","max-video-preview":"max-video-preview:-1"},"canonical":"https:\/\/institutdetouraine.com\/es\/actividades-culturales-y-excursiones\/","og_locale":"es_ES","og_type":"article","og_title":"Actividades culturales y excursiones Tours: escuela de franc\u00e9s - Institut de Touraine","og_description":"Aprovecha las actividades culturales, deportivas y gastron\u00f3micas organizadas para complementar tu aprendizaje de la lengua francesa.","og_url":"https:\/\/institutdetouraine.com\/es\/actividades-culturales-y-excursiones\/","og_site_name":"Institut de Touraine","article_publisher":"https:\/\/www.facebook.com\/institutdetouraine","article_modified_time":"2025-11-28T16:26:15+00:00","og_image":[{"url":"https:\/\/institutdetouraine.com\/wp-content\/uploads\/elementor\/thumbs\/sejour-linguistique-groupe-r9ferzwiekbupgxtgqc26izsszxh2fal3q5nxn99w8.jpg","type":"","width":"","height":""}],"twitter_card":"summary_large_image","twitter_misc":{"Tiempo de lectura":"1 minuto"},"schema":{"@context":"https:\/\/schema.org","@graph":[{"@type":"WebPage","@id":"https:\/\/institutdetouraine.com\/es\/actividades-culturales-y-excursiones\/","url":"https:\/\/institutdetouraine.com\/es\/actividades-culturales-y-excursiones\/","name":"Actividades culturales y excursiones Tours: escuela de franc\u00e9s - Institut de Touraine","isPartOf":{"@id":"https:\/\/institutdetouraine.com\/es\/#website"},"primaryImageOfPage":{"@id":"https:\/\/institutdetouraine.com\/es\/actividades-culturales-y-excursiones\/#primaryimage"},"image":{"@id":"https:\/\/institutdetouraine.com\/es\/actividades-culturales-y-excursiones\/#primaryimage"},"thumbnailUrl":"https:\/\/institutdetouraine.com\/wp-content\/uploads\/elementor\/thumbs\/sejour-linguistique-groupe-r9ferzwiekbupgxtgqc26izsszxh2fal3q5nxn99w8.jpg","datePublished":"2025-07-23T13:55:44+00:00","dateModified":"2025-11-28T16:26:15+00:00","description":"Aprovecha las actividades culturales, deportivas y gastron\u00f3micas organizadas para complementar tu aprendizaje de la lengua francesa.","breadcrumb":{"@id":"https:\/\/institutdetouraine.com\/es\/actividades-culturales-y-excursiones\/#breadcrumb"},"inLanguage":"es","potentialAction":[{"@type":"ReadAction","target":["https:\/\/institutdetouraine.com\/es\/actividades-culturales-y-excursiones\/"]}]},{"@type":"ImageObject","inLanguage":"es","@id":"https:\/\/institutdetouraine.com\/es\/actividades-culturales-y-excursiones\/#primaryimage","url":"https:\/\/institutdetouraine.com\/wp-content\/uploads\/elementor\/thumbs\/sejour-linguistique-groupe-r9ferzwiekbupgxtgqc26izsszxh2fal3q5nxn99w8.jpg","contentUrl":"https:\/\/institutdetouraine.com\/wp-content\/uploads\/elementor\/thumbs\/sejour-linguistique-groupe-r9ferzwiekbupgxtgqc26izsszxh2fal3q5nxn99w8.jpg"},{"@type":"BreadcrumbList","@id":"https:\/\/institutdetouraine.com\/es\/actividades-culturales-y-excursiones\/#breadcrumb","itemListElement":[{"@type":"ListItem","position":1,"name":"Accueil","item":"https:\/\/institutdetouraine.com\/es\/instituto-de-touraine\/"},{"@type":"ListItem","position":2,"name":"Actividades culturales y excursiones"}]},{"@type":"WebSite","@id":"https:\/\/institutdetouraine.com\/es\/#website","url":"https:\/\/institutdetouraine.com\/es\/","name":"Institut de Touraine","description":"","potentialAction":[{"@type":"SearchAction","target":{"@type":"EntryPoint","urlTemplate":"https:\/\/institutdetouraine.com\/es\/?s={search_term_string}"},"query-input":{"@type":"PropertyValueSpecification","valueRequired":true,"valueName":"search_term_string"}}],"inLanguage":"es"}]}},"_links":{"self":[{"href":"https:\/\/institutdetouraine.com\/es\/wp-json\/wp\/v2\/pages\/2587","targetHints":{"allow":["GET"]}}],"collection":[{"href":"https:\/\/institutdetouraine.com\/es\/wp-json\/wp\/v2\/pages"}],"about":[{"href":"https:\/\/institutdetouraine.com\/es\/wp-json\/wp\/v2\/types\/page"}],"author":[{"embeddable":true,"href":"https:\/\/institutdetouraine.com\/es\/wp-json\/wp\/v2\/users\/2"}],"replies":[{"embeddable":true,"href":"https:\/\/institutdetouraine.com\/es\/wp-json\/wp\/v2\/comments?post=2587"}],"version-history":[{"count":1,"href":"https:\/\/institutdetouraine.com\/es\/wp-json\/wp\/v2\/pages\/2587\/revisions"}],"predecessor-version":[{"id":2590,"href":"https:\/\/institutdetouraine.com\/es\/wp-json\/wp\/v2\/pages\/2587\/revisions\/2590"}],"wp:attachment":[{"href":"https:\/\/institutdetouraine.com\/es\/wp-json\/wp\/v2\/media?parent=2587"}],"curies":[{"name":"wp","href":"https:\/\/api.w.org\/{rel}","templated":true}]}}