{"id":2077,"date":"2025-08-15T10:30:48","date_gmt":"2025-08-15T08:30:48","guid":{"rendered":"https:\/\/institut.loumetis.fr\/legal-notice\/"},"modified":"2026-01-26T14:11:46","modified_gmt":"2026-01-26T13:11:46","slug":"legal-notice","status":"publish","type":"page","link":"https:\/\/institutdetouraine.com\/en\/legal-notice\/","title":{"rendered":"Legal Notice"},"content":{"rendered":"\t\t<div data-elementor-type=\"wp-page\" data-elementor-id=\"2077\" class=\"elementor elementor-2077 elementor-1196\" data-elementor-post-type=\"page\">\n\t\t\t\t<div class=\"elementor-element elementor-element-17a790d e-flex e-con-boxed e-con e-parent\" data-id=\"17a790d\" data-element_type=\"container\" data-settings=\"{&quot;background_background&quot;:&quot;classic&quot;}\">\n\t\t\t\t\t<div class=\"e-con-inner\">\n\t\t\t\t<div class=\"elementor-element elementor-element-d5b3b33 elementor-widget elementor-widget-text-editor\" data-id=\"d5b3b33\" data-element_type=\"widget\" data-widget_type=\"text-editor.default\">\n\t\t\t\t<div class=\"elementor-widget-container\">\n\t\t\t\t\t\t\t\t\t<h1>Legal Notice<\/h1><h4>For the Website Www.Institutdetouraine.Com<\/h4>\t\t\t\t\t\t\t\t<\/div>\n\t\t\t\t<\/div>\n\t\t\t\t\t<\/div>\n\t\t\t\t<\/div>\n\t\t<div class=\"elementor-element elementor-element-a1e0e3f e-flex e-con-boxed e-con e-parent\" data-id=\"a1e0e3f\" data-element_type=\"container\">\n\t\t\t\t\t<div class=\"e-con-inner\">\n\t\t\t\t<div class=\"elementor-element elementor-element-f314a5a elementor-widget elementor-widget-text-editor\" data-id=\"f314a5a\" data-element_type=\"widget\" data-widget_type=\"text-editor.default\">\n\t\t\t\t<div class=\"elementor-widget-container\">\n\t\t\t\t\t\t\t\t\t<h2>Publisher Information<\/h2><p>The website www.institutdetouraine.com is published by:<\/p><p>Institut d&#8217;\u00e9tudes fran\u00e7aises de Touraine<br>BP 72047<br>1, rue de la Grandi\u00e8re<br>37020 TOURS Cedex 1 \u2013 FRANCE<\/p><p>Tel. Phone: +33 (0)2 47 05 76 83<br>Fax: +33 (0)2 47 20 48 98<\/p><p>Publication Manager: Ms. Elisabeth JAFFR\u00c9<\/p><hr><p> <\/p><h2>Photo Credits<\/h2><p>All photographs on this site were provided by the Institut de Touraine. Some images are also sourced from: Pixabay, City of Tours. <\/p><hr><p>  <\/p><h2>Website Development<\/h2><p>SARL Loumetis<br>4 impasse de Maine<br>35410 CHATEAUGIRON \u2013 FRANCE<\/p><hr><p>  <\/p><h2>Intellectual Property<\/h2><p>In accordance with the Intellectual Property Code and, more generally, with all agreements containing provisions relating to copyright, the partial or total reproduction of texts, images, or illustrations not explicitly intended for download by visitors is prohibited without prior authorization from the publisher or any rights holder.<\/p><hr><p>  <\/p><h2>Disclaimer<\/h2><p>The use of information contained on this site is the sole responsibility of its user.<\/p><p>All resources contained on this site (texts, visuals, illustrations, diagrams, drawings, plans, photographs, and computer animations) are provided for purely informational purposes and do not in any way engage the publisher&#8217;s liability.<\/p><p>Despite the care taken in updating and ensuring the accuracy of the content, the publisher is not responsible for inaccuracies, errors, or omissions, nor for the results obtained from the use of the information on this site.<\/p><hr><p>  <\/p><h2 data-start=\"860\" data-end=\"1047\">Cold calling &#8211; Bloctel<\/h2><p data-start=\"860\" data-end=\"1047\">Institut de Touraine does not engage in telephone canvassing.<\/p><p data-start=\"860\" data-end=\"1047\">In accordance with article L.223-2 of the French Consumer Code, any person can register free of charge on the Bloctel telephone anti-solicitation list.<\/p><p data-start=\"1054\" data-end=\"1199\">This system means that you will no longer be contacted by telephone by professionals with whom you have no current contractual relationship.<\/p><p data-start=\"1206\" data-end=\"1305\">You can register on this list via the website: https: <a class=\"decorated-link\" href=\"https:\/\/www.bloctel.gouv.fr\" target=\"_new\" rel=\"noopener\" data-start=\"1278\" data-end=\"1305\">\/\/www.bloctel.gouv.fr<\/a><\/p><hr><p>  <\/p><h2>Personal Data<\/h2><p>In accordance with current regulations, you have the right to access, modify, rectify, and delete data concerning you. More information on the <a href=\"https:\/\/institutdetouraine.com\/en\/privacy-policy\/\">privacy policy<\/a>. <\/p>\t\t\t\t\t\t\t\t<\/div>\n\t\t\t\t<\/div>\n\t\t\t\t\t<\/div>\n\t\t\t\t<\/div>\n\t\t\t\t<\/div>\n\t\t","protected":false},"excerpt":{"rendered":"<p>Legal Notice For the Website Www.Institutdetouraine.Com Publisher Information The website www.institutdetouraine.com is published by: Institut d&#8217;\u00e9tudes fran\u00e7aises de TouraineBP 720471, [&hellip;]<\/p>\n","protected":false},"author":2,"featured_media":0,"parent":0,"menu_order":0,"comment_status":"closed","ping_status":"closed","template":"","meta":{"_eb_attr":"","site-sidebar-layout":"no-sidebar","site-content-layout":"","ast-site-content-layout":"full-width-container","site-content-style":"default","site-sidebar-style":"default","ast-global-header-display":"","ast-banner-title-visibility":"","ast-main-header-display":"","ast-hfb-above-header-display":"","ast-hfb-below-header-display":"","ast-hfb-mobile-header-display":"","site-post-title":"disabled","ast-breadcrumbs-content":"","ast-featured-img":"disabled","footer-sml-layout":"","theme-transparent-header-meta":"","adv-header-id-meta":"","stick-header-meta":"","header-above-stick-meta":"","header-main-stick-meta":"","header-below-stick-meta":"","astra-migrate-meta-layouts":"default","ast-page-background-enabled":"default","ast-page-background-meta":{"desktop":{"background-color":"var(--ast-global-color-5)","background-image":"","background-repeat":"repeat","background-position":"center center","background-size":"auto","background-attachment":"scroll","background-type":"","background-media":"","overlay-type":"","overlay-color":"","overlay-opacity":"","overlay-gradient":""},"tablet":{"background-color":"","background-image":"","background-repeat":"repeat","background-position":"center center","background-size":"auto","background-attachment":"scroll","background-type":"","background-media":"","overlay-type":"","overlay-color":"","overlay-opacity":"","overlay-gradient":""},"mobile":{"background-color":"","background-image":"","background-repeat":"repeat","background-position":"center center","background-size":"auto","background-attachment":"scroll","background-type":"","background-media":"","overlay-type":"","overlay-color":"","overlay-opacity":"","overlay-gradient":""}},"ast-content-background-meta":{"desktop":{"background-color":"var(--ast-global-color-4)","background-image":"","background-repeat":"repeat","background-position":"center center","background-size":"auto","background-attachment":"scroll","background-type":"","background-media":"","overlay-type":"","overlay-color":"","overlay-opacity":"","overlay-gradient":""},"tablet":{"background-color":"var(--ast-global-color-4)","background-image":"","background-repeat":"repeat","background-position":"center center","background-size":"auto","background-attachment":"scroll","background-type":"","background-media":"","overlay-type":"","overlay-color":"","overlay-opacity":"","overlay-gradient":""},"mobile":{"background-color":"var(--ast-global-color-4)","background-image":"","background-repeat":"repeat","background-position":"center center","background-size":"auto","background-attachment":"scroll","background-type":"","background-media":"","overlay-type":"","overlay-color":"","overlay-opacity":"","overlay-gradient":""}},"footnotes":""},"class_list":["post-2077","page","type-page","status-publish","hentry"],"yoast_head":"<!-- This site is optimized with the Yoast SEO plugin v26.4 - https:\/\/yoast.com\/wordpress\/plugins\/seo\/ -->\n<title>Legal Notice - Institut de Touraine<\/title>\n<meta name=\"description\" content=\"Read the legal notice for the website published by the Institut d&#039;\u00e9tudes fran\u00e7aises de Touraine, based in Tours.\" \/>\n<meta name=\"robots\" content=\"index, follow, max-snippet:-1, max-image-preview:large, max-video-preview:-1\" \/>\n<link rel=\"canonical\" href=\"https:\/\/institutdetouraine.com\/en\/legal-notice\/\" \/>\n<meta property=\"og:locale\" content=\"en_US\" \/>\n<meta property=\"og:type\" content=\"article\" \/>\n<meta property=\"og:title\" content=\"Legal Notice - Institut de Touraine\" \/>\n<meta property=\"og:description\" content=\"Read the legal notice for the website published by the Institut d&#039;\u00e9tudes fran\u00e7aises de Touraine, based in Tours.\" \/>\n<meta property=\"og:url\" content=\"https:\/\/institutdetouraine.com\/en\/legal-notice\/\" \/>\n<meta property=\"og:site_name\" content=\"Institut de Touraine\" \/>\n<meta property=\"article:publisher\" content=\"https:\/\/www.facebook.com\/institutdetouraine\" \/>\n<meta property=\"article:modified_time\" content=\"2026-01-26T13:11:46+00:00\" \/>\n<meta name=\"twitter:card\" content=\"summary_large_image\" \/>\n<meta name=\"twitter:label1\" content=\"Est. reading time\" \/>\n\t<meta name=\"twitter:data1\" content=\"1 minute\" \/>\n<script type=\"application\/ld+json\" class=\"yoast-schema-graph\">{\"@context\":\"https:\/\/schema.org\",\"@graph\":[{\"@type\":\"WebPage\",\"@id\":\"https:\/\/institutdetouraine.com\/en\/legal-notice\/\",\"url\":\"https:\/\/institutdetouraine.com\/en\/legal-notice\/\",\"name\":\"Legal Notice - Institut de Touraine\",\"isPartOf\":{\"@id\":\"https:\/\/institutdetouraine.com\/en\/#website\"},\"datePublished\":\"2025-08-15T08:30:48+00:00\",\"dateModified\":\"2026-01-26T13:11:46+00:00\",\"description\":\"Read the legal notice for the website published by the Institut d'\u00e9tudes fran\u00e7aises de Touraine, based in Tours.\",\"breadcrumb\":{\"@id\":\"https:\/\/institutdetouraine.com\/en\/legal-notice\/#breadcrumb\"},\"inLanguage\":\"en-US\",\"potentialAction\":[{\"@type\":\"ReadAction\",\"target\":[\"https:\/\/institutdetouraine.com\/en\/legal-notice\/\"]}]},{\"@type\":\"BreadcrumbList\",\"@id\":\"https:\/\/institutdetouraine.com\/en\/legal-notice\/#breadcrumb\",\"itemListElement\":[{\"@type\":\"ListItem\",\"position\":1,\"name\":\"Accueil\",\"item\":\"https:\/\/institutdetouraine.com\/en\/institut-de-touraine\/\"},{\"@type\":\"ListItem\",\"position\":2,\"name\":\"Legal Notice\"}]},{\"@type\":\"WebSite\",\"@id\":\"https:\/\/institutdetouraine.com\/en\/#website\",\"url\":\"https:\/\/institutdetouraine.com\/en\/\",\"name\":\"Institut de Touraine\",\"description\":\"\",\"potentialAction\":[{\"@type\":\"SearchAction\",\"target\":{\"@type\":\"EntryPoint\",\"urlTemplate\":\"https:\/\/institutdetouraine.com\/en\/?s={search_term_string}\"},\"query-input\":{\"@type\":\"PropertyValueSpecification\",\"valueRequired\":true,\"valueName\":\"search_term_string\"}}],\"inLanguage\":\"en-US\"}]}<\/script>\n<!-- \/ Yoast SEO plugin. -->","yoast_head_json":{"title":"Legal Notice - Institut de Touraine","description":"Read the legal notice for the website published by the Institut d'\u00e9tudes fran\u00e7aises de Touraine, based in Tours.","robots":{"index":"index","follow":"follow","max-snippet":"max-snippet:-1","max-image-preview":"max-image-preview:large","max-video-preview":"max-video-preview:-1"},"canonical":"https:\/\/institutdetouraine.com\/en\/legal-notice\/","og_locale":"en_US","og_type":"article","og_title":"Legal Notice - Institut de Touraine","og_description":"Read the legal notice for the website published by the Institut d'\u00e9tudes fran\u00e7aises de Touraine, based in Tours.","og_url":"https:\/\/institutdetouraine.com\/en\/legal-notice\/","og_site_name":"Institut de Touraine","article_publisher":"https:\/\/www.facebook.com\/institutdetouraine","article_modified_time":"2026-01-26T13:11:46+00:00","twitter_card":"summary_large_image","twitter_misc":{"Est. reading time":"1 minute"},"schema":{"@context":"https:\/\/schema.org","@graph":[{"@type":"WebPage","@id":"https:\/\/institutdetouraine.com\/en\/legal-notice\/","url":"https:\/\/institutdetouraine.com\/en\/legal-notice\/","name":"Legal Notice - Institut de Touraine","isPartOf":{"@id":"https:\/\/institutdetouraine.com\/en\/#website"},"datePublished":"2025-08-15T08:30:48+00:00","dateModified":"2026-01-26T13:11:46+00:00","description":"Read the legal notice for the website published by the Institut d'\u00e9tudes fran\u00e7aises de Touraine, based in Tours.","breadcrumb":{"@id":"https:\/\/institutdetouraine.com\/en\/legal-notice\/#breadcrumb"},"inLanguage":"en-US","potentialAction":[{"@type":"ReadAction","target":["https:\/\/institutdetouraine.com\/en\/legal-notice\/"]}]},{"@type":"BreadcrumbList","@id":"https:\/\/institutdetouraine.com\/en\/legal-notice\/#breadcrumb","itemListElement":[{"@type":"ListItem","position":1,"name":"Accueil","item":"https:\/\/institutdetouraine.com\/en\/institut-de-touraine\/"},{"@type":"ListItem","position":2,"name":"Legal Notice"}]},{"@type":"WebSite","@id":"https:\/\/institutdetouraine.com\/en\/#website","url":"https:\/\/institutdetouraine.com\/en\/","name":"Institut de Touraine","description":"","potentialAction":[{"@type":"SearchAction","target":{"@type":"EntryPoint","urlTemplate":"https:\/\/institutdetouraine.com\/en\/?s={search_term_string}"},"query-input":{"@type":"PropertyValueSpecification","valueRequired":true,"valueName":"search_term_string"}}],"inLanguage":"en-US"}]}},"_links":{"self":[{"href":"https:\/\/institutdetouraine.com\/en\/wp-json\/wp\/v2\/pages\/2077","targetHints":{"allow":["GET"]}}],"collection":[{"href":"https:\/\/institutdetouraine.com\/en\/wp-json\/wp\/v2\/pages"}],"about":[{"href":"https:\/\/institutdetouraine.com\/en\/wp-json\/wp\/v2\/types\/page"}],"author":[{"embeddable":true,"href":"https:\/\/institutdetouraine.com\/en\/wp-json\/wp\/v2\/users\/2"}],"replies":[{"embeddable":true,"href":"https:\/\/institutdetouraine.com\/en\/wp-json\/wp\/v2\/comments?post=2077"}],"version-history":[{"count":2,"href":"https:\/\/institutdetouraine.com\/en\/wp-json\/wp\/v2\/pages\/2077\/revisions"}],"predecessor-version":[{"id":3503,"href":"https:\/\/institutdetouraine.com\/en\/wp-json\/wp\/v2\/pages\/2077\/revisions\/3503"}],"wp:attachment":[{"href":"https:\/\/institutdetouraine.com\/en\/wp-json\/wp\/v2\/media?parent=2077"}],"curies":[{"name":"wp","href":"https:\/\/api.w.org\/{rel}","templated":true}]}}