{"id":2095,"date":"2025-08-15T09:53:33","date_gmt":"2025-08-15T07:53:33","guid":{"rendered":"https:\/\/institut.loumetis.fr\/datenschutzerklaerung\/"},"modified":"2026-01-26T14:12:20","modified_gmt":"2026-01-26T13:12:20","slug":"datenschutzerklaerung","status":"publish","type":"page","link":"https:\/\/institutdetouraine.com\/de\/datenschutzerklaerung\/","title":{"rendered":"Datenschutzerkl\u00e4rung"},"content":{"rendered":"\t\t<div data-elementor-type=\"wp-page\" data-elementor-id=\"2095\" class=\"elementor elementor-2095 elementor-1162\" data-elementor-post-type=\"page\">\n\t\t\t\t<div class=\"elementor-element elementor-element-17a790d e-flex e-con-boxed e-con e-parent\" data-id=\"17a790d\" data-element_type=\"container\" data-settings=\"{&quot;background_background&quot;:&quot;classic&quot;}\">\n\t\t\t\t\t<div class=\"e-con-inner\">\n\t\t\t\t<div class=\"elementor-element elementor-element-d5b3b33 elementor-widget elementor-widget-text-editor\" data-id=\"d5b3b33\" data-element_type=\"widget\" data-widget_type=\"text-editor.default\">\n\t\t\t\t<div class=\"elementor-widget-container\">\n\t\t\t\t\t\t\t\t\t<h1>Datenschutzerkl\u00e4rung<\/h1><h4>Datenschutzrichtlinie<\/h4>\t\t\t\t\t\t\t\t<\/div>\n\t\t\t\t<\/div>\n\t\t\t\t\t<\/div>\n\t\t\t\t<\/div>\n\t\t<div class=\"elementor-element elementor-element-a1e0e3f e-con-full e-flex e-con e-parent\" data-id=\"a1e0e3f\" data-element_type=\"container\">\n\t\t\t\t<div class=\"elementor-element elementor-element-3f6d291 elementor-widget elementor-widget-text-editor\" data-id=\"3f6d291\" data-element_type=\"widget\" data-widget_type=\"text-editor.default\">\n\t\t\t\t<div class=\"elementor-widget-container\">\n\t\t\t\t\t\t\t\t\t<p><em>Stand: 14. August 2025<\/em><\/p>\t\t\t\t\t\t\t\t<\/div>\n\t\t\t\t<\/div>\n\t\t\t\t<div class=\"elementor-element elementor-element-f314a5a elementor-widget elementor-widget-text-editor\" data-id=\"f314a5a\" data-element_type=\"widget\" data-widget_type=\"text-editor.default\">\n\t\t\t\t<div class=\"elementor-widget-container\">\n\t\t\t\t\t\t\t\t\t<p>Diese Datenschutzerkl\u00e4rung legt fest und informiert Sie dar\u00fcber, wie das Institut de Touraine die Informationen verwendet und sch\u00fctzt, die Sie uns gegebenenfalls \u00fcbermitteln, wenn Sie diese Website nutzen, die unter der folgenden URL zug\u00e4nglich ist: www.institutdetouraine.com (im Folgenden \u201edie Website\u201c genannt).<\/p><p>Bitte beachten Sie, dass diese Datenschutzerkl\u00e4rung vom Institut de Touraine jederzeit ge\u00e4ndert oder erg\u00e4nzt werden kann, insbesondere um sich an legislative, regulatorische, rechtliche oder technologische Entwicklungen anzupassen. In einem solchen Fall wird das Datum ihrer Aktualisierung deutlich am Anfang dieser Richtlinie angegeben. Diese \u00c4nderungen sind f\u00fcr den Nutzer ab ihrer Online-Stellung bindend. Es ist daher ratsam, dass der Nutzer diese Datenschutz- und Cookie-Richtlinie regelm\u00e4\u00dfig konsultiert, um sich \u00fcber m\u00f6gliche \u00c4nderungen zu informieren.   <\/p><h3>Pr\u00e4ambel<\/h3><p>Im Allgemeinen ist es Ihnen m\u00f6glich, die vom Institut de Touraine betriebene Website www.institutdetouraine.com zu besuchen, ohne pers\u00f6nliche Informationen \u00fcber sich preiszugeben. In jedem Fall sind Sie in keiner Weise verpflichtet, diese Informationen an das Institut de Touraine zu \u00fcbermitteln. <\/p><p>Dennoch kann das Institut de Touraine in bestimmten F\u00e4llen dazu aufgefordert werden, Sie um die Angabe Ihrer pers\u00f6nlichen Daten zu bitten (Siehe unten \u201eArten und Zwecke der erhobenen Daten\u201c). Durch die Bereitstellung dieser Informationen erkl\u00e4ren Sie sich ausdr\u00fccklich damit einverstanden, dass diese vom Institut de Touraine zu den unter Punkt 3 genannten Zwecken sowie zu den am Ende jedes Formulars genannten Zwecken verarbeitet werden. <\/p><p>Im Falle einer Ablehnung k\u00f6nnen Sie m\u00f6glicherweise bestimmte von Ihnen angeforderte Informationen oder Dienstleistungen nicht in Anspruch nehmen.<\/p><p>Gem\u00e4\u00df der am 14. April 2016 vom Europ\u00e4ischen Parlament verabschiedeten Datenschutz-Grundverordnung (General Data Protection Regulation) und dem ge\u00e4nderten Gesetz \u00fcber Informatik und Freiheiten vom 6. Januar 1978 informiert Sie das Institut de Touraine \u00fcber die folgenden Punkte:<\/p><h3>1. Identit\u00e4t und Kontaktdaten des Verantwortlichen<\/h3><p>Verantwortlicher ist der Verein Institut de Touraine, mit Sitz in 1, rue de la Grandi\u00e8re BP 72047 37020 Tours Cedex 1,<\/p><p>Tel. : +33 &#8211; (0)2 47 05 76 83,<\/p><p>E-Mail: contact@institutdetouraine.com<\/p><h3>2. Erhebung und Herkunft der Daten<\/h3><p>Alle Nutzerdaten werden direkt von den Nutzern erhoben.<\/p><p>Das Institut de Touraine verpflichtet sich, die Zustimmung seiner Nutzer einzuholen und\/oder ihnen die M\u00f6glichkeit zu geben, der Nutzung ihrer Daten f\u00fcr bestimmte Zwecke zu widersprechen, sobald dies erforderlich ist.<\/p><p>In jedem Fall werden die Nutzer \u00fcber die Zwecke informiert, f\u00fcr die ihre Daten \u00fcber die verschiedenen Online-Datenerfassungsformulare erhoben werden.<\/p><h3>3. Arten der erhobenen Daten<\/h3><p>Wir erheben nur die Daten, die zur Bearbeitung Ihrer Anfragen und zum Versand von Informationen erforderlich sind. Diese Daten werden erhoben \u00fcber: <\/p><ul><li>Das Kontaktformular und das Angebots-\/Anmeldeformular (Name, Vorname, E-Mail-Adresse, Telefonnummer, Nachricht und f\u00fcr Ihre Anfrage notwendige Informationen).<\/li><li>Die Anmeldung zum Newsletter (E-Mail-Adresse).<\/li><li>Cookies und Tracker (siehe Abschnitt Cookies).<\/li><\/ul><p>Unsere Verteilerlisten werden \u00fcber die Plattform Mailchimp verwaltet. Jede Sendung enth\u00e4lt einen Hyperlink, \u00fcber den Sie sich jederzeit abmelden k\u00f6nnen. <\/p><h3 data-start=\"698\" data-end=\"762\">4. Obligatorischer oder fakultativer Charakter der gesammelten Daten<\/h3><p data-start=\"769\" data-end=\"1053\">Die Formulare auf der Website des Institut de Touraine (Kontaktformular, Anfrage-\/Anmeldeformular und Anmeldung zum Newsletter) geben an, ob die angeforderten Informationen obligatorisch oder fakultativ sind, insbesondere durch ein Sternchen (*).<\/p><p data-start=\"1060\" data-end=\"1404\">Die als obligatorisch gekennzeichneten Daten sind f\u00fcr die Bearbeitung der Anfrage des Nutzers erforderlich. Bei Nichtbereitstellung dieser Informationen ist das Institut de Touraine nicht in der Lage, die betreffende Anfrage zu bearbeiten (Kontaktaufnahme, Beantwortung einer Anfrage nach Informationen, einem Kostenvoranschlag oder einer Anmeldung oder Abonnement des Newsletters). <\/p><p data-start=\"1411\" data-end=\"1643\">Freiwillige Daten werden gesammelt, um die Qualit\u00e4t des Austauschs und die Bearbeitung von Anfragen zu verbessern, aber ihr Fehlen verhindert weder das Absenden des Formulars noch die Bearbeitung der Anfrage durch das Institut de Touraine.<\/p><h3>5. Zweck der gesammelten Daten<\/h3><p>Das Institut de Touraine erhebt nur angemessene, relevante und auf das Notwendige beschr\u00e4nkte Daten im Hinblick auf die Zwecke, f\u00fcr die sie verarbeitet werden.<\/p><ul><li>Beantwortung Ihrer Anfragen, die \u00fcber unsere Kontakt- oder Angebots-\/Anmeldeformulare gesendet wurden.<\/li><li>Ihnen unseren Newsletter zusenden, wenn Sie sich daf\u00fcr angemeldet haben.<\/li><li>Analyse der Website-Nutzung und Verbesserung der Benutzererfahrung (statistische Cookies).<\/li><\/ul><p>Die Verarbeitung Ihrer pers\u00f6nlichen Daten basiert auf Ihrer Zustimmung (Kontaktformulare, Newsletter-Anmeldung, nicht-essentielle Cookies) und unserem berechtigten Interesse, Ihre Anfragen zu beantworten und den reibungslosen Betrieb der Website zu gew\u00e4hrleisten.<\/p><h3>6. Empf\u00e4nger<\/h3><p>Nur das Institut de Touraine ist Empf\u00e4nger Ihrer Pers\u00f6nlichen Informationen. Diese werden, ob in individueller oder aggregierter Form, niemals an Dritte weitergegeben, ungeachtet der Subunternehmer, die das Institut de Touraine einsetzt. Weder das Institut de Touraine noch einer seiner Subunternehmer vermarktet die pers\u00f6nlichen Daten der Besucher und Nutzer seiner Website.  <\/p><h3>7. Dauer der Aufbewahrung<\/h3><p data-start=\"257\" data-end=\"609\">Ihre pers\u00f6nlichen Informationen werden vom Institut de Touraine nur so lange aufbewahrt, wie es f\u00fcr die Zwecke, f\u00fcr die sie gesammelt wurden, erforderlich ist, und dies unter Einhaltung der gesetzlichen Verpflichtungen, die f\u00fcr unsere Lehrt\u00e4tigkeit und unsere T\u00e4tigkeit als Pr\u00fcfungszentrum gelten.<\/p><p data-start=\"613\" data-end=\"896\">Die Informationen \u00fcber Ihr Kundenkonto werden 3 Jahre lang nach Ihrer letzten Aktivit\u00e4t auf dem Konto aufbewahrt. Nach Ablauf dieser Frist kann das Konto geschlossen und Ihre Daten anonymisiert oder gel\u00f6scht werden, es sei denn, eine l\u00e4ngere Aufbewahrung ist gesetzlich vorgeschrieben. <\/p><h3 data-start=\"642\" data-end=\"695\">8. \u00dcbertragung von Daten au\u00dferhalb der Europ\u00e4ischen Union<\/h3><p data-start=\"702\" data-end=\"826\">Die vom Institut de Touraine gesammelten pers\u00f6nlichen Daten werden haupts\u00e4chlich innerhalb der Europ\u00e4ischen Union verarbeitet.<\/p><p data-start=\"833\" data-end=\"1213\">Bestimmte Tools oder Dienstleister, die vom Institut de Touraine verwendet werden (insbesondere f\u00fcr den Versand von Newslettern, die Messung des Publikums oder die Verwaltung von Cookies), k\u00f6nnen jedoch eine \u00dcbertragung personenbezogener Daten in L\u00e4nder au\u00dferhalb der Europ\u00e4ischen Union beinhalten, insbesondere in L\u00e4nder, die als L\u00e4nder anerkannt sind, die kein gleichwertiges Schutzniveau wie die Europ\u00e4ische Union bieten.<\/p><p data-start=\"1220\" data-end=\"1560\">In diesem Fall stellt das Institut de Touraine sicher, dass diese \u00dcbertragungen von angemessenen Garantien gem\u00e4\u00df den geltenden Vorschriften begleitet werden, wie z. B. Standardvertragsklauseln, die von der Europ\u00e4ischen Kommission angenommen wurden, oder jede andere Ma\u00dfnahme, die anerkannt ist, um ein angemessenes Schutzniveau f\u00fcr personenbezogene Daten zu gew\u00e4hrleisten.<\/p><p data-start=\"1567\" data-end=\"1756\">Der Nutzer kann weitere Informationen \u00fcber diese Garantien erhalten, indem er das Institut de Touraine unter den in dieser Datenschutzrichtlinie genannten Kontaktdaten kontaktiert.<\/p><h3>9. Datenschutzrechte<\/h3><p>Sie haben die folgenden Rechte bez\u00fcglich Ihrer pers\u00f6nlichen Informationen, die Sie aus\u00fcben k\u00f6nnen, indem Sie uns an die unter Punkt 1 genannte Postanschrift schreiben oder das Kontaktformular ausf\u00fcllen.<\/p><h4>Recht auf Auskunft und Daten\u00fcbertragbarkeit<\/h4><p>Sie haben das Recht, auf die Sie betreffenden pers\u00f6nlichen Informationen zuzugreifen.<\/p><p>Aufgrund der dem Institut de Touraine obliegenden Sicherheits- und Vertraulichkeitspflicht bei der Verarbeitung personenbezogener Daten werden Sie dar\u00fcber informiert, dass Ihr Antrag unter der Bedingung bearbeitet wird, dass Sie einen Identit\u00e4tsnachweis erbringen, insbesondere durch Vorlage eines Scans Ihres g\u00fcltigen Ausweisdokuments (im Falle einer Anfrage \u00fcber unser spezielles elektronisches Formular) oder einer unterschriebenen Fotokopie Ihres g\u00fcltigen Ausweisdokuments (im Falle einer schriftlichen Anfrage).<\/p><p>Das Institut de Touraine informiert Sie, dass es gegebenenfalls berechtigt ist, offensichtlich missbr\u00e4uchlichen Anfragen (aufgrund ihrer Anzahl, ihres wiederholten oder systematischen Charakters) zu widersprechen.<\/p><p>Um Sie bei Ihrem Vorgehen zu unterst\u00fctzen, insbesondere wenn Sie Ihr Auskunftsrecht mittels eines schriftlichen Antrags an die unter Punkt 1 genannte Postanschrift aus\u00fcben m\u00f6chten, finden Sie durch Klicken auf den folgenden Link ein von der Commission Nationale de l\u2019Informatique et des Libert\u00e9s (der \u201eCNIL\u201c) erstelltes Musterschreiben.<\/p><p><a href=\"https:\/\/www.cnil.fr\/fr\/modele\/courrier\/exercer-son-droit-dacces\">https:\/\/www.cnil.fr\/fr\/modele\/courrier\/exercer-son-droit-dacces<\/a><\/p><h4>Recht auf Berichtigung der Daten<\/h4><p>Im Rahmen dieses Rechts erm\u00e4chtigt Sie die Gesetzgebung, die Berichtigung, Aktualisierung, Sperrung oder L\u00f6schung der Sie betreffenden Daten zu verlangen, die sich gegebenenfalls als ungenau, fehlerhaft, unvollst\u00e4ndig oder veraltet erweisen k\u00f6nnen.<\/p><p>Ebenso k\u00f6nnen Sie allgemeine und besondere Anweisungen bez\u00fcglich des Umgangs mit personenbezogenen Daten nach Ihrem Tod festlegen. Gegebenenfalls k\u00f6nnen die Erben einer verstorbenen Person verlangen, den Tod ihres Angeh\u00f6rigen zu ber\u00fccksichtigen und\/oder die notwendigen Aktualisierungen vorzunehmen. <\/p><p>Um Sie bei Ihrem Vorgehen zu unterst\u00fctzen, insbesondere wenn Sie Ihr Recht auf Berichtigung f\u00fcr sich selbst oder im Namen eines verstorbenen Angeh\u00f6rigen mittels eines schriftlichen Antrags an die unter Punkt 1 genannte Postanschrift aus\u00fcben m\u00f6chten, finden Sie durch Klicken auf den folgenden Link ein von der CNIL erstelltes Musterschreiben.<\/p><p><a href=\"https:\/\/www.cnil.fr\/fr\/modele\/courrier\/rectifier-des-donnees-inexactes-obsoletes-ou-perimees\">https:\/\/www.cnil.fr\/fr\/modele\/courrier\/rectifier-des-donnees-inexactes-obsoletes-ou-perimees<\/a><\/p><h4>Widerspruchsrecht<\/h4><p>Die Aus\u00fcbung dieses Rechts ist nur in einer der beiden folgenden Situationen m\u00f6glich:<\/p><ul><li>Wenn die Aus\u00fcbung dieses Rechts auf legitimen Gr\u00fcnden beruht; oder<\/li><li>Wenn die Aus\u00fcbung dieses Rechts darauf abzielt, die Verwendung der erhobenen Daten f\u00fcr kommerzielle Werbezwecke zu verhindern.<\/li><\/ul><p>Um Sie bei Ihrem Vorgehen zu unterst\u00fctzen, insbesondere wenn Sie Ihr Widerspruchsrecht mittels eines schriftlichen Antrags an die unter Punkt 1 genannte Postanschrift aus\u00fcben m\u00f6chten, finden Sie durch Klicken auf den folgenden Link ein von der CNIL erstelltes Musterschreiben.<\/p><p><a href=\"https:\/\/www.cnil.fr\/fr\/modele\/courrier\/supprimer-des-informations-vous-concernant-dun-site-internet\">https:\/\/www.cnil.fr\/fr\/modele\/courrier\/supprimer-des-informations-vous-concernant-dun-site-internet<\/a><\/p><h3 data-start=\"167\" data-end=\"511\">10. Kontakt des Datenschutzbeauftragten (DPO)<\/h3><p data-start=\"167\" data-end=\"511\">Wenn Sie Fragen zu Ihren pers\u00f6nlichen Daten, zur Aus\u00fcbung Ihrer Rechte (Zugang, Berichtigung, L\u00f6schung, Einschr\u00e4nkung, \u00dcbertragbarkeit, Widerspruch) oder zur Verarbeitung Ihrer Informationen haben, k\u00f6nnen Sie sich an unsere Datenschutzabteilung unter folgender Adresse wenden:<\/p><p data-start=\"513\" data-end=\"645\">E-Mail: <a class=\"decorated-link cursor-pointer\" rel=\"noopener\" data-start=\"528\" data-end=\"558\">contact@institutdetouraine.com<\/a><br data-start=\"558\" data-end=\"561\">Postanschrift: Institut de Touraine, 12 rue des \u00c9coles, 37000 Tours, Frankreich<\/p><p data-start=\"647\" data-end=\"778\">Unser Team wird Ihre Anfrage innerhalb einer angemessenen Frist von h\u00f6chstens 1 Monat nach Erhalt Ihrer Anfrage bearbeiten.<\/p><h3>11. Beschwerde bei der zust\u00e4ndigen Beh\u00f6rde<\/h3><p>Wenn Sie der Ansicht sind, dass das Institut de Touraine seinen Verpflichtungen bez\u00fcglich Ihrer pers\u00f6nlichen Informationen nicht nachkommt, k\u00f6nnen Sie eine Beschwerde oder Anfrage an die zust\u00e4ndige Beh\u00f6rde richten. In Frankreich ist die zust\u00e4ndige Beh\u00f6rde die CNIL, an die Sie eine Anfrage elektronisch richten k\u00f6nnen, indem Sie auf den folgenden Link klicken: <a href=\"https:\/\/www.cnil.fr\/fr\/plaintes\/internet\">https:\/\/www.cnil.fr\/fr\/plaintes\/internet<\/a>. <\/p>\t\t\t\t\t\t\t\t<\/div>\n\t\t\t\t<\/div>\n\t\t\t\t<\/div>\n\t\t\t\t<\/div>\n\t\t","protected":false},"excerpt":{"rendered":"<p>Datenschutzerkl\u00e4rung Datenschutzrichtlinie Stand: 14. August 2025 Diese Datenschutzerkl\u00e4rung legt fest und informiert Sie dar\u00fcber, wie das Institut de Touraine die [&hellip;]<\/p>\n","protected":false},"author":2,"featured_media":0,"parent":0,"menu_order":0,"comment_status":"closed","ping_status":"closed","template":"","meta":{"_eb_attr":"","site-sidebar-layout":"no-sidebar","site-content-layout":"","ast-site-content-layout":"full-width-container","site-content-style":"default","site-sidebar-style":"default","ast-global-header-display":"","ast-banner-title-visibility":"","ast-main-header-display":"","ast-hfb-above-header-display":"","ast-hfb-below-header-display":"","ast-hfb-mobile-header-display":"","site-post-title":"disabled","ast-breadcrumbs-content":"","ast-featured-img":"disabled","footer-sml-layout":"","theme-transparent-header-meta":"","adv-header-id-meta":"","stick-header-meta":"","header-above-stick-meta":"","header-main-stick-meta":"","header-below-stick-meta":"","astra-migrate-meta-layouts":"default","ast-page-background-enabled":"default","ast-page-background-meta":{"desktop":{"background-color":"var(--ast-global-color-5)","background-image":"","background-repeat":"repeat","background-position":"center center","background-size":"auto","background-attachment":"scroll","background-type":"","background-media":"","overlay-type":"","overlay-color":"","overlay-opacity":"","overlay-gradient":""},"tablet":{"background-color":"","background-image":"","background-repeat":"repeat","background-position":"center center","background-size":"auto","background-attachment":"scroll","background-type":"","background-media":"","overlay-type":"","overlay-color":"","overlay-opacity":"","overlay-gradient":""},"mobile":{"background-color":"","background-image":"","background-repeat":"repeat","background-position":"center center","background-size":"auto","background-attachment":"scroll","background-type":"","background-media":"","overlay-type":"","overlay-color":"","overlay-opacity":"","overlay-gradient":""}},"ast-content-background-meta":{"desktop":{"background-color":"var(--ast-global-color-4)","background-image":"","background-repeat":"repeat","background-position":"center center","background-size":"auto","background-attachment":"scroll","background-type":"","background-media":"","overlay-type":"","overlay-color":"","overlay-opacity":"","overlay-gradient":""},"tablet":{"background-color":"var(--ast-global-color-4)","background-image":"","background-repeat":"repeat","background-position":"center center","background-size":"auto","background-attachment":"scroll","background-type":"","background-media":"","overlay-type":"","overlay-color":"","overlay-opacity":"","overlay-gradient":""},"mobile":{"background-color":"var(--ast-global-color-4)","background-image":"","background-repeat":"repeat","background-position":"center center","background-size":"auto","background-attachment":"scroll","background-type":"","background-media":"","overlay-type":"","overlay-color":"","overlay-opacity":"","overlay-gradient":""}},"footnotes":""},"class_list":["post-2095","page","type-page","status-publish","hentry"],"yoast_head":"<!-- This site is optimized with the Yoast SEO plugin v26.4 - https:\/\/yoast.com\/wordpress\/plugins\/seo\/ -->\n<title>Datenschutzerkl\u00e4rung : pers\u00f6nliche Daten - Institut de Touraine<\/title>\n<meta name=\"description\" content=\"Erfahren Sie mehr \u00fcber unsere Datenschutzerkl\u00e4rung, der Schutz Ihrer pers\u00f6nlichen Daten ist uns ein zentrales Anliegen.\" \/>\n<meta name=\"robots\" content=\"index, follow, max-snippet:-1, max-image-preview:large, max-video-preview:-1\" \/>\n<link rel=\"canonical\" href=\"https:\/\/institutdetouraine.com\/de\/datenschutzerklaerung\/\" \/>\n<meta property=\"og:locale\" content=\"de_DE\" \/>\n<meta property=\"og:type\" content=\"article\" \/>\n<meta property=\"og:title\" content=\"Datenschutzerkl\u00e4rung : pers\u00f6nliche Daten - Institut de Touraine\" \/>\n<meta property=\"og:description\" content=\"Erfahren Sie mehr \u00fcber unsere Datenschutzerkl\u00e4rung, der Schutz Ihrer pers\u00f6nlichen Daten ist uns ein zentrales Anliegen.\" \/>\n<meta property=\"og:url\" content=\"https:\/\/institutdetouraine.com\/de\/datenschutzerklaerung\/\" \/>\n<meta property=\"og:site_name\" content=\"Institut de Touraine\" \/>\n<meta property=\"article:publisher\" content=\"https:\/\/www.facebook.com\/institutdetouraine\" \/>\n<meta property=\"article:modified_time\" content=\"2026-01-26T13:12:20+00:00\" \/>\n<meta name=\"twitter:card\" content=\"summary_large_image\" \/>\n<meta name=\"twitter:label1\" content=\"Gesch\u00e4tzte Lesezeit\" \/>\n\t<meta name=\"twitter:data1\" content=\"8 Minuten\" \/>\n<script type=\"application\/ld+json\" class=\"yoast-schema-graph\">{\"@context\":\"https:\/\/schema.org\",\"@graph\":[{\"@type\":\"WebPage\",\"@id\":\"https:\/\/institutdetouraine.com\/de\/datenschutzerklaerung\/\",\"url\":\"https:\/\/institutdetouraine.com\/de\/datenschutzerklaerung\/\",\"name\":\"Datenschutzerkl\u00e4rung : pers\u00f6nliche Daten - Institut de Touraine\",\"isPartOf\":{\"@id\":\"https:\/\/institutdetouraine.com\/de\/#website\"},\"datePublished\":\"2025-08-15T07:53:33+00:00\",\"dateModified\":\"2026-01-26T13:12:20+00:00\",\"description\":\"Erfahren Sie mehr \u00fcber unsere Datenschutzerkl\u00e4rung, der Schutz Ihrer pers\u00f6nlichen Daten ist uns ein zentrales Anliegen.\",\"breadcrumb\":{\"@id\":\"https:\/\/institutdetouraine.com\/de\/datenschutzerklaerung\/#breadcrumb\"},\"inLanguage\":\"de\",\"potentialAction\":[{\"@type\":\"ReadAction\",\"target\":[\"https:\/\/institutdetouraine.com\/de\/datenschutzerklaerung\/\"]}]},{\"@type\":\"BreadcrumbList\",\"@id\":\"https:\/\/institutdetouraine.com\/de\/datenschutzerklaerung\/#breadcrumb\",\"itemListElement\":[{\"@type\":\"ListItem\",\"position\":1,\"name\":\"Accueil\",\"item\":\"https:\/\/institutdetouraine.com\/de\/institut-de-touraine\/\"},{\"@type\":\"ListItem\",\"position\":2,\"name\":\"Datenschutzerkl\u00e4rung\"}]},{\"@type\":\"WebSite\",\"@id\":\"https:\/\/institutdetouraine.com\/de\/#website\",\"url\":\"https:\/\/institutdetouraine.com\/de\/\",\"name\":\"Institut de Touraine\",\"description\":\"\",\"potentialAction\":[{\"@type\":\"SearchAction\",\"target\":{\"@type\":\"EntryPoint\",\"urlTemplate\":\"https:\/\/institutdetouraine.com\/de\/?s={search_term_string}\"},\"query-input\":{\"@type\":\"PropertyValueSpecification\",\"valueRequired\":true,\"valueName\":\"search_term_string\"}}],\"inLanguage\":\"de\"}]}<\/script>\n<!-- \/ Yoast SEO plugin. -->","yoast_head_json":{"title":"Datenschutzerkl\u00e4rung : pers\u00f6nliche Daten - Institut de Touraine","description":"Erfahren Sie mehr \u00fcber unsere Datenschutzerkl\u00e4rung, der Schutz Ihrer pers\u00f6nlichen Daten ist uns ein zentrales Anliegen.","robots":{"index":"index","follow":"follow","max-snippet":"max-snippet:-1","max-image-preview":"max-image-preview:large","max-video-preview":"max-video-preview:-1"},"canonical":"https:\/\/institutdetouraine.com\/de\/datenschutzerklaerung\/","og_locale":"de_DE","og_type":"article","og_title":"Datenschutzerkl\u00e4rung : pers\u00f6nliche Daten - Institut de Touraine","og_description":"Erfahren Sie mehr \u00fcber unsere Datenschutzerkl\u00e4rung, der Schutz Ihrer pers\u00f6nlichen Daten ist uns ein zentrales Anliegen.","og_url":"https:\/\/institutdetouraine.com\/de\/datenschutzerklaerung\/","og_site_name":"Institut de Touraine","article_publisher":"https:\/\/www.facebook.com\/institutdetouraine","article_modified_time":"2026-01-26T13:12:20+00:00","twitter_card":"summary_large_image","twitter_misc":{"Gesch\u00e4tzte Lesezeit":"8 Minuten"},"schema":{"@context":"https:\/\/schema.org","@graph":[{"@type":"WebPage","@id":"https:\/\/institutdetouraine.com\/de\/datenschutzerklaerung\/","url":"https:\/\/institutdetouraine.com\/de\/datenschutzerklaerung\/","name":"Datenschutzerkl\u00e4rung : pers\u00f6nliche Daten - Institut de Touraine","isPartOf":{"@id":"https:\/\/institutdetouraine.com\/de\/#website"},"datePublished":"2025-08-15T07:53:33+00:00","dateModified":"2026-01-26T13:12:20+00:00","description":"Erfahren Sie mehr \u00fcber unsere Datenschutzerkl\u00e4rung, der Schutz Ihrer pers\u00f6nlichen Daten ist uns ein zentrales Anliegen.","breadcrumb":{"@id":"https:\/\/institutdetouraine.com\/de\/datenschutzerklaerung\/#breadcrumb"},"inLanguage":"de","potentialAction":[{"@type":"ReadAction","target":["https:\/\/institutdetouraine.com\/de\/datenschutzerklaerung\/"]}]},{"@type":"BreadcrumbList","@id":"https:\/\/institutdetouraine.com\/de\/datenschutzerklaerung\/#breadcrumb","itemListElement":[{"@type":"ListItem","position":1,"name":"Accueil","item":"https:\/\/institutdetouraine.com\/de\/institut-de-touraine\/"},{"@type":"ListItem","position":2,"name":"Datenschutzerkl\u00e4rung"}]},{"@type":"WebSite","@id":"https:\/\/institutdetouraine.com\/de\/#website","url":"https:\/\/institutdetouraine.com\/de\/","name":"Institut de Touraine","description":"","potentialAction":[{"@type":"SearchAction","target":{"@type":"EntryPoint","urlTemplate":"https:\/\/institutdetouraine.com\/de\/?s={search_term_string}"},"query-input":{"@type":"PropertyValueSpecification","valueRequired":true,"valueName":"search_term_string"}}],"inLanguage":"de"}]}},"_links":{"self":[{"href":"https:\/\/institutdetouraine.com\/de\/wp-json\/wp\/v2\/pages\/2095","targetHints":{"allow":["GET"]}}],"collection":[{"href":"https:\/\/institutdetouraine.com\/de\/wp-json\/wp\/v2\/pages"}],"about":[{"href":"https:\/\/institutdetouraine.com\/de\/wp-json\/wp\/v2\/types\/page"}],"author":[{"embeddable":true,"href":"https:\/\/institutdetouraine.com\/de\/wp-json\/wp\/v2\/users\/2"}],"replies":[{"embeddable":true,"href":"https:\/\/institutdetouraine.com\/de\/wp-json\/wp\/v2\/comments?post=2095"}],"version-history":[{"count":2,"href":"https:\/\/institutdetouraine.com\/de\/wp-json\/wp\/v2\/pages\/2095\/revisions"}],"predecessor-version":[{"id":3512,"href":"https:\/\/institutdetouraine.com\/de\/wp-json\/wp\/v2\/pages\/2095\/revisions\/3512"}],"wp:attachment":[{"href":"https:\/\/institutdetouraine.com\/de\/wp-json\/wp\/v2\/media?parent=2095"}],"curies":[{"name":"wp","href":"https:\/\/api.w.org\/{rel}","templated":true}]}}