{"id":2090,"date":"2025-08-15T10:20:33","date_gmt":"2025-08-15T08:20:33","guid":{"rendered":"https:\/\/institut.loumetis.fr\/cookie-richtlinie\/"},"modified":"2025-11-22T23:18:50","modified_gmt":"2025-11-22T22:18:50","slug":"cookie-richtlinie","status":"publish","type":"page","link":"https:\/\/institutdetouraine.com\/de\/cookie-richtlinie\/","title":{"rendered":"Cookie-Richtlinie"},"content":{"rendered":"\t\t<div data-elementor-type=\"wp-page\" data-elementor-id=\"2090\" class=\"elementor elementor-2090 elementor-1190\" data-elementor-post-type=\"page\">\n\t\t\t\t<div class=\"elementor-element elementor-element-17a790d e-flex e-con-boxed e-con e-parent\" data-id=\"17a790d\" data-element_type=\"container\" data-settings=\"{&quot;background_background&quot;:&quot;classic&quot;}\">\n\t\t\t\t\t<div class=\"e-con-inner\">\n\t\t\t\t<div class=\"elementor-element elementor-element-d5b3b33 elementor-widget elementor-widget-text-editor\" data-id=\"d5b3b33\" data-element_type=\"widget\" data-widget_type=\"text-editor.default\">\n\t\t\t\t<div class=\"elementor-widget-container\">\n\t\t\t\t\t\t\t\t\t<h1>Cookie-Richtlinie<\/h1><h4>Verwendung, Zweck und Verwaltung von Cookies<\/h4>\t\t\t\t\t\t\t\t<\/div>\n\t\t\t\t<\/div>\n\t\t\t\t\t<\/div>\n\t\t\t\t<\/div>\n\t\t<div class=\"elementor-element elementor-element-a1e0e3f e-flex e-con-boxed e-con e-parent\" data-id=\"a1e0e3f\" data-element_type=\"container\">\n\t\t\t\t\t<div class=\"e-con-inner\">\n\t\t\t\t<div class=\"elementor-element elementor-element-3f6d291 elementor-widget elementor-widget-text-editor\" data-id=\"3f6d291\" data-element_type=\"widget\" data-widget_type=\"text-editor.default\">\n\t\t\t\t<div class=\"elementor-widget-container\">\n\t\t\t\t\t\t\t\t\t<p><em>Aktualisierte Version vom 14. August 2025<\/em><\/p>\t\t\t\t\t\t\t\t<\/div>\n\t\t\t\t<\/div>\n\t\t\t\t<div class=\"elementor-element elementor-element-f314a5a elementor-widget elementor-widget-text-editor\" data-id=\"f314a5a\" data-element_type=\"widget\" data-widget_type=\"text-editor.default\">\n\t\t\t\t<div class=\"elementor-widget-container\">\n\t\t\t\t\t\t\t\t\t<p>Bei Ihrer ersten Verbindung mit der Website des Institut de Touraine erscheint ein Informationsbanner, um Sie dar\u00fcber zu informieren, dass Daten bez\u00fcglich Ihrer Navigation in Dateien, sogenannten \u201eCookies\u201c, gespeichert werden k\u00f6nnen. Diese Richtlinie erkl\u00e4rt Ihnen transparent die Verwendung dieser Cookies, ihren Zweck und wie Sie diese verwalten k\u00f6nnen. <\/p><p> <\/p><h2>1. Allgemeine Informationen \u00fcber Cookies auf unserer Website<\/h2><p>Das Institut de Touraine kann als Betreiber dieser Website Cookies auf Ihrem Endger\u00e4t (Computer, Tablet, Smartphone\u2026) installieren, um Ihnen eine optimale und personalisierte Navigation zu gew\u00e4hrleisten. <\/p><p>Cookies sind kleine Textdateien, die Ihr Ger\u00e4t erkennen und Inhalte oder Funktionen an Ihre Pr\u00e4ferenzen anpassen. <\/p><p>Die von uns verwendeten Cookies erm\u00f6glichen keine direkte Identifizierung Ihrer Person. Sie dienen ausschlie\u00dflich dazu, die Interaktivit\u00e4t und Leistung der Website zu verbessern oder Ihnen relevante Inhalte anzubieten. Die gesammelten Daten werden nur dann an Dritte weitergegeben, wenn Sie zuvor Ihre Zustimmung erteilt haben oder das Gesetz dies vorschreibt (z. B. Anordnung einer Justizbeh\u00f6rde).  <\/p><p> <\/p><h2>2. Konfiguration Ihrer Pr\u00e4ferenzen f\u00fcr Cookies<\/h2><p>Bei Ihrer ersten Verbindung mit unserer Website erscheint am unteren Bildschirmrand ein Banner, das kurz Informationen zur Speicherung von Cookies und \u00e4hnlichen Technologien enth\u00e4lt. \u00dcber dieses Banner k\u00f6nnen Sie jederzeit:   <\/p><ul><li>Alle Cookies akzeptieren<\/li><li>Alle nicht essenziellen Cookies ablehnen<\/li><li>Ihre Auswahl nach Cookie-Kategorien anpassen<\/li><\/ul><p>Ihre Zustimmung wird maximal 6 Monate gespeichert, danach werden Sie erneut um Zustimmung gebeten.<\/p><p> <\/p><h4>Zustimmungsfreie Cookies <\/h4><p>Bestimmte Cookies, die f\u00fcr den Betrieb der Website unbedingt erforderlich sind oder die elektronische Kommunikation erm\u00f6glichen, sind laut CNIL von der Zustimmung ausgenommen. Dazu geh\u00f6ren:   <\/p><ul><li>Sitzungs- und Authentifizierungs-Cookies<\/li><li>Lastverteilungs-Cookies<\/li><li>Cookies zur Personalisierung der Benutzeroberfl\u00e4che<\/li><\/ul><p> <\/p><h4>Cookies, die eine vorherige Zustimmung erfordern <\/h4><p>Diese Anforderung betrifft Cookies, die von Drittanbietern ausgegeben werden und als \u201epersistent\u201c bezeichnet werden, da sie bis zu ihrer L\u00f6schung oder ihrem Ablaufdatum auf Ihrem Endger\u00e4t verbleiben. Da solche Cookies von Drittanbietern ausgegeben werden, unterliegen ihre Verwendung und Speicherung deren eigenen Datenschutzrichtlinien. Diese Cookie-Kategorie umfasst:  <\/p><ul><li>Cookies zur Reichweitenmessung (Google Analytics): Sie erm\u00f6glichen es uns, die Nutzung der Website zu erfassen und deren Ergonomie zu verbessern.<\/li><li>Cookies f\u00fcr Social-Media-Sharing: ausgegeben von Plattformen (Facebook, LinkedIn, Instagram, YouTube), um Ihnen das Teilen von Inhalten zu erm\u00f6glichen. Ihre Nutzung unterliegt deren eigenen Datenschutzrichtlinien. <\/li><\/ul><p> <\/p><h2>3. Verwaltung von Cookies \u00fcber Ihren Browser<\/h2><p>Sie k\u00f6nnen Ihren Browser so konfigurieren, dass er Cookies ablehnt oder akzeptiert oder Sie benachrichtigt, wenn ein Cookie gesetzt wird. Achtung: Die Ablehnung bestimmter Cookies kann Ihre Benutzererfahrung beeintr\u00e4chtigen.  <\/p><p>Links zu Anleitungen der wichtigsten Browser:  <\/p><ul><li>Chrome: <a href=\"https:\/\/support.google.com\/chrome\/answer\/95647?hl=fr\">https:\/\/support.google.com\/chrome\/answer\/95647?hl=fr<\/a><\/li><li>Firefox: <a href=\"https:\/\/support.mozilla.org\/fr\/kb\/activer-desactiver-cookies\">https:\/\/support.mozilla.org\/fr\/kb\/activer-desactiver-cookies<\/a><\/li><li>Safari: <a href=\"https:\/\/support.apple.com\/kb\/PH21411?viewlocale=fr_FR&amp;locale=fr_FR\">https:\/\/support.apple.com\/kb\/PH21411?viewlocale=fr_FR&amp;locale=fr_FR<\/a><\/li><li>Microsoft Edge: <a href=\"https:\/\/support.microsoft.com\/fr-fr\/microsoft-edge\/supprimer-les-cookies-dans-microsoft-edge-63947406-40ac-c3b8-57b9-2a946a29ae09\">https:\/\/support.microsoft.com\/fr-fr\/microsoft-edge\/supprimer-les-cookies-dans-microsoft-edge-63947406-40ac-c3b8-57b9-2a946a29ae09<\/a><\/li><li>Opera: <a href=\"http:\/\/help.opera.com\/Windows\/10.20\/fr\/cookies.html\">http:\/\/help.opera.com\/Windows\/10.20\/fr\/cookies.html<\/a><\/li><\/ul><p> <\/p><p>F\u00fcr weitere Informationen k\u00f6nnen Sie die Website der CNIL konsultieren: <a href=\"https:\/\/www.cnil.fr\/fr\/cookies-les-outils-pour-les-maitriser\">https:\/\/www.cnil.fr\/fr\/cookies-les-outils-pour-les-maitriser<\/a>.<\/p>\t\t\t\t\t\t\t\t<\/div>\n\t\t\t\t<\/div>\n\t\t\t\t\t<\/div>\n\t\t\t\t<\/div>\n\t\t\t\t<\/div>\n\t\t","protected":false},"excerpt":{"rendered":"<p>Cookie-Richtlinie Verwendung, Zweck und Verwaltung von Cookies Aktualisierte Version vom 14. August 2025 Bei Ihrer ersten Verbindung mit der Website [&hellip;]<\/p>\n","protected":false},"author":2,"featured_media":0,"parent":0,"menu_order":0,"comment_status":"closed","ping_status":"closed","template":"","meta":{"_eb_attr":"","site-sidebar-layout":"no-sidebar","site-content-layout":"","ast-site-content-layout":"full-width-container","site-content-style":"default","site-sidebar-style":"default","ast-global-header-display":"","ast-banner-title-visibility":"","ast-main-header-display":"","ast-hfb-above-header-display":"","ast-hfb-below-header-display":"","ast-hfb-mobile-header-display":"","site-post-title":"disabled","ast-breadcrumbs-content":"","ast-featured-img":"disabled","footer-sml-layout":"","theme-transparent-header-meta":"","adv-header-id-meta":"","stick-header-meta":"","header-above-stick-meta":"","header-main-stick-meta":"","header-below-stick-meta":"","astra-migrate-meta-layouts":"default","ast-page-background-enabled":"default","ast-page-background-meta":{"desktop":{"background-color":"var(--ast-global-color-5)","background-image":"","background-repeat":"repeat","background-position":"center center","background-size":"auto","background-attachment":"scroll","background-type":"","background-media":"","overlay-type":"","overlay-color":"","overlay-opacity":"","overlay-gradient":""},"tablet":{"background-color":"","background-image":"","background-repeat":"repeat","background-position":"center center","background-size":"auto","background-attachment":"scroll","background-type":"","background-media":"","overlay-type":"","overlay-color":"","overlay-opacity":"","overlay-gradient":""},"mobile":{"background-color":"","background-image":"","background-repeat":"repeat","background-position":"center center","background-size":"auto","background-attachment":"scroll","background-type":"","background-media":"","overlay-type":"","overlay-color":"","overlay-opacity":"","overlay-gradient":""}},"ast-content-background-meta":{"desktop":{"background-color":"var(--ast-global-color-4)","background-image":"","background-repeat":"repeat","background-position":"center center","background-size":"auto","background-attachment":"scroll","background-type":"","background-media":"","overlay-type":"","overlay-color":"","overlay-opacity":"","overlay-gradient":""},"tablet":{"background-color":"var(--ast-global-color-4)","background-image":"","background-repeat":"repeat","background-position":"center center","background-size":"auto","background-attachment":"scroll","background-type":"","background-media":"","overlay-type":"","overlay-color":"","overlay-opacity":"","overlay-gradient":""},"mobile":{"background-color":"var(--ast-global-color-4)","background-image":"","background-repeat":"repeat","background-position":"center center","background-size":"auto","background-attachment":"scroll","background-type":"","background-media":"","overlay-type":"","overlay-color":"","overlay-opacity":"","overlay-gradient":""}},"footnotes":""},"class_list":["post-2090","page","type-page","status-publish","hentry"],"yoast_head":"<!-- This site is optimized with the Yoast SEO plugin v26.4 - https:\/\/yoast.com\/wordpress\/plugins\/seo\/ -->\n<title>Cookie-Richtlinie - Institut de Touraine<\/title>\n<meta name=\"description\" content=\"Unsere Cookie-Richtlinie erm\u00f6glicht es Ihnen, die umgesetzten Bestimmungen bez\u00fcglich der Navigation auf der Website besser zu verstehen.\" \/>\n<meta name=\"robots\" content=\"index, follow, max-snippet:-1, max-image-preview:large, max-video-preview:-1\" \/>\n<link rel=\"canonical\" href=\"https:\/\/institutdetouraine.com\/de\/cookie-richtlinie\/\" \/>\n<meta property=\"og:locale\" content=\"de_DE\" \/>\n<meta property=\"og:type\" content=\"article\" \/>\n<meta property=\"og:title\" content=\"Cookie-Richtlinie - Institut de Touraine\" \/>\n<meta property=\"og:description\" content=\"Unsere Cookie-Richtlinie erm\u00f6glicht es Ihnen, die umgesetzten Bestimmungen bez\u00fcglich der Navigation auf der Website besser zu verstehen.\" \/>\n<meta property=\"og:url\" content=\"https:\/\/institutdetouraine.com\/de\/cookie-richtlinie\/\" \/>\n<meta property=\"og:site_name\" content=\"Institut de Touraine\" \/>\n<meta property=\"article:publisher\" content=\"https:\/\/www.facebook.com\/institutdetouraine\" \/>\n<meta property=\"article:modified_time\" content=\"2025-11-22T22:18:50+00:00\" \/>\n<meta name=\"twitter:card\" content=\"summary_large_image\" \/>\n<meta name=\"twitter:label1\" content=\"Gesch\u00e4tzte Lesezeit\" \/>\n\t<meta name=\"twitter:data1\" content=\"2 Minuten\" \/>\n<script type=\"application\/ld+json\" class=\"yoast-schema-graph\">{\"@context\":\"https:\/\/schema.org\",\"@graph\":[{\"@type\":\"WebPage\",\"@id\":\"https:\/\/institutdetouraine.com\/de\/cookie-richtlinie\/\",\"url\":\"https:\/\/institutdetouraine.com\/de\/cookie-richtlinie\/\",\"name\":\"Cookie-Richtlinie - Institut de Touraine\",\"isPartOf\":{\"@id\":\"https:\/\/institutdetouraine.com\/de\/#website\"},\"datePublished\":\"2025-08-15T08:20:33+00:00\",\"dateModified\":\"2025-11-22T22:18:50+00:00\",\"description\":\"Unsere Cookie-Richtlinie erm\u00f6glicht es Ihnen, die umgesetzten Bestimmungen bez\u00fcglich der Navigation auf der Website besser zu verstehen.\",\"breadcrumb\":{\"@id\":\"https:\/\/institutdetouraine.com\/de\/cookie-richtlinie\/#breadcrumb\"},\"inLanguage\":\"de\",\"potentialAction\":[{\"@type\":\"ReadAction\",\"target\":[\"https:\/\/institutdetouraine.com\/de\/cookie-richtlinie\/\"]}]},{\"@type\":\"BreadcrumbList\",\"@id\":\"https:\/\/institutdetouraine.com\/de\/cookie-richtlinie\/#breadcrumb\",\"itemListElement\":[{\"@type\":\"ListItem\",\"position\":1,\"name\":\"Accueil\",\"item\":\"https:\/\/institutdetouraine.com\/de\/institut-de-touraine\/\"},{\"@type\":\"ListItem\",\"position\":2,\"name\":\"Cookie-Richtlinie\"}]},{\"@type\":\"WebSite\",\"@id\":\"https:\/\/institutdetouraine.com\/de\/#website\",\"url\":\"https:\/\/institutdetouraine.com\/de\/\",\"name\":\"Institut de Touraine\",\"description\":\"\",\"potentialAction\":[{\"@type\":\"SearchAction\",\"target\":{\"@type\":\"EntryPoint\",\"urlTemplate\":\"https:\/\/institutdetouraine.com\/de\/?s={search_term_string}\"},\"query-input\":{\"@type\":\"PropertyValueSpecification\",\"valueRequired\":true,\"valueName\":\"search_term_string\"}}],\"inLanguage\":\"de\"}]}<\/script>\n<!-- \/ Yoast SEO plugin. -->","yoast_head_json":{"title":"Cookie-Richtlinie - Institut de Touraine","description":"Unsere Cookie-Richtlinie erm\u00f6glicht es Ihnen, die umgesetzten Bestimmungen bez\u00fcglich der Navigation auf der Website besser zu verstehen.","robots":{"index":"index","follow":"follow","max-snippet":"max-snippet:-1","max-image-preview":"max-image-preview:large","max-video-preview":"max-video-preview:-1"},"canonical":"https:\/\/institutdetouraine.com\/de\/cookie-richtlinie\/","og_locale":"de_DE","og_type":"article","og_title":"Cookie-Richtlinie - Institut de Touraine","og_description":"Unsere Cookie-Richtlinie erm\u00f6glicht es Ihnen, die umgesetzten Bestimmungen bez\u00fcglich der Navigation auf der Website besser zu verstehen.","og_url":"https:\/\/institutdetouraine.com\/de\/cookie-richtlinie\/","og_site_name":"Institut de Touraine","article_publisher":"https:\/\/www.facebook.com\/institutdetouraine","article_modified_time":"2025-11-22T22:18:50+00:00","twitter_card":"summary_large_image","twitter_misc":{"Gesch\u00e4tzte Lesezeit":"2 Minuten"},"schema":{"@context":"https:\/\/schema.org","@graph":[{"@type":"WebPage","@id":"https:\/\/institutdetouraine.com\/de\/cookie-richtlinie\/","url":"https:\/\/institutdetouraine.com\/de\/cookie-richtlinie\/","name":"Cookie-Richtlinie - Institut de Touraine","isPartOf":{"@id":"https:\/\/institutdetouraine.com\/de\/#website"},"datePublished":"2025-08-15T08:20:33+00:00","dateModified":"2025-11-22T22:18:50+00:00","description":"Unsere Cookie-Richtlinie erm\u00f6glicht es Ihnen, die umgesetzten Bestimmungen bez\u00fcglich der Navigation auf der Website besser zu verstehen.","breadcrumb":{"@id":"https:\/\/institutdetouraine.com\/de\/cookie-richtlinie\/#breadcrumb"},"inLanguage":"de","potentialAction":[{"@type":"ReadAction","target":["https:\/\/institutdetouraine.com\/de\/cookie-richtlinie\/"]}]},{"@type":"BreadcrumbList","@id":"https:\/\/institutdetouraine.com\/de\/cookie-richtlinie\/#breadcrumb","itemListElement":[{"@type":"ListItem","position":1,"name":"Accueil","item":"https:\/\/institutdetouraine.com\/de\/institut-de-touraine\/"},{"@type":"ListItem","position":2,"name":"Cookie-Richtlinie"}]},{"@type":"WebSite","@id":"https:\/\/institutdetouraine.com\/de\/#website","url":"https:\/\/institutdetouraine.com\/de\/","name":"Institut de Touraine","description":"","potentialAction":[{"@type":"SearchAction","target":{"@type":"EntryPoint","urlTemplate":"https:\/\/institutdetouraine.com\/de\/?s={search_term_string}"},"query-input":{"@type":"PropertyValueSpecification","valueRequired":true,"valueName":"search_term_string"}}],"inLanguage":"de"}]}},"_links":{"self":[{"href":"https:\/\/institutdetouraine.com\/de\/wp-json\/wp\/v2\/pages\/2090","targetHints":{"allow":["GET"]}}],"collection":[{"href":"https:\/\/institutdetouraine.com\/de\/wp-json\/wp\/v2\/pages"}],"about":[{"href":"https:\/\/institutdetouraine.com\/de\/wp-json\/wp\/v2\/types\/page"}],"author":[{"embeddable":true,"href":"https:\/\/institutdetouraine.com\/de\/wp-json\/wp\/v2\/users\/2"}],"replies":[{"embeddable":true,"href":"https:\/\/institutdetouraine.com\/de\/wp-json\/wp\/v2\/comments?post=2090"}],"version-history":[{"count":1,"href":"https:\/\/institutdetouraine.com\/de\/wp-json\/wp\/v2\/pages\/2090\/revisions"}],"predecessor-version":[{"id":2091,"href":"https:\/\/institutdetouraine.com\/de\/wp-json\/wp\/v2\/pages\/2090\/revisions\/2091"}],"wp:attachment":[{"href":"https:\/\/institutdetouraine.com\/de\/wp-json\/wp\/v2\/media?parent=2090"}],"curies":[{"name":"wp","href":"https:\/\/api.w.org\/{rel}","templated":true}]}}