{"id":2088,"date":"2025-08-15T10:30:48","date_gmt":"2025-08-15T08:30:48","guid":{"rendered":"https:\/\/institut.loumetis.fr\/impressum\/"},"modified":"2026-01-26T14:11:46","modified_gmt":"2026-01-26T13:11:46","slug":"impressum","status":"publish","type":"page","link":"https:\/\/institutdetouraine.com\/de\/impressum\/","title":{"rendered":"Impressum"},"content":{"rendered":"\t\t<div data-elementor-type=\"wp-page\" data-elementor-id=\"2088\" class=\"elementor elementor-2088 elementor-1196\" data-elementor-post-type=\"page\">\n\t\t\t\t<div class=\"elementor-element elementor-element-17a790d e-flex e-con-boxed e-con e-parent\" data-id=\"17a790d\" data-element_type=\"container\" data-settings=\"{&quot;background_background&quot;:&quot;classic&quot;}\">\n\t\t\t\t\t<div class=\"e-con-inner\">\n\t\t\t\t<div class=\"elementor-element elementor-element-d5b3b33 elementor-widget elementor-widget-text-editor\" data-id=\"d5b3b33\" data-element_type=\"widget\" data-widget_type=\"text-editor.default\">\n\t\t\t\t<div class=\"elementor-widget-container\">\n\t\t\t\t\t\t\t\t\t<h1>Impressum<\/h1><h4>der Website www.institutdetouraine.com<\/h4>\t\t\t\t\t\t\t\t<\/div>\n\t\t\t\t<\/div>\n\t\t\t\t\t<\/div>\n\t\t\t\t<\/div>\n\t\t<div class=\"elementor-element elementor-element-a1e0e3f e-flex e-con-boxed e-con e-parent\" data-id=\"a1e0e3f\" data-element_type=\"container\">\n\t\t\t\t\t<div class=\"e-con-inner\">\n\t\t\t\t<div class=\"elementor-element elementor-element-f314a5a elementor-widget elementor-widget-text-editor\" data-id=\"f314a5a\" data-element_type=\"widget\" data-widget_type=\"text-editor.default\">\n\t\t\t\t<div class=\"elementor-widget-container\">\n\t\t\t\t\t\t\t\t\t<h2>Angaben zum Herausgeber<\/h2><p>Die Website www.institutdetouraine.com wird herausgegeben von:<\/p><p>Institut d&#8217;\u00e9tudes fran\u00e7aises de Touraine<br>BP 72047<br>1, rue de la Grandi\u00e8re<br>37020 TOURS Cedex 1 \u2013 FRANKREICH<\/p><p>Tel. Tel.: +33 (0)2 47 05 76 83<br>Fax: +33 (0)2 47 20 48 98<\/p><p>Verantwortlich f\u00fcr die Ver\u00f6ffentlichung: Frau Elisabeth JAFFR\u00c9<\/p><hr><p> <\/p><h2>Bildnachweise<\/h2><p>Alle auf dieser Website vorhandenen Fotos wurden vom Institut de Touraine zur Verf\u00fcgung gestellt. Einige Bilder k\u00f6nnen auch von: Pixabay, Stadt Tours stammen. <\/p><hr><p>  <\/p><h2>Umsetzung der Website<\/h2><p>SARL Loumetis<br>4 impasse de Maine<br>35410 CHATEAUGIRON \u2013 FRANKREICH<\/p><hr><p>  <\/p><h2>Geistiges Eigentum<\/h2><p>Gem\u00e4\u00df dem Gesetz \u00fcber geistiges Eigentum und allgemeiner allen Vereinbarungen, die Bestimmungen zum Urheberrecht enthalten, ist die teilweise oder vollst\u00e4ndige Vervielf\u00e4ltigung von Texten, Bildern oder Illustrationen, die nicht explizit zum Herunterladen durch Besucher bestimmt sind, ohne vorherige Genehmigung des Herausgebers oder eines Rechteinhabers untersagt.<\/p><hr><p>  <\/p><h2>Haftung<\/h2><p>Die Nutzung der auf dieser Website enthaltenen Informationen liegt in der alleinigen Verantwortung des Nutzers.<\/p><p>Alle auf dieser Website enthaltenen Ressourcen (Texte, visuelle Elemente, Illustrationen, Schemata, Zeichnungen, Pl\u00e4ne, Fotografien und Computeranimationen) werden ausschlie\u00dflich zu Informationszwecken bereitgestellt und k\u00f6nnen in keiner Weise die Haftung des Herausgebers begr\u00fcnden.<\/p><p>Trotz gr\u00f6\u00dfter Sorgfalt bei der Aktualisierung und Richtigkeit der Inhalte haftet der Herausgeber nicht f\u00fcr Ungenauigkeiten, Fehler oder Auslassungen sowie f\u00fcr die Ergebnisse, die durch die Nutzung der auf dieser Website enthaltenen Informationen erzielt werden.<\/p><hr><p>  <\/p><h2 data-start=\"860\" data-end=\"1047\">Telefonwerbung &#8211; Bloctel<\/h2><p data-start=\"860\" data-end=\"1047\">Das Institut de Touraine betreibt keine Telefonwerbung.<\/p><p data-start=\"860\" data-end=\"1047\">Gem\u00e4\u00df Artikel L.223-2 des Verbraucherschutzgesetzes hat jede Person die M\u00f6glichkeit, sich kostenlos in die Bloctel-Liste zur Verhinderung von Telefonwerbung einzutragen.<\/p><p data-start=\"1054\" data-end=\"1199\">Dies bedeutet, dass Sie nicht mehr von Gewerbetreibenden telefonisch kontaktiert werden, mit denen keine vertragliche Beziehung besteht.<\/p><p data-start=\"1206\" data-end=\"1305\">Die Aufnahme in diese Liste ist \u00fcber die Website <a class=\"decorated-link\" href=\"https:\/\/www.bloctel.gouv.fr\" target=\"_new\" rel=\"noopener\" data-start=\"1278\" data-end=\"1305\">https:\/\/www.bloctel.gouv.fr<\/a> m\u00f6glich.<\/p><hr><p>  <\/p><h2>Datenschutz<\/h2><p>Gem\u00e4\u00df den geltenden Vorschriften haben Sie das Recht auf Zugang, \u00c4nderung, Berichtigung und L\u00f6schung Ihrer Daten. Weitere Informationen finden Sie in der <a href=\"https:\/\/institutdetouraine.com\/de\/datenschutzerklaerung\/\">Datenschutzerkl\u00e4rung<\/a>. <\/p>\t\t\t\t\t\t\t\t<\/div>\n\t\t\t\t<\/div>\n\t\t\t\t\t<\/div>\n\t\t\t\t<\/div>\n\t\t\t\t<\/div>\n\t\t","protected":false},"excerpt":{"rendered":"<p>Impressum der Website www.institutdetouraine.com Angaben zum Herausgeber Die Website www.institutdetouraine.com wird herausgegeben von: Institut d&#8217;\u00e9tudes fran\u00e7aises de TouraineBP 720471, rue [&hellip;]<\/p>\n","protected":false},"author":2,"featured_media":0,"parent":0,"menu_order":0,"comment_status":"closed","ping_status":"closed","template":"","meta":{"_eb_attr":"","site-sidebar-layout":"no-sidebar","site-content-layout":"","ast-site-content-layout":"full-width-container","site-content-style":"default","site-sidebar-style":"default","ast-global-header-display":"","ast-banner-title-visibility":"","ast-main-header-display":"","ast-hfb-above-header-display":"","ast-hfb-below-header-display":"","ast-hfb-mobile-header-display":"","site-post-title":"disabled","ast-breadcrumbs-content":"","ast-featured-img":"disabled","footer-sml-layout":"","theme-transparent-header-meta":"","adv-header-id-meta":"","stick-header-meta":"","header-above-stick-meta":"","header-main-stick-meta":"","header-below-stick-meta":"","astra-migrate-meta-layouts":"default","ast-page-background-enabled":"default","ast-page-background-meta":{"desktop":{"background-color":"var(--ast-global-color-5)","background-image":"","background-repeat":"repeat","background-position":"center center","background-size":"auto","background-attachment":"scroll","background-type":"","background-media":"","overlay-type":"","overlay-color":"","overlay-opacity":"","overlay-gradient":""},"tablet":{"background-color":"","background-image":"","background-repeat":"repeat","background-position":"center center","background-size":"auto","background-attachment":"scroll","background-type":"","background-media":"","overlay-type":"","overlay-color":"","overlay-opacity":"","overlay-gradient":""},"mobile":{"background-color":"","background-image":"","background-repeat":"repeat","background-position":"center center","background-size":"auto","background-attachment":"scroll","background-type":"","background-media":"","overlay-type":"","overlay-color":"","overlay-opacity":"","overlay-gradient":""}},"ast-content-background-meta":{"desktop":{"background-color":"var(--ast-global-color-4)","background-image":"","background-repeat":"repeat","background-position":"center center","background-size":"auto","background-attachment":"scroll","background-type":"","background-media":"","overlay-type":"","overlay-color":"","overlay-opacity":"","overlay-gradient":""},"tablet":{"background-color":"var(--ast-global-color-4)","background-image":"","background-repeat":"repeat","background-position":"center center","background-size":"auto","background-attachment":"scroll","background-type":"","background-media":"","overlay-type":"","overlay-color":"","overlay-opacity":"","overlay-gradient":""},"mobile":{"background-color":"var(--ast-global-color-4)","background-image":"","background-repeat":"repeat","background-position":"center center","background-size":"auto","background-attachment":"scroll","background-type":"","background-media":"","overlay-type":"","overlay-color":"","overlay-opacity":"","overlay-gradient":""}},"footnotes":""},"class_list":["post-2088","page","type-page","status-publish","hentry"],"yoast_head":"<!-- This site is optimized with the Yoast SEO plugin v26.4 - https:\/\/yoast.com\/wordpress\/plugins\/seo\/ -->\n<title>Impressum - Institut de Touraine<\/title>\n<meta name=\"description\" content=\"Entdecken Sie das Impressum der Website, herausgegeben vom Institut d&#039;\u00e9tudes fran\u00e7aises de Touraine mit Sitz in Tours.\" \/>\n<meta name=\"robots\" content=\"index, follow, max-snippet:-1, max-image-preview:large, max-video-preview:-1\" \/>\n<link rel=\"canonical\" href=\"https:\/\/institutdetouraine.com\/de\/impressum\/\" \/>\n<meta property=\"og:locale\" content=\"de_DE\" \/>\n<meta property=\"og:type\" content=\"article\" \/>\n<meta property=\"og:title\" content=\"Impressum - Institut de Touraine\" \/>\n<meta property=\"og:description\" content=\"Entdecken Sie das Impressum der Website, herausgegeben vom Institut d&#039;\u00e9tudes fran\u00e7aises de Touraine mit Sitz in Tours.\" \/>\n<meta property=\"og:url\" content=\"https:\/\/institutdetouraine.com\/de\/impressum\/\" \/>\n<meta property=\"og:site_name\" content=\"Institut de Touraine\" \/>\n<meta property=\"article:publisher\" content=\"https:\/\/www.facebook.com\/institutdetouraine\" \/>\n<meta property=\"article:modified_time\" content=\"2026-01-26T13:11:46+00:00\" \/>\n<meta name=\"twitter:card\" content=\"summary_large_image\" \/>\n<meta name=\"twitter:label1\" content=\"Gesch\u00e4tzte Lesezeit\" \/>\n\t<meta name=\"twitter:data1\" content=\"1\u00a0Minute\" \/>\n<script type=\"application\/ld+json\" class=\"yoast-schema-graph\">{\"@context\":\"https:\/\/schema.org\",\"@graph\":[{\"@type\":\"WebPage\",\"@id\":\"https:\/\/institutdetouraine.com\/de\/impressum\/\",\"url\":\"https:\/\/institutdetouraine.com\/de\/impressum\/\",\"name\":\"Impressum - Institut de Touraine\",\"isPartOf\":{\"@id\":\"https:\/\/institutdetouraine.com\/de\/#website\"},\"datePublished\":\"2025-08-15T08:30:48+00:00\",\"dateModified\":\"2026-01-26T13:11:46+00:00\",\"description\":\"Entdecken Sie das Impressum der Website, herausgegeben vom Institut d'\u00e9tudes fran\u00e7aises de Touraine mit Sitz in Tours.\",\"breadcrumb\":{\"@id\":\"https:\/\/institutdetouraine.com\/de\/impressum\/#breadcrumb\"},\"inLanguage\":\"de\",\"potentialAction\":[{\"@type\":\"ReadAction\",\"target\":[\"https:\/\/institutdetouraine.com\/de\/impressum\/\"]}]},{\"@type\":\"BreadcrumbList\",\"@id\":\"https:\/\/institutdetouraine.com\/de\/impressum\/#breadcrumb\",\"itemListElement\":[{\"@type\":\"ListItem\",\"position\":1,\"name\":\"Accueil\",\"item\":\"https:\/\/institutdetouraine.com\/de\/institut-de-touraine\/\"},{\"@type\":\"ListItem\",\"position\":2,\"name\":\"Impressum\"}]},{\"@type\":\"WebSite\",\"@id\":\"https:\/\/institutdetouraine.com\/de\/#website\",\"url\":\"https:\/\/institutdetouraine.com\/de\/\",\"name\":\"Institut de Touraine\",\"description\":\"\",\"potentialAction\":[{\"@type\":\"SearchAction\",\"target\":{\"@type\":\"EntryPoint\",\"urlTemplate\":\"https:\/\/institutdetouraine.com\/de\/?s={search_term_string}\"},\"query-input\":{\"@type\":\"PropertyValueSpecification\",\"valueRequired\":true,\"valueName\":\"search_term_string\"}}],\"inLanguage\":\"de\"}]}<\/script>\n<!-- \/ Yoast SEO plugin. -->","yoast_head_json":{"title":"Impressum - Institut de Touraine","description":"Entdecken Sie das Impressum der Website, herausgegeben vom Institut d'\u00e9tudes fran\u00e7aises de Touraine mit Sitz in Tours.","robots":{"index":"index","follow":"follow","max-snippet":"max-snippet:-1","max-image-preview":"max-image-preview:large","max-video-preview":"max-video-preview:-1"},"canonical":"https:\/\/institutdetouraine.com\/de\/impressum\/","og_locale":"de_DE","og_type":"article","og_title":"Impressum - Institut de Touraine","og_description":"Entdecken Sie das Impressum der Website, herausgegeben vom Institut d'\u00e9tudes fran\u00e7aises de Touraine mit Sitz in Tours.","og_url":"https:\/\/institutdetouraine.com\/de\/impressum\/","og_site_name":"Institut de Touraine","article_publisher":"https:\/\/www.facebook.com\/institutdetouraine","article_modified_time":"2026-01-26T13:11:46+00:00","twitter_card":"summary_large_image","twitter_misc":{"Gesch\u00e4tzte Lesezeit":"1\u00a0Minute"},"schema":{"@context":"https:\/\/schema.org","@graph":[{"@type":"WebPage","@id":"https:\/\/institutdetouraine.com\/de\/impressum\/","url":"https:\/\/institutdetouraine.com\/de\/impressum\/","name":"Impressum - Institut de Touraine","isPartOf":{"@id":"https:\/\/institutdetouraine.com\/de\/#website"},"datePublished":"2025-08-15T08:30:48+00:00","dateModified":"2026-01-26T13:11:46+00:00","description":"Entdecken Sie das Impressum der Website, herausgegeben vom Institut d'\u00e9tudes fran\u00e7aises de Touraine mit Sitz in Tours.","breadcrumb":{"@id":"https:\/\/institutdetouraine.com\/de\/impressum\/#breadcrumb"},"inLanguage":"de","potentialAction":[{"@type":"ReadAction","target":["https:\/\/institutdetouraine.com\/de\/impressum\/"]}]},{"@type":"BreadcrumbList","@id":"https:\/\/institutdetouraine.com\/de\/impressum\/#breadcrumb","itemListElement":[{"@type":"ListItem","position":1,"name":"Accueil","item":"https:\/\/institutdetouraine.com\/de\/institut-de-touraine\/"},{"@type":"ListItem","position":2,"name":"Impressum"}]},{"@type":"WebSite","@id":"https:\/\/institutdetouraine.com\/de\/#website","url":"https:\/\/institutdetouraine.com\/de\/","name":"Institut de Touraine","description":"","potentialAction":[{"@type":"SearchAction","target":{"@type":"EntryPoint","urlTemplate":"https:\/\/institutdetouraine.com\/de\/?s={search_term_string}"},"query-input":{"@type":"PropertyValueSpecification","valueRequired":true,"valueName":"search_term_string"}}],"inLanguage":"de"}]}},"_links":{"self":[{"href":"https:\/\/institutdetouraine.com\/de\/wp-json\/wp\/v2\/pages\/2088","targetHints":{"allow":["GET"]}}],"collection":[{"href":"https:\/\/institutdetouraine.com\/de\/wp-json\/wp\/v2\/pages"}],"about":[{"href":"https:\/\/institutdetouraine.com\/de\/wp-json\/wp\/v2\/types\/page"}],"author":[{"embeddable":true,"href":"https:\/\/institutdetouraine.com\/de\/wp-json\/wp\/v2\/users\/2"}],"replies":[{"embeddable":true,"href":"https:\/\/institutdetouraine.com\/de\/wp-json\/wp\/v2\/comments?post=2088"}],"version-history":[{"count":2,"href":"https:\/\/institutdetouraine.com\/de\/wp-json\/wp\/v2\/pages\/2088\/revisions"}],"predecessor-version":[{"id":3510,"href":"https:\/\/institutdetouraine.com\/de\/wp-json\/wp\/v2\/pages\/2088\/revisions\/3510"}],"wp:attachment":[{"href":"https:\/\/institutdetouraine.com\/de\/wp-json\/wp\/v2\/media?parent=2088"}],"curies":[{"name":"wp","href":"https:\/\/api.w.org\/{rel}","templated":true}]}}