{"id":2069,"date":"2025-07-23T15:55:44","date_gmt":"2025-07-23T13:55:44","guid":{"rendered":"https:\/\/institut.loumetis.fr\/kulturelle-aktivitaeten-und-ausfluege\/"},"modified":"2025-11-22T23:18:21","modified_gmt":"2025-11-22T22:18:21","slug":"kulturelle-aktivitaeten-und-ausfluege","status":"publish","type":"page","link":"https:\/\/institutdetouraine.com\/de\/kulturelle-aktivitaeten-und-ausfluege\/","title":{"rendered":"Kulturelle Aktivit\u00e4ten und Ausfl\u00fcge"},"content":{"rendered":"\t\t<div data-elementor-type=\"wp-page\" data-elementor-id=\"2069\" class=\"elementor elementor-2069 elementor-669\" data-elementor-post-type=\"page\">\n\t\t\t\t<div class=\"elementor-element elementor-element-8d3a522 e-flex e-con-boxed e-con e-parent\" data-id=\"8d3a522\" data-element_type=\"container\" data-settings=\"{&quot;background_background&quot;:&quot;classic&quot;}\">\n\t\t\t\t\t<div class=\"e-con-inner\">\n\t\t\t\t<div class=\"elementor-element elementor-element-2841a09 elementor-widget elementor-widget-text-editor\" data-id=\"2841a09\" data-element_type=\"widget\" data-widget_type=\"text-editor.default\">\n\t\t\t\t<div class=\"elementor-widget-container\">\n\t\t\t\t\t\t\t\t\t<h1>Kulturelle Aktivit\u00e4ten und Ausfl\u00fcge<\/h1><h4>Ein immersives Erlebnis zur Erg\u00e4nzung des Lernens der franz\u00f6sischen Sprache und Kultur<\/h4>\t\t\t\t\t\t\t\t<\/div>\n\t\t\t\t<\/div>\n\t\t\t\t\t<\/div>\n\t\t\t\t<\/div>\n\t\t<div class=\"elementor-element elementor-element-4e9e5a9 e-flex e-con-boxed e-con e-parent\" data-id=\"4e9e5a9\" data-element_type=\"container\">\n\t\t\t\t\t<div class=\"e-con-inner\">\n\t\t\t\t<div class=\"elementor-element elementor-element-751cd38 elementor-widget elementor-widget-text-editor\" data-id=\"751cd38\" data-element_type=\"widget\" data-widget_type=\"text-editor.default\">\n\t\t\t\t<div class=\"elementor-widget-container\">\n\t\t\t\t\t\t\t\t\t<p>Das ganze Jahr \u00fcber bietet das Institut de Touraine kulturelle, sportliche und gastronomische Aktivit\u00e4ten an. Diese Erlebnisse laden dazu ein, die franz\u00f6sischen Traditionen und das Erbe auf angenehme Weise zu entdecken und erg\u00e4nzen das Sprachenlernen. Ihre H\u00e4ufigkeit nimmt im Sommer zu, wenn \u00fcber 400 Kursteilnehmer am Institut Kurse belegen. <\/p>\t\t\t\t\t\t\t\t<\/div>\n\t\t\t\t<\/div>\n\t\t\t\t\t<\/div>\n\t\t\t\t<\/div>\n\t\t<div class=\"elementor-element elementor-element-6fa7b2d e-con-full e-flex e-con e-parent\" data-id=\"6fa7b2d\" data-element_type=\"container\">\n\t\t<div class=\"elementor-element elementor-element-fd42402 e-con-full e-flex e-con e-child\" data-id=\"fd42402\" data-element_type=\"container\">\n\t\t\t\t<div class=\"elementor-element elementor-element-26c8467 elementor-widget elementor-widget-image\" data-id=\"26c8467\" data-element_type=\"widget\" data-widget_type=\"image.default\">\n\t\t\t\t<div class=\"elementor-widget-container\">\n\t\t\t\t\t\t\t\t\t\t\t\t\t\t\t<img decoding=\"async\" src=\"https:\/\/institutdetouraine.com\/wp-content\/uploads\/elementor\/thumbs\/sejour-linguistique-groupe-r9ferzwiekbupgxtgqc26izsszxh2fal3q5nxn99w8.jpg\" title=\"gruppen-sprachreise\" alt=\"gruppen-sprachreise\" loading=\"lazy\" \/>\t\t\t\t\t\t\t\t\t\t\t\t\t\t\t<\/div>\n\t\t\t\t<\/div>\n\t\t\t\t<div class=\"elementor-element elementor-element-5e00065 elementor-widget elementor-widget-text-editor\" data-id=\"5e00065\" data-element_type=\"widget\" data-widget_type=\"text-editor.default\">\n\t\t\t\t<div class=\"elementor-widget-container\">\n\t\t\t\t\t\t\t\t\t<h2>Ausfl\u00fcge und F\u00fchrungen<\/h2><p>Um sein Publikum bei der Entdeckung der franz\u00f6sischen Kultur zu begleiten, bietet das Institut de Touraine F\u00fchrungen durch die Stadt Tours, durch Museen und zu weltbekannten St\u00e4tten an: wie die Schl\u00f6sser Chenonceau, Chambord, Amboise, Mont-Saint-Michel, Paris, La Rochelle\u2026<\/p>\t\t\t\t\t\t\t\t<\/div>\n\t\t\t\t<\/div>\n\t\t\t\t<\/div>\n\t\t<div class=\"elementor-element elementor-element-607a63e e-con-full e-flex e-con e-child\" data-id=\"607a63e\" data-element_type=\"container\">\n\t\t\t\t<div class=\"elementor-element elementor-element-8f0b5ee elementor-widget elementor-widget-image\" data-id=\"8f0b5ee\" data-element_type=\"widget\" data-widget_type=\"image.default\">\n\t\t\t\t<div class=\"elementor-widget-container\">\n\t\t\t\t\t\t\t\t\t\t\t\t\t\t\t<img fetchpriority=\"high\" decoding=\"async\" width=\"1024\" height=\"1024\" src=\"https:\/\/institutdetouraine.com\/wp-content\/uploads\/2025\/07\/cours-cuisine-1024x1024.jpg\" class=\"attachment-large size-large wp-image-1769\" alt=\"\" srcset=\"https:\/\/institutdetouraine.com\/wp-content\/uploads\/2025\/07\/cours-cuisine-1024x1024.jpg 1024w, https:\/\/institutdetouraine.com\/wp-content\/uploads\/2025\/07\/cours-cuisine-300x300.jpg 300w, https:\/\/institutdetouraine.com\/wp-content\/uploads\/2025\/07\/cours-cuisine-150x150.jpg 150w, https:\/\/institutdetouraine.com\/wp-content\/uploads\/2025\/07\/cours-cuisine-768x768.jpg 768w, https:\/\/institutdetouraine.com\/wp-content\/uploads\/2025\/07\/cours-cuisine.jpg 1500w\" sizes=\"(max-width: 1024px) 100vw, 1024px\" \/>\t\t\t\t\t\t\t\t\t\t\t\t\t\t\t<\/div>\n\t\t\t\t<\/div>\n\t\t\t\t<div class=\"elementor-element elementor-element-dcf8eaa elementor-widget elementor-widget-text-editor\" data-id=\"dcf8eaa\" data-element_type=\"widget\" data-widget_type=\"text-editor.default\">\n\t\t\t\t<div class=\"elementor-widget-container\">\n\t\t\t\t\t\t\t\t\t<h2>Gastronomische Workshops<\/h2><p>M\u00f6chten Sie lernen, die Weine der Touraine oder lokale K\u00e4sesorten zu verkosten? Franz\u00f6sische Rezepte wie Cr\u00eapes, Macarons oder den traditionellen Dreik\u00f6nigskuchen zuzubereiten? Die Wein- und Koch-Workshops des Instituts f\u00fchren die Studenten in das franz\u00f6sische gastronomische Erbe ein.  <\/p>\t\t\t\t\t\t\t\t<\/div>\n\t\t\t\t<\/div>\n\t\t\t\t<\/div>\n\t\t<div class=\"elementor-element elementor-element-e3d044f e-con-full e-flex e-con e-child\" data-id=\"e3d044f\" data-element_type=\"container\">\n\t\t\t\t<div class=\"elementor-element elementor-element-d380ad6 elementor-widget elementor-widget-image\" data-id=\"d380ad6\" data-element_type=\"widget\" data-widget_type=\"image.default\">\n\t\t\t\t<div class=\"elementor-widget-container\">\n\t\t\t\t\t\t\t\t\t\t\t\t\t\t\t<img decoding=\"async\" width=\"1024\" height=\"410\" src=\"https:\/\/institutdetouraine.com\/wp-content\/uploads\/2025\/07\/herbegement-tours-1024x410.jpg\" class=\"attachment-large size-large wp-image-1721\" alt=\"\" srcset=\"https:\/\/institutdetouraine.com\/wp-content\/uploads\/2025\/07\/herbegement-tours-1024x410.jpg 1024w, https:\/\/institutdetouraine.com\/wp-content\/uploads\/2025\/07\/herbegement-tours-300x120.jpg 300w, https:\/\/institutdetouraine.com\/wp-content\/uploads\/2025\/07\/herbegement-tours-768x307.jpg 768w, https:\/\/institutdetouraine.com\/wp-content\/uploads\/2025\/07\/herbegement-tours-1536x614.jpg 1536w, https:\/\/institutdetouraine.com\/wp-content\/uploads\/2025\/07\/herbegement-tours.jpg 2000w\" sizes=\"(max-width: 1024px) 100vw, 1024px\" \/>\t\t\t\t\t\t\t\t\t\t\t\t\t\t\t<\/div>\n\t\t\t\t<\/div>\n\t\t\t\t<div class=\"elementor-element elementor-element-f49c484 elementor-widget elementor-widget-text-editor\" data-id=\"f49c484\" data-element_type=\"widget\" data-widget_type=\"text-editor.default\">\n\t\t\t\t<div class=\"elementor-widget-container\">\n\t\t\t\t\t\t\t\t\t<h2>Filmclub: Filmvorf\u00fchrungen mit anschlie\u00dfenden Diskussionen<\/h2><p>Jede Woche werden im Rahmen des Filmclubs franz\u00f6sische Filmvorf\u00fchrungen angeboten. Mit franz\u00f6sischen Untertiteln werden die Filme zun\u00e4chst vorgestellt und anschlie\u00dfend mit den Kursteilnehmern besprochen. <\/p>\t\t\t\t\t\t\t\t<\/div>\n\t\t\t\t<\/div>\n\t\t\t\t<\/div>\n\t\t\t\t<\/div>\n\t\t<div class=\"elementor-element elementor-element-a8f681a e-flex e-con-boxed e-con e-parent\" data-id=\"a8f681a\" data-element_type=\"container\" data-settings=\"{&quot;background_background&quot;:&quot;classic&quot;}\">\n\t\t\t\t\t<div class=\"e-con-inner\">\n\t\t\t\t<div class=\"elementor-element elementor-element-485d7f0 elementor-widget elementor-widget-text-editor\" data-id=\"485d7f0\" data-element_type=\"widget\" data-widget_type=\"text-editor.default\">\n\t\t\t\t<div class=\"elementor-widget-container\">\n\t\t\t\t\t\t\t\t\t<p>Als Hauptstadt des Loiretals, einer UNESCO-Weltkulturerbe-Region, zieht Tours jedes Jahr \u00fcber 5.000 ausl\u00e4ndische Studenten an. Au\u00dferhalb des Unterrichts entdecken sie hier die Lebensart, die Schl\u00f6sser der Renaissance, die franz\u00f6sische Kultur und Gastronomie\u2026 Das Institut de Touraine f\u00f6rdert dieses Eintauchen mit einem reichhaltigen Aktivit\u00e4tsprogramm. <\/p>\t\t\t\t\t\t\t\t<\/div>\n\t\t\t\t<\/div>\n\t\t\t\t\t<\/div>\n\t\t\t\t<\/div>\n\t\t\t\t<\/div>\n\t\t","protected":false},"excerpt":{"rendered":"<p>Kulturelle Aktivit\u00e4ten und Ausfl\u00fcge Ein immersives Erlebnis zur Erg\u00e4nzung des Lernens der franz\u00f6sischen Sprache und Kultur Das ganze Jahr \u00fcber [&hellip;]<\/p>\n","protected":false},"author":2,"featured_media":0,"parent":0,"menu_order":0,"comment_status":"closed","ping_status":"closed","template":"","meta":{"_eb_attr":"","site-sidebar-layout":"no-sidebar","site-content-layout":"","ast-site-content-layout":"full-width-container","site-content-style":"default","site-sidebar-style":"default","ast-global-header-display":"","ast-banner-title-visibility":"","ast-main-header-display":"","ast-hfb-above-header-display":"","ast-hfb-below-header-display":"","ast-hfb-mobile-header-display":"","site-post-title":"disabled","ast-breadcrumbs-content":"","ast-featured-img":"disabled","footer-sml-layout":"","theme-transparent-header-meta":"","adv-header-id-meta":"","stick-header-meta":"","header-above-stick-meta":"","header-main-stick-meta":"","header-below-stick-meta":"","astra-migrate-meta-layouts":"default","ast-page-background-enabled":"default","ast-page-background-meta":{"desktop":{"background-color":"var(--ast-global-color-5)","background-image":"","background-repeat":"repeat","background-position":"center center","background-size":"auto","background-attachment":"scroll","background-type":"","background-media":"","overlay-type":"","overlay-color":"","overlay-opacity":"","overlay-gradient":""},"tablet":{"background-color":"","background-image":"","background-repeat":"repeat","background-position":"center center","background-size":"auto","background-attachment":"scroll","background-type":"","background-media":"","overlay-type":"","overlay-color":"","overlay-opacity":"","overlay-gradient":""},"mobile":{"background-color":"","background-image":"","background-repeat":"repeat","background-position":"center center","background-size":"auto","background-attachment":"scroll","background-type":"","background-media":"","overlay-type":"","overlay-color":"","overlay-opacity":"","overlay-gradient":""}},"ast-content-background-meta":{"desktop":{"background-color":"var(--ast-global-color-4)","background-image":"","background-repeat":"repeat","background-position":"center center","background-size":"auto","background-attachment":"scroll","background-type":"","background-media":"","overlay-type":"","overlay-color":"","overlay-opacity":"","overlay-gradient":""},"tablet":{"background-color":"var(--ast-global-color-4)","background-image":"","background-repeat":"repeat","background-position":"center center","background-size":"auto","background-attachment":"scroll","background-type":"","background-media":"","overlay-type":"","overlay-color":"","overlay-opacity":"","overlay-gradient":""},"mobile":{"background-color":"var(--ast-global-color-4)","background-image":"","background-repeat":"repeat","background-position":"center center","background-size":"auto","background-attachment":"scroll","background-type":"","background-media":"","overlay-type":"","overlay-color":"","overlay-opacity":"","overlay-gradient":""}},"footnotes":""},"class_list":["post-2069","page","type-page","status-publish","hentry"],"yoast_head":"<!-- This site is optimized with the Yoast SEO plugin v26.4 - https:\/\/yoast.com\/wordpress\/plugins\/seo\/ -->\n<title>Kulturelle Aktivit\u00e4ten und Ausfl\u00fcge Tours: Franz\u00f6sischschule - Institut de Touraine<\/title>\n<meta name=\"description\" content=\"Nutzen Sie die organisierten kulturellen, sportlichen und gastronomischen Aktivit\u00e4ten, um Ihr Franz\u00f6sischlernen zu erg\u00e4nzen.\" \/>\n<meta name=\"robots\" content=\"index, follow, max-snippet:-1, max-image-preview:large, max-video-preview:-1\" \/>\n<link rel=\"canonical\" href=\"https:\/\/institutdetouraine.com\/de\/kulturelle-aktivitaeten-und-ausfluege\/\" \/>\n<meta property=\"og:locale\" content=\"de_DE\" \/>\n<meta property=\"og:type\" content=\"article\" \/>\n<meta property=\"og:title\" content=\"Kulturelle Aktivit\u00e4ten und Ausfl\u00fcge Tours: Franz\u00f6sischschule - Institut de Touraine\" \/>\n<meta property=\"og:description\" content=\"Nutzen Sie die organisierten kulturellen, sportlichen und gastronomischen Aktivit\u00e4ten, um Ihr Franz\u00f6sischlernen zu erg\u00e4nzen.\" \/>\n<meta property=\"og:url\" content=\"https:\/\/institutdetouraine.com\/de\/kulturelle-aktivitaeten-und-ausfluege\/\" \/>\n<meta property=\"og:site_name\" content=\"Institut de Touraine\" \/>\n<meta property=\"article:publisher\" content=\"https:\/\/www.facebook.com\/institutdetouraine\" \/>\n<meta property=\"article:modified_time\" content=\"2025-11-22T22:18:21+00:00\" \/>\n<meta property=\"og:image\" content=\"https:\/\/institutdetouraine.com\/wp-content\/uploads\/elementor\/thumbs\/sejour-linguistique-groupe-r9ferzwiekbupgxtgqc26izsszxh2fal3q5nxn99w8.jpg\" \/>\n<meta name=\"twitter:card\" content=\"summary_large_image\" \/>\n<meta name=\"twitter:label1\" content=\"Gesch\u00e4tzte Lesezeit\" \/>\n\t<meta name=\"twitter:data1\" content=\"1\u00a0Minute\" \/>\n<script type=\"application\/ld+json\" class=\"yoast-schema-graph\">{\"@context\":\"https:\/\/schema.org\",\"@graph\":[{\"@type\":\"WebPage\",\"@id\":\"https:\/\/institutdetouraine.com\/de\/kulturelle-aktivitaeten-und-ausfluege\/\",\"url\":\"https:\/\/institutdetouraine.com\/de\/kulturelle-aktivitaeten-und-ausfluege\/\",\"name\":\"Kulturelle Aktivit\u00e4ten und Ausfl\u00fcge Tours: Franz\u00f6sischschule - Institut de Touraine\",\"isPartOf\":{\"@id\":\"https:\/\/institutdetouraine.com\/de\/#website\"},\"primaryImageOfPage\":{\"@id\":\"https:\/\/institutdetouraine.com\/de\/kulturelle-aktivitaeten-und-ausfluege\/#primaryimage\"},\"image\":{\"@id\":\"https:\/\/institutdetouraine.com\/de\/kulturelle-aktivitaeten-und-ausfluege\/#primaryimage\"},\"thumbnailUrl\":\"https:\/\/institutdetouraine.com\/wp-content\/uploads\/elementor\/thumbs\/sejour-linguistique-groupe-r9ferzwiekbupgxtgqc26izsszxh2fal3q5nxn99w8.jpg\",\"datePublished\":\"2025-07-23T13:55:44+00:00\",\"dateModified\":\"2025-11-22T22:18:21+00:00\",\"description\":\"Nutzen Sie die organisierten kulturellen, sportlichen und gastronomischen Aktivit\u00e4ten, um Ihr Franz\u00f6sischlernen zu erg\u00e4nzen.\",\"breadcrumb\":{\"@id\":\"https:\/\/institutdetouraine.com\/de\/kulturelle-aktivitaeten-und-ausfluege\/#breadcrumb\"},\"inLanguage\":\"de\",\"potentialAction\":[{\"@type\":\"ReadAction\",\"target\":[\"https:\/\/institutdetouraine.com\/de\/kulturelle-aktivitaeten-und-ausfluege\/\"]}]},{\"@type\":\"ImageObject\",\"inLanguage\":\"de\",\"@id\":\"https:\/\/institutdetouraine.com\/de\/kulturelle-aktivitaeten-und-ausfluege\/#primaryimage\",\"url\":\"https:\/\/institutdetouraine.com\/wp-content\/uploads\/elementor\/thumbs\/sejour-linguistique-groupe-r9ferzwiekbupgxtgqc26izsszxh2fal3q5nxn99w8.jpg\",\"contentUrl\":\"https:\/\/institutdetouraine.com\/wp-content\/uploads\/elementor\/thumbs\/sejour-linguistique-groupe-r9ferzwiekbupgxtgqc26izsszxh2fal3q5nxn99w8.jpg\"},{\"@type\":\"BreadcrumbList\",\"@id\":\"https:\/\/institutdetouraine.com\/de\/kulturelle-aktivitaeten-und-ausfluege\/#breadcrumb\",\"itemListElement\":[{\"@type\":\"ListItem\",\"position\":1,\"name\":\"Accueil\",\"item\":\"https:\/\/institutdetouraine.com\/de\/institut-de-touraine\/\"},{\"@type\":\"ListItem\",\"position\":2,\"name\":\"Kulturelle Aktivit\u00e4ten und Ausfl\u00fcge\"}]},{\"@type\":\"WebSite\",\"@id\":\"https:\/\/institutdetouraine.com\/de\/#website\",\"url\":\"https:\/\/institutdetouraine.com\/de\/\",\"name\":\"Institut de Touraine\",\"description\":\"\",\"potentialAction\":[{\"@type\":\"SearchAction\",\"target\":{\"@type\":\"EntryPoint\",\"urlTemplate\":\"https:\/\/institutdetouraine.com\/de\/?s={search_term_string}\"},\"query-input\":{\"@type\":\"PropertyValueSpecification\",\"valueRequired\":true,\"valueName\":\"search_term_string\"}}],\"inLanguage\":\"de\"}]}<\/script>\n<!-- \/ Yoast SEO plugin. -->","yoast_head_json":{"title":"Kulturelle Aktivit\u00e4ten und Ausfl\u00fcge Tours: Franz\u00f6sischschule - Institut de Touraine","description":"Nutzen Sie die organisierten kulturellen, sportlichen und gastronomischen Aktivit\u00e4ten, um Ihr Franz\u00f6sischlernen zu erg\u00e4nzen.","robots":{"index":"index","follow":"follow","max-snippet":"max-snippet:-1","max-image-preview":"max-image-preview:large","max-video-preview":"max-video-preview:-1"},"canonical":"https:\/\/institutdetouraine.com\/de\/kulturelle-aktivitaeten-und-ausfluege\/","og_locale":"de_DE","og_type":"article","og_title":"Kulturelle Aktivit\u00e4ten und Ausfl\u00fcge Tours: Franz\u00f6sischschule - Institut de Touraine","og_description":"Nutzen Sie die organisierten kulturellen, sportlichen und gastronomischen Aktivit\u00e4ten, um Ihr Franz\u00f6sischlernen zu erg\u00e4nzen.","og_url":"https:\/\/institutdetouraine.com\/de\/kulturelle-aktivitaeten-und-ausfluege\/","og_site_name":"Institut de Touraine","article_publisher":"https:\/\/www.facebook.com\/institutdetouraine","article_modified_time":"2025-11-22T22:18:21+00:00","og_image":[{"url":"https:\/\/institutdetouraine.com\/wp-content\/uploads\/elementor\/thumbs\/sejour-linguistique-groupe-r9ferzwiekbupgxtgqc26izsszxh2fal3q5nxn99w8.jpg","type":"","width":"","height":""}],"twitter_card":"summary_large_image","twitter_misc":{"Gesch\u00e4tzte Lesezeit":"1\u00a0Minute"},"schema":{"@context":"https:\/\/schema.org","@graph":[{"@type":"WebPage","@id":"https:\/\/institutdetouraine.com\/de\/kulturelle-aktivitaeten-und-ausfluege\/","url":"https:\/\/institutdetouraine.com\/de\/kulturelle-aktivitaeten-und-ausfluege\/","name":"Kulturelle Aktivit\u00e4ten und Ausfl\u00fcge Tours: Franz\u00f6sischschule - Institut de Touraine","isPartOf":{"@id":"https:\/\/institutdetouraine.com\/de\/#website"},"primaryImageOfPage":{"@id":"https:\/\/institutdetouraine.com\/de\/kulturelle-aktivitaeten-und-ausfluege\/#primaryimage"},"image":{"@id":"https:\/\/institutdetouraine.com\/de\/kulturelle-aktivitaeten-und-ausfluege\/#primaryimage"},"thumbnailUrl":"https:\/\/institutdetouraine.com\/wp-content\/uploads\/elementor\/thumbs\/sejour-linguistique-groupe-r9ferzwiekbupgxtgqc26izsszxh2fal3q5nxn99w8.jpg","datePublished":"2025-07-23T13:55:44+00:00","dateModified":"2025-11-22T22:18:21+00:00","description":"Nutzen Sie die organisierten kulturellen, sportlichen und gastronomischen Aktivit\u00e4ten, um Ihr Franz\u00f6sischlernen zu erg\u00e4nzen.","breadcrumb":{"@id":"https:\/\/institutdetouraine.com\/de\/kulturelle-aktivitaeten-und-ausfluege\/#breadcrumb"},"inLanguage":"de","potentialAction":[{"@type":"ReadAction","target":["https:\/\/institutdetouraine.com\/de\/kulturelle-aktivitaeten-und-ausfluege\/"]}]},{"@type":"ImageObject","inLanguage":"de","@id":"https:\/\/institutdetouraine.com\/de\/kulturelle-aktivitaeten-und-ausfluege\/#primaryimage","url":"https:\/\/institutdetouraine.com\/wp-content\/uploads\/elementor\/thumbs\/sejour-linguistique-groupe-r9ferzwiekbupgxtgqc26izsszxh2fal3q5nxn99w8.jpg","contentUrl":"https:\/\/institutdetouraine.com\/wp-content\/uploads\/elementor\/thumbs\/sejour-linguistique-groupe-r9ferzwiekbupgxtgqc26izsszxh2fal3q5nxn99w8.jpg"},{"@type":"BreadcrumbList","@id":"https:\/\/institutdetouraine.com\/de\/kulturelle-aktivitaeten-und-ausfluege\/#breadcrumb","itemListElement":[{"@type":"ListItem","position":1,"name":"Accueil","item":"https:\/\/institutdetouraine.com\/de\/institut-de-touraine\/"},{"@type":"ListItem","position":2,"name":"Kulturelle Aktivit\u00e4ten und Ausfl\u00fcge"}]},{"@type":"WebSite","@id":"https:\/\/institutdetouraine.com\/de\/#website","url":"https:\/\/institutdetouraine.com\/de\/","name":"Institut de Touraine","description":"","potentialAction":[{"@type":"SearchAction","target":{"@type":"EntryPoint","urlTemplate":"https:\/\/institutdetouraine.com\/de\/?s={search_term_string}"},"query-input":{"@type":"PropertyValueSpecification","valueRequired":true,"valueName":"search_term_string"}}],"inLanguage":"de"}]}},"_links":{"self":[{"href":"https:\/\/institutdetouraine.com\/de\/wp-json\/wp\/v2\/pages\/2069","targetHints":{"allow":["GET"]}}],"collection":[{"href":"https:\/\/institutdetouraine.com\/de\/wp-json\/wp\/v2\/pages"}],"about":[{"href":"https:\/\/institutdetouraine.com\/de\/wp-json\/wp\/v2\/types\/page"}],"author":[{"embeddable":true,"href":"https:\/\/institutdetouraine.com\/de\/wp-json\/wp\/v2\/users\/2"}],"replies":[{"embeddable":true,"href":"https:\/\/institutdetouraine.com\/de\/wp-json\/wp\/v2\/comments?post=2069"}],"version-history":[{"count":1,"href":"https:\/\/institutdetouraine.com\/de\/wp-json\/wp\/v2\/pages\/2069\/revisions"}],"predecessor-version":[{"id":2070,"href":"https:\/\/institutdetouraine.com\/de\/wp-json\/wp\/v2\/pages\/2069\/revisions\/2070"}],"wp:attachment":[{"href":"https:\/\/institutdetouraine.com\/de\/wp-json\/wp\/v2\/media?parent=2069"}],"curies":[{"name":"wp","href":"https:\/\/api.w.org\/{rel}","templated":true}]}}