{"id":2067,"date":"2025-09-16T19:07:19","date_gmt":"2025-09-16T17:07:19","guid":{"rendered":"https:\/\/institut.loumetis.fr\/tef-franzoesischer-einstufungstest\/"},"modified":"2026-01-19T09:59:31","modified_gmt":"2026-01-19T08:59:31","slug":"tef-franzoesischer-einstufungstest","status":"publish","type":"page","link":"https:\/\/institutdetouraine.com\/de\/tef-franzoesischer-einstufungstest\/","title":{"rendered":"TEF \u2013 Franz\u00f6sischer Einstufungstest"},"content":{"rendered":"\t\t<div data-elementor-type=\"wp-page\" data-elementor-id=\"2067\" class=\"elementor elementor-2067 elementor-1417\" data-elementor-post-type=\"page\">\n\t\t\t\t<div class=\"elementor-element elementor-element-8d3a522 e-flex e-con-boxed e-con e-parent\" data-id=\"8d3a522\" data-element_type=\"container\" data-settings=\"{&quot;background_background&quot;:&quot;classic&quot;}\">\n\t\t\t\t\t<div class=\"e-con-inner\">\n\t\t\t\t<div class=\"elementor-element elementor-element-2841a09 elementor-widget elementor-widget-text-editor\" data-id=\"2841a09\" data-element_type=\"widget\" data-widget_type=\"text-editor.default\">\n\t\t\t\t<div class=\"elementor-widget-container\">\n\t\t\t\t\t\t\t\t\t<h1>TEF \u2013 Franz\u00f6sischer Einstufungstest<\/h1><h4>Bereiten Sie sich auf diesen Test vor, um Ihr Sprachniveau nachzuweisen.<\/h4>\t\t\t\t\t\t\t\t<\/div>\n\t\t\t\t<\/div>\n\t\t\t\t\t<\/div>\n\t\t\t\t<\/div>\n\t\t<div class=\"elementor-element elementor-element-4e9e5a9 e-flex e-con-boxed e-con e-parent\" data-id=\"4e9e5a9\" data-element_type=\"container\">\n\t\t\t\t\t<div class=\"e-con-inner\">\n\t\t\t\t<div class=\"elementor-element elementor-element-751cd38 elementor-widget elementor-widget-text-editor\" data-id=\"751cd38\" data-element_type=\"widget\" data-widget_type=\"text-editor.default\">\n\t\t\t\t<div class=\"elementor-widget-container\">\n\t\t\t\t\t\t\t\t\t<p><span style=\"font-weight: 400;\">Der <strong>Test d&#8217;\u00e9valuation de fran\u00e7ais (TEF)<\/strong> wurde 1998 von der AHK Paris Ile-de-France ins Leben gerufen und ist ein internationaler Referenztest, der Ihr Niveau an Franz\u00f6sischkenntnissen und -fertigkeiten misst.  <\/span><\/p><ul><li><span style=\"font-weight: 400;\">Die G\u00fcltigkeit der Ergebnisse betr\u00e4gt zwei Jahre.  <\/span><\/li><li>Die Geb\u00fchr f\u00fcr den TEF betr\u00e4gt 170 \u20ac.<\/li><\/ul>\t\t\t\t\t\t\t\t<\/div>\n\t\t\t\t<\/div>\n\t\t\t\t<div class=\"elementor-element elementor-element-c59fb6b elementor-widget elementor-widget-text-editor\" data-id=\"c59fb6b\" data-element_type=\"widget\" data-widget_type=\"text-editor.default\">\n\t\t\t\t<div class=\"elementor-widget-container\">\n\t\t\t\t\t\t\t\t\t<p>M\u00f6chten Sie diesen Test vorbereiten und ablegen?<\/p>\t\t\t\t\t\t\t\t<\/div>\n\t\t\t\t<\/div>\n\t\t\t\t<div class=\"elementor-element elementor-element-1f57ac3 elementor-align-justify elementor-widget elementor-widget-button\" data-id=\"1f57ac3\" data-element_type=\"widget\" data-widget_type=\"button.default\">\n\t\t\t\t<div class=\"elementor-widget-container\">\n\t\t\t\t\t\t\t\t\t<div class=\"elementor-button-wrapper\">\n\t\t\t\t\t<a class=\"elementor-button elementor-button-link elementor-size-sm\" href=\"https:\/\/institutdetouraine.com\/de\/kontakt\/\" target=\"_blank\">\n\t\t\t\t\t\t<span class=\"elementor-button-content-wrapper\">\n\t\t\t\t\t\t\t\t\t<span class=\"elementor-button-text\">Kontaktieren Sie das Institut de Touraine<\/span>\n\t\t\t\t\t<\/span>\n\t\t\t\t\t<\/a>\n\t\t\t\t<\/div>\n\t\t\t\t\t\t\t\t<\/div>\n\t\t\t\t<\/div>\n\t\t\t\t\t<\/div>\n\t\t\t\t<\/div>\n\t\t<div class=\"elementor-element elementor-element-a8f681a e-flex e-con-boxed e-con e-parent\" data-id=\"a8f681a\" data-element_type=\"container\" data-settings=\"{&quot;background_background&quot;:&quot;classic&quot;}\">\n\t\t\t\t\t<div class=\"e-con-inner\">\n\t\t\t\t<div class=\"elementor-element elementor-element-485d7f0 elementor-widget elementor-widget-text-editor\" data-id=\"485d7f0\" data-element_type=\"widget\" data-widget_type=\"text-editor.default\">\n\t\t\t\t<div class=\"elementor-widget-container\">\n\t\t\t\t\t\t\t\t\t<p>Das Institut de Touraine ist ein anerkanntes Pr\u00fcfungszentrum f\u00fcr franz\u00f6sische Sprachdiplome und -zertifikate. Studierende k\u00f6nnen dort <a href=\"https:\/\/institutdetouraine.com\/de\/delf-diplom-fuer-franzoesischstudien\/\">das DELF<\/a>, <a href=\"https:\/\/institutdetouraine.com\/de\/dalf-c1-und-c2-vertiefungsdiplom-fuer-die-franzoesische-sprache\/\">das DALF<\/a>, den TEF und die Pr\u00fcfungen der Industrie- und Handelskammer Paris (<a href=\"https:\/\/institutdetouraine.com\/de\/dfp-diplome-fuer-berufsfranzoesisch\/\">DFP<\/a>) vorbereiten und ablegen. <\/p>\t\t\t\t\t\t\t\t<\/div>\n\t\t\t\t<\/div>\n\t\t\t\t\t<\/div>\n\t\t\t\t<\/div>\n\t\t\t\t<\/div>\n\t\t","protected":false},"excerpt":{"rendered":"<p>TEF \u2013 Franz\u00f6sischer Einstufungstest Bereiten Sie sich auf diesen Test vor, um Ihr Sprachniveau nachzuweisen. Der Test d&#8217;\u00e9valuation de fran\u00e7ais [&hellip;]<\/p>\n","protected":false},"author":2,"featured_media":0,"parent":0,"menu_order":0,"comment_status":"closed","ping_status":"closed","template":"","meta":{"_eb_attr":"","site-sidebar-layout":"no-sidebar","site-content-layout":"","ast-site-content-layout":"full-width-container","site-content-style":"default","site-sidebar-style":"default","ast-global-header-display":"","ast-banner-title-visibility":"","ast-main-header-display":"","ast-hfb-above-header-display":"","ast-hfb-below-header-display":"","ast-hfb-mobile-header-display":"","site-post-title":"disabled","ast-breadcrumbs-content":"","ast-featured-img":"disabled","footer-sml-layout":"","theme-transparent-header-meta":"","adv-header-id-meta":"","stick-header-meta":"","header-above-stick-meta":"","header-main-stick-meta":"","header-below-stick-meta":"","astra-migrate-meta-layouts":"default","ast-page-background-enabled":"default","ast-page-background-meta":{"desktop":{"background-color":"var(--ast-global-color-5)","background-image":"","background-repeat":"repeat","background-position":"center center","background-size":"auto","background-attachment":"scroll","background-type":"","background-media":"","overlay-type":"","overlay-color":"","overlay-opacity":"","overlay-gradient":""},"tablet":{"background-color":"","background-image":"","background-repeat":"repeat","background-position":"center center","background-size":"auto","background-attachment":"scroll","background-type":"","background-media":"","overlay-type":"","overlay-color":"","overlay-opacity":"","overlay-gradient":""},"mobile":{"background-color":"","background-image":"","background-repeat":"repeat","background-position":"center center","background-size":"auto","background-attachment":"scroll","background-type":"","background-media":"","overlay-type":"","overlay-color":"","overlay-opacity":"","overlay-gradient":""}},"ast-content-background-meta":{"desktop":{"background-color":"var(--ast-global-color-4)","background-image":"","background-repeat":"repeat","background-position":"center center","background-size":"auto","background-attachment":"scroll","background-type":"","background-media":"","overlay-type":"","overlay-color":"","overlay-opacity":"","overlay-gradient":""},"tablet":{"background-color":"var(--ast-global-color-4)","background-image":"","background-repeat":"repeat","background-position":"center center","background-size":"auto","background-attachment":"scroll","background-type":"","background-media":"","overlay-type":"","overlay-color":"","overlay-opacity":"","overlay-gradient":""},"mobile":{"background-color":"var(--ast-global-color-4)","background-image":"","background-repeat":"repeat","background-position":"center center","background-size":"auto","background-attachment":"scroll","background-type":"","background-media":"","overlay-type":"","overlay-color":"","overlay-opacity":"","overlay-gradient":""}},"footnotes":""},"class_list":["post-2067","page","type-page","status-publish","hentry"],"yoast_head":"<!-- This site is optimized with the Yoast SEO plugin v26.4 - https:\/\/yoast.com\/wordpress\/plugins\/seo\/ -->\n<title>TEF \u2013 Franz\u00f6sischer Einstufungstest Tours - Institut de Touraine<\/title>\n<meta name=\"description\" content=\"Der 1998 eingef\u00fchrte Franz\u00f6sisch-Einstufungstest (TEF) misst Ihr Niveau an Franz\u00f6sischkenntnissen und -f\u00e4higkeiten.\" \/>\n<meta name=\"robots\" content=\"index, follow, max-snippet:-1, max-image-preview:large, max-video-preview:-1\" \/>\n<link rel=\"canonical\" href=\"https:\/\/institutdetouraine.com\/de\/tef-franzoesischer-einstufungstest\/\" \/>\n<meta property=\"og:locale\" content=\"de_DE\" \/>\n<meta property=\"og:type\" content=\"article\" \/>\n<meta property=\"og:title\" content=\"TEF \u2013 Franz\u00f6sischer Einstufungstest Tours - Institut de Touraine\" \/>\n<meta property=\"og:description\" content=\"Der 1998 eingef\u00fchrte Franz\u00f6sisch-Einstufungstest (TEF) misst Ihr Niveau an Franz\u00f6sischkenntnissen und -f\u00e4higkeiten.\" \/>\n<meta property=\"og:url\" content=\"https:\/\/institutdetouraine.com\/de\/tef-franzoesischer-einstufungstest\/\" \/>\n<meta property=\"og:site_name\" content=\"Institut de Touraine\" \/>\n<meta property=\"article:publisher\" content=\"https:\/\/www.facebook.com\/institutdetouraine\" \/>\n<meta property=\"article:modified_time\" content=\"2026-01-19T08:59:31+00:00\" \/>\n<meta name=\"twitter:card\" content=\"summary_large_image\" \/>\n<meta name=\"twitter:label1\" content=\"Gesch\u00e4tzte Lesezeit\" \/>\n\t<meta name=\"twitter:data1\" content=\"1\u00a0Minute\" \/>\n<script type=\"application\/ld+json\" class=\"yoast-schema-graph\">{\"@context\":\"https:\/\/schema.org\",\"@graph\":[{\"@type\":\"WebPage\",\"@id\":\"https:\/\/institutdetouraine.com\/de\/tef-franzoesischer-einstufungstest\/\",\"url\":\"https:\/\/institutdetouraine.com\/de\/tef-franzoesischer-einstufungstest\/\",\"name\":\"TEF \u2013 Franz\u00f6sischer Einstufungstest Tours - Institut de Touraine\",\"isPartOf\":{\"@id\":\"https:\/\/institutdetouraine.com\/de\/#website\"},\"datePublished\":\"2025-09-16T17:07:19+00:00\",\"dateModified\":\"2026-01-19T08:59:31+00:00\",\"description\":\"Der 1998 eingef\u00fchrte Franz\u00f6sisch-Einstufungstest (TEF) misst Ihr Niveau an Franz\u00f6sischkenntnissen und -f\u00e4higkeiten.\",\"breadcrumb\":{\"@id\":\"https:\/\/institutdetouraine.com\/de\/tef-franzoesischer-einstufungstest\/#breadcrumb\"},\"inLanguage\":\"de\",\"potentialAction\":[{\"@type\":\"ReadAction\",\"target\":[\"https:\/\/institutdetouraine.com\/de\/tef-franzoesischer-einstufungstest\/\"]}]},{\"@type\":\"BreadcrumbList\",\"@id\":\"https:\/\/institutdetouraine.com\/de\/tef-franzoesischer-einstufungstest\/#breadcrumb\",\"itemListElement\":[{\"@type\":\"ListItem\",\"position\":1,\"name\":\"Accueil\",\"item\":\"https:\/\/institutdetouraine.com\/de\/institut-de-touraine\/\"},{\"@type\":\"ListItem\",\"position\":2,\"name\":\"TEF \u2013 Franz\u00f6sischer Einstufungstest\"}]},{\"@type\":\"WebSite\",\"@id\":\"https:\/\/institutdetouraine.com\/de\/#website\",\"url\":\"https:\/\/institutdetouraine.com\/de\/\",\"name\":\"Institut de Touraine\",\"description\":\"\",\"potentialAction\":[{\"@type\":\"SearchAction\",\"target\":{\"@type\":\"EntryPoint\",\"urlTemplate\":\"https:\/\/institutdetouraine.com\/de\/?s={search_term_string}\"},\"query-input\":{\"@type\":\"PropertyValueSpecification\",\"valueRequired\":true,\"valueName\":\"search_term_string\"}}],\"inLanguage\":\"de\"}]}<\/script>\n<!-- \/ Yoast SEO plugin. -->","yoast_head_json":{"title":"TEF \u2013 Franz\u00f6sischer Einstufungstest Tours - Institut de Touraine","description":"Der 1998 eingef\u00fchrte Franz\u00f6sisch-Einstufungstest (TEF) misst Ihr Niveau an Franz\u00f6sischkenntnissen und -f\u00e4higkeiten.","robots":{"index":"index","follow":"follow","max-snippet":"max-snippet:-1","max-image-preview":"max-image-preview:large","max-video-preview":"max-video-preview:-1"},"canonical":"https:\/\/institutdetouraine.com\/de\/tef-franzoesischer-einstufungstest\/","og_locale":"de_DE","og_type":"article","og_title":"TEF \u2013 Franz\u00f6sischer Einstufungstest Tours - Institut de Touraine","og_description":"Der 1998 eingef\u00fchrte Franz\u00f6sisch-Einstufungstest (TEF) misst Ihr Niveau an Franz\u00f6sischkenntnissen und -f\u00e4higkeiten.","og_url":"https:\/\/institutdetouraine.com\/de\/tef-franzoesischer-einstufungstest\/","og_site_name":"Institut de Touraine","article_publisher":"https:\/\/www.facebook.com\/institutdetouraine","article_modified_time":"2026-01-19T08:59:31+00:00","twitter_card":"summary_large_image","twitter_misc":{"Gesch\u00e4tzte Lesezeit":"1\u00a0Minute"},"schema":{"@context":"https:\/\/schema.org","@graph":[{"@type":"WebPage","@id":"https:\/\/institutdetouraine.com\/de\/tef-franzoesischer-einstufungstest\/","url":"https:\/\/institutdetouraine.com\/de\/tef-franzoesischer-einstufungstest\/","name":"TEF \u2013 Franz\u00f6sischer Einstufungstest Tours - Institut de Touraine","isPartOf":{"@id":"https:\/\/institutdetouraine.com\/de\/#website"},"datePublished":"2025-09-16T17:07:19+00:00","dateModified":"2026-01-19T08:59:31+00:00","description":"Der 1998 eingef\u00fchrte Franz\u00f6sisch-Einstufungstest (TEF) misst Ihr Niveau an Franz\u00f6sischkenntnissen und -f\u00e4higkeiten.","breadcrumb":{"@id":"https:\/\/institutdetouraine.com\/de\/tef-franzoesischer-einstufungstest\/#breadcrumb"},"inLanguage":"de","potentialAction":[{"@type":"ReadAction","target":["https:\/\/institutdetouraine.com\/de\/tef-franzoesischer-einstufungstest\/"]}]},{"@type":"BreadcrumbList","@id":"https:\/\/institutdetouraine.com\/de\/tef-franzoesischer-einstufungstest\/#breadcrumb","itemListElement":[{"@type":"ListItem","position":1,"name":"Accueil","item":"https:\/\/institutdetouraine.com\/de\/institut-de-touraine\/"},{"@type":"ListItem","position":2,"name":"TEF \u2013 Franz\u00f6sischer Einstufungstest"}]},{"@type":"WebSite","@id":"https:\/\/institutdetouraine.com\/de\/#website","url":"https:\/\/institutdetouraine.com\/de\/","name":"Institut de Touraine","description":"","potentialAction":[{"@type":"SearchAction","target":{"@type":"EntryPoint","urlTemplate":"https:\/\/institutdetouraine.com\/de\/?s={search_term_string}"},"query-input":{"@type":"PropertyValueSpecification","valueRequired":true,"valueName":"search_term_string"}}],"inLanguage":"de"}]}},"_links":{"self":[{"href":"https:\/\/institutdetouraine.com\/de\/wp-json\/wp\/v2\/pages\/2067","targetHints":{"allow":["GET"]}}],"collection":[{"href":"https:\/\/institutdetouraine.com\/de\/wp-json\/wp\/v2\/pages"}],"about":[{"href":"https:\/\/institutdetouraine.com\/de\/wp-json\/wp\/v2\/types\/page"}],"author":[{"embeddable":true,"href":"https:\/\/institutdetouraine.com\/de\/wp-json\/wp\/v2\/users\/2"}],"replies":[{"embeddable":true,"href":"https:\/\/institutdetouraine.com\/de\/wp-json\/wp\/v2\/comments?post=2067"}],"version-history":[{"count":2,"href":"https:\/\/institutdetouraine.com\/de\/wp-json\/wp\/v2\/pages\/2067\/revisions"}],"predecessor-version":[{"id":3418,"href":"https:\/\/institutdetouraine.com\/de\/wp-json\/wp\/v2\/pages\/2067\/revisions\/3418"}],"wp:attachment":[{"href":"https:\/\/institutdetouraine.com\/de\/wp-json\/wp\/v2\/media?parent=2067"}],"curies":[{"name":"wp","href":"https:\/\/api.w.org\/{rel}","templated":true}]}}