{"id":1994,"date":"2025-11-22T17:23:15","date_gmt":"2025-11-22T16:23:15","guid":{"rendered":"https:\/\/institut.loumetis.fr\/franzoesisch-sprachpruefungen\/"},"modified":"2025-11-27T20:24:26","modified_gmt":"2025-11-27T19:24:26","slug":"franzoesisch-sprachpruefungen","status":"publish","type":"page","link":"https:\/\/institutdetouraine.com\/de\/franzoesisch-sprachpruefungen\/","title":{"rendered":"Pr\u00fcfungen der franz\u00f6sischen Sprache"},"content":{"rendered":"\t\t<div data-elementor-type=\"wp-page\" data-elementor-id=\"1994\" class=\"elementor elementor-1994 elementor-1945\" data-elementor-post-type=\"page\">\n\t\t\t\t<div class=\"elementor-element elementor-element-8d3a522 e-flex e-con-boxed e-con e-parent\" data-id=\"8d3a522\" data-element_type=\"container\" data-settings=\"{&quot;background_background&quot;:&quot;classic&quot;}\">\n\t\t\t\t\t<div class=\"e-con-inner\">\n\t\t\t\t<div class=\"elementor-element elementor-element-2841a09 elementor-widget elementor-widget-text-editor\" data-id=\"2841a09\" data-element_type=\"widget\" data-widget_type=\"text-editor.default\">\n\t\t\t\t<div class=\"elementor-widget-container\">\n\t\t\t\t\t\t\t\t\t<h1>Eine Franz\u00f6sischpr\u00fcfung erfolgreich ablegen<\/h1><h4>dank spezialisierten Lehrkr\u00e4ften f\u00fcr Franz\u00f6sisch als Fremdsprache (FLE)<\/h4>\t\t\t\t\t\t\t\t<\/div>\n\t\t\t\t<\/div>\n\t\t\t\t\t<\/div>\n\t\t\t\t<\/div>\n\t\t<div class=\"elementor-element elementor-element-4e9e5a9 e-flex e-con-boxed e-con e-parent\" data-id=\"4e9e5a9\" data-element_type=\"container\">\n\t\t\t\t\t<div class=\"e-con-inner\">\n\t\t\t\t<div class=\"elementor-element elementor-element-751cd38 elementor-widget elementor-widget-text-editor\" data-id=\"751cd38\" data-element_type=\"widget\" data-widget_type=\"text-editor.default\">\n\t\t\t\t<div class=\"elementor-widget-container\">\n\t\t\t\t\t\t\t\t\t<p>Das Institut de Touraine ist ein <strong>anerkanntes Pr\u00fcfungszentrum f\u00fcr franz\u00f6sische Sprachdiplome und -zertifikate<\/strong>. Studierende k\u00f6nnen dort das DELF, DALF, TEF und die Pr\u00fcfungen der Pariser Industrie- und Handelskammer (DFP) vorbereiten und ablegen. <\/p>\t\t\t\t\t\t\t\t<\/div>\n\t\t\t\t<\/div>\n\t\t\t\t\t<\/div>\n\t\t\t\t<\/div>\n\t\t<div class=\"elementor-element elementor-element-212e2d2 e-flex e-con-boxed e-con e-parent\" data-id=\"212e2d2\" data-element_type=\"container\">\n\t\t\t\t\t<div class=\"e-con-inner\">\n\t\t<div class=\"elementor-element elementor-element-1932c45 e-con-full e-flex e-con e-child\" data-id=\"1932c45\" data-element_type=\"container\">\n\t\t\t\t<div class=\"elementor-element elementor-element-e1762e4 elementor-position-top elementor-widget elementor-widget-image-box\" data-id=\"e1762e4\" data-element_type=\"widget\" data-widget_type=\"image-box.default\">\n\t\t\t\t<div class=\"elementor-widget-container\">\n\t\t\t\t\t<div class=\"elementor-image-box-wrapper\"><figure class=\"elementor-image-box-img\"><img decoding=\"async\" width=\"150\" height=\"150\" src=\"https:\/\/institutdetouraine.com\/wp-content\/uploads\/2025\/11\/examen-delf-150x150.png\" class=\"attachment-thumbnail size-thumbnail wp-image-1995\" alt=\"\" srcset=\"https:\/\/institutdetouraine.com\/wp-content\/uploads\/2025\/11\/examen-delf-150x150.png 150w, https:\/\/institutdetouraine.com\/wp-content\/uploads\/2025\/11\/examen-delf-300x300.png 300w, https:\/\/institutdetouraine.com\/wp-content\/uploads\/2025\/11\/examen-delf.png 685w\" sizes=\"(max-width: 150px) 100vw, 150px\" \/><\/figure><div class=\"elementor-image-box-content\"><h4 class=\"elementor-image-box-title\">DELF<\/h4><p class=\"elementor-image-box-description\">Diplom f\u00fcr Franz\u00f6sischstudien<\/p><\/div><\/div>\t\t\t\t<\/div>\n\t\t\t\t<\/div>\n\t\t\t\t<div class=\"elementor-element elementor-element-a07c44a elementor-align-center elementor-widget elementor-widget-button\" data-id=\"a07c44a\" data-element_type=\"widget\" data-widget_type=\"button.default\">\n\t\t\t\t<div class=\"elementor-widget-container\">\n\t\t\t\t\t\t\t\t\t<div class=\"elementor-button-wrapper\">\n\t\t\t\t\t<a class=\"elementor-button elementor-button-link elementor-size-sm\" href=\"https:\/\/institutdetouraine.com\/de\/delf-diplom-fuer-franzoesischstudien\/\">\n\t\t\t\t\t\t<span class=\"elementor-button-content-wrapper\">\n\t\t\t\t\t\t\t\t\t<span class=\"elementor-button-text\">ENTDECKEN<\/span>\n\t\t\t\t\t<\/span>\n\t\t\t\t\t<\/a>\n\t\t\t\t<\/div>\n\t\t\t\t\t\t\t\t<\/div>\n\t\t\t\t<\/div>\n\t\t\t\t<\/div>\n\t\t<div class=\"elementor-element elementor-element-56c4acd e-con-full e-flex e-con e-child\" data-id=\"56c4acd\" data-element_type=\"container\">\n\t\t\t\t<div class=\"elementor-element elementor-element-8e0bba4 elementor-position-top elementor-widget elementor-widget-image-box\" data-id=\"8e0bba4\" data-element_type=\"widget\" data-widget_type=\"image-box.default\">\n\t\t\t\t<div class=\"elementor-widget-container\">\n\t\t\t\t\t<div class=\"elementor-image-box-wrapper\"><figure class=\"elementor-image-box-img\"><img decoding=\"async\" width=\"150\" height=\"150\" src=\"https:\/\/institutdetouraine.com\/wp-content\/uploads\/2025\/08\/ecole-equipement-informatique-150x150.jpg\" class=\"attachment-thumbnail size-thumbnail wp-image-1807\" alt=\"\" srcset=\"https:\/\/institutdetouraine.com\/wp-content\/uploads\/2025\/08\/ecole-equipement-informatique-150x150.jpg 150w, https:\/\/institutdetouraine.com\/wp-content\/uploads\/2025\/08\/ecole-equipement-informatique-300x300.jpg 300w, https:\/\/institutdetouraine.com\/wp-content\/uploads\/2025\/08\/ecole-equipement-informatique-1024x1024.jpg 1024w, https:\/\/institutdetouraine.com\/wp-content\/uploads\/2025\/08\/ecole-equipement-informatique-768x768.jpg 768w, https:\/\/institutdetouraine.com\/wp-content\/uploads\/2025\/08\/ecole-equipement-informatique.jpg 1500w\" sizes=\"(max-width: 150px) 100vw, 150px\" \/><\/figure><div class=\"elementor-image-box-content\"><h4 class=\"elementor-image-box-title\">DALF C1 und C2<\/h4><p class=\"elementor-image-box-description\">Fortgeschrittenes Diplom f\u00fcr Franz\u00f6sisch<\/p><\/div><\/div>\t\t\t\t<\/div>\n\t\t\t\t<\/div>\n\t\t\t\t<div class=\"elementor-element elementor-element-c1012fd elementor-align-center elementor-widget elementor-widget-button\" data-id=\"c1012fd\" data-element_type=\"widget\" data-widget_type=\"button.default\">\n\t\t\t\t<div class=\"elementor-widget-container\">\n\t\t\t\t\t\t\t\t\t<div class=\"elementor-button-wrapper\">\n\t\t\t\t\t<a class=\"elementor-button elementor-button-link elementor-size-sm\" href=\"https:\/\/institutdetouraine.com\/de\/dalf-c1-und-c2-vertiefungsdiplom-fuer-die-franzoesische-sprache\/\">\n\t\t\t\t\t\t<span class=\"elementor-button-content-wrapper\">\n\t\t\t\t\t\t\t\t\t<span class=\"elementor-button-text\">ENTDECKEN<\/span>\n\t\t\t\t\t<\/span>\n\t\t\t\t\t<\/a>\n\t\t\t\t<\/div>\n\t\t\t\t\t\t\t\t<\/div>\n\t\t\t\t<\/div>\n\t\t\t\t<\/div>\n\t\t<div class=\"elementor-element elementor-element-bc13385 e-con-full e-flex e-con e-child\" data-id=\"bc13385\" data-element_type=\"container\">\n\t\t\t\t<div class=\"elementor-element elementor-element-68a05f1 elementor-position-top elementor-widget elementor-widget-image-box\" data-id=\"68a05f1\" data-element_type=\"widget\" data-widget_type=\"image-box.default\">\n\t\t\t\t<div class=\"elementor-widget-container\">\n\t\t\t\t\t<div class=\"elementor-image-box-wrapper\"><figure class=\"elementor-image-box-img\"><img decoding=\"async\" width=\"150\" height=\"150\" src=\"https:\/\/institutdetouraine.com\/wp-content\/uploads\/2025\/11\/examen-tcf-150x150.png\" class=\"attachment-thumbnail size-thumbnail wp-image-1996\" alt=\"\" srcset=\"https:\/\/institutdetouraine.com\/wp-content\/uploads\/2025\/11\/examen-tcf-150x150.png 150w, https:\/\/institutdetouraine.com\/wp-content\/uploads\/2025\/11\/examen-tcf-300x300.png 300w, https:\/\/institutdetouraine.com\/wp-content\/uploads\/2025\/11\/examen-tcf.png 674w\" sizes=\"(max-width: 150px) 100vw, 150px\" \/><\/figure><div class=\"elementor-image-box-content\"><h4 class=\"elementor-image-box-title\">TEF<\/h4><p class=\"elementor-image-box-description\">Franz\u00f6sisch-Einstufungstest<\/p><\/div><\/div>\t\t\t\t<\/div>\n\t\t\t\t<\/div>\n\t\t\t\t<div class=\"elementor-element elementor-element-c272a62 elementor-align-center elementor-widget elementor-widget-button\" data-id=\"c272a62\" data-element_type=\"widget\" data-widget_type=\"button.default\">\n\t\t\t\t<div class=\"elementor-widget-container\">\n\t\t\t\t\t\t\t\t\t<div class=\"elementor-button-wrapper\">\n\t\t\t\t\t<a class=\"elementor-button elementor-button-link elementor-size-sm\" href=\"https:\/\/institutdetouraine.com\/de\/tef-franzoesischer-einstufungstest\/\">\n\t\t\t\t\t\t<span class=\"elementor-button-content-wrapper\">\n\t\t\t\t\t\t\t\t\t<span class=\"elementor-button-text\">ENTDECKEN<\/span>\n\t\t\t\t\t<\/span>\n\t\t\t\t\t<\/a>\n\t\t\t\t<\/div>\n\t\t\t\t\t\t\t\t<\/div>\n\t\t\t\t<\/div>\n\t\t\t\t<\/div>\n\t\t<div class=\"elementor-element elementor-element-fc1769f e-con-full e-flex e-con e-child\" data-id=\"fc1769f\" data-element_type=\"container\">\n\t\t\t\t<div class=\"elementor-element elementor-element-bc49bc3 elementor-position-top elementor-widget elementor-widget-image-box\" data-id=\"bc49bc3\" data-element_type=\"widget\" data-widget_type=\"image-box.default\">\n\t\t\t\t<div class=\"elementor-widget-container\">\n\t\t\t\t\t<div class=\"elementor-image-box-wrapper\"><figure class=\"elementor-image-box-img\"><img loading=\"lazy\" decoding=\"async\" width=\"150\" height=\"150\" src=\"https:\/\/institutdetouraine.com\/wp-content\/uploads\/2025\/08\/institut-touraine-mediateque-150x150.jpg\" class=\"attachment-thumbnail size-thumbnail wp-image-1811\" alt=\"\" srcset=\"https:\/\/institutdetouraine.com\/wp-content\/uploads\/2025\/08\/institut-touraine-mediateque-150x150.jpg 150w, https:\/\/institutdetouraine.com\/wp-content\/uploads\/2025\/08\/institut-touraine-mediateque-300x300.jpg 300w, https:\/\/institutdetouraine.com\/wp-content\/uploads\/2025\/08\/institut-touraine-mediateque-1024x1024.jpg 1024w, https:\/\/institutdetouraine.com\/wp-content\/uploads\/2025\/08\/institut-touraine-mediateque-768x768.jpg 768w, https:\/\/institutdetouraine.com\/wp-content\/uploads\/2025\/08\/institut-touraine-mediateque.jpg 1500w\" sizes=\"(max-width: 150px) 100vw, 150px\" \/><\/figure><div class=\"elementor-image-box-content\"><h4 class=\"elementor-image-box-title\">DFP<\/h4><p class=\"elementor-image-box-description\">Diplome f\u00fcr Berufsfranz\u00f6sisch<\/p><\/div><\/div>\t\t\t\t<\/div>\n\t\t\t\t<\/div>\n\t\t\t\t<div class=\"elementor-element elementor-element-7c37ce7 elementor-align-center elementor-widget elementor-widget-button\" data-id=\"7c37ce7\" data-element_type=\"widget\" data-widget_type=\"button.default\">\n\t\t\t\t<div class=\"elementor-widget-container\">\n\t\t\t\t\t\t\t\t\t<div class=\"elementor-button-wrapper\">\n\t\t\t\t\t<a class=\"elementor-button elementor-button-link elementor-size-sm\" href=\"https:\/\/institutdetouraine.com\/de\/dfp-diplome-fuer-berufsfranzoesisch\/\">\n\t\t\t\t\t\t<span class=\"elementor-button-content-wrapper\">\n\t\t\t\t\t\t\t\t\t<span class=\"elementor-button-text\">ENTDECKEN<\/span>\n\t\t\t\t\t<\/span>\n\t\t\t\t\t<\/a>\n\t\t\t\t<\/div>\n\t\t\t\t\t\t\t\t<\/div>\n\t\t\t\t<\/div>\n\t\t\t\t<\/div>\n\t\t\t\t\t<\/div>\n\t\t\t\t<\/div>\n\t\t<div class=\"elementor-element elementor-element-b6f7917 e-flex e-con-boxed e-con e-parent\" data-id=\"b6f7917\" data-element_type=\"container\" data-settings=\"{&quot;background_background&quot;:&quot;classic&quot;}\">\n\t\t\t\t\t<div class=\"e-con-inner\">\n\t\t\t\t<div class=\"elementor-element elementor-element-2e14302 elementor-widget elementor-widget-text-editor\" data-id=\"2e14302\" data-element_type=\"widget\" data-widget_type=\"text-editor.default\">\n\t\t\t\t<div class=\"elementor-widget-container\">\n\t\t\t\t\t\t\t\t\t<p>F\u00fcr weitere Informationen z\u00f6gern Sie nicht, <a href=\"https:\/\/institutdetouraine.com\/wp-content\/uploads\/2025\/11\/brochure-DELF-DALF-2026.pdf\">unsere Brosch\u00fcre<\/a> zu konsultieren, eine <a href=\"https:\/\/institutdetouraine.com\/de\/kontakt\/\">Online-Angebotsanfrage<\/a> zu stellen oder uns \u00fcber den Chat unten rechts zu kontaktieren!<\/p>\t\t\t\t\t\t\t\t<\/div>\n\t\t\t\t<\/div>\n\t\t\t\t\t<\/div>\n\t\t\t\t<\/div>\n\t\t\t\t<\/div>\n\t\t","protected":false},"excerpt":{"rendered":"<p>Eine Franz\u00f6sischpr\u00fcfung erfolgreich ablegen dank spezialisierten Lehrkr\u00e4ften f\u00fcr Franz\u00f6sisch als Fremdsprache (FLE) Das Institut de Touraine ist ein anerkanntes Pr\u00fcfungszentrum [&hellip;]<\/p>\n","protected":false},"author":2,"featured_media":0,"parent":0,"menu_order":0,"comment_status":"closed","ping_status":"closed","template":"","meta":{"_eb_attr":"","site-sidebar-layout":"no-sidebar","site-content-layout":"","ast-site-content-layout":"full-width-container","site-content-style":"default","site-sidebar-style":"default","ast-global-header-display":"","ast-banner-title-visibility":"","ast-main-header-display":"","ast-hfb-above-header-display":"","ast-hfb-below-header-display":"","ast-hfb-mobile-header-display":"","site-post-title":"disabled","ast-breadcrumbs-content":"","ast-featured-img":"disabled","footer-sml-layout":"","theme-transparent-header-meta":"","adv-header-id-meta":"","stick-header-meta":"","header-above-stick-meta":"","header-main-stick-meta":"","header-below-stick-meta":"","astra-migrate-meta-layouts":"default","ast-page-background-enabled":"default","ast-page-background-meta":{"desktop":{"background-color":"var(--ast-global-color-5)","background-image":"","background-repeat":"repeat","background-position":"center center","background-size":"auto","background-attachment":"scroll","background-type":"","background-media":"","overlay-type":"","overlay-color":"","overlay-opacity":"","overlay-gradient":""},"tablet":{"background-color":"","background-image":"","background-repeat":"repeat","background-position":"center center","background-size":"auto","background-attachment":"scroll","background-type":"","background-media":"","overlay-type":"","overlay-color":"","overlay-opacity":"","overlay-gradient":""},"mobile":{"background-color":"","background-image":"","background-repeat":"repeat","background-position":"center center","background-size":"auto","background-attachment":"scroll","background-type":"","background-media":"","overlay-type":"","overlay-color":"","overlay-opacity":"","overlay-gradient":""}},"ast-content-background-meta":{"desktop":{"background-color":"var(--ast-global-color-4)","background-image":"","background-repeat":"repeat","background-position":"center center","background-size":"auto","background-attachment":"scroll","background-type":"","background-media":"","overlay-type":"","overlay-color":"","overlay-opacity":"","overlay-gradient":""},"tablet":{"background-color":"var(--ast-global-color-4)","background-image":"","background-repeat":"repeat","background-position":"center center","background-size":"auto","background-attachment":"scroll","background-type":"","background-media":"","overlay-type":"","overlay-color":"","overlay-opacity":"","overlay-gradient":""},"mobile":{"background-color":"var(--ast-global-color-4)","background-image":"","background-repeat":"repeat","background-position":"center center","background-size":"auto","background-attachment":"scroll","background-type":"","background-media":"","overlay-type":"","overlay-color":"","overlay-opacity":"","overlay-gradient":""}},"footnotes":""},"class_list":["post-1994","page","type-page","status-publish","hentry"],"yoast_head":"<!-- This site is optimized with the Yoast SEO plugin v26.4 - https:\/\/yoast.com\/wordpress\/plugins\/seo\/ -->\n<title>Pr\u00fcfungen f\u00fcr die franz\u00f6sische Sprache Tours: DELF, DALF, TEF - Institut de Touraine<\/title>\n<meta name=\"description\" content=\"Das Institut de Touraine ist ein anerkanntes Pr\u00fcfungszentrum f\u00fcr franz\u00f6sische Sprachdiplome und -zertifikate wie DELF, DALF, TEF...\" \/>\n<meta name=\"robots\" content=\"index, follow, max-snippet:-1, max-image-preview:large, max-video-preview:-1\" \/>\n<link rel=\"canonical\" href=\"https:\/\/institutdetouraine.com\/de\/franzoesisch-sprachpruefungen\/\" \/>\n<meta property=\"og:locale\" content=\"de_DE\" \/>\n<meta property=\"og:type\" content=\"article\" \/>\n<meta property=\"og:title\" content=\"Pr\u00fcfungen f\u00fcr die franz\u00f6sische Sprache Tours: DELF, DALF, TEF - Institut de Touraine\" \/>\n<meta property=\"og:description\" content=\"Das Institut de Touraine ist ein anerkanntes Pr\u00fcfungszentrum f\u00fcr franz\u00f6sische Sprachdiplome und -zertifikate wie DELF, DALF, TEF...\" \/>\n<meta property=\"og:url\" content=\"https:\/\/institutdetouraine.com\/de\/franzoesisch-sprachpruefungen\/\" \/>\n<meta property=\"og:site_name\" content=\"Institut de Touraine\" \/>\n<meta property=\"article:publisher\" content=\"https:\/\/www.facebook.com\/institutdetouraine\" \/>\n<meta property=\"article:modified_time\" content=\"2025-11-27T19:24:26+00:00\" \/>\n<meta property=\"og:image\" content=\"https:\/\/institutdetouraine.com\/wp-content\/uploads\/2025\/11\/examen-delf.png\" \/>\n\t<meta property=\"og:image:width\" content=\"685\" \/>\n\t<meta property=\"og:image:height\" content=\"685\" \/>\n\t<meta property=\"og:image:type\" content=\"image\/png\" \/>\n<meta name=\"twitter:card\" content=\"summary_large_image\" \/>\n<meta name=\"twitter:label1\" content=\"Gesch\u00e4tzte Lesezeit\" \/>\n\t<meta name=\"twitter:data1\" content=\"1\u00a0Minute\" \/>\n<script type=\"application\/ld+json\" class=\"yoast-schema-graph\">{\"@context\":\"https:\/\/schema.org\",\"@graph\":[{\"@type\":\"WebPage\",\"@id\":\"https:\/\/institutdetouraine.com\/de\/franzoesisch-sprachpruefungen\/\",\"url\":\"https:\/\/institutdetouraine.com\/de\/franzoesisch-sprachpruefungen\/\",\"name\":\"Pr\u00fcfungen f\u00fcr die franz\u00f6sische Sprache Tours: DELF, DALF, TEF - Institut de Touraine\",\"isPartOf\":{\"@id\":\"https:\/\/institutdetouraine.com\/de\/#website\"},\"primaryImageOfPage\":{\"@id\":\"https:\/\/institutdetouraine.com\/de\/franzoesisch-sprachpruefungen\/#primaryimage\"},\"image\":{\"@id\":\"https:\/\/institutdetouraine.com\/de\/franzoesisch-sprachpruefungen\/#primaryimage\"},\"thumbnailUrl\":\"https:\/\/institutdetouraine.com\/wp-content\/uploads\/2025\/11\/examen-delf-150x150.png\",\"datePublished\":\"2025-11-22T16:23:15+00:00\",\"dateModified\":\"2025-11-27T19:24:26+00:00\",\"description\":\"Das Institut de Touraine ist ein anerkanntes Pr\u00fcfungszentrum f\u00fcr franz\u00f6sische Sprachdiplome und -zertifikate wie DELF, DALF, TEF...\",\"breadcrumb\":{\"@id\":\"https:\/\/institutdetouraine.com\/de\/franzoesisch-sprachpruefungen\/#breadcrumb\"},\"inLanguage\":\"de\",\"potentialAction\":[{\"@type\":\"ReadAction\",\"target\":[\"https:\/\/institutdetouraine.com\/de\/franzoesisch-sprachpruefungen\/\"]}]},{\"@type\":\"ImageObject\",\"inLanguage\":\"de\",\"@id\":\"https:\/\/institutdetouraine.com\/de\/franzoesisch-sprachpruefungen\/#primaryimage\",\"url\":\"https:\/\/institutdetouraine.com\/wp-content\/uploads\/2025\/11\/examen-delf-150x150.png\",\"contentUrl\":\"https:\/\/institutdetouraine.com\/wp-content\/uploads\/2025\/11\/examen-delf-150x150.png\"},{\"@type\":\"BreadcrumbList\",\"@id\":\"https:\/\/institutdetouraine.com\/de\/franzoesisch-sprachpruefungen\/#breadcrumb\",\"itemListElement\":[{\"@type\":\"ListItem\",\"position\":1,\"name\":\"Accueil\",\"item\":\"https:\/\/institutdetouraine.com\/de\/institut-de-touraine\/\"},{\"@type\":\"ListItem\",\"position\":2,\"name\":\"Pr\u00fcfungen der franz\u00f6sischen Sprache\"}]},{\"@type\":\"WebSite\",\"@id\":\"https:\/\/institutdetouraine.com\/de\/#website\",\"url\":\"https:\/\/institutdetouraine.com\/de\/\",\"name\":\"Institut de Touraine\",\"description\":\"\",\"potentialAction\":[{\"@type\":\"SearchAction\",\"target\":{\"@type\":\"EntryPoint\",\"urlTemplate\":\"https:\/\/institutdetouraine.com\/de\/?s={search_term_string}\"},\"query-input\":{\"@type\":\"PropertyValueSpecification\",\"valueRequired\":true,\"valueName\":\"search_term_string\"}}],\"inLanguage\":\"de\"}]}<\/script>\n<!-- \/ Yoast SEO plugin. -->","yoast_head_json":{"title":"Pr\u00fcfungen f\u00fcr die franz\u00f6sische Sprache Tours: DELF, DALF, TEF - Institut de Touraine","description":"Das Institut de Touraine ist ein anerkanntes Pr\u00fcfungszentrum f\u00fcr franz\u00f6sische Sprachdiplome und -zertifikate wie DELF, DALF, TEF...","robots":{"index":"index","follow":"follow","max-snippet":"max-snippet:-1","max-image-preview":"max-image-preview:large","max-video-preview":"max-video-preview:-1"},"canonical":"https:\/\/institutdetouraine.com\/de\/franzoesisch-sprachpruefungen\/","og_locale":"de_DE","og_type":"article","og_title":"Pr\u00fcfungen f\u00fcr die franz\u00f6sische Sprache Tours: DELF, DALF, TEF - Institut de Touraine","og_description":"Das Institut de Touraine ist ein anerkanntes Pr\u00fcfungszentrum f\u00fcr franz\u00f6sische Sprachdiplome und -zertifikate wie DELF, DALF, TEF...","og_url":"https:\/\/institutdetouraine.com\/de\/franzoesisch-sprachpruefungen\/","og_site_name":"Institut de Touraine","article_publisher":"https:\/\/www.facebook.com\/institutdetouraine","article_modified_time":"2025-11-27T19:24:26+00:00","og_image":[{"width":685,"height":685,"url":"https:\/\/institutdetouraine.com\/wp-content\/uploads\/2025\/11\/examen-delf.png","type":"image\/png"}],"twitter_card":"summary_large_image","twitter_misc":{"Gesch\u00e4tzte Lesezeit":"1\u00a0Minute"},"schema":{"@context":"https:\/\/schema.org","@graph":[{"@type":"WebPage","@id":"https:\/\/institutdetouraine.com\/de\/franzoesisch-sprachpruefungen\/","url":"https:\/\/institutdetouraine.com\/de\/franzoesisch-sprachpruefungen\/","name":"Pr\u00fcfungen f\u00fcr die franz\u00f6sische Sprache Tours: DELF, DALF, TEF - Institut de Touraine","isPartOf":{"@id":"https:\/\/institutdetouraine.com\/de\/#website"},"primaryImageOfPage":{"@id":"https:\/\/institutdetouraine.com\/de\/franzoesisch-sprachpruefungen\/#primaryimage"},"image":{"@id":"https:\/\/institutdetouraine.com\/de\/franzoesisch-sprachpruefungen\/#primaryimage"},"thumbnailUrl":"https:\/\/institutdetouraine.com\/wp-content\/uploads\/2025\/11\/examen-delf-150x150.png","datePublished":"2025-11-22T16:23:15+00:00","dateModified":"2025-11-27T19:24:26+00:00","description":"Das Institut de Touraine ist ein anerkanntes Pr\u00fcfungszentrum f\u00fcr franz\u00f6sische Sprachdiplome und -zertifikate wie DELF, DALF, TEF...","breadcrumb":{"@id":"https:\/\/institutdetouraine.com\/de\/franzoesisch-sprachpruefungen\/#breadcrumb"},"inLanguage":"de","potentialAction":[{"@type":"ReadAction","target":["https:\/\/institutdetouraine.com\/de\/franzoesisch-sprachpruefungen\/"]}]},{"@type":"ImageObject","inLanguage":"de","@id":"https:\/\/institutdetouraine.com\/de\/franzoesisch-sprachpruefungen\/#primaryimage","url":"https:\/\/institutdetouraine.com\/wp-content\/uploads\/2025\/11\/examen-delf-150x150.png","contentUrl":"https:\/\/institutdetouraine.com\/wp-content\/uploads\/2025\/11\/examen-delf-150x150.png"},{"@type":"BreadcrumbList","@id":"https:\/\/institutdetouraine.com\/de\/franzoesisch-sprachpruefungen\/#breadcrumb","itemListElement":[{"@type":"ListItem","position":1,"name":"Accueil","item":"https:\/\/institutdetouraine.com\/de\/institut-de-touraine\/"},{"@type":"ListItem","position":2,"name":"Pr\u00fcfungen der franz\u00f6sischen Sprache"}]},{"@type":"WebSite","@id":"https:\/\/institutdetouraine.com\/de\/#website","url":"https:\/\/institutdetouraine.com\/de\/","name":"Institut de Touraine","description":"","potentialAction":[{"@type":"SearchAction","target":{"@type":"EntryPoint","urlTemplate":"https:\/\/institutdetouraine.com\/de\/?s={search_term_string}"},"query-input":{"@type":"PropertyValueSpecification","valueRequired":true,"valueName":"search_term_string"}}],"inLanguage":"de"}]}},"_links":{"self":[{"href":"https:\/\/institutdetouraine.com\/de\/wp-json\/wp\/v2\/pages\/1994","targetHints":{"allow":["GET"]}}],"collection":[{"href":"https:\/\/institutdetouraine.com\/de\/wp-json\/wp\/v2\/pages"}],"about":[{"href":"https:\/\/institutdetouraine.com\/de\/wp-json\/wp\/v2\/types\/page"}],"author":[{"embeddable":true,"href":"https:\/\/institutdetouraine.com\/de\/wp-json\/wp\/v2\/users\/2"}],"replies":[{"embeddable":true,"href":"https:\/\/institutdetouraine.com\/de\/wp-json\/wp\/v2\/comments?post=1994"}],"version-history":[{"count":8,"href":"https:\/\/institutdetouraine.com\/de\/wp-json\/wp\/v2\/pages\/1994\/revisions"}],"predecessor-version":[{"id":2213,"href":"https:\/\/institutdetouraine.com\/de\/wp-json\/wp\/v2\/pages\/1994\/revisions\/2213"}],"wp:attachment":[{"href":"https:\/\/institutdetouraine.com\/de\/wp-json\/wp\/v2\/media?parent=1994"}],"curies":[{"name":"wp","href":"https:\/\/api.w.org\/{rel}","templated":true}]}}