{"id":1985,"date":"2025-10-26T15:03:56","date_gmt":"2025-10-26T14:03:56","guid":{"rendered":"https:\/\/institut.loumetis.fr\/leben-in-tours\/"},"modified":"2025-11-22T23:16:22","modified_gmt":"2025-11-22T22:16:22","slug":"leben-in-tours","status":"publish","type":"page","link":"https:\/\/institutdetouraine.com\/de\/leben-in-tours\/","title":{"rendered":"Leben in Tours"},"content":{"rendered":"\t\t<div data-elementor-type=\"wp-page\" data-elementor-id=\"1985\" class=\"elementor elementor-1985 elementor-1607\" data-elementor-post-type=\"page\">\n\t\t\t\t<div class=\"elementor-element elementor-element-8d3a522 e-flex e-con-boxed e-con e-parent\" data-id=\"8d3a522\" data-element_type=\"container\" data-settings=\"{&quot;background_background&quot;:&quot;classic&quot;}\">\n\t\t\t\t\t<div class=\"e-con-inner\">\n\t\t\t\t<div class=\"elementor-element elementor-element-2841a09 elementor-widget elementor-widget-text-editor\" data-id=\"2841a09\" data-element_type=\"widget\" data-widget_type=\"text-editor.default\">\n\t\t\t\t<div class=\"elementor-widget-container\">\n\t\t\t\t\t\t\t\t\t<h1>Leben in Tours<\/h1><h4>Eine \u00fcberschaubare, dynamische und einladende Stadt<\/h4>\t\t\t\t\t\t\t\t<\/div>\n\t\t\t\t<\/div>\n\t\t\t\t\t<\/div>\n\t\t\t\t<\/div>\n\t\t<div class=\"elementor-element elementor-element-4e9e5a9 e-flex e-con-boxed e-con e-parent\" data-id=\"4e9e5a9\" data-element_type=\"container\">\n\t\t\t\t\t<div class=\"e-con-inner\">\n\t\t\t\t<div class=\"elementor-element elementor-element-751cd38 elementor-widget elementor-widget-text-editor\" data-id=\"751cd38\" data-element_type=\"widget\" data-widget_type=\"text-editor.default\">\n\t\t\t\t<div class=\"elementor-widget-container\">\n\t\t\t\t\t\t\t\t\t<p class=\"p1\">Im Herzen des Loiretals gelegen, bietet Tours einen idealen Lebensraum, um Franz\u00f6sisch zu lernen und die franz\u00f6sische Kultur zu entdecken. Als \u00fcberschaubare, dynamische und einladende Stadt besticht sie durch ihr au\u00dfergew\u00f6hnliches Erbe, ihren kulturellen Reichtum und ihre Lebensqualit\u00e4t.  <\/p>\t\t\t\t\t\t\t\t<\/div>\n\t\t\t\t<\/div>\n\t\t\t\t\t<\/div>\n\t\t\t\t<\/div>\n\t\t<div class=\"elementor-element elementor-element-2d96ebe e-flex e-con-boxed e-con e-parent\" data-id=\"2d96ebe\" data-element_type=\"container\" data-settings=\"{&quot;background_background&quot;:&quot;classic&quot;}\">\n\t\t\t\t\t<div class=\"e-con-inner\">\n\t\t\t\t<div class=\"elementor-element elementor-element-abaed93 elementor-widget elementor-widget-text-editor\" data-id=\"abaed93\" data-element_type=\"widget\" data-widget_type=\"text-editor.default\">\n\t\t\t\t<div class=\"elementor-widget-container\">\n\t\t\t\t\t\t\t\t\t<p>Zwischen Geschichte, Natur und Modernit\u00e4t vereint Tours den Charme einer alten Stadt mit der Energie einer Studentenmetropole.<\/p>\t\t\t\t\t\t\t\t<\/div>\n\t\t\t\t<\/div>\n\t\t\t\t\t<\/div>\n\t\t\t\t<\/div>\n\t\t<div class=\"elementor-element elementor-element-a730e6a e-flex e-con-boxed e-con e-parent\" data-id=\"a730e6a\" data-element_type=\"container\">\n\t\t\t\t\t<div class=\"e-con-inner\">\n\t\t\t\t<div class=\"elementor-element elementor-element-0444249 elementor-widget elementor-widget-spacer\" data-id=\"0444249\" data-element_type=\"widget\" data-widget_type=\"spacer.default\">\n\t\t\t\t<div class=\"elementor-widget-container\">\n\t\t\t\t\t\t\t<div class=\"elementor-spacer\">\n\t\t\t<div class=\"elementor-spacer-inner\"><\/div>\n\t\t<\/div>\n\t\t\t\t\t\t<\/div>\n\t\t\t\t<\/div>\n\t\t\t\t\t<\/div>\n\t\t\t\t<\/div>\n\t\t<div class=\"elementor-element elementor-element-5caf35d e-con-full e-flex e-con e-parent\" data-id=\"5caf35d\" data-element_type=\"container\">\n\t\t<div class=\"elementor-element elementor-element-61ed6c8 e-con-full e-flex e-con e-child\" data-id=\"61ed6c8\" data-element_type=\"container\" data-settings=\"{&quot;background_background&quot;:&quot;classic&quot;}\">\n\t\t\t\t<div class=\"elementor-element elementor-element-87bf921 elementor-widget elementor-widget-spacer\" data-id=\"87bf921\" data-element_type=\"widget\" data-widget_type=\"spacer.default\">\n\t\t\t\t<div class=\"elementor-widget-container\">\n\t\t\t\t\t\t\t<div class=\"elementor-spacer\">\n\t\t\t<div class=\"elementor-spacer-inner\"><\/div>\n\t\t<\/div>\n\t\t\t\t\t\t<\/div>\n\t\t\t\t<\/div>\n\t\t\t\t<\/div>\n\t\t<div class=\"elementor-element elementor-element-e90923a e-con-full e-flex e-con e-child\" data-id=\"e90923a\" data-element_type=\"container\">\n\t\t\t\t<div class=\"elementor-element elementor-element-324845a elementor-widget elementor-widget-text-editor\" data-id=\"324845a\" data-element_type=\"widget\" data-widget_type=\"text-editor.default\">\n\t\t\t\t<div class=\"elementor-widget-container\">\n\t\t\t\t\t\t\t\t\t<h2>Das Loiretal: UNESCO-Weltkulturerbe-Region<\/h2><p class=\"p1\">Die Touraine, auch \u201eGarten Frankreichs\u201c genannt, verf\u00fcgt \u00fcber zahlreiche Parks und Gr\u00fcnfl\u00e4chen, wie die ber\u00fchmten franz\u00f6sischen G\u00e4rten des Schlosses Villandry. Durchquert von der Loire, dem letzten wilden Fluss Europas, ist die Region beliebt f\u00fcr Wanderungen, Ballonfahrten, die Entdeckung von Weinbergen&#8230; Tours liegt auch an der Loire \u00e0 V\u00e9lo, einer Radroute, die das Zentrum Frankreichs mit dem Atlantik verbindet.  <\/p><p class=\"p1\">Als Hauptstadt des Loiretals, einer UNESCO-Weltkulturerbe-Region, zieht Tours jedes Jahr \u00fcber 5.000 ausl\u00e4ndische Studenten an. Au\u00dferhalb des Unterrichts entdecken sie hier die Lebensart, die Schl\u00f6sser der Renaissance, die franz\u00f6sische Kultur und Gastronomie\u2026 Das Institut de Touraine f\u00f6rdert dieses Eintauchen mit einem reichhaltigen Aktivit\u00e4tsprogramm. <\/p><p class=\"p1\">Die Touraine ist auch die Wiege ber\u00fchmter Schriftsteller wie Rabelais, Ronsard oder Balzac. Viele amerikanische K\u00fcnstler haben dort gewohnt (Calder, Max Ernst\u2026). <\/p>\t\t\t\t\t\t\t\t<\/div>\n\t\t\t\t<\/div>\n\t\t\t\t<\/div>\n\t\t\t\t<\/div>\n\t\t<div class=\"elementor-element elementor-element-5d010d6 e-flex e-con-boxed e-con e-parent\" data-id=\"5d010d6\" data-element_type=\"container\">\n\t\t\t\t\t<div class=\"e-con-inner\">\n\t\t\t\t<div class=\"elementor-element elementor-element-1a961b6 elementor-widget elementor-widget-spacer\" data-id=\"1a961b6\" data-element_type=\"widget\" data-widget_type=\"spacer.default\">\n\t\t\t\t<div class=\"elementor-widget-container\">\n\t\t\t\t\t\t\t<div class=\"elementor-spacer\">\n\t\t\t<div class=\"elementor-spacer-inner\"><\/div>\n\t\t<\/div>\n\t\t\t\t\t\t<\/div>\n\t\t\t\t<\/div>\n\t\t\t\t\t<\/div>\n\t\t\t\t<\/div>\n\t\t<div class=\"elementor-element elementor-element-b3415fe e-con-full e-flex e-con e-parent\" data-id=\"b3415fe\" data-element_type=\"container\">\n\t\t<div class=\"elementor-element elementor-element-5f61134 e-con-full e-flex e-con e-child\" data-id=\"5f61134\" data-element_type=\"container\">\n\t\t\t\t<div class=\"elementor-element elementor-element-0b4fee5 elementor-widget elementor-widget-text-editor\" data-id=\"0b4fee5\" data-element_type=\"widget\" data-widget_type=\"text-editor.default\">\n\t\t\t\t<div class=\"elementor-widget-container\">\n\t\t\t\t\t\t\t\t\t<h2>Ausgehen in Tours<\/h2><p class=\"p1\">Nur einen Steinwurf vom Institut entfernt ist das historische Viertel f\u00fcr seine Caf\u00e9s und Terrassen beliebt. An sch\u00f6nen Tagen wird eine Guinguette, ein Open-Air-Caf\u00e9, in dem man tanzen und Musik h\u00f6ren kann, am Ufer der Loire aufgebaut. Als Studentenstadt verf\u00fcgt Tours \u00fcber zahlreiche Kinos und mehrere Konzertorte.  <\/p><p class=\"p1\">Tours ist eine Stadt, in der man gut leben, einkaufen, mit Freunden ausgehen kann&#8230; Nur einen Steinwurf vom Institut entfernt ist das historische Viertel f\u00fcr seine zahlreichen Caf\u00e9s und Terrassen beliebt, insbesondere am Place Plumereau, der als einer der sch\u00f6nsten Pl\u00e4tze Frankreichs gilt, um etwas zu trinken. <\/p><p class=\"p1\">Tours verf\u00fcgt auch \u00fcber mehrere Kinos, eine Oper, eine Eisbahn, Schwimmb\u00e4der, ein Zentrum f\u00fcr zeitgen\u00f6ssische Kunst (CCCOD) und mehrere Konzerts\u00e4le und Festivals (klassische Musik oder Jazz).<\/p>\t\t\t\t\t\t\t\t<\/div>\n\t\t\t\t<\/div>\n\t\t\t\t<\/div>\n\t\t<div class=\"elementor-element elementor-element-ee98920 e-con-full e-flex e-con e-child\" data-id=\"ee98920\" data-element_type=\"container\" data-settings=\"{&quot;background_background&quot;:&quot;classic&quot;}\">\n\t\t\t\t<div class=\"elementor-element elementor-element-2a77694 elementor-widget elementor-widget-spacer\" data-id=\"2a77694\" data-element_type=\"widget\" data-widget_type=\"spacer.default\">\n\t\t\t\t<div class=\"elementor-widget-container\">\n\t\t\t\t\t\t\t<div class=\"elementor-spacer\">\n\t\t\t<div class=\"elementor-spacer-inner\"><\/div>\n\t\t<\/div>\n\t\t\t\t\t\t<\/div>\n\t\t\t\t<\/div>\n\t\t\t\t<\/div>\n\t\t\t\t<\/div>\n\t\t<div class=\"elementor-element elementor-element-dd5cac4 e-flex e-con-boxed e-con e-parent\" data-id=\"dd5cac4\" data-element_type=\"container\">\n\t\t\t\t\t<div class=\"e-con-inner\">\n\t\t\t\t<div class=\"elementor-element elementor-element-9011fc3 elementor-widget elementor-widget-spacer\" data-id=\"9011fc3\" data-element_type=\"widget\" data-widget_type=\"spacer.default\">\n\t\t\t\t<div class=\"elementor-widget-container\">\n\t\t\t\t\t\t\t<div class=\"elementor-spacer\">\n\t\t\t<div class=\"elementor-spacer-inner\"><\/div>\n\t\t<\/div>\n\t\t\t\t\t\t<\/div>\n\t\t\t\t<\/div>\n\t\t\t\t\t<\/div>\n\t\t\t\t<\/div>\n\t\t<div class=\"elementor-element elementor-element-7f4529f e-con-full e-flex e-con e-parent\" data-id=\"7f4529f\" data-element_type=\"container\">\n\t\t<div class=\"elementor-element elementor-element-8f22689 e-con-full e-flex e-con e-child\" data-id=\"8f22689\" data-element_type=\"container\" data-settings=\"{&quot;background_background&quot;:&quot;classic&quot;}\">\n\t\t\t\t<div class=\"elementor-element elementor-element-d526ca4 elementor-widget elementor-widget-spacer\" data-id=\"d526ca4\" data-element_type=\"widget\" data-widget_type=\"spacer.default\">\n\t\t\t\t<div class=\"elementor-widget-container\">\n\t\t\t\t\t\t\t<div class=\"elementor-spacer\">\n\t\t\t<div class=\"elementor-spacer-inner\"><\/div>\n\t\t<\/div>\n\t\t\t\t\t\t<\/div>\n\t\t\t\t<\/div>\n\t\t\t\t<\/div>\n\t\t<div class=\"elementor-element elementor-element-508cba1 e-con-full e-flex e-con e-child\" data-id=\"508cba1\" data-element_type=\"container\">\n\t\t\t\t<div class=\"elementor-element elementor-element-defd84b elementor-widget elementor-widget-text-editor\" data-id=\"defd84b\" data-element_type=\"widget\" data-widget_type=\"text-editor.default\">\n\t\t\t\t<div class=\"elementor-widget-container\">\n\t\t\t\t\t\t\t\t\t<h2>Tours, eine Studentenstadt<\/h2><p class=\"p1\">Jung und dynamisch, z\u00e4hlt Tours \u00fcber 30.000 Studenten, davon 10 % Ausl\u00e4nder, verteilt auf mehrere Campusse in der ganzen Stadt. Als gr\u00f6\u00dfte Universit\u00e4t der Region Centre-Val de Loire vergibt die Universit\u00e4t Tours eine gro\u00dfe Vielfalt an Diplomen und betreibt intensive wissenschaftliche Forschung. <\/p><p class=\"p1\">In Tours zu leben und zu studieren erfordert kein gro\u00dfes Budget. Die Kosten f\u00fcr eine Unterkunft sind zum Beispiel halb so hoch wie in Paris. Die \u00f6ffentlichen Verkehrsmittel sind ebenfalls zu vern\u00fcnftigen Preisen zug\u00e4nglich. Vom Institut de Touraine aus k\u00f6nnen Sie sich bequem zu Fu\u00df, mit dem Fahrrad, dem Bus oder der Stra\u00dfenbahn fortbewegen, um Sport zu treiben, im historischen Viertel spazieren zu gehen, einzukaufen, eine Vorstellung zu besuchen, die Ufer der Loire zu genie\u00dfen\u2026   <\/p>\t\t\t\t\t\t\t\t<\/div>\n\t\t\t\t<\/div>\n\t\t\t\t<\/div>\n\t\t\t\t<\/div>\n\t\t<div class=\"elementor-element elementor-element-56efd06 e-flex e-con-boxed e-con e-parent\" data-id=\"56efd06\" data-element_type=\"container\">\n\t\t\t\t\t<div class=\"e-con-inner\">\n\t\t\t\t<div class=\"elementor-element elementor-element-4fb7f31 elementor-widget elementor-widget-spacer\" data-id=\"4fb7f31\" data-element_type=\"widget\" data-widget_type=\"spacer.default\">\n\t\t\t\t<div class=\"elementor-widget-container\">\n\t\t\t\t\t\t\t<div class=\"elementor-spacer\">\n\t\t\t<div class=\"elementor-spacer-inner\"><\/div>\n\t\t<\/div>\n\t\t\t\t\t\t<\/div>\n\t\t\t\t<\/div>\n\t\t\t\t\t<\/div>\n\t\t\t\t<\/div>\n\t\t<div class=\"elementor-element elementor-element-a8f681a e-flex e-con-boxed e-con e-parent\" data-id=\"a8f681a\" data-element_type=\"container\" data-settings=\"{&quot;background_background&quot;:&quot;classic&quot;}\">\n\t\t\t\t\t<div class=\"e-con-inner\">\n\t\t\t\t<div class=\"elementor-element elementor-element-485d7f0 elementor-widget elementor-widget-text-editor\" data-id=\"485d7f0\" data-element_type=\"widget\" data-widget_type=\"text-editor.default\">\n\t\t\t\t<div class=\"elementor-widget-container\">\n\t\t\t\t\t\t\t\t\t<p>Als Hauptstadt des Loiretals, einer UNESCO-Weltkulturerbe-Region, zieht Tours jedes Jahr \u00fcber 5.000 ausl\u00e4ndische Studenten an. Au\u00dferhalb des Unterrichts entdecken sie hier die Lebensart, die Schl\u00f6sser der Renaissance, die franz\u00f6sische Kultur und Gastronomie\u2026 Das Institut de Touraine f\u00f6rdert dieses Eintauchen mit einem reichhaltigen Programm an <a href=\"https:\/\/institutdetouraine.com\/activites-culturelles-et-excursions\/\">kulturellen Aktivit\u00e4ten und Ausfl\u00fcgen<\/a>. <\/p>\t\t\t\t\t\t\t\t<\/div>\n\t\t\t\t<\/div>\n\t\t\t\t\t<\/div>\n\t\t\t\t<\/div>\n\t\t\t\t<\/div>\n\t\t","protected":false},"excerpt":{"rendered":"<p>Leben in Tours Eine \u00fcberschaubare, dynamische und einladende Stadt Im Herzen des Loiretals gelegen, bietet Tours einen idealen Lebensraum, um [&hellip;]<\/p>\n","protected":false},"author":2,"featured_media":0,"parent":0,"menu_order":0,"comment_status":"closed","ping_status":"closed","template":"","meta":{"_eb_attr":"","site-sidebar-layout":"no-sidebar","site-content-layout":"","ast-site-content-layout":"full-width-container","site-content-style":"default","site-sidebar-style":"default","ast-global-header-display":"","ast-banner-title-visibility":"","ast-main-header-display":"","ast-hfb-above-header-display":"","ast-hfb-below-header-display":"","ast-hfb-mobile-header-display":"","site-post-title":"disabled","ast-breadcrumbs-content":"","ast-featured-img":"disabled","footer-sml-layout":"","theme-transparent-header-meta":"","adv-header-id-meta":"","stick-header-meta":"","header-above-stick-meta":"","header-main-stick-meta":"","header-below-stick-meta":"","astra-migrate-meta-layouts":"default","ast-page-background-enabled":"default","ast-page-background-meta":{"desktop":{"background-color":"var(--ast-global-color-5)","background-image":"","background-repeat":"repeat","background-position":"center center","background-size":"auto","background-attachment":"scroll","background-type":"","background-media":"","overlay-type":"","overlay-color":"","overlay-opacity":"","overlay-gradient":""},"tablet":{"background-color":"","background-image":"","background-repeat":"repeat","background-position":"center center","background-size":"auto","background-attachment":"scroll","background-type":"","background-media":"","overlay-type":"","overlay-color":"","overlay-opacity":"","overlay-gradient":""},"mobile":{"background-color":"","background-image":"","background-repeat":"repeat","background-position":"center center","background-size":"auto","background-attachment":"scroll","background-type":"","background-media":"","overlay-type":"","overlay-color":"","overlay-opacity":"","overlay-gradient":""}},"ast-content-background-meta":{"desktop":{"background-color":"var(--ast-global-color-4)","background-image":"","background-repeat":"repeat","background-position":"center center","background-size":"auto","background-attachment":"scroll","background-type":"","background-media":"","overlay-type":"","overlay-color":"","overlay-opacity":"","overlay-gradient":""},"tablet":{"background-color":"var(--ast-global-color-4)","background-image":"","background-repeat":"repeat","background-position":"center center","background-size":"auto","background-attachment":"scroll","background-type":"","background-media":"","overlay-type":"","overlay-color":"","overlay-opacity":"","overlay-gradient":""},"mobile":{"background-color":"var(--ast-global-color-4)","background-image":"","background-repeat":"repeat","background-position":"center center","background-size":"auto","background-attachment":"scroll","background-type":"","background-media":"","overlay-type":"","overlay-color":"","overlay-opacity":"","overlay-gradient":""}},"footnotes":""},"class_list":["post-1985","page","type-page","status-publish","hentry"],"yoast_head":"<!-- This site is optimized with the Yoast SEO plugin v26.4 - https:\/\/yoast.com\/wordpress\/plugins\/seo\/ -->\n<title>Leben in Tours : Studentenstadt - Institut de Touraine<\/title>\n<meta name=\"description\" content=\"In Tours zu leben bedeutet, eine \u00fcberschaubare Stadt zu genie\u00dfen, die durch ihr Erbe, ihren kulturellen Reichtum und ihre Lebensqualit\u00e4t besticht.\" \/>\n<meta name=\"robots\" content=\"index, follow, max-snippet:-1, max-image-preview:large, max-video-preview:-1\" \/>\n<link rel=\"canonical\" href=\"https:\/\/institutdetouraine.com\/de\/leben-in-tours\/\" \/>\n<meta property=\"og:locale\" content=\"de_DE\" \/>\n<meta property=\"og:type\" content=\"article\" \/>\n<meta property=\"og:title\" content=\"Leben in Tours : Studentenstadt - Institut de Touraine\" \/>\n<meta property=\"og:description\" content=\"In Tours zu leben bedeutet, eine \u00fcberschaubare Stadt zu genie\u00dfen, die durch ihr Erbe, ihren kulturellen Reichtum und ihre Lebensqualit\u00e4t besticht.\" \/>\n<meta property=\"og:url\" content=\"https:\/\/institutdetouraine.com\/de\/leben-in-tours\/\" \/>\n<meta property=\"og:site_name\" content=\"Institut de Touraine\" \/>\n<meta property=\"article:publisher\" content=\"https:\/\/www.facebook.com\/institutdetouraine\" \/>\n<meta property=\"article:modified_time\" content=\"2025-11-22T22:16:22+00:00\" \/>\n<meta name=\"twitter:card\" content=\"summary_large_image\" \/>\n<meta name=\"twitter:label1\" content=\"Gesch\u00e4tzte Lesezeit\" \/>\n\t<meta name=\"twitter:data1\" content=\"3 Minuten\" \/>\n<script type=\"application\/ld+json\" class=\"yoast-schema-graph\">{\"@context\":\"https:\/\/schema.org\",\"@graph\":[{\"@type\":\"WebPage\",\"@id\":\"https:\/\/institutdetouraine.com\/de\/leben-in-tours\/\",\"url\":\"https:\/\/institutdetouraine.com\/de\/leben-in-tours\/\",\"name\":\"Leben in Tours : Studentenstadt - Institut de Touraine\",\"isPartOf\":{\"@id\":\"https:\/\/institutdetouraine.com\/de\/#website\"},\"datePublished\":\"2025-10-26T14:03:56+00:00\",\"dateModified\":\"2025-11-22T22:16:22+00:00\",\"description\":\"In Tours zu leben bedeutet, eine \u00fcberschaubare Stadt zu genie\u00dfen, die durch ihr Erbe, ihren kulturellen Reichtum und ihre Lebensqualit\u00e4t besticht.\",\"breadcrumb\":{\"@id\":\"https:\/\/institutdetouraine.com\/de\/leben-in-tours\/#breadcrumb\"},\"inLanguage\":\"de\",\"potentialAction\":[{\"@type\":\"ReadAction\",\"target\":[\"https:\/\/institutdetouraine.com\/de\/leben-in-tours\/\"]}]},{\"@type\":\"BreadcrumbList\",\"@id\":\"https:\/\/institutdetouraine.com\/de\/leben-in-tours\/#breadcrumb\",\"itemListElement\":[{\"@type\":\"ListItem\",\"position\":1,\"name\":\"Accueil\",\"item\":\"https:\/\/institutdetouraine.com\/de\/institut-de-touraine\/\"},{\"@type\":\"ListItem\",\"position\":2,\"name\":\"Leben in Tours\"}]},{\"@type\":\"WebSite\",\"@id\":\"https:\/\/institutdetouraine.com\/de\/#website\",\"url\":\"https:\/\/institutdetouraine.com\/de\/\",\"name\":\"Institut de Touraine\",\"description\":\"\",\"potentialAction\":[{\"@type\":\"SearchAction\",\"target\":{\"@type\":\"EntryPoint\",\"urlTemplate\":\"https:\/\/institutdetouraine.com\/de\/?s={search_term_string}\"},\"query-input\":{\"@type\":\"PropertyValueSpecification\",\"valueRequired\":true,\"valueName\":\"search_term_string\"}}],\"inLanguage\":\"de\"}]}<\/script>\n<!-- \/ Yoast SEO plugin. -->","yoast_head_json":{"title":"Leben in Tours : Studentenstadt - Institut de Touraine","description":"In Tours zu leben bedeutet, eine \u00fcberschaubare Stadt zu genie\u00dfen, die durch ihr Erbe, ihren kulturellen Reichtum und ihre Lebensqualit\u00e4t besticht.","robots":{"index":"index","follow":"follow","max-snippet":"max-snippet:-1","max-image-preview":"max-image-preview:large","max-video-preview":"max-video-preview:-1"},"canonical":"https:\/\/institutdetouraine.com\/de\/leben-in-tours\/","og_locale":"de_DE","og_type":"article","og_title":"Leben in Tours : Studentenstadt - Institut de Touraine","og_description":"In Tours zu leben bedeutet, eine \u00fcberschaubare Stadt zu genie\u00dfen, die durch ihr Erbe, ihren kulturellen Reichtum und ihre Lebensqualit\u00e4t besticht.","og_url":"https:\/\/institutdetouraine.com\/de\/leben-in-tours\/","og_site_name":"Institut de Touraine","article_publisher":"https:\/\/www.facebook.com\/institutdetouraine","article_modified_time":"2025-11-22T22:16:22+00:00","twitter_card":"summary_large_image","twitter_misc":{"Gesch\u00e4tzte Lesezeit":"3 Minuten"},"schema":{"@context":"https:\/\/schema.org","@graph":[{"@type":"WebPage","@id":"https:\/\/institutdetouraine.com\/de\/leben-in-tours\/","url":"https:\/\/institutdetouraine.com\/de\/leben-in-tours\/","name":"Leben in Tours : Studentenstadt - Institut de Touraine","isPartOf":{"@id":"https:\/\/institutdetouraine.com\/de\/#website"},"datePublished":"2025-10-26T14:03:56+00:00","dateModified":"2025-11-22T22:16:22+00:00","description":"In Tours zu leben bedeutet, eine \u00fcberschaubare Stadt zu genie\u00dfen, die durch ihr Erbe, ihren kulturellen Reichtum und ihre Lebensqualit\u00e4t besticht.","breadcrumb":{"@id":"https:\/\/institutdetouraine.com\/de\/leben-in-tours\/#breadcrumb"},"inLanguage":"de","potentialAction":[{"@type":"ReadAction","target":["https:\/\/institutdetouraine.com\/de\/leben-in-tours\/"]}]},{"@type":"BreadcrumbList","@id":"https:\/\/institutdetouraine.com\/de\/leben-in-tours\/#breadcrumb","itemListElement":[{"@type":"ListItem","position":1,"name":"Accueil","item":"https:\/\/institutdetouraine.com\/de\/institut-de-touraine\/"},{"@type":"ListItem","position":2,"name":"Leben in Tours"}]},{"@type":"WebSite","@id":"https:\/\/institutdetouraine.com\/de\/#website","url":"https:\/\/institutdetouraine.com\/de\/","name":"Institut de Touraine","description":"","potentialAction":[{"@type":"SearchAction","target":{"@type":"EntryPoint","urlTemplate":"https:\/\/institutdetouraine.com\/de\/?s={search_term_string}"},"query-input":{"@type":"PropertyValueSpecification","valueRequired":true,"valueName":"search_term_string"}}],"inLanguage":"de"}]}},"_links":{"self":[{"href":"https:\/\/institutdetouraine.com\/de\/wp-json\/wp\/v2\/pages\/1985","targetHints":{"allow":["GET"]}}],"collection":[{"href":"https:\/\/institutdetouraine.com\/de\/wp-json\/wp\/v2\/pages"}],"about":[{"href":"https:\/\/institutdetouraine.com\/de\/wp-json\/wp\/v2\/types\/page"}],"author":[{"embeddable":true,"href":"https:\/\/institutdetouraine.com\/de\/wp-json\/wp\/v2\/users\/2"}],"replies":[{"embeddable":true,"href":"https:\/\/institutdetouraine.com\/de\/wp-json\/wp\/v2\/comments?post=1985"}],"version-history":[{"count":1,"href":"https:\/\/institutdetouraine.com\/de\/wp-json\/wp\/v2\/pages\/1985\/revisions"}],"predecessor-version":[{"id":1986,"href":"https:\/\/institutdetouraine.com\/de\/wp-json\/wp\/v2\/pages\/1985\/revisions\/1986"}],"wp:attachment":[{"href":"https:\/\/institutdetouraine.com\/de\/wp-json\/wp\/v2\/media?parent=1985"}],"curies":[{"name":"wp","href":"https:\/\/api.w.org\/{rel}","templated":true}]}}