{"id":1977,"date":"2025-11-22T16:43:39","date_gmt":"2025-11-22T15:43:39","guid":{"rendered":"https:\/\/institut.loumetis.fr\/franzoesischkurse\/"},"modified":"2025-11-22T23:18:11","modified_gmt":"2025-11-22T22:18:11","slug":"franzoesischkurse","status":"publish","type":"page","link":"https:\/\/institutdetouraine.com\/de\/franzoesischkurse\/","title":{"rendered":"Franz\u00f6sischkurse"},"content":{"rendered":"\t\t<div data-elementor-type=\"wp-page\" data-elementor-id=\"1977\" class=\"elementor elementor-1977 elementor-1935\" data-elementor-post-type=\"page\">\n\t\t\t\t<div class=\"elementor-element elementor-element-8d3a522 e-flex e-con-boxed e-con e-parent\" data-id=\"8d3a522\" data-element_type=\"container\" data-settings=\"{&quot;background_background&quot;:&quot;classic&quot;}\">\n\t\t\t\t\t<div class=\"e-con-inner\">\n\t\t\t\t<div class=\"elementor-element elementor-element-2841a09 elementor-widget elementor-widget-text-editor\" data-id=\"2841a09\" data-element_type=\"widget\" data-widget_type=\"text-editor.default\">\n\t\t\t\t<div class=\"elementor-widget-container\">\n\t\t\t\t\t\t\t\t\t<h1>Franz\u00f6sischkurse<\/h1><h4>um mit klaren Zielen Fortschritte zu machen und Ihre Kenntnisse zu best\u00e4tigen<\/h4>\t\t\t\t\t\t\t\t<\/div>\n\t\t\t\t<\/div>\n\t\t\t\t\t<\/div>\n\t\t\t\t<\/div>\n\t\t<div class=\"elementor-element elementor-element-4e9e5a9 e-flex e-con-boxed e-con e-parent\" data-id=\"4e9e5a9\" data-element_type=\"container\">\n\t\t\t\t\t<div class=\"e-con-inner\">\n\t\t\t\t<div class=\"elementor-element elementor-element-751cd38 elementor-widget elementor-widget-text-editor\" data-id=\"751cd38\" data-element_type=\"widget\" data-widget_type=\"text-editor.default\">\n\t\t\t\t<div class=\"elementor-widget-container\">\n\t\t\t\t\t\t\t\t\t<p>Die <strong>Franz\u00f6sischkurse<\/strong> des Instituts werden von auf Franz\u00f6sisch als Fremdsprache (FLE) spezialisierten Lehrern unterrichtet und richten sich an Teilnehmer aller Niveaus, sowohl in Gruppen als auch im Einzelunterricht.<\/p><p>Strukturiert nach einem p\u00e4dagogischen Programm, das gem\u00e4\u00df dem Europ\u00e4ischen Referenzrahmen f\u00fcr Sprachen erstellt wurde, beinhalten unsere Kurse regelm\u00e4\u00dfige Bewertungen (Tests, Hausaufgaben, Pr\u00fcfungen), um Ihren Fortschritt zu messen. Dies ist die ideale Formel, um sich auf die DELF- oder DALF-Pr\u00fcfungen vorzubereiten oder Ihre F\u00e4higkeiten in einem akademischen oder beruflichen Umfeld zu st\u00e4rken. <\/p>\t\t\t\t\t\t\t\t<\/div>\n\t\t\t\t<\/div>\n\t\t\t\t\t<\/div>\n\t\t\t\t<\/div>\n\t\t<div class=\"elementor-element elementor-element-212e2d2 e-flex e-con-boxed e-con e-parent\" data-id=\"212e2d2\" data-element_type=\"container\">\n\t\t\t\t\t<div class=\"e-con-inner\">\n\t\t<div class=\"elementor-element elementor-element-1932c45 e-con-full e-flex e-con e-child\" data-id=\"1932c45\" data-element_type=\"container\">\n\t\t\t\t<div class=\"elementor-element elementor-element-e1762e4 elementor-position-top elementor-widget elementor-widget-image-box\" data-id=\"e1762e4\" data-element_type=\"widget\" data-widget_type=\"image-box.default\">\n\t\t\t\t<div class=\"elementor-widget-container\">\n\t\t\t\t\t<div class=\"elementor-image-box-wrapper\"><figure class=\"elementor-image-box-img\"><img decoding=\"async\" width=\"150\" height=\"150\" src=\"https:\/\/institutdetouraine.com\/wp-content\/uploads\/2025\/08\/formation-didactique-professeur-francais-150x150.jpg\" class=\"attachment-thumbnail size-thumbnail wp-image-1805\" alt=\"\" srcset=\"https:\/\/institutdetouraine.com\/wp-content\/uploads\/2025\/08\/formation-didactique-professeur-francais-150x150.jpg 150w, https:\/\/institutdetouraine.com\/wp-content\/uploads\/2025\/08\/formation-didactique-professeur-francais-300x300.jpg 300w, https:\/\/institutdetouraine.com\/wp-content\/uploads\/2025\/08\/formation-didactique-professeur-francais-1024x1024.jpg 1024w, https:\/\/institutdetouraine.com\/wp-content\/uploads\/2025\/08\/formation-didactique-professeur-francais-768x768.jpg 768w, https:\/\/institutdetouraine.com\/wp-content\/uploads\/2025\/08\/formation-didactique-professeur-francais.jpg 1500w\" sizes=\"(max-width: 150px) 100vw, 150px\" \/><\/figure><div class=\"elementor-image-box-content\"><h4 class=\"elementor-image-box-title\">Gruppen-Franz\u00f6sischkurse<\/h4><p class=\"elementor-image-box-description\">Gruppenkurse mit 15 oder 20 Wochenstunden<\/p><\/div><\/div>\t\t\t\t<\/div>\n\t\t\t\t<\/div>\n\t\t\t\t<div class=\"elementor-element elementor-element-a07c44a elementor-align-center elementor-widget elementor-widget-button\" data-id=\"a07c44a\" data-element_type=\"widget\" data-widget_type=\"button.default\">\n\t\t\t\t<div class=\"elementor-widget-container\">\n\t\t\t\t\t\t\t\t\t<div class=\"elementor-button-wrapper\">\n\t\t\t\t\t<a class=\"elementor-button elementor-button-link elementor-size-sm\" href=\"https:\/\/institutdetouraine.com\/de\/gruppen-franzoesischkurse\/\">\n\t\t\t\t\t\t<span class=\"elementor-button-content-wrapper\">\n\t\t\t\t\t\t\t\t\t<span class=\"elementor-button-text\">ENTDECKEN<\/span>\n\t\t\t\t\t<\/span>\n\t\t\t\t\t<\/a>\n\t\t\t\t<\/div>\n\t\t\t\t\t\t\t\t<\/div>\n\t\t\t\t<\/div>\n\t\t\t\t<\/div>\n\t\t<div class=\"elementor-element elementor-element-56c4acd e-con-full e-flex e-con e-child\" data-id=\"56c4acd\" data-element_type=\"container\">\n\t\t\t\t<div class=\"elementor-element elementor-element-8e0bba4 elementor-position-top elementor-widget elementor-widget-image-box\" data-id=\"8e0bba4\" data-element_type=\"widget\" data-widget_type=\"image-box.default\">\n\t\t\t\t<div class=\"elementor-widget-container\">\n\t\t\t\t\t<div class=\"elementor-image-box-wrapper\"><figure class=\"elementor-image-box-img\"><img decoding=\"async\" width=\"150\" height=\"150\" src=\"https:\/\/institutdetouraine.com\/wp-content\/uploads\/2025\/07\/apprendre-francais-cours-collectifs-150x150.jpg\" class=\"attachment-thumbnail size-thumbnail wp-image-1751\" alt=\"\" srcset=\"https:\/\/institutdetouraine.com\/wp-content\/uploads\/2025\/07\/apprendre-francais-cours-collectifs-150x150.jpg 150w, https:\/\/institutdetouraine.com\/wp-content\/uploads\/2025\/07\/apprendre-francais-cours-collectifs-300x300.jpg 300w, https:\/\/institutdetouraine.com\/wp-content\/uploads\/2025\/07\/apprendre-francais-cours-collectifs-1024x1024.jpg 1024w, https:\/\/institutdetouraine.com\/wp-content\/uploads\/2025\/07\/apprendre-francais-cours-collectifs-768x768.jpg 768w, https:\/\/institutdetouraine.com\/wp-content\/uploads\/2025\/07\/apprendre-francais-cours-collectifs.jpg 1500w\" sizes=\"(max-width: 150px) 100vw, 150px\" \/><\/figure><div class=\"elementor-image-box-content\"><h4 class=\"elementor-image-box-title\">Individuelle Franz\u00f6sischkurse<\/h4><p class=\"elementor-image-box-description\">Ma\u00dfgeschneiderte Kurse, die auf Ihre Ziele zugeschnitten sind.<\/p><\/div><\/div>\t\t\t\t<\/div>\n\t\t\t\t<\/div>\n\t\t\t\t<div class=\"elementor-element elementor-element-c1012fd elementor-align-center elementor-widget elementor-widget-button\" data-id=\"c1012fd\" data-element_type=\"widget\" data-widget_type=\"button.default\">\n\t\t\t\t<div class=\"elementor-widget-container\">\n\t\t\t\t\t\t\t\t\t<div class=\"elementor-button-wrapper\">\n\t\t\t\t\t<a class=\"elementor-button elementor-button-link elementor-size-sm\" href=\"https:\/\/institutdetouraine.com\/de\/individuelle-franzoesischkurse\/\">\n\t\t\t\t\t\t<span class=\"elementor-button-content-wrapper\">\n\t\t\t\t\t\t\t\t\t<span class=\"elementor-button-text\">ENTDECKEN<\/span>\n\t\t\t\t\t<\/span>\n\t\t\t\t\t<\/a>\n\t\t\t\t<\/div>\n\t\t\t\t\t\t\t\t<\/div>\n\t\t\t\t<\/div>\n\t\t\t\t<\/div>\n\t\t\t\t\t<\/div>\n\t\t\t\t<\/div>\n\t\t<div class=\"elementor-element elementor-element-b6f7917 e-flex e-con-boxed e-con e-parent\" data-id=\"b6f7917\" data-element_type=\"container\" data-settings=\"{&quot;background_background&quot;:&quot;classic&quot;}\">\n\t\t\t\t\t<div class=\"e-con-inner\">\n\t\t\t\t<div class=\"elementor-element elementor-element-2e14302 elementor-widget elementor-widget-text-editor\" data-id=\"2e14302\" data-element_type=\"widget\" data-widget_type=\"text-editor.default\">\n\t\t\t\t<div class=\"elementor-widget-container\">\n\t\t\t\t\t\t\t\t\t<p>F\u00fcr weitere Informationen z\u00f6gern Sie nicht, <a href=\"https:\/\/institutdetouraine.com\/wp-content\/uploads\/2025\/09\/iEFT-OFFRE-DE-COURS-2026_FR.pdf\">unser Kursangebot<\/a> zu konsultieren, eine <a href=\"https:\/\/institutdetouraine.com\/de\/kontakt\/\">Online-Angebotsanfrage<\/a> zu stellen oder uns \u00fcber den Chat unten rechts zu kontaktieren!<\/p>\t\t\t\t\t\t\t\t<\/div>\n\t\t\t\t<\/div>\n\t\t\t\t\t<\/div>\n\t\t\t\t<\/div>\n\t\t\t\t<\/div>\n\t\t","protected":false},"excerpt":{"rendered":"<p>Franz\u00f6sischkurse um mit klaren Zielen Fortschritte zu machen und Ihre Kenntnisse zu best\u00e4tigen Die Franz\u00f6sischkurse des Instituts werden von auf [&hellip;]<\/p>\n","protected":false},"author":2,"featured_media":0,"parent":0,"menu_order":0,"comment_status":"closed","ping_status":"closed","template":"","meta":{"_eb_attr":"","site-sidebar-layout":"no-sidebar","site-content-layout":"","ast-site-content-layout":"full-width-container","site-content-style":"default","site-sidebar-style":"default","ast-global-header-display":"","ast-banner-title-visibility":"","ast-main-header-display":"","ast-hfb-above-header-display":"","ast-hfb-below-header-display":"","ast-hfb-mobile-header-display":"","site-post-title":"disabled","ast-breadcrumbs-content":"","ast-featured-img":"disabled","footer-sml-layout":"","theme-transparent-header-meta":"","adv-header-id-meta":"","stick-header-meta":"","header-above-stick-meta":"","header-main-stick-meta":"","header-below-stick-meta":"","astra-migrate-meta-layouts":"default","ast-page-background-enabled":"default","ast-page-background-meta":{"desktop":{"background-color":"var(--ast-global-color-5)","background-image":"","background-repeat":"repeat","background-position":"center center","background-size":"auto","background-attachment":"scroll","background-type":"","background-media":"","overlay-type":"","overlay-color":"","overlay-opacity":"","overlay-gradient":""},"tablet":{"background-color":"","background-image":"","background-repeat":"repeat","background-position":"center center","background-size":"auto","background-attachment":"scroll","background-type":"","background-media":"","overlay-type":"","overlay-color":"","overlay-opacity":"","overlay-gradient":""},"mobile":{"background-color":"","background-image":"","background-repeat":"repeat","background-position":"center center","background-size":"auto","background-attachment":"scroll","background-type":"","background-media":"","overlay-type":"","overlay-color":"","overlay-opacity":"","overlay-gradient":""}},"ast-content-background-meta":{"desktop":{"background-color":"var(--ast-global-color-4)","background-image":"","background-repeat":"repeat","background-position":"center center","background-size":"auto","background-attachment":"scroll","background-type":"","background-media":"","overlay-type":"","overlay-color":"","overlay-opacity":"","overlay-gradient":""},"tablet":{"background-color":"var(--ast-global-color-4)","background-image":"","background-repeat":"repeat","background-position":"center center","background-size":"auto","background-attachment":"scroll","background-type":"","background-media":"","overlay-type":"","overlay-color":"","overlay-opacity":"","overlay-gradient":""},"mobile":{"background-color":"var(--ast-global-color-4)","background-image":"","background-repeat":"repeat","background-position":"center center","background-size":"auto","background-attachment":"scroll","background-type":"","background-media":"","overlay-type":"","overlay-color":"","overlay-opacity":"","overlay-gradient":""}},"footnotes":""},"class_list":["post-1977","page","type-page","status-publish","hentry"],"yoast_head":"<!-- This site is optimized with the Yoast SEO plugin v26.4 - https:\/\/yoast.com\/wordpress\/plugins\/seo\/ -->\n<title>Franz\u00f6sischkurse Tours - Institut de Touraine<\/title>\n<meta name=\"description\" content=\"Die Franz\u00f6sischkurse richten sich an Teilnehmer aller Niveaus, sowohl in Gruppen als auch im Einzelunterricht, f\u00fcr kurze oder lange Aufenthalte.\" \/>\n<meta name=\"robots\" content=\"index, follow, max-snippet:-1, max-image-preview:large, max-video-preview:-1\" \/>\n<link rel=\"canonical\" href=\"https:\/\/institutdetouraine.com\/de\/franzoesischkurse\/\" \/>\n<meta property=\"og:locale\" content=\"de_DE\" \/>\n<meta property=\"og:type\" content=\"article\" \/>\n<meta property=\"og:title\" content=\"Franz\u00f6sischkurse Tours - Institut de Touraine\" \/>\n<meta property=\"og:description\" content=\"Die Franz\u00f6sischkurse richten sich an Teilnehmer aller Niveaus, sowohl in Gruppen als auch im Einzelunterricht, f\u00fcr kurze oder lange Aufenthalte.\" \/>\n<meta property=\"og:url\" content=\"https:\/\/institutdetouraine.com\/de\/franzoesischkurse\/\" \/>\n<meta property=\"og:site_name\" content=\"Institut de Touraine\" \/>\n<meta property=\"article:publisher\" content=\"https:\/\/www.facebook.com\/institutdetouraine\" \/>\n<meta property=\"article:modified_time\" content=\"2025-11-22T22:18:11+00:00\" \/>\n<meta property=\"og:image\" content=\"https:\/\/institutdetouraine.com\/wp-content\/uploads\/2025\/08\/formation-didactique-professeur-francais.jpg\" \/>\n\t<meta property=\"og:image:width\" content=\"1500\" \/>\n\t<meta property=\"og:image:height\" content=\"1500\" \/>\n\t<meta property=\"og:image:type\" content=\"image\/jpeg\" \/>\n<meta name=\"twitter:card\" content=\"summary_large_image\" \/>\n<meta name=\"twitter:label1\" content=\"Gesch\u00e4tzte Lesezeit\" \/>\n\t<meta name=\"twitter:data1\" content=\"1\u00a0Minute\" \/>\n<script type=\"application\/ld+json\" class=\"yoast-schema-graph\">{\"@context\":\"https:\/\/schema.org\",\"@graph\":[{\"@type\":\"WebPage\",\"@id\":\"https:\/\/institutdetouraine.com\/de\/franzoesischkurse\/\",\"url\":\"https:\/\/institutdetouraine.com\/de\/franzoesischkurse\/\",\"name\":\"Franz\u00f6sischkurse Tours - Institut de Touraine\",\"isPartOf\":{\"@id\":\"https:\/\/institutdetouraine.com\/de\/#website\"},\"primaryImageOfPage\":{\"@id\":\"https:\/\/institutdetouraine.com\/de\/franzoesischkurse\/#primaryimage\"},\"image\":{\"@id\":\"https:\/\/institutdetouraine.com\/de\/franzoesischkurse\/#primaryimage\"},\"thumbnailUrl\":\"https:\/\/institutdetouraine.com\/wp-content\/uploads\/2025\/08\/formation-didactique-professeur-francais-150x150.jpg\",\"datePublished\":\"2025-11-22T15:43:39+00:00\",\"dateModified\":\"2025-11-22T22:18:11+00:00\",\"description\":\"Die Franz\u00f6sischkurse richten sich an Teilnehmer aller Niveaus, sowohl in Gruppen als auch im Einzelunterricht, f\u00fcr kurze oder lange Aufenthalte.\",\"breadcrumb\":{\"@id\":\"https:\/\/institutdetouraine.com\/de\/franzoesischkurse\/#breadcrumb\"},\"inLanguage\":\"de\",\"potentialAction\":[{\"@type\":\"ReadAction\",\"target\":[\"https:\/\/institutdetouraine.com\/de\/franzoesischkurse\/\"]}]},{\"@type\":\"ImageObject\",\"inLanguage\":\"de\",\"@id\":\"https:\/\/institutdetouraine.com\/de\/franzoesischkurse\/#primaryimage\",\"url\":\"https:\/\/institutdetouraine.com\/wp-content\/uploads\/2025\/08\/formation-didactique-professeur-francais-150x150.jpg\",\"contentUrl\":\"https:\/\/institutdetouraine.com\/wp-content\/uploads\/2025\/08\/formation-didactique-professeur-francais-150x150.jpg\"},{\"@type\":\"BreadcrumbList\",\"@id\":\"https:\/\/institutdetouraine.com\/de\/franzoesischkurse\/#breadcrumb\",\"itemListElement\":[{\"@type\":\"ListItem\",\"position\":1,\"name\":\"Accueil\",\"item\":\"https:\/\/institutdetouraine.com\/de\/institut-de-touraine\/\"},{\"@type\":\"ListItem\",\"position\":2,\"name\":\"Franz\u00f6sischkurse\"}]},{\"@type\":\"WebSite\",\"@id\":\"https:\/\/institutdetouraine.com\/de\/#website\",\"url\":\"https:\/\/institutdetouraine.com\/de\/\",\"name\":\"Institut de Touraine\",\"description\":\"\",\"potentialAction\":[{\"@type\":\"SearchAction\",\"target\":{\"@type\":\"EntryPoint\",\"urlTemplate\":\"https:\/\/institutdetouraine.com\/de\/?s={search_term_string}\"},\"query-input\":{\"@type\":\"PropertyValueSpecification\",\"valueRequired\":true,\"valueName\":\"search_term_string\"}}],\"inLanguage\":\"de\"}]}<\/script>\n<!-- \/ Yoast SEO plugin. -->","yoast_head_json":{"title":"Franz\u00f6sischkurse Tours - Institut de Touraine","description":"Die Franz\u00f6sischkurse richten sich an Teilnehmer aller Niveaus, sowohl in Gruppen als auch im Einzelunterricht, f\u00fcr kurze oder lange Aufenthalte.","robots":{"index":"index","follow":"follow","max-snippet":"max-snippet:-1","max-image-preview":"max-image-preview:large","max-video-preview":"max-video-preview:-1"},"canonical":"https:\/\/institutdetouraine.com\/de\/franzoesischkurse\/","og_locale":"de_DE","og_type":"article","og_title":"Franz\u00f6sischkurse Tours - Institut de Touraine","og_description":"Die Franz\u00f6sischkurse richten sich an Teilnehmer aller Niveaus, sowohl in Gruppen als auch im Einzelunterricht, f\u00fcr kurze oder lange Aufenthalte.","og_url":"https:\/\/institutdetouraine.com\/de\/franzoesischkurse\/","og_site_name":"Institut de Touraine","article_publisher":"https:\/\/www.facebook.com\/institutdetouraine","article_modified_time":"2025-11-22T22:18:11+00:00","og_image":[{"width":1500,"height":1500,"url":"https:\/\/institutdetouraine.com\/wp-content\/uploads\/2025\/08\/formation-didactique-professeur-francais.jpg","type":"image\/jpeg"}],"twitter_card":"summary_large_image","twitter_misc":{"Gesch\u00e4tzte Lesezeit":"1\u00a0Minute"},"schema":{"@context":"https:\/\/schema.org","@graph":[{"@type":"WebPage","@id":"https:\/\/institutdetouraine.com\/de\/franzoesischkurse\/","url":"https:\/\/institutdetouraine.com\/de\/franzoesischkurse\/","name":"Franz\u00f6sischkurse Tours - Institut de Touraine","isPartOf":{"@id":"https:\/\/institutdetouraine.com\/de\/#website"},"primaryImageOfPage":{"@id":"https:\/\/institutdetouraine.com\/de\/franzoesischkurse\/#primaryimage"},"image":{"@id":"https:\/\/institutdetouraine.com\/de\/franzoesischkurse\/#primaryimage"},"thumbnailUrl":"https:\/\/institutdetouraine.com\/wp-content\/uploads\/2025\/08\/formation-didactique-professeur-francais-150x150.jpg","datePublished":"2025-11-22T15:43:39+00:00","dateModified":"2025-11-22T22:18:11+00:00","description":"Die Franz\u00f6sischkurse richten sich an Teilnehmer aller Niveaus, sowohl in Gruppen als auch im Einzelunterricht, f\u00fcr kurze oder lange Aufenthalte.","breadcrumb":{"@id":"https:\/\/institutdetouraine.com\/de\/franzoesischkurse\/#breadcrumb"},"inLanguage":"de","potentialAction":[{"@type":"ReadAction","target":["https:\/\/institutdetouraine.com\/de\/franzoesischkurse\/"]}]},{"@type":"ImageObject","inLanguage":"de","@id":"https:\/\/institutdetouraine.com\/de\/franzoesischkurse\/#primaryimage","url":"https:\/\/institutdetouraine.com\/wp-content\/uploads\/2025\/08\/formation-didactique-professeur-francais-150x150.jpg","contentUrl":"https:\/\/institutdetouraine.com\/wp-content\/uploads\/2025\/08\/formation-didactique-professeur-francais-150x150.jpg"},{"@type":"BreadcrumbList","@id":"https:\/\/institutdetouraine.com\/de\/franzoesischkurse\/#breadcrumb","itemListElement":[{"@type":"ListItem","position":1,"name":"Accueil","item":"https:\/\/institutdetouraine.com\/de\/institut-de-touraine\/"},{"@type":"ListItem","position":2,"name":"Franz\u00f6sischkurse"}]},{"@type":"WebSite","@id":"https:\/\/institutdetouraine.com\/de\/#website","url":"https:\/\/institutdetouraine.com\/de\/","name":"Institut de Touraine","description":"","potentialAction":[{"@type":"SearchAction","target":{"@type":"EntryPoint","urlTemplate":"https:\/\/institutdetouraine.com\/de\/?s={search_term_string}"},"query-input":{"@type":"PropertyValueSpecification","valueRequired":true,"valueName":"search_term_string"}}],"inLanguage":"de"}]}},"_links":{"self":[{"href":"https:\/\/institutdetouraine.com\/de\/wp-json\/wp\/v2\/pages\/1977","targetHints":{"allow":["GET"]}}],"collection":[{"href":"https:\/\/institutdetouraine.com\/de\/wp-json\/wp\/v2\/pages"}],"about":[{"href":"https:\/\/institutdetouraine.com\/de\/wp-json\/wp\/v2\/types\/page"}],"author":[{"embeddable":true,"href":"https:\/\/institutdetouraine.com\/de\/wp-json\/wp\/v2\/users\/2"}],"replies":[{"embeddable":true,"href":"https:\/\/institutdetouraine.com\/de\/wp-json\/wp\/v2\/comments?post=1977"}],"version-history":[{"count":2,"href":"https:\/\/institutdetouraine.com\/de\/wp-json\/wp\/v2\/pages\/1977\/revisions"}],"predecessor-version":[{"id":2063,"href":"https:\/\/institutdetouraine.com\/de\/wp-json\/wp\/v2\/pages\/1977\/revisions\/2063"}],"wp:attachment":[{"href":"https:\/\/institutdetouraine.com\/de\/wp-json\/wp\/v2\/media?parent=1977"}],"curies":[{"name":"wp","href":"https:\/\/api.w.org\/{rel}","templated":true}]}}