{"id":1853,"date":"2025-08-15T10:38:21","date_gmt":"2025-08-15T08:38:21","guid":{"rendered":"https:\/\/institut.loumetis.fr\/barrierefreiheit-fuer-personen-mit-eingeschraenkter-mobilitaet\/"},"modified":"2025-11-16T00:03:11","modified_gmt":"2025-11-15T23:03:11","slug":"barrierefreiheit-fuer-personen-mit-eingeschraenkter-mobilitaet","status":"publish","type":"page","link":"https:\/\/institutdetouraine.com\/de\/barrierefreiheit-fuer-personen-mit-eingeschraenkter-mobilitaet\/","title":{"rendered":"Barrierefreiheit f\u00fcr Personen mit eingeschr\u00e4nkter Mobilit\u00e4t"},"content":{"rendered":"\t\t<div data-elementor-type=\"wp-page\" data-elementor-id=\"1853\" class=\"elementor elementor-1853 elementor-1205\" data-elementor-post-type=\"page\">\n\t\t\t\t<div class=\"elementor-element elementor-element-17a790d e-flex e-con-boxed e-con e-parent\" data-id=\"17a790d\" data-element_type=\"container\" data-settings=\"{&quot;background_background&quot;:&quot;classic&quot;}\">\n\t\t\t\t\t<div class=\"e-con-inner\">\n\t\t\t\t<div class=\"elementor-element elementor-element-d5b3b33 elementor-widget elementor-widget-text-editor\" data-id=\"d5b3b33\" data-element_type=\"widget\" data-widget_type=\"text-editor.default\">\n\t\t\t\t<div class=\"elementor-widget-container\">\n\t\t\t\t\t\t\t\t\t<h1>Barrierefreiheit f\u00fcr Personen<br>mit eingeschr\u00e4nkter Mobilit\u00e4t<\/h1><h4>jeden unter den besten Bedingungen willkommen hei\u00dfen<\/h4>\t\t\t\t\t\t\t\t<\/div>\n\t\t\t\t<\/div>\n\t\t\t\t\t<\/div>\n\t\t\t\t<\/div>\n\t\t<div class=\"elementor-element elementor-element-a1e0e3f e-flex e-con-boxed e-con e-parent\" data-id=\"a1e0e3f\" data-element_type=\"container\">\n\t\t\t\t\t<div class=\"e-con-inner\">\n\t\t\t\t<div class=\"elementor-element elementor-element-f314a5a elementor-widget elementor-widget-text-editor\" data-id=\"f314a5a\" data-element_type=\"widget\" data-widget_type=\"text-editor.default\">\n\t\t\t\t<div class=\"elementor-widget-container\">\n\t\t\t\t\t\t\t\t\t<p>Das Institut f\u00fcr Franz\u00f6sische Studien der Touraine verpflichtet sich, alle seine Studenten, Besucher und Partner unter den bestm\u00f6glichen Bedingungen zu empfangen. Um ein inklusives und angepasstes Umfeld zu gew\u00e4hrleisten, haben wir mehrere Bereiche eingerichtet, um den Zugang und die Bewegung f\u00fcr Personen mit eingeschr\u00e4nkter Mobilit\u00e4t zu erleichtern.<\/p><p>Die barrierefreien Bereiche innerhalb des Instituts sind:<\/p><ul><li>Alle Verwaltungsdienste<\/li><li>Zwei Unterrichtsr\u00e4ume<\/li><li>F\u00fcnf digitale Labore<\/li><li>Drei Entspannungsbereiche<\/li><li>Eine Nebenstelle im Ressourcenzentrum<\/li><li>Drei angepasste Toiletten<\/li><\/ul><p>Diese Anpassungen sollen jedem die M\u00f6glichkeit bieten, unsere Einrichtungen und Aktivit\u00e4ten vollumf\u00e4nglich zu nutzen.<\/p>\t\t\t\t\t\t\t\t<\/div>\n\t\t\t\t<\/div>\n\t\t\t\t\t<\/div>\n\t\t\t\t<\/div>\n\t\t\t\t<\/div>\n\t\t","protected":false},"excerpt":{"rendered":"<p>Barrierefreiheit f\u00fcr Personenmit eingeschr\u00e4nkter Mobilit\u00e4t jeden unter den besten Bedingungen willkommen hei\u00dfen Das Institut f\u00fcr Franz\u00f6sische Studien der Touraine verpflichtet [&hellip;]<\/p>\n","protected":false},"author":2,"featured_media":0,"parent":0,"menu_order":0,"comment_status":"closed","ping_status":"closed","template":"","meta":{"_eb_attr":"","site-sidebar-layout":"no-sidebar","site-content-layout":"","ast-site-content-layout":"full-width-container","site-content-style":"default","site-sidebar-style":"default","ast-global-header-display":"","ast-banner-title-visibility":"","ast-main-header-display":"","ast-hfb-above-header-display":"","ast-hfb-below-header-display":"","ast-hfb-mobile-header-display":"","site-post-title":"disabled","ast-breadcrumbs-content":"","ast-featured-img":"disabled","footer-sml-layout":"","theme-transparent-header-meta":"","adv-header-id-meta":"","stick-header-meta":"","header-above-stick-meta":"","header-main-stick-meta":"","header-below-stick-meta":"","astra-migrate-meta-layouts":"default","ast-page-background-enabled":"default","ast-page-background-meta":{"desktop":{"background-color":"var(--ast-global-color-5)","background-image":"","background-repeat":"repeat","background-position":"center center","background-size":"auto","background-attachment":"scroll","background-type":"","background-media":"","overlay-type":"","overlay-color":"","overlay-opacity":"","overlay-gradient":""},"tablet":{"background-color":"","background-image":"","background-repeat":"repeat","background-position":"center center","background-size":"auto","background-attachment":"scroll","background-type":"","background-media":"","overlay-type":"","overlay-color":"","overlay-opacity":"","overlay-gradient":""},"mobile":{"background-color":"","background-image":"","background-repeat":"repeat","background-position":"center center","background-size":"auto","background-attachment":"scroll","background-type":"","background-media":"","overlay-type":"","overlay-color":"","overlay-opacity":"","overlay-gradient":""}},"ast-content-background-meta":{"desktop":{"background-color":"var(--ast-global-color-4)","background-image":"","background-repeat":"repeat","background-position":"center center","background-size":"auto","background-attachment":"scroll","background-type":"","background-media":"","overlay-type":"","overlay-color":"","overlay-opacity":"","overlay-gradient":""},"tablet":{"background-color":"var(--ast-global-color-4)","background-image":"","background-repeat":"repeat","background-position":"center center","background-size":"auto","background-attachment":"scroll","background-type":"","background-media":"","overlay-type":"","overlay-color":"","overlay-opacity":"","overlay-gradient":""},"mobile":{"background-color":"var(--ast-global-color-4)","background-image":"","background-repeat":"repeat","background-position":"center center","background-size":"auto","background-attachment":"scroll","background-type":"","background-media":"","overlay-type":"","overlay-color":"","overlay-opacity":"","overlay-gradient":""}},"footnotes":""},"class_list":["post-1853","page","type-page","status-publish","hentry"],"yoast_head":"<!-- This site is optimized with the Yoast SEO plugin v26.4 - https:\/\/yoast.com\/wordpress\/plugins\/seo\/ -->\n<title>Barrierefreiheit f\u00fcr Personen mit eingeschr\u00e4nkter Mobilit\u00e4t - Institut de Touraine<\/title>\n<meta name=\"description\" content=\"Entdecken Sie die im Institut eingerichteten Bereiche, um den Zugang f\u00fcr Personen mit eingeschr\u00e4nkter Mobilit\u00e4t zu erleichtern. Inklusive Franz\u00f6sischschule...\" \/>\n<meta name=\"robots\" content=\"index, follow, max-snippet:-1, max-image-preview:large, max-video-preview:-1\" \/>\n<link rel=\"canonical\" href=\"https:\/\/institutdetouraine.com\/de\/barrierefreiheit-fuer-personen-mit-eingeschraenkter-mobilitaet\/\" \/>\n<meta property=\"og:locale\" content=\"de_DE\" \/>\n<meta property=\"og:type\" content=\"article\" \/>\n<meta property=\"og:title\" content=\"Barrierefreiheit f\u00fcr Personen mit eingeschr\u00e4nkter Mobilit\u00e4t - Institut de Touraine\" \/>\n<meta property=\"og:description\" content=\"Entdecken Sie die im Institut eingerichteten Bereiche, um den Zugang f\u00fcr Personen mit eingeschr\u00e4nkter Mobilit\u00e4t zu erleichtern. Inklusive Franz\u00f6sischschule...\" \/>\n<meta property=\"og:url\" content=\"https:\/\/institutdetouraine.com\/de\/barrierefreiheit-fuer-personen-mit-eingeschraenkter-mobilitaet\/\" \/>\n<meta property=\"og:site_name\" content=\"Institut de Touraine\" \/>\n<meta property=\"article:publisher\" content=\"https:\/\/www.facebook.com\/institutdetouraine\" \/>\n<meta property=\"article:modified_time\" content=\"2025-11-15T23:03:11+00:00\" \/>\n<meta name=\"twitter:card\" content=\"summary_large_image\" \/>\n<meta name=\"twitter:label1\" content=\"Gesch\u00e4tzte Lesezeit\" \/>\n\t<meta name=\"twitter:data1\" content=\"1\u00a0Minute\" \/>\n<script type=\"application\/ld+json\" class=\"yoast-schema-graph\">{\"@context\":\"https:\/\/schema.org\",\"@graph\":[{\"@type\":\"WebPage\",\"@id\":\"https:\/\/institutdetouraine.com\/de\/barrierefreiheit-fuer-personen-mit-eingeschraenkter-mobilitaet\/\",\"url\":\"https:\/\/institutdetouraine.com\/de\/barrierefreiheit-fuer-personen-mit-eingeschraenkter-mobilitaet\/\",\"name\":\"Barrierefreiheit f\u00fcr Personen mit eingeschr\u00e4nkter Mobilit\u00e4t - Institut de Touraine\",\"isPartOf\":{\"@id\":\"https:\/\/institutdetouraine.com\/de\/#website\"},\"datePublished\":\"2025-08-15T08:38:21+00:00\",\"dateModified\":\"2025-11-15T23:03:11+00:00\",\"description\":\"Entdecken Sie die im Institut eingerichteten Bereiche, um den Zugang f\u00fcr Personen mit eingeschr\u00e4nkter Mobilit\u00e4t zu erleichtern. Inklusive Franz\u00f6sischschule...\",\"breadcrumb\":{\"@id\":\"https:\/\/institutdetouraine.com\/de\/barrierefreiheit-fuer-personen-mit-eingeschraenkter-mobilitaet\/#breadcrumb\"},\"inLanguage\":\"de\",\"potentialAction\":[{\"@type\":\"ReadAction\",\"target\":[\"https:\/\/institutdetouraine.com\/de\/barrierefreiheit-fuer-personen-mit-eingeschraenkter-mobilitaet\/\"]}]},{\"@type\":\"BreadcrumbList\",\"@id\":\"https:\/\/institutdetouraine.com\/de\/barrierefreiheit-fuer-personen-mit-eingeschraenkter-mobilitaet\/#breadcrumb\",\"itemListElement\":[{\"@type\":\"ListItem\",\"position\":1,\"name\":\"Accueil\",\"item\":\"https:\/\/institutdetouraine.com\/de\/institut-de-touraine\/\"},{\"@type\":\"ListItem\",\"position\":2,\"name\":\"Barrierefreiheit f\u00fcr Personen mit eingeschr\u00e4nkter Mobilit\u00e4t\"}]},{\"@type\":\"WebSite\",\"@id\":\"https:\/\/institutdetouraine.com\/de\/#website\",\"url\":\"https:\/\/institutdetouraine.com\/de\/\",\"name\":\"Institut de Touraine\",\"description\":\"\",\"potentialAction\":[{\"@type\":\"SearchAction\",\"target\":{\"@type\":\"EntryPoint\",\"urlTemplate\":\"https:\/\/institutdetouraine.com\/de\/?s={search_term_string}\"},\"query-input\":{\"@type\":\"PropertyValueSpecification\",\"valueRequired\":true,\"valueName\":\"search_term_string\"}}],\"inLanguage\":\"de\"}]}<\/script>\n<!-- \/ Yoast SEO plugin. -->","yoast_head_json":{"title":"Barrierefreiheit f\u00fcr Personen mit eingeschr\u00e4nkter Mobilit\u00e4t - Institut de Touraine","description":"Entdecken Sie die im Institut eingerichteten Bereiche, um den Zugang f\u00fcr Personen mit eingeschr\u00e4nkter Mobilit\u00e4t zu erleichtern. Inklusive Franz\u00f6sischschule...","robots":{"index":"index","follow":"follow","max-snippet":"max-snippet:-1","max-image-preview":"max-image-preview:large","max-video-preview":"max-video-preview:-1"},"canonical":"https:\/\/institutdetouraine.com\/de\/barrierefreiheit-fuer-personen-mit-eingeschraenkter-mobilitaet\/","og_locale":"de_DE","og_type":"article","og_title":"Barrierefreiheit f\u00fcr Personen mit eingeschr\u00e4nkter Mobilit\u00e4t - Institut de Touraine","og_description":"Entdecken Sie die im Institut eingerichteten Bereiche, um den Zugang f\u00fcr Personen mit eingeschr\u00e4nkter Mobilit\u00e4t zu erleichtern. Inklusive Franz\u00f6sischschule...","og_url":"https:\/\/institutdetouraine.com\/de\/barrierefreiheit-fuer-personen-mit-eingeschraenkter-mobilitaet\/","og_site_name":"Institut de Touraine","article_publisher":"https:\/\/www.facebook.com\/institutdetouraine","article_modified_time":"2025-11-15T23:03:11+00:00","twitter_card":"summary_large_image","twitter_misc":{"Gesch\u00e4tzte Lesezeit":"1\u00a0Minute"},"schema":{"@context":"https:\/\/schema.org","@graph":[{"@type":"WebPage","@id":"https:\/\/institutdetouraine.com\/de\/barrierefreiheit-fuer-personen-mit-eingeschraenkter-mobilitaet\/","url":"https:\/\/institutdetouraine.com\/de\/barrierefreiheit-fuer-personen-mit-eingeschraenkter-mobilitaet\/","name":"Barrierefreiheit f\u00fcr Personen mit eingeschr\u00e4nkter Mobilit\u00e4t - Institut de Touraine","isPartOf":{"@id":"https:\/\/institutdetouraine.com\/de\/#website"},"datePublished":"2025-08-15T08:38:21+00:00","dateModified":"2025-11-15T23:03:11+00:00","description":"Entdecken Sie die im Institut eingerichteten Bereiche, um den Zugang f\u00fcr Personen mit eingeschr\u00e4nkter Mobilit\u00e4t zu erleichtern. Inklusive Franz\u00f6sischschule...","breadcrumb":{"@id":"https:\/\/institutdetouraine.com\/de\/barrierefreiheit-fuer-personen-mit-eingeschraenkter-mobilitaet\/#breadcrumb"},"inLanguage":"de","potentialAction":[{"@type":"ReadAction","target":["https:\/\/institutdetouraine.com\/de\/barrierefreiheit-fuer-personen-mit-eingeschraenkter-mobilitaet\/"]}]},{"@type":"BreadcrumbList","@id":"https:\/\/institutdetouraine.com\/de\/barrierefreiheit-fuer-personen-mit-eingeschraenkter-mobilitaet\/#breadcrumb","itemListElement":[{"@type":"ListItem","position":1,"name":"Accueil","item":"https:\/\/institutdetouraine.com\/de\/institut-de-touraine\/"},{"@type":"ListItem","position":2,"name":"Barrierefreiheit f\u00fcr Personen mit eingeschr\u00e4nkter Mobilit\u00e4t"}]},{"@type":"WebSite","@id":"https:\/\/institutdetouraine.com\/de\/#website","url":"https:\/\/institutdetouraine.com\/de\/","name":"Institut de Touraine","description":"","potentialAction":[{"@type":"SearchAction","target":{"@type":"EntryPoint","urlTemplate":"https:\/\/institutdetouraine.com\/de\/?s={search_term_string}"},"query-input":{"@type":"PropertyValueSpecification","valueRequired":true,"valueName":"search_term_string"}}],"inLanguage":"de"}]}},"_links":{"self":[{"href":"https:\/\/institutdetouraine.com\/de\/wp-json\/wp\/v2\/pages\/1853","targetHints":{"allow":["GET"]}}],"collection":[{"href":"https:\/\/institutdetouraine.com\/de\/wp-json\/wp\/v2\/pages"}],"about":[{"href":"https:\/\/institutdetouraine.com\/de\/wp-json\/wp\/v2\/types\/page"}],"author":[{"embeddable":true,"href":"https:\/\/institutdetouraine.com\/de\/wp-json\/wp\/v2\/users\/2"}],"replies":[{"embeddable":true,"href":"https:\/\/institutdetouraine.com\/de\/wp-json\/wp\/v2\/comments?post=1853"}],"version-history":[{"count":1,"href":"https:\/\/institutdetouraine.com\/de\/wp-json\/wp\/v2\/pages\/1853\/revisions"}],"predecessor-version":[{"id":1854,"href":"https:\/\/institutdetouraine.com\/de\/wp-json\/wp\/v2\/pages\/1853\/revisions\/1854"}],"wp:attachment":[{"href":"https:\/\/institutdetouraine.com\/de\/wp-json\/wp\/v2\/media?parent=1853"}],"curies":[{"name":"wp","href":"https:\/\/api.w.org\/{rel}","templated":true}]}}